{"id":1114,"date":"2018-01-31T09:02:13","date_gmt":"2018-01-31T08:02:13","guid":{"rendered":"https:\/\/www.belmontevacanze.com\/?page_id=1114"},"modified":"2025-03-21T11:03:18","modified_gmt":"2025-03-21T10:03:18","slug":"agriturismo-svommepool-toscana","status":"publish","type":"page","link":"https:\/\/www.belmontevacanze.com\/da\/faciliteter\/agriturismo-svommepool-toscana\/","title":{"rendered":"Agriturismo med sv\u00f8mmepool i Toscana"},"content":{"rendered":"<div  class='avia-video av-l5b2fbmt-8acece123fc823e53a16ff4dc375ca6e avia-video-16-9 av-no-preview-image avia-video-load-always av-lazyload-immediate av-lazyload-video-embed'  itemprop=\"video\" itemtype=\"https:\/\/schema.org\/VideoObject\"  data-original_url='https:\/\/www.youtube.com\/watch?v=DpfbgMZD734'><script type='text\/html' class='av-video-tmpl'><div class='avia-iframe-wrap'><iframe loading=\"lazy\" title=\"Belmonte Vacanze, agriturismo with pool in Montaione,Tuscany.\" width=\"1500\" height=\"844\" src=\"https:\/\/www.youtube.com\/embed\/DpfbgMZD734?feature=oembed&autoplay=0&loop=0&controls=1&mute=0\" frameborder=\"0\" allow=\"accelerometer; autoplay; encrypted-media; gyroscope; picture-in-picture\" allowfullscreen><\/iframe><\/div><\/script><div class='av-click-to-play-overlay'><div class=\"avia_playpause_icon\"><\/div><\/div><\/div>\n<section  class='av_textblock_section av-m48ec6s5-0a7aeb63b40029ddac2d67cc5d6d6e9b '   itemscope=\"itemscope\" itemtype=\"https:\/\/schema.org\/CreativeWork\" ><div class='avia_textblock'  itemprop=\"text\" ><h1 class=\"blog-post-header\">Poolen med en udsigt<\/h1>\n<p>Vi har bygget sv\u00f8mmepoolen p\u00e5 350 kvadratmeter p\u00e5 en afsats over vores smukke dal. Forestil dig at sv\u00f8mme eller f\u00e5 en massage fra hydromassagen, mens du nyder en uafbrudt &#8220;udsigt over Toscana&#8221;.<\/p>\n<h2><strong>Hydromassagen<\/strong><\/h2>\n<p>Efter en sv\u00f8mmetur i poolen kan du s\u00e6tte dig ned i hydromassagehj\u00f8rnet inde i poolen og nyde en afslappende massage.<\/p>\n<h2>Indgangen til poolen<\/h2>\n<p>En side af poolen er lavvande med en bred indgang. Det er fantastisk, fordi:<\/p>\n<ul>\n<li>Det giver dig mulighed for at starte i lavvande og n\u00e5 det dybere vand gradvist.<\/li>\n<li>Du kan solbade i det lave vand, uden at blive helt v\u00e5d.<\/li>\n<li>B\u00f8rn kan lege i det lave vand og du kan l\u00e6re dem at sv\u00f8mme der.<\/li>\n<\/ul>\n<h2>Behandling med saltvand<\/h2>\n<p><strong>Tro mod mottoet, \u201cin Tuscany we like green\u201d<\/strong><\/p>\n<p>Vi har udarbejdet en klorerings-system af saltvand. Vandet renses gennem en mere blid og mindre aggressiv klorering for dig og milj\u00f8et. Alt er styret af os og vores computersystem.<\/p>\n<h2>Et stort solarium<\/h2>\n<p>og d\u00e6kket med skridsikre mursten. Masser af parasoller og solarier, som er tilg\u00e6ngelig for alle. Poolomr\u00e5det er indhegnet og lukket om natten for dine b\u00f8rns sikkerhed.<\/p>\n<h2>Sv\u00f8mmepoolen for b\u00f8rn<\/h2>\n<p><strong>Vi har oprettet en s\u00e6rlig privat sv\u00f8mmepool til b\u00f8rn <\/strong><\/p>\n<p>Med lavt vand og en sjov rutschebane. De kan lege sikkert, mens du slapper af i den store sv\u00f8mmepool eller l\u00e6ser en bog, nyd den toscanske sol, eller hvis du foretr\u00e6kker, i skyggen under en parasol.<\/p>\n<h2>WIFI ved poolen<\/h2>\n<p><strong>Takket v\u00e6re den nyeste installerede hotspot d\u00e6kker vores WiFi selv en del af poolen. <\/strong><\/p>\n<p>Med en iPhone i h\u00e5nden kan du surfe rund, mens du slapper, og uploade et billede af dig p\u00e5 Instagram, s\u00e5 alle dine venner bliver misundelige!<\/p>\n<\/div><\/section>\n<div  class='avia-video av-av_video-1388afa2e47d0b0172857d14bddc78d1 avia-video-16-9 av-no-preview-image avia-video-load-always av-lazyload-immediate av-lazyload-video-embed'  itemprop=\"video\" itemtype=\"https:\/\/schema.org\/VideoObject\"  data-original_url='https:\/\/youtu.be\/7avGiZdHujU'><script type='text\/html' class='av-video-tmpl'><div class='avia-iframe-wrap'><iframe loading=\"lazy\" title=\"Agriturismo with panoramic pool in Montaione,Tuscany\" width=\"1500\" height=\"844\" src=\"https:\/\/www.youtube.com\/embed\/7avGiZdHujU?feature=oembed&autoplay=0&loop=0&controls=1&mute=0\" frameborder=\"0\" allow=\"accelerometer; autoplay; encrypted-media; gyroscope; picture-in-picture\" allowfullscreen><\/iframe><\/div><\/script><div class='av-click-to-play-overlay'><div class=\"avia_playpause_icon\"><\/div><\/div><\/div>\n\n\n<style type=\"text\/css\" data-created_by=\"avia_inline_auto\" id=\"style-css-av-av_section-fd6d31b9e6c1051067bf4e29e5bfbcbb\">\n.avia-section.av-av_section-fd6d31b9e6c1051067bf4e29e5bfbcbb{\nbackground-repeat:no-repeat;\nbackground-image:url(https:\/\/www.belmontevacanze.com\/wp-content\/uploads\/2020\/03\/bg-email.png);\nbackground-position:100% 50%;\nbackground-attachment:scroll;\n}\n<\/style>\n<div id='av_section_1'  class='avia-section av-av_section-fd6d31b9e6c1051067bf4e29e5bfbcbb socket_color avia-section-large avia-no-shadow  avia-builder-el-4  el_after_av_masonry_gallery  avia-builder-el-last  avia-full-contain avia-bg-style-scroll container_wrap fullsize'  data-section-bg-repeat='contain'><div class='container av-section-cont-open' ><div class='template-page content  av-content-full alpha units'><div class='post-entry post-entry-type-page post-entry-1114'><div class='entry-content-wrapper clearfix'>\n\n<style type=\"text\/css\" data-created_by=\"avia_inline_auto\" id=\"style-css-av-av_one_fifth-15d750bd1b332b34c6e70b077ebbccdf\">\n.flex_column.av-av_one_fifth-15d750bd1b332b34c6e70b077ebbccdf{\nborder-radius:0px 0px 0px 0px;\npadding:0px 0px 0px 0px;\n}\n<\/style>\n<div  class='flex_column av-av_one_fifth-15d750bd1b332b34c6e70b077ebbccdf av_one_fifth  avia-builder-el-5  el_before_av_three_fifth  avia-builder-el-first  first flex_column_div av-zero-column-padding  '     ><\/div>\n<style type=\"text\/css\" data-created_by=\"avia_inline_auto\" id=\"style-css-av-av_three_fifth-c8fc129dc35fd1ae2a1e410224d39ea8\">\n.flex_column.av-av_three_fifth-c8fc129dc35fd1ae2a1e410224d39ea8{\nborder-radius:0px 0px 0px 0px;\npadding:0px 0px 0px 0px;\n}\n<\/style>\n<div  class='flex_column av-av_three_fifth-c8fc129dc35fd1ae2a1e410224d39ea8 av_three_fifth  avia-builder-el-6  el_after_av_one_fifth  el_before_av_one_fifth  flex_column_div av-zero-column-padding  '     ><style type=\"text\/css\" data-created_by=\"avia_inline_auto\" id=\"style-css-av-av_textblock-dd2387397296c1a314b0b5f4a3f918a3\">\n#top .av_textblock_section.av-av_textblock-dd2387397296c1a314b0b5f4a3f918a3 .avia_textblock{\ncolor:#ffffff;\n}\n<\/style>\n<section  class='av_textblock_section av-av_textblock-dd2387397296c1a314b0b5f4a3f918a3 '   itemscope=\"itemscope\" itemtype=\"https:\/\/schema.org\/CreativeWork\" ><div class='avia_textblock av_inherit_color'  itemprop=\"text\" ><h3 style=\"text-align: center;\"><span style=\"color: #f8be00;\">Tilmeld dig vores nyhedsbrev<\/span><\/h3>\n<p style=\"text-align: center;\"><strong>\u00d8nsker du at vente med tilmeldingen?<\/strong> Indtast din email for at modtage et <strong>specialtilbud<\/strong> for dit n\u00e6ste ferieophold.<\/p>\n<p style=\"text-align: center;\"><strong><u>Tilbuddet g\u00e6lder kun for de f\u00f8rste 10 tilmeldte!<\/u><\/strong><\/p>\n<\/div><\/section><br \/>\n<\/p><\/div>\n<style type=\"text\/css\" data-created_by=\"avia_inline_auto\" id=\"style-css-av-av_one_fifth-c8fc129dc35fd1ae2a1e410224d39ea8\">\n.flex_column.av-av_one_fifth-c8fc129dc35fd1ae2a1e410224d39ea8{\nborder-radius:0px 0px 0px 0px;\npadding:0px 0px 0px 0px;\n}\n<\/style>\n<div  class='flex_column av-av_one_fifth-c8fc129dc35fd1ae2a1e410224d39ea8 av_one_fifth  avia-builder-el-9  el_after_av_three_fifth  avia-builder-el-last  flex_column_div av-zero-column-padding  '     ><\/div>\n\n","protected":false},"excerpt":{"rendered":"","protected":false},"author":2,"featured_media":0,"parent":2732,"menu_order":0,"comment_status":"closed","ping_status":"closed","template":"","meta":{"footnotes":""},"class_list":["post-1114","page","type-page","status-publish","hentry"],"_links":{"self":[{"href":"https:\/\/www.belmontevacanze.com\/da\/wp-json\/wp\/v2\/pages\/1114","targetHints":{"allow":["GET"]}}],"collection":[{"href":"https:\/\/www.belmontevacanze.com\/da\/wp-json\/wp\/v2\/pages"}],"about":[{"href":"https:\/\/www.belmontevacanze.com\/da\/wp-json\/wp\/v2\/types\/page"}],"author":[{"embeddable":true,"href":"https:\/\/www.belmontevacanze.com\/da\/wp-json\/wp\/v2\/users\/2"}],"replies":[{"embeddable":true,"href":"https:\/\/www.belmontevacanze.com\/da\/wp-json\/wp\/v2\/comments?post=1114"}],"version-history":[{"count":11,"href":"https:\/\/www.belmontevacanze.com\/da\/wp-json\/wp\/v2\/pages\/1114\/revisions"}],"predecessor-version":[{"id":12174,"href":"https:\/\/www.belmontevacanze.com\/da\/wp-json\/wp\/v2\/pages\/1114\/revisions\/12174"}],"up":[{"embeddable":true,"href":"https:\/\/www.belmontevacanze.com\/da\/wp-json\/wp\/v2\/pages\/2732"}],"wp:attachment":[{"href":"https:\/\/www.belmontevacanze.com\/da\/wp-json\/wp\/v2\/media?parent=1114"}],"curies":[{"name":"wp","href":"https:\/\/api.w.org\/{rel}","templated":true}]}}