{"id":11180,"date":"2024-03-07T10:25:04","date_gmt":"2024-03-07T09:25:04","guid":{"rendered":"https:\/\/www.belmontevacanze.com\/belmonte-vacanze-det-aegte-oeko-bio-landboferiested-i-toscana\/"},"modified":"2024-05-03T10:11:53","modified_gmt":"2024-05-03T08:11:53","slug":"belmonte-vacanze-det-aegte-oeko-bio-landboferiested-i-toscana","status":"publish","type":"page","link":"https:\/\/www.belmontevacanze.com\/da\/belmonte-vacanze-det-aegte-oeko-bio-landboferiested-i-toscana\/","title":{"rendered":"Belmonte Vacanze, det \u00c6gte \u00f8ko-bio landboferiested i Toscana"},"content":{"rendered":"<div  class='avia-video av-lvqea1y8-dd48e86c2fe8bb5e435ccfb0abf5ca1a avia-video-16-9 av-no-preview-image avia-video-load-always av-lazyload-immediate av-lazyload-video-embed'  itemprop=\"video\" itemtype=\"https:\/\/schema.org\/VideoObject\"  data-original_url='https:\/\/youtu.be\/iQ6AdRSVJDM'><script type='text\/html' class='av-video-tmpl'><div class='avia-iframe-wrap'><iframe loading=\"lazy\" title=\"Sustainable eco-green agriturismo in Tuscany in Montaione with solar and photovoltaic panels.\" width=\"1500\" height=\"844\" src=\"https:\/\/www.youtube.com\/embed\/iQ6AdRSVJDM?feature=oembed&autoplay=0&loop=0&controls=1&mute=0\" frameborder=\"0\" allow=\"accelerometer; autoplay; clipboard-write; encrypted-media; gyroscope; picture-in-picture; web-share\" referrerpolicy=\"strict-origin-when-cross-origin\" allowfullscreen><\/iframe><\/div><\/script><div class='av-click-to-play-overlay'><div class=\"avia_playpause_icon\"><\/div><\/div><\/div>\n<section  class='av_textblock_section av-1xlszh-38ac1b7bca8b14329dd41b5887b3a29b '   itemscope=\"itemscope\" itemtype=\"https:\/\/schema.org\/CreativeWork\" ><div class='avia_textblock'  itemprop=\"text\" ><h1><\/h1>\n<p><img loading=\"lazy\" decoding=\"async\" class=\"aligncenter size-full wp-image-11294\" src=\"https:\/\/www.belmontevacanze.com\/wp-content\/uploads\/2024\/04\/agriturismo.sustenability.tuscany.jpg\" alt=\"agriturismo sostenibile in toscana\" width=\"1280\" height=\"720\" srcset=\"https:\/\/www.belmontevacanze.com\/wp-content\/uploads\/2024\/04\/agriturismo.sustenability.tuscany.jpg 1280w, https:\/\/www.belmontevacanze.com\/wp-content\/uploads\/2024\/04\/agriturismo.sustenability.tuscany-300x169.jpg 300w, https:\/\/www.belmontevacanze.com\/wp-content\/uploads\/2024\/04\/agriturismo.sustenability.tuscany-1030x579.jpg 1030w, https:\/\/www.belmontevacanze.com\/wp-content\/uploads\/2024\/04\/agriturismo.sustenability.tuscany-768x432.jpg 768w, https:\/\/www.belmontevacanze.com\/wp-content\/uploads\/2024\/04\/agriturismo.sustenability.tuscany-705x397.jpg 705w\" sizes=\"auto, (max-width: 1280px) 100vw, 1280px\" \/><\/p>\n<h2>Belmonte Vacanze, det \u00c6gte \u00f8ko-bio landboferiested i Toscana<\/h2>\n<p>Siden 2003, da vi \u00e5bnede fores landboferiested Belmonte Vacanze, har vi f\u00f8lt et ansvar for vores territorium.<br \/>\nVi har af hjertet givet Milj\u00f8et et l\u00f8fte og besluttet, at alt det sk\u00f8nne, vi har modtaget fra dette pragtfulde landskab, som Moder Natur har for\u00e6ret os, ville vi give tilbage ved at fors\u00f8ge p\u00e5 at benytte \u00f8kologiske og b\u00e6redygtige metoder til at administrere vores landboferiested.<br \/>\nVi har v\u00e6ret s\u00e5 heldige, at blive f\u00f8dt i et vidunderligt Land og vi f\u00f8ler os derfor som vogtere og beskyttere af vores territorium, der er s\u00e5 smukt, men ogs\u00e5 s\u00e5 skr\u00f8beligt og s\u00e5rbart.<img loading=\"lazy\" decoding=\"async\" class=\"alignnone wp-image-10854 size-full\" style=\"font-size: 20px; font-weight: 600;\" src=\"https:\/\/www.belmontevacanze.com\/wp-content\/uploads\/2023\/06\/agriturismo.solare.jpg\" alt=\"\" width=\"1000\" height=\"750\" srcset=\"https:\/\/www.belmontevacanze.com\/wp-content\/uploads\/2023\/06\/agriturismo.solare.jpg 1000w, https:\/\/www.belmontevacanze.com\/wp-content\/uploads\/2023\/06\/agriturismo.solare-300x225.jpg 300w, https:\/\/www.belmontevacanze.com\/wp-content\/uploads\/2023\/06\/agriturismo.solare-768x576.jpg 768w, https:\/\/www.belmontevacanze.com\/wp-content\/uploads\/2023\/06\/agriturismo.solare-705x529.jpg 705w\" sizes=\"auto, (max-width: 1000px) 100vw, 1000px\" \/><\/p>\n<h3>Det varme vand i din lejlighed bliver opvarmet af Solen<\/h3>\n<p>Vores f\u00f8rste solvarmeanl\u00e6g blev anlagt i 2010, da vi fik installeret kraftige solpaneler, der opvarmer vandet du kommer til at bruge i din lejlighed, p\u00e5 taget af lejlighederne, hvor du kommer til at holde din gr\u00f8nne ferie i Toscana.<br \/>\nDet bliver endnu mere sk\u00f8nt at nyde et varmt bad, n\u00e5r du ved at vandet er blevet opvarmet af en vedvarende energikilde som Solen.<\/p>\n<h3><img loading=\"lazy\" decoding=\"async\" class=\"alignnone wp-image-10860 size-full\" src=\"https:\/\/www.belmontevacanze.com\/wp-content\/uploads\/2023\/06\/lago.agriturismo.jpg\" alt=\"\" width=\"1000\" height=\"664\" srcset=\"https:\/\/www.belmontevacanze.com\/wp-content\/uploads\/2023\/06\/lago.agriturismo.jpg 1000w, https:\/\/www.belmontevacanze.com\/wp-content\/uploads\/2023\/06\/lago.agriturismo-300x199.jpg 300w, https:\/\/www.belmontevacanze.com\/wp-content\/uploads\/2023\/06\/lago.agriturismo-768x510.jpg 768w, https:\/\/www.belmontevacanze.com\/wp-content\/uploads\/2023\/06\/lago.agriturismo-705x468.jpg 705w\" sizes=\"auto, (max-width: 1000px) 100vw, 1000px\" \/><\/h3>\n<h3>Vandet i vores \u00f8ko-bio landboferiested i Toscana kommer fra vores egen kilde<\/h3>\n<p>Moder Natur har ogs\u00e5 for\u00e6ret os en vandkilde inde i vores park.<br \/>\nS\u00e5 derfor t\u00e6nkte vi, at vi udover den offentlige vandforsyning ogs\u00e5 kunne udnytte denne resurse til at forsyne de 29 lejligheder i vores \u00f8ko-bio landboferiested i Toscana.<br \/>\nVi har derfor foretaget en st\u00f8rre investering og skabt en anl\u00e6g med omvendt osmose, for at bruge vandet fra vores kilde og s\u00e5ledes have et st\u00f8tteanl\u00e6g til vandforsyningen. Denne l\u00f8sning har ogs\u00e5 vist sig at v\u00e6re meget vigtig, for i vores 20 \u00e5rs lange virksomhed, har vi aldrig v\u00e6ret uden vand, p\u00e5 trods af at visse indkvarteringsvirksomheder i Toscana, p\u00e5 grund af de lange t\u00f8rker og manglende regn i l\u00f8bet af sommers\u00e6sonen, kan v\u00e6re uden vand i timer eller dage p\u00e5 grund af problemer p\u00e5 vandforsyningsnettet.<br \/>\nVi har, ogs\u00e5 takket v\u00e6re vores kilde, altid et backup-system til drikkevandsforsyningen i vores lejligheder.<\/p>\n<h3><img loading=\"lazy\" decoding=\"async\" class=\"alignnone wp-image-9626 size-full\" src=\"https:\/\/www.belmontevacanze.com\/wp-content\/uploads\/2018\/11\/suolo.salute.gif\" alt=\"\" width=\"805\" height=\"227\" \/><\/h3>\n<h3>Den europ\u00e6iske certificering af \u00f8kologisk landbrugsbedrift<\/h3>\n<p>I 2016 har vi opn\u00e5et denne vigtige europ\u00e6iske certificering af \u00f8kologisk landbrugsbedrift. Vi overholder nemlig en streng protokol der foreskriver, at vi ikke m\u00e5 anvende nogen form for pesticider eller kunstg\u00f8dning i vores landbrugsbedrift. Og vi er hvert \u00e5r underlagt vigtige kontroller!<br \/>\nVores \u00f8kosystem er derfor sundt, b\u00e5de for os der bor her, og for de familier, der holder deres ferie hos os, og ogs\u00e5 for vores planter og landboferiestedets dyr.<br \/>\nVores plantage med 2200 oliventr\u00e6er dyrkes ligeledes i henhold til den \u00f8kologiske dyrkningsprotokol og vores olie er derfor ogs\u00e5 certificeret som \u00f8kologisk.<br \/>\n<a href=\"https:\/\/www.belmontevacanze.com\/da\/faciliteter\/oekologisk-olie\/\">F\u00e5 mere at vide om vores \u00f8kologiske olie, klik her.<\/a><\/p>\n<h3><img loading=\"lazy\" decoding=\"async\" class=\"alignnone wp-image-10866 size-full\" src=\"https:\/\/www.belmontevacanze.com\/wp-content\/uploads\/2023\/06\/irrigazione.agriturismo.naturale.jpg\" alt=\"\" width=\"1000\" height=\"664\" srcset=\"https:\/\/www.belmontevacanze.com\/wp-content\/uploads\/2023\/06\/irrigazione.agriturismo.naturale.jpg 1000w, https:\/\/www.belmontevacanze.com\/wp-content\/uploads\/2023\/06\/irrigazione.agriturismo.naturale-300x199.jpg 300w, https:\/\/www.belmontevacanze.com\/wp-content\/uploads\/2023\/06\/irrigazione.agriturismo.naturale-768x510.jpg 768w, https:\/\/www.belmontevacanze.com\/wp-content\/uploads\/2023\/06\/irrigazione.agriturismo.naturale-705x468.jpg 705w\" sizes=\"auto, (max-width: 1000px) 100vw, 1000px\" \/><\/h3>\n<h3>S\u00f8erne til kunstvanding i vores park.<\/h3>\n<p>Vi har anlagt og kunstige s\u00f8er til opsamling af regnvand i vores landboferiested.<\/p>\n<p>Vi har en k\u00e6mpestor have, som gerne altid skulle v\u00e6re gr\u00f8n, og vi har derfor brug for meget vand, til at vande den.<br \/>\nTakket v\u00e6re vores s\u00f8er, bruger vi ikke vand fra vandv\u00e6rket, der er blevet s\u00e5 kostbart p\u00e5 grund af t\u00f8rkeproblemet (et problem som vi ogs\u00e5 oplever og som desv\u00e6rre ser ud til at blive v\u00e6rre \u00e5r for \u00e5r), men regnvand og vand fra vores kilde.<br \/>\nDette vand sendes s\u00e5ledes tilbage til vores vandingsanl\u00e6g og bliver anvendt til at vande planterne og gr\u00e6spl\u00e6nerne i vores have.<\/p>\n<h3><img loading=\"lazy\" decoding=\"async\" class=\"alignnone size-medium\" src=\"https:\/\/www.belmontevacanze.com\/wp-content\/uploads\/2018\/01\/tesla.2.jpg\" width=\"800\" height=\"532\" \/><\/h3>\n<h3>Vi tilskynder brug af elektrisk mobilitet<\/h3>\n<p>I 2015 blev vi af Tesla udvalgt som destination charge, dvs. en ladecentral til elektriske k\u00f8ret\u00f8jer, og s\u00e5ledes tilbyde dem, der k\u00f8rer med Tesla eller en elektrisk bil af et andet m\u00e6rke, at genoplade deres bil i vores landboferiested.<br \/>\nVi r\u00e5der over tre ladestandere p\u00e5 22 kw.<br \/>\nF\u00e5 mere at vide om vores landboferiested med ladestationer til el-k\u00f8ret\u00f8jer, klik <a href=\"https:\/\/www.belmontevacanze.com\/da\/faciliteter\/ev-friendly-bondesgaardsferiested-toscana\/\">her<\/a>.<\/p>\n<h3><img loading=\"lazy\" decoding=\"async\" class=\"alignnone wp-image-10872 size-full\" src=\"https:\/\/www.belmontevacanze.com\/wp-content\/uploads\/2023\/06\/agriturismo.fotovoltaico.toscana.jpg\" alt=\"\" width=\"960\" height=\"1280\" srcset=\"https:\/\/www.belmontevacanze.com\/wp-content\/uploads\/2023\/06\/agriturismo.fotovoltaico.toscana.jpg 960w, https:\/\/www.belmontevacanze.com\/wp-content\/uploads\/2023\/06\/agriturismo.fotovoltaico.toscana-225x300.jpg 225w, https:\/\/www.belmontevacanze.com\/wp-content\/uploads\/2023\/06\/agriturismo.fotovoltaico.toscana-773x1030.jpg 773w, https:\/\/www.belmontevacanze.com\/wp-content\/uploads\/2023\/06\/agriturismo.fotovoltaico.toscana-768x1024.jpg 768w, https:\/\/www.belmontevacanze.com\/wp-content\/uploads\/2023\/06\/agriturismo.fotovoltaico.toscana-529x705.jpg 529w\" sizes=\"auto, (max-width: 960px) 100vw, 960px\" \/><\/h3>\n<h3>Vi producerer elektrisk energi med Solen<\/h3>\n<p>Vores seneste investering, dateret 2023, er vores solcelleanl\u00e6g p\u00e5 100 kw hvormed vi p\u00e5 solskinsdage er i stand til at d\u00e6kke energibehovet for vores indkvarteringsvirksomhed, der kun forsynes af elektrisk energi. Vi bruger hverken metangas eller gpl p\u00e5 vores landboferiested.<br \/>\nVi har ogs\u00e5 installeret store batterier for at lagre den energi, der akkumuleres i l\u00f8bet af dagen og p\u00e5 solskinsdage, s\u00e5 vi kan genbruge denne energi om natten eller p\u00e5 overskyede dage.<\/p>\n<h3>Affaldssortering<\/h3>\n<p>Siden 2010 har vi sorteret vores affald.<br \/>\nDenne vigtige praksis er mulig, ogs\u00e5 takket v\u00e6re dit bidrag, for inde i jeres lejlighed finder I spande til sortering af affaldet, s\u00e5 det kan afleveres korrekt til vores indsamlingscenter.<br \/>\nMilj\u00f8et og Vi siger hjerteligt tak!<br \/>\nMen vores investering i b\u00e6redygtighed og \u00f8kologisk praksis stopper ikke her og forts\u00e6tter hvert \u00e5r.<\/p>\n<p>Problemet med t\u00f8rke bliver en stadig st\u00f8rre udfordring.<br \/>\nVores oliventr\u00e6er lider mere og mere p\u00e5 grund af vandmangel og vi fors\u00f8ger derfor p\u00e5 at udvikle et system til genbrug af spildevandet fra jeres lejligheder til vanding af vores oliventr\u00e6er.<\/p>\n<p>Takket v\u00e6re vores hensyn til b\u00e6redygtigheden fik vi i 2021 opm\u00e6rksomhed fra den tyske tv-kanal Ard, der har lavet denne udsendelse om vores landboferiested.<br \/>\nSe den!<\/p>\n<\/div><\/section>\n\n","protected":false},"excerpt":{"rendered":"","protected":false},"author":2,"featured_media":11294,"parent":0,"menu_order":0,"comment_status":"closed","ping_status":"closed","template":"","meta":{"footnotes":""},"class_list":["post-11180","page","type-page","status-publish","has-post-thumbnail","hentry"],"_links":{"self":[{"href":"https:\/\/www.belmontevacanze.com\/da\/wp-json\/wp\/v2\/pages\/11180","targetHints":{"allow":["GET"]}}],"collection":[{"href":"https:\/\/www.belmontevacanze.com\/da\/wp-json\/wp\/v2\/pages"}],"about":[{"href":"https:\/\/www.belmontevacanze.com\/da\/wp-json\/wp\/v2\/types\/page"}],"author":[{"embeddable":true,"href":"https:\/\/www.belmontevacanze.com\/da\/wp-json\/wp\/v2\/users\/2"}],"replies":[{"embeddable":true,"href":"https:\/\/www.belmontevacanze.com\/da\/wp-json\/wp\/v2\/comments?post=11180"}],"version-history":[{"count":4,"href":"https:\/\/www.belmontevacanze.com\/da\/wp-json\/wp\/v2\/pages\/11180\/revisions"}],"predecessor-version":[{"id":11368,"href":"https:\/\/www.belmontevacanze.com\/da\/wp-json\/wp\/v2\/pages\/11180\/revisions\/11368"}],"wp:featuredmedia":[{"embeddable":true,"href":"https:\/\/www.belmontevacanze.com\/da\/wp-json\/wp\/v2\/media\/11294"}],"wp:attachment":[{"href":"https:\/\/www.belmontevacanze.com\/da\/wp-json\/wp\/v2\/media?parent=11180"}],"curies":[{"name":"wp","href":"https:\/\/api.w.org\/{rel}","templated":true}]}}