{"id":1253,"date":"2018-01-31T16:36:06","date_gmt":"2018-01-31T15:36:06","guid":{"rendered":"https:\/\/www.belmontevacanze.com\/?page_id=1253"},"modified":"2026-04-09T16:01:37","modified_gmt":"2026-04-09T14:01:37","slug":"agriturismo-tennis-toscana","status":"publish","type":"page","link":"https:\/\/www.belmontevacanze.com\/da\/faciliteter\/agriturismo-tennis-toscana\/","title":{"rendered":"Tennis"},"content":{"rendered":"<div id='av-masonry-1' class='av-masonry av-av_masonry_gallery-6bd6ace57acb3b0d9516aef2729f31f3 noHover av-flex-size av-large-gap av-hover-overlay- av-masonry-animation-active av-masonry-col-3 av-caption-always av-caption-style- av-masonry-gallery ' data-post_id=\"1253\"><div class=\"av-masonry-container isotope av-js-disabled\"><div class='av-masonry-entry isotope-item av-masonry-item-no-image '><\/div><a href=\"https:\/\/www.belmontevacanze.com\/wp-content\/uploads\/2018\/01\/B4111727-.jpg\" data-srcset=\"https:\/\/www.belmontevacanze.com\/wp-content\/uploads\/2018\/01\/B4111727-.jpg 1000w, https:\/\/www.belmontevacanze.com\/wp-content\/uploads\/2018\/01\/B4111727--300x200.jpg 300w, https:\/\/www.belmontevacanze.com\/wp-content\/uploads\/2018\/01\/B4111727--768x512.jpg 768w, https:\/\/www.belmontevacanze.com\/wp-content\/uploads\/2018\/01\/B4111727--705x470.jpg 705w, https:\/\/www.belmontevacanze.com\/wp-content\/uploads\/2018\/01\/B4111727--450x300.jpg 450w\" data-sizes=\"(max-width: 1000px) 100vw, 1000px\"  aria-label=\"image B4111727-\"  id='av-masonry-1-item-10700' data-av-masonry-item='10700' class='av-masonry-entry isotope-item post-10700 attachment type-attachment status-inherit hentry  av-masonry-item-with-image' title=\"B4111727-\" alt=\"\"    itemprop=\"thumbnailUrl\" ><div class='av-inner-masonry-sizer'><\/div><figure class='av-inner-masonry main_color'><div class=\"av-masonry-outerimage-container\"><div class='av-masonry-image-container'  ><img decoding=\"async\" width=\"705\" height=\"470\" fetchpriority=\"high\" class=\"wp-image-10700 avia-img-lazy-loading-not-10700\"  src=\"https:\/\/www.belmontevacanze.com\/wp-content\/uploads\/2018\/01\/B4111727--705x470.jpg\" title=\"B4111727-\" alt=\"\" srcset=\"https:\/\/www.belmontevacanze.com\/wp-content\/uploads\/2018\/01\/B4111727--705x470.jpg 705w, https:\/\/www.belmontevacanze.com\/wp-content\/uploads\/2018\/01\/B4111727--300x200.jpg 300w, https:\/\/www.belmontevacanze.com\/wp-content\/uploads\/2018\/01\/B4111727--768x512.jpg 768w, https:\/\/www.belmontevacanze.com\/wp-content\/uploads\/2018\/01\/B4111727--450x300.jpg 450w, https:\/\/www.belmontevacanze.com\/wp-content\/uploads\/2018\/01\/B4111727-.jpg 1000w\" sizes=\"(max-width: 705px) 100vw, 705px\" \/><\/div><\/div><\/figure><\/a><!--end av-masonry entry--><a href=\"https:\/\/www.belmontevacanze.com\/wp-content\/uploads\/2018\/01\/DSC_0188.jpg\" data-srcset=\"https:\/\/www.belmontevacanze.com\/wp-content\/uploads\/2018\/01\/DSC_0188.jpg 1000w, https:\/\/www.belmontevacanze.com\/wp-content\/uploads\/2018\/01\/DSC_0188-300x199.jpg 300w, https:\/\/www.belmontevacanze.com\/wp-content\/uploads\/2018\/01\/DSC_0188-768x510.jpg 768w, https:\/\/www.belmontevacanze.com\/wp-content\/uploads\/2018\/01\/DSC_0188-705x468.jpg 705w, https:\/\/www.belmontevacanze.com\/wp-content\/uploads\/2018\/01\/DSC_0188-450x299.jpg 450w\" data-sizes=\"(max-width: 1000px) 100vw, 1000px\"  aria-label=\"image DSC_0188\"  id='av-masonry-1-item-10701' data-av-masonry-item='10701' class='av-masonry-entry isotope-item post-10701 attachment type-attachment status-inherit hentry  av-masonry-item-with-image' title=\"DSC_0188\" alt=\"\"    itemprop=\"thumbnailUrl\" ><div class='av-inner-masonry-sizer'><\/div><figure class='av-inner-masonry main_color'><div class=\"av-masonry-outerimage-container\"><div class='av-masonry-image-container'  ><img decoding=\"async\" width=\"705\" height=\"468\" fetchpriority=\"high\" class=\"wp-image-10701 avia-img-lazy-loading-not-10701\"  src=\"https:\/\/www.belmontevacanze.com\/wp-content\/uploads\/2018\/01\/DSC_0188-705x468.jpg\" title=\"DSC_0188\" alt=\"\" srcset=\"https:\/\/www.belmontevacanze.com\/wp-content\/uploads\/2018\/01\/DSC_0188-705x468.jpg 705w, https:\/\/www.belmontevacanze.com\/wp-content\/uploads\/2018\/01\/DSC_0188-300x199.jpg 300w, https:\/\/www.belmontevacanze.com\/wp-content\/uploads\/2018\/01\/DSC_0188-768x510.jpg 768w, https:\/\/www.belmontevacanze.com\/wp-content\/uploads\/2018\/01\/DSC_0188-450x299.jpg 450w, https:\/\/www.belmontevacanze.com\/wp-content\/uploads\/2018\/01\/DSC_0188.jpg 1000w\" sizes=\"(max-width: 705px) 100vw, 705px\" \/><\/div><\/div><\/figure><\/a><!--end av-masonry entry--><a href=\"https:\/\/www.belmontevacanze.com\/wp-content\/uploads\/2018\/01\/DSC_0220.jpg\" data-srcset=\"https:\/\/www.belmontevacanze.com\/wp-content\/uploads\/2018\/01\/DSC_0220.jpg 1000w, https:\/\/www.belmontevacanze.com\/wp-content\/uploads\/2018\/01\/DSC_0220-300x199.jpg 300w, https:\/\/www.belmontevacanze.com\/wp-content\/uploads\/2018\/01\/DSC_0220-768x510.jpg 768w, https:\/\/www.belmontevacanze.com\/wp-content\/uploads\/2018\/01\/DSC_0220-705x468.jpg 705w, https:\/\/www.belmontevacanze.com\/wp-content\/uploads\/2018\/01\/DSC_0220-450x299.jpg 450w\" data-sizes=\"(max-width: 1000px) 100vw, 1000px\"  aria-label=\"image DSC_0220\"  id='av-masonry-1-item-10702' data-av-masonry-item='10702' class='av-masonry-entry isotope-item post-10702 attachment type-attachment status-inherit hentry  av-masonry-item-with-image' title=\"DSC_0220\" alt=\"\"    itemprop=\"thumbnailUrl\" ><div class='av-inner-masonry-sizer'><\/div><figure class='av-inner-masonry main_color'><div class=\"av-masonry-outerimage-container\"><div class='av-masonry-image-container'  ><img decoding=\"async\" width=\"705\" height=\"468\" fetchpriority=\"high\" class=\"wp-image-10702 avia-img-lazy-loading-not-10702\"  src=\"https:\/\/www.belmontevacanze.com\/wp-content\/uploads\/2018\/01\/DSC_0220-705x468.jpg\" title=\"DSC_0220\" alt=\"\" srcset=\"https:\/\/www.belmontevacanze.com\/wp-content\/uploads\/2018\/01\/DSC_0220-705x468.jpg 705w, https:\/\/www.belmontevacanze.com\/wp-content\/uploads\/2018\/01\/DSC_0220-300x199.jpg 300w, https:\/\/www.belmontevacanze.com\/wp-content\/uploads\/2018\/01\/DSC_0220-768x510.jpg 768w, https:\/\/www.belmontevacanze.com\/wp-content\/uploads\/2018\/01\/DSC_0220-450x299.jpg 450w, https:\/\/www.belmontevacanze.com\/wp-content\/uploads\/2018\/01\/DSC_0220.jpg 1000w\" sizes=\"(max-width: 705px) 100vw, 705px\" \/><\/div><\/div><\/figure><\/a><!--end av-masonry entry--><a href=\"https:\/\/www.belmontevacanze.com\/wp-content\/uploads\/2018\/01\/DSC_0281.jpg\" data-srcset=\"https:\/\/www.belmontevacanze.com\/wp-content\/uploads\/2018\/01\/DSC_0281.jpg 1000w, https:\/\/www.belmontevacanze.com\/wp-content\/uploads\/2018\/01\/DSC_0281-300x199.jpg 300w, https:\/\/www.belmontevacanze.com\/wp-content\/uploads\/2018\/01\/DSC_0281-768x510.jpg 768w, https:\/\/www.belmontevacanze.com\/wp-content\/uploads\/2018\/01\/DSC_0281-705x468.jpg 705w, https:\/\/www.belmontevacanze.com\/wp-content\/uploads\/2018\/01\/DSC_0281-450x299.jpg 450w\" data-sizes=\"(max-width: 1000px) 100vw, 1000px\"  aria-label=\"image DSC_0281\"  id='av-masonry-1-item-10703' data-av-masonry-item='10703' class='av-masonry-entry isotope-item post-10703 attachment type-attachment status-inherit hentry  av-masonry-item-with-image' title=\"DSC_0281\" alt=\"\"    itemprop=\"thumbnailUrl\" ><div class='av-inner-masonry-sizer'><\/div><figure class='av-inner-masonry main_color'><div class=\"av-masonry-outerimage-container\"><div class='av-masonry-image-container'  ><img decoding=\"async\" width=\"705\" height=\"468\" fetchpriority=\"high\" class=\"wp-image-10703 avia-img-lazy-loading-not-10703\"  src=\"https:\/\/www.belmontevacanze.com\/wp-content\/uploads\/2018\/01\/DSC_0281-705x468.jpg\" title=\"DSC_0281\" alt=\"\" srcset=\"https:\/\/www.belmontevacanze.com\/wp-content\/uploads\/2018\/01\/DSC_0281-705x468.jpg 705w, https:\/\/www.belmontevacanze.com\/wp-content\/uploads\/2018\/01\/DSC_0281-300x199.jpg 300w, https:\/\/www.belmontevacanze.com\/wp-content\/uploads\/2018\/01\/DSC_0281-768x510.jpg 768w, https:\/\/www.belmontevacanze.com\/wp-content\/uploads\/2018\/01\/DSC_0281-450x299.jpg 450w, https:\/\/www.belmontevacanze.com\/wp-content\/uploads\/2018\/01\/DSC_0281.jpg 1000w\" sizes=\"(max-width: 705px) 100vw, 705px\" \/><\/div><\/div><\/figure><\/a><!--end av-masonry entry--><a href=\"https:\/\/www.belmontevacanze.com\/wp-content\/uploads\/2018\/01\/DSC_0290.jpg\" data-srcset=\"https:\/\/www.belmontevacanze.com\/wp-content\/uploads\/2018\/01\/DSC_0290.jpg 1000w, https:\/\/www.belmontevacanze.com\/wp-content\/uploads\/2018\/01\/DSC_0290-300x199.jpg 300w, https:\/\/www.belmontevacanze.com\/wp-content\/uploads\/2018\/01\/DSC_0290-768x510.jpg 768w, https:\/\/www.belmontevacanze.com\/wp-content\/uploads\/2018\/01\/DSC_0290-705x468.jpg 705w, https:\/\/www.belmontevacanze.com\/wp-content\/uploads\/2018\/01\/DSC_0290-450x299.jpg 450w\" data-sizes=\"(max-width: 1000px) 100vw, 1000px\"  aria-label=\"image DSC_0290\"  id='av-masonry-1-item-10704' data-av-masonry-item='10704' class='av-masonry-entry isotope-item post-10704 attachment type-attachment status-inherit hentry  av-masonry-item-with-image' title=\"DSC_0290\" alt=\"\"    itemprop=\"thumbnailUrl\" ><div class='av-inner-masonry-sizer'><\/div><figure class='av-inner-masonry main_color'><div class=\"av-masonry-outerimage-container\"><div class='av-masonry-image-container'  ><img decoding=\"async\" width=\"705\" height=\"468\" fetchpriority=\"high\" class=\"wp-image-10704 avia-img-lazy-loading-not-10704\"  src=\"https:\/\/www.belmontevacanze.com\/wp-content\/uploads\/2018\/01\/DSC_0290-705x468.jpg\" title=\"DSC_0290\" alt=\"\" srcset=\"https:\/\/www.belmontevacanze.com\/wp-content\/uploads\/2018\/01\/DSC_0290-705x468.jpg 705w, https:\/\/www.belmontevacanze.com\/wp-content\/uploads\/2018\/01\/DSC_0290-300x199.jpg 300w, https:\/\/www.belmontevacanze.com\/wp-content\/uploads\/2018\/01\/DSC_0290-768x510.jpg 768w, https:\/\/www.belmontevacanze.com\/wp-content\/uploads\/2018\/01\/DSC_0290-450x299.jpg 450w, https:\/\/www.belmontevacanze.com\/wp-content\/uploads\/2018\/01\/DSC_0290.jpg 1000w\" sizes=\"(max-width: 705px) 100vw, 705px\" \/><\/div><\/div><\/figure><\/a><!--end av-masonry entry--><a href=\"https:\/\/www.belmontevacanze.com\/wp-content\/uploads\/2018\/01\/tennis_hills_Belmonte_panorama.jpg\" data-srcset=\"https:\/\/www.belmontevacanze.com\/wp-content\/uploads\/2018\/01\/tennis_hills_Belmonte_panorama.jpg 1000w, https:\/\/www.belmontevacanze.com\/wp-content\/uploads\/2018\/01\/tennis_hills_Belmonte_panorama-300x181.jpg 300w, https:\/\/www.belmontevacanze.com\/wp-content\/uploads\/2018\/01\/tennis_hills_Belmonte_panorama-768x462.jpg 768w, https:\/\/www.belmontevacanze.com\/wp-content\/uploads\/2018\/01\/tennis_hills_Belmonte_panorama-705x424.jpg 705w, https:\/\/www.belmontevacanze.com\/wp-content\/uploads\/2018\/01\/tennis_hills_Belmonte_panorama-450x271.jpg 450w\" data-sizes=\"(max-width: 1000px) 100vw, 1000px\"  aria-label=\"image tennis_hills_Belmonte_panorama\"  id='av-masonry-1-item-10705' data-av-masonry-item='10705' class='av-masonry-entry isotope-item post-10705 attachment type-attachment status-inherit hentry  av-masonry-item-with-image' title=\"tennis_hills_Belmonte_panorama\" alt=\"\"    itemprop=\"thumbnailUrl\" ><div class='av-inner-masonry-sizer'><\/div><figure class='av-inner-masonry main_color'><div class=\"av-masonry-outerimage-container\"><div class='av-masonry-image-container'  ><img decoding=\"async\" width=\"705\" height=\"424\" fetchpriority=\"high\" class=\"wp-image-10705 avia-img-lazy-loading-not-10705\"  src=\"https:\/\/www.belmontevacanze.com\/wp-content\/uploads\/2018\/01\/tennis_hills_Belmonte_panorama-705x424.jpg\" title=\"tennis_hills_Belmonte_panorama\" alt=\"\" srcset=\"https:\/\/www.belmontevacanze.com\/wp-content\/uploads\/2018\/01\/tennis_hills_Belmonte_panorama-705x424.jpg 705w, https:\/\/www.belmontevacanze.com\/wp-content\/uploads\/2018\/01\/tennis_hills_Belmonte_panorama-300x181.jpg 300w, https:\/\/www.belmontevacanze.com\/wp-content\/uploads\/2018\/01\/tennis_hills_Belmonte_panorama-768x462.jpg 768w, https:\/\/www.belmontevacanze.com\/wp-content\/uploads\/2018\/01\/tennis_hills_Belmonte_panorama-450x271.jpg 450w, https:\/\/www.belmontevacanze.com\/wp-content\/uploads\/2018\/01\/tennis_hills_Belmonte_panorama.jpg 1000w\" sizes=\"(max-width: 705px) 100vw, 705px\" \/><\/div><\/div><\/figure><\/a><!--end av-masonry entry--><\/div><\/div>\n<section  class='av_textblock_section av-l0tn4jhl-0336469e8c8b8ca1577a324bb6fe6444 '   itemscope=\"itemscope\" itemtype=\"https:\/\/schema.org\/CreativeWork\" ><div class='avia_textblock'  itemprop=\"text\" ><h1>Tennis i de Toscanske Dale<\/h1>\n<p>Hvis du elsker tennis, kan du ikke g\u00e5 glip af oplevelsen af at spille tennis i de toscanske dale. Du h\u00f8rer kun lyden af tennisbolden der rammer ketsjeren\u2026 alts\u00e5 hvis du ikke er distraheret af den fantastiske udsigt!<\/p>\n<h2>Tennisferie i Toscana<\/h2>\n<p>Hvis du leder efter en tennisferie i Toscana, s\u00e5 tilbyder Belmonte Vacanze sine kunder chancen for at spille p\u00e5 den splinternye tennisbane. Dette er en professionel bane, bygget i 2006 i mellem dalene og omgivet af fantastisk landskab. Tennisbanen er ikke langt fra lejligheden, og du kan nemt n\u00e5 den til fods. For din tennisferie i Toscana har vi valgt den nyeste generation af syntetisk overflade p\u00e5 banen. En fremragende overflade, den samme type anvendes p\u00e5 banerne i U.S. Open, som g\u00f8r overfladen bl\u00f8dere at spille p\u00e5 og samtidig giver en optimal boldhastighed. Du kan spille et s\u00e6t eller se kampen fra sidelinjen omgivet af det smukke Toscana landskab.<\/p>\n<p>For vores g\u00e6ster, der i l\u00f8bet af deres tennis ferie i Toscana, ikke har det n\u00f8dvendige udstyr, tilbyder bestyrelsen af Belmonte Vacanze bolde og tennisketsjere.<br \/>\nTennisbanerne er en mulighed for at opleve den smukke sport, fuld af f\u00f8lelser, eller lade dig tr\u00e6ne dine foretrukne sport under din ferie uden at skulle opgive en forfriskende dukkert i poolen eller afslapning i vores jacuzzi.<br \/>\nFor dine b\u00f8rn vil det v\u00e6re en mulighed for at have det sjovt, grine og f\u00e5 nye venner, mens du har fred og ro.<\/p>\n<div class=\"info-message success\">\n\n<style type=\"text\/css\" data-created_by=\"avia_inline_auto\" id=\"style-css-av-av_font_icon-dd98227f5b810687babd5b5e53cdb4c0\">\n.av_font_icon.av-av_font_icon-dd98227f5b810687babd5b5e53cdb4c0{\ncolor:#b02b2c;\nborder-color:#b02b2c;\n}\n.av_font_icon.av-av_font_icon-dd98227f5b810687babd5b5e53cdb4c0 .av-icon-char{\nfont-size:40px;\nline-height:40px;\n}\n<\/style>\n<span  class='av_font_icon av-av_font_icon-dd98227f5b810687babd5b5e53cdb4c0 avia_animate_when_visible av-icon-style- avia-icon-pos-left avia-icon-animate'><span class='av-icon-char' aria-hidden='true' data-av_icon='\ue82b' data-av_iconfont='entypo-fontello' ><\/span><\/span><span id=\"result_box\" class=\"\" lang=\"it\"><span class=\"\">Timepris: 15 \u20ac per time.<br \/>\n<\/span><\/span><\/p>\n<\/div>\n<div class=\"tiled-gallery type-rectangular\" data-original-width=\"1224\" data-carousel-extra=\"{\"><\/div>\n<\/div><\/section>\n","protected":false},"excerpt":{"rendered":"","protected":false},"author":2,"featured_media":0,"parent":2732,"menu_order":0,"comment_status":"closed","ping_status":"closed","template":"","meta":{"footnotes":""},"class_list":["post-1253","page","type-page","status-publish","hentry"],"_links":{"self":[{"href":"https:\/\/www.belmontevacanze.com\/da\/wp-json\/wp\/v2\/pages\/1253","targetHints":{"allow":["GET"]}}],"collection":[{"href":"https:\/\/www.belmontevacanze.com\/da\/wp-json\/wp\/v2\/pages"}],"about":[{"href":"https:\/\/www.belmontevacanze.com\/da\/wp-json\/wp\/v2\/types\/page"}],"author":[{"embeddable":true,"href":"https:\/\/www.belmontevacanze.com\/da\/wp-json\/wp\/v2\/users\/2"}],"replies":[{"embeddable":true,"href":"https:\/\/www.belmontevacanze.com\/da\/wp-json\/wp\/v2\/comments?post=1253"}],"version-history":[{"count":10,"href":"https:\/\/www.belmontevacanze.com\/da\/wp-json\/wp\/v2\/pages\/1253\/revisions"}],"predecessor-version":[{"id":12818,"href":"https:\/\/www.belmontevacanze.com\/da\/wp-json\/wp\/v2\/pages\/1253\/revisions\/12818"}],"up":[{"embeddable":true,"href":"https:\/\/www.belmontevacanze.com\/da\/wp-json\/wp\/v2\/pages\/2732"}],"wp:attachment":[{"href":"https:\/\/www.belmontevacanze.com\/da\/wp-json\/wp\/v2\/media?parent=1253"}],"curies":[{"name":"wp","href":"https:\/\/api.w.org\/{rel}","templated":true}]}}