{"id":1624,"date":"2018-02-07T17:25:47","date_gmt":"2018-02-07T16:25:47","guid":{"rendered":"https:\/\/www.belmontevacanze.com\/?page_id=1624"},"modified":"2018-02-07T17:34:40","modified_gmt":"2018-02-07T16:34:40","slug":"toscansk-madlavningskurser","status":"publish","type":"page","link":"https:\/\/www.belmontevacanze.com\/da\/faciliteter\/toscansk-madlavningskurser\/","title":{"rendered":"Toscansk madlavningskurser"},"content":{"rendered":"\n<section  class='av_textblock_section av-av_textblock-2de302bf1aa3cf4c9157dbe6f50ac7eb '   itemscope=\"itemscope\" itemtype=\"https:\/\/schema.org\/CreativeWork\" ><div class='avia_textblock'  itemprop=\"text\" ><p><strong>Toscana<\/strong> tilbyder ikke kun sine turister landskab og kunst; Hvis du virkelig vil forst\u00e5 essensen i regionen og dens tradition, s\u00e5 skal du smage de l\u00e6kre retter.<\/p>\n<h4>TYPISKE TOSCANKE RETTER<\/h4>\n<p>Typiske toscanske retter er baseret p\u00e5 b\u00f8ndernes kultur og tradition ved hj\u00e6lp af simple ingredienser, fremstillet fra den omgivende jord, og det er derfor at det ofte kaldes <strong>\u201ccucina povera\u201d<\/strong> eller fattig; Trods dette er retterne i Toscana ber\u00f8mt i hele verden, s\u00e5som \u201cZuppa di rude\u201d eller \u201cRibollita\u201d, for ikke at n\u00e6vne \u201cBistecca alla Fiorentina\u201d.<\/p>\n<p>Belmonte tilbyder g\u00e6ster mulighed for at deltage i en<strong> toscansk madlavningskursus<\/strong>, hvor du kan l\u00e6re at lave mad de traditionelle retter.<\/p>\n<p><strong>Mrs. Giuseppina<\/strong> har en omfattende erfaring og en st\u00e6rk passion for undervisning af de kulinariske traditioner i Toscana til turisterne. <strong>\u201cKokken\u201d<\/strong> giver private toscanske madlavningslektioner og catering-lektioner for sm\u00e5 grupper p\u00e5 Falisca II ving\u00e5rden.<\/p>\n<div class=\"blog-post-content\"><\/div>\n<\/div><\/section>\n\n<style type=\"text\/css\" data-created_by=\"avia_inline_auto\" id=\"style-css-av-av_promobox-495bcd7e3b5ed8c4305cae74fbcab4df\">\n.av_promobox.av-av_promobox-495bcd7e3b5ed8c4305cae74fbcab4df{\ncolor:#ffffff;\nbackground:#432200;\nborder-color:#432200;\n}\n<\/style>\n<div  class='av_promobox av-av_promobox-495bcd7e3b5ed8c4305cae74fbcab4df avia-button-yes  avia-builder-el-2  el_after_av_textblock  avia-builder-el-last '><div class='avia-promocontent'><p>\nFor information om priser og lektioner:\u00a0<a href=\"http:\/\/www.cucinagiuseppina.com\/\">www.cucinagiuseppina.com<\/a><\/p>\n<\/div><div  class='avia-button-wrap av-av_button-9f30be744d3d272bd491c10af2f71818-wrap avia-button-right '><a href='http:\/\/www.cucinagiuseppina.com\/'  class='avia-button av-av_button-9f30be744d3d272bd491c10af2f71818 av-link-btn avia-icon_select-yes-left-icon avia-size-large avia-position-right avia-color-theme-color'  target=\"_blank\"  rel=\"noopener noreferrer\"  aria-label=\"Mere info om madlavningskurser:\"><span class='avia_button_icon avia_button_icon_left' aria-hidden='true' data-av_icon='\ue812' data-av_iconfont='entypo-fontello'><\/span><span class='avia_iconbox_title' >Mere info om madlavningskurser:<\/span><\/a><\/div><\/div>\n","protected":false},"excerpt":{"rendered":"","protected":false},"author":3,"featured_media":0,"parent":2732,"menu_order":0,"comment_status":"closed","ping_status":"closed","template":"","meta":{"footnotes":""},"class_list":["post-1624","page","type-page","status-publish","hentry"],"_links":{"self":[{"href":"https:\/\/www.belmontevacanze.com\/da\/wp-json\/wp\/v2\/pages\/1624","targetHints":{"allow":["GET"]}}],"collection":[{"href":"https:\/\/www.belmontevacanze.com\/da\/wp-json\/wp\/v2\/pages"}],"about":[{"href":"https:\/\/www.belmontevacanze.com\/da\/wp-json\/wp\/v2\/types\/page"}],"author":[{"embeddable":true,"href":"https:\/\/www.belmontevacanze.com\/da\/wp-json\/wp\/v2\/users\/3"}],"replies":[{"embeddable":true,"href":"https:\/\/www.belmontevacanze.com\/da\/wp-json\/wp\/v2\/comments?post=1624"}],"version-history":[{"count":4,"href":"https:\/\/www.belmontevacanze.com\/da\/wp-json\/wp\/v2\/pages\/1624\/revisions"}],"predecessor-version":[{"id":2448,"href":"https:\/\/www.belmontevacanze.com\/da\/wp-json\/wp\/v2\/pages\/1624\/revisions\/2448"}],"up":[{"embeddable":true,"href":"https:\/\/www.belmontevacanze.com\/da\/wp-json\/wp\/v2\/pages\/2732"}],"wp:attachment":[{"href":"https:\/\/www.belmontevacanze.com\/da\/wp-json\/wp\/v2\/media?parent=1624"}],"curies":[{"name":"wp","href":"https:\/\/api.w.org\/{rel}","templated":true}]}}