{"id":1795,"date":"2018-02-08T11:18:52","date_gmt":"2018-02-08T10:18:52","guid":{"rendered":"https:\/\/www.belmontevacanze.com\/?page_id=1795"},"modified":"2023-06-06T17:11:25","modified_gmt":"2023-06-06T15:11:25","slug":"vin-og-olie-smag","status":"publish","type":"page","link":"https:\/\/www.belmontevacanze.com\/da\/faciliteter\/vin-og-olie-smag\/","title":{"rendered":"Vin og olie smag"},"content":{"rendered":"<div id='av-masonry-1' class='av-masonry av-av_masonry_gallery-f961aae90801d373f4ae959942fd492b noHover av-flex-size av-large-gap av-hover-overlay- av-masonry-animation-active av-masonry-col-flexible av-caption-always av-caption-style- av-masonry-gallery ' data-post_id=\"1795\"><div class=\"av-masonry-container isotope av-js-disabled\"><div class='av-masonry-entry isotope-item av-masonry-item-no-image '><\/div><a href=\"https:\/\/www.belmontevacanze.com\/wp-content\/uploads\/2018\/01\/chianti.tasting.montaione.jpg\" data-srcset=\"https:\/\/www.belmontevacanze.com\/wp-content\/uploads\/2018\/01\/chianti.tasting.montaione.jpg 800w, https:\/\/www.belmontevacanze.com\/wp-content\/uploads\/2018\/01\/chianti.tasting.montaione-300x199.jpg 300w, https:\/\/www.belmontevacanze.com\/wp-content\/uploads\/2018\/01\/chianti.tasting.montaione-768x510.jpg 768w, https:\/\/www.belmontevacanze.com\/wp-content\/uploads\/2018\/01\/chianti.tasting.montaione-705x468.jpg 705w, https:\/\/www.belmontevacanze.com\/wp-content\/uploads\/2018\/01\/chianti.tasting.montaione-450x299.jpg 450w\" data-sizes=\"(max-width: 800px) 100vw, 800px\"  aria-label=\"image chianti.tasting.montaione\"  id='av-masonry-1-item-10765' data-av-masonry-item='10765' class='av-masonry-entry isotope-item post-10765 attachment type-attachment status-inherit hentry  av-masonry-item-with-image' title=\"chianti.tasting.montaione\" alt=\"wine tasting in montaione\"    itemprop=\"thumbnailUrl\" ><div class='av-inner-masonry-sizer'><\/div><figure class='av-inner-masonry main_color'><div class=\"av-masonry-outerimage-container\"><div class='av-masonry-image-container'  ><img decoding=\"async\" width=\"705\" height=\"468\" fetchpriority=\"high\" class=\"wp-image-10765 avia-img-lazy-loading-not-10765\"  src=\"https:\/\/www.belmontevacanze.com\/wp-content\/uploads\/2018\/01\/chianti.tasting.montaione-705x468.jpg\" title=\"chianti.tasting.montaione\" alt=\"wine tasting in montaione\" srcset=\"https:\/\/www.belmontevacanze.com\/wp-content\/uploads\/2018\/01\/chianti.tasting.montaione-705x468.jpg 705w, https:\/\/www.belmontevacanze.com\/wp-content\/uploads\/2018\/01\/chianti.tasting.montaione-300x199.jpg 300w, https:\/\/www.belmontevacanze.com\/wp-content\/uploads\/2018\/01\/chianti.tasting.montaione-768x510.jpg 768w, https:\/\/www.belmontevacanze.com\/wp-content\/uploads\/2018\/01\/chianti.tasting.montaione-450x299.jpg 450w, https:\/\/www.belmontevacanze.com\/wp-content\/uploads\/2018\/01\/chianti.tasting.montaione.jpg 800w\" sizes=\"(max-width: 705px) 100vw, 705px\" \/><\/div><\/div><\/figure><\/a><!--end av-masonry entry--><a href=\"https:\/\/www.belmontevacanze.com\/wp-content\/uploads\/2018\/01\/corbucci.gambassi.jpg\" data-srcset=\"https:\/\/www.belmontevacanze.com\/wp-content\/uploads\/2018\/01\/corbucci.gambassi.jpg 800w, https:\/\/www.belmontevacanze.com\/wp-content\/uploads\/2018\/01\/corbucci.gambassi-300x253.jpg 300w, https:\/\/www.belmontevacanze.com\/wp-content\/uploads\/2018\/01\/corbucci.gambassi-768x647.jpg 768w, https:\/\/www.belmontevacanze.com\/wp-content\/uploads\/2018\/01\/corbucci.gambassi-705x594.jpg 705w, https:\/\/www.belmontevacanze.com\/wp-content\/uploads\/2018\/01\/corbucci.gambassi-450x379.jpg 450w\" data-sizes=\"(max-width: 800px) 100vw, 800px\"  aria-label=\"image corbucci.gambassi\"  id='av-masonry-1-item-10794' data-av-masonry-item='10794' class='av-masonry-entry isotope-item post-10794 attachment type-attachment status-inherit hentry  av-masonry-item-with-image' title=\"corbucci.gambassi\" alt=\"\"    itemprop=\"thumbnailUrl\" ><div class='av-inner-masonry-sizer'><\/div><figure class='av-inner-masonry main_color'><div class=\"av-masonry-outerimage-container\"><div class='av-masonry-image-container'  ><img decoding=\"async\" width=\"705\" height=\"594\" fetchpriority=\"high\" class=\"wp-image-10794 avia-img-lazy-loading-not-10794\"  src=\"https:\/\/www.belmontevacanze.com\/wp-content\/uploads\/2018\/01\/corbucci.gambassi-705x594.jpg\" title=\"corbucci.gambassi\" alt=\"\" srcset=\"https:\/\/www.belmontevacanze.com\/wp-content\/uploads\/2018\/01\/corbucci.gambassi-705x594.jpg 705w, https:\/\/www.belmontevacanze.com\/wp-content\/uploads\/2018\/01\/corbucci.gambassi-300x253.jpg 300w, https:\/\/www.belmontevacanze.com\/wp-content\/uploads\/2018\/01\/corbucci.gambassi-768x647.jpg 768w, https:\/\/www.belmontevacanze.com\/wp-content\/uploads\/2018\/01\/corbucci.gambassi-450x379.jpg 450w, https:\/\/www.belmontevacanze.com\/wp-content\/uploads\/2018\/01\/corbucci.gambassi.jpg 800w\" sizes=\"(max-width: 705px) 100vw, 705px\" \/><\/div><\/div><\/figure><\/a><!--end av-masonry entry--><a href=\"https:\/\/www.belmontevacanze.com\/wp-content\/uploads\/2018\/01\/corbucci.wine_-684x1030.jpg\" data-srcset=\"https:\/\/www.belmontevacanze.com\/wp-content\/uploads\/2018\/01\/corbucci.wine_-684x1030.jpg 684w, https:\/\/www.belmontevacanze.com\/wp-content\/uploads\/2018\/01\/corbucci.wine_-199x300.jpg 199w, https:\/\/www.belmontevacanze.com\/wp-content\/uploads\/2018\/01\/corbucci.wine_-768x1156.jpg 768w, https:\/\/www.belmontevacanze.com\/wp-content\/uploads\/2018\/01\/corbucci.wine_-468x705.jpg 468w, https:\/\/www.belmontevacanze.com\/wp-content\/uploads\/2018\/01\/corbucci.wine_-450x677.jpg 450w, https:\/\/www.belmontevacanze.com\/wp-content\/uploads\/2018\/01\/corbucci.wine_.jpg 800w\" data-sizes=\"(max-width: 684px) 100vw, 684px\"  aria-label=\"image corbucci.wine\"  id='av-masonry-1-item-10795' data-av-masonry-item='10795' class='av-masonry-entry isotope-item post-10795 attachment type-attachment status-inherit hentry  av-masonry-item-with-image' title=\"corbucci.wine\" alt=\"\"    itemprop=\"thumbnailUrl\" ><div class='av-inner-masonry-sizer'><\/div><figure class='av-inner-masonry main_color'><div class=\"av-masonry-outerimage-container\"><div class='av-masonry-image-container'  ><img decoding=\"async\" width=\"468\" height=\"705\" fetchpriority=\"high\" class=\"wp-image-10795 avia-img-lazy-loading-not-10795\"  src=\"https:\/\/www.belmontevacanze.com\/wp-content\/uploads\/2018\/01\/corbucci.wine_-468x705.jpg\" title=\"corbucci.wine\" alt=\"\" srcset=\"https:\/\/www.belmontevacanze.com\/wp-content\/uploads\/2018\/01\/corbucci.wine_-468x705.jpg 468w, https:\/\/www.belmontevacanze.com\/wp-content\/uploads\/2018\/01\/corbucci.wine_-199x300.jpg 199w, https:\/\/www.belmontevacanze.com\/wp-content\/uploads\/2018\/01\/corbucci.wine_-768x1156.jpg 768w, https:\/\/www.belmontevacanze.com\/wp-content\/uploads\/2018\/01\/corbucci.wine_-684x1030.jpg 684w, https:\/\/www.belmontevacanze.com\/wp-content\/uploads\/2018\/01\/corbucci.wine_-450x677.jpg 450w, https:\/\/www.belmontevacanze.com\/wp-content\/uploads\/2018\/01\/corbucci.wine_.jpg 800w\" sizes=\"(max-width: 468px) 100vw, 468px\" \/><\/div><\/div><\/figure><\/a><!--end av-masonry entry--><a href=\"https:\/\/www.belmontevacanze.com\/wp-content\/uploads\/2018\/01\/oil.tastingtuscany.jpg\" data-srcset=\"https:\/\/www.belmontevacanze.com\/wp-content\/uploads\/2018\/01\/oil.tastingtuscany.jpg 800w, https:\/\/www.belmontevacanze.com\/wp-content\/uploads\/2018\/01\/oil.tastingtuscany-300x199.jpg 300w, https:\/\/www.belmontevacanze.com\/wp-content\/uploads\/2018\/01\/oil.tastingtuscany-768x510.jpg 768w, https:\/\/www.belmontevacanze.com\/wp-content\/uploads\/2018\/01\/oil.tastingtuscany-705x468.jpg 705w, https:\/\/www.belmontevacanze.com\/wp-content\/uploads\/2018\/01\/oil.tastingtuscany-450x299.jpg 450w\" data-sizes=\"(max-width: 800px) 100vw, 800px\"  aria-label=\"image oil.tastingtuscany\"  id='av-masonry-1-item-10769' data-av-masonry-item='10769' class='av-masonry-entry isotope-item post-10769 attachment type-attachment status-inherit hentry  av-masonry-item-with-image' title=\"oil.tastingtuscany\" alt=\"wine tasting in farm in montaione\"    itemprop=\"thumbnailUrl\" ><div class='av-inner-masonry-sizer'><\/div><figure class='av-inner-masonry main_color'><div class=\"av-masonry-outerimage-container\"><div class='av-masonry-image-container'  ><img decoding=\"async\" width=\"705\" height=\"468\" fetchpriority=\"high\" class=\"wp-image-10769 avia-img-lazy-loading-not-10769\"  src=\"https:\/\/www.belmontevacanze.com\/wp-content\/uploads\/2018\/01\/oil.tastingtuscany-705x468.jpg\" title=\"oil.tastingtuscany\" alt=\"wine tasting in farm in montaione\" srcset=\"https:\/\/www.belmontevacanze.com\/wp-content\/uploads\/2018\/01\/oil.tastingtuscany-705x468.jpg 705w, https:\/\/www.belmontevacanze.com\/wp-content\/uploads\/2018\/01\/oil.tastingtuscany-300x199.jpg 300w, https:\/\/www.belmontevacanze.com\/wp-content\/uploads\/2018\/01\/oil.tastingtuscany-768x510.jpg 768w, https:\/\/www.belmontevacanze.com\/wp-content\/uploads\/2018\/01\/oil.tastingtuscany-450x299.jpg 450w, https:\/\/www.belmontevacanze.com\/wp-content\/uploads\/2018\/01\/oil.tastingtuscany.jpg 800w\" sizes=\"(max-width: 705px) 100vw, 705px\" \/><\/div><\/div><\/figure><\/a><!--end av-masonry entry--><a href=\"https:\/\/www.belmontevacanze.com\/wp-content\/uploads\/2018\/01\/wine.tasting.montaione.jpg\" data-srcset=\"https:\/\/www.belmontevacanze.com\/wp-content\/uploads\/2018\/01\/wine.tasting.montaione.jpg 800w, https:\/\/www.belmontevacanze.com\/wp-content\/uploads\/2018\/01\/wine.tasting.montaione-300x199.jpg 300w, https:\/\/www.belmontevacanze.com\/wp-content\/uploads\/2018\/01\/wine.tasting.montaione-768x510.jpg 768w, https:\/\/www.belmontevacanze.com\/wp-content\/uploads\/2018\/01\/wine.tasting.montaione-705x468.jpg 705w, https:\/\/www.belmontevacanze.com\/wp-content\/uploads\/2018\/01\/wine.tasting.montaione-450x299.jpg 450w\" data-sizes=\"(max-width: 800px) 100vw, 800px\"  aria-label=\"image wine.tasting.montaione\"  id='av-masonry-1-item-10796' data-av-masonry-item='10796' class='av-masonry-entry isotope-item post-10796 attachment type-attachment status-inherit hentry  av-masonry-item-with-image' title=\"wine.tasting.montaione\" alt=\"\"    itemprop=\"thumbnailUrl\" ><div class='av-inner-masonry-sizer'><\/div><figure class='av-inner-masonry main_color'><div class=\"av-masonry-outerimage-container\"><div class='av-masonry-image-container'  ><img decoding=\"async\" width=\"705\" height=\"468\" fetchpriority=\"high\" class=\"wp-image-10796 avia-img-lazy-loading-not-10796\"  src=\"https:\/\/www.belmontevacanze.com\/wp-content\/uploads\/2018\/01\/wine.tasting.montaione-705x468.jpg\" title=\"wine.tasting.montaione\" alt=\"\" srcset=\"https:\/\/www.belmontevacanze.com\/wp-content\/uploads\/2018\/01\/wine.tasting.montaione-705x468.jpg 705w, https:\/\/www.belmontevacanze.com\/wp-content\/uploads\/2018\/01\/wine.tasting.montaione-300x199.jpg 300w, https:\/\/www.belmontevacanze.com\/wp-content\/uploads\/2018\/01\/wine.tasting.montaione-768x510.jpg 768w, https:\/\/www.belmontevacanze.com\/wp-content\/uploads\/2018\/01\/wine.tasting.montaione-450x299.jpg 450w, https:\/\/www.belmontevacanze.com\/wp-content\/uploads\/2018\/01\/wine.tasting.montaione.jpg 800w\" sizes=\"(max-width: 705px) 100vw, 705px\" \/><\/div><\/div><\/figure><\/a><!--end av-masonry entry--><a href=\"https:\/\/www.belmontevacanze.com\/wp-content\/uploads\/2018\/01\/wine.tasting.tuscany.jpg\" data-srcset=\"https:\/\/www.belmontevacanze.com\/wp-content\/uploads\/2018\/01\/wine.tasting.tuscany.jpg 800w, https:\/\/www.belmontevacanze.com\/wp-content\/uploads\/2018\/01\/wine.tasting.tuscany-300x174.jpg 300w, https:\/\/www.belmontevacanze.com\/wp-content\/uploads\/2018\/01\/wine.tasting.tuscany-768x445.jpg 768w, https:\/\/www.belmontevacanze.com\/wp-content\/uploads\/2018\/01\/wine.tasting.tuscany-705x409.jpg 705w, https:\/\/www.belmontevacanze.com\/wp-content\/uploads\/2018\/01\/wine.tasting.tuscany-450x261.jpg 450w\" data-sizes=\"(max-width: 800px) 100vw, 800px\"  aria-label=\"image wine.tasting.tuscany\"  id='av-masonry-1-item-10797' data-av-masonry-item='10797' class='av-masonry-entry isotope-item post-10797 attachment type-attachment status-inherit hentry  av-masonry-item-with-image' title=\"wine.tasting.tuscany\" alt=\"\"    itemprop=\"thumbnailUrl\" ><div class='av-inner-masonry-sizer'><\/div><figure class='av-inner-masonry main_color'><div class=\"av-masonry-outerimage-container\"><div class='av-masonry-image-container'  ><img decoding=\"async\" width=\"705\" height=\"409\" fetchpriority=\"high\" class=\"wp-image-10797 avia-img-lazy-loading-not-10797\"  src=\"https:\/\/www.belmontevacanze.com\/wp-content\/uploads\/2018\/01\/wine.tasting.tuscany-705x409.jpg\" title=\"wine.tasting.tuscany\" alt=\"\" srcset=\"https:\/\/www.belmontevacanze.com\/wp-content\/uploads\/2018\/01\/wine.tasting.tuscany-705x409.jpg 705w, https:\/\/www.belmontevacanze.com\/wp-content\/uploads\/2018\/01\/wine.tasting.tuscany-300x174.jpg 300w, https:\/\/www.belmontevacanze.com\/wp-content\/uploads\/2018\/01\/wine.tasting.tuscany-768x445.jpg 768w, https:\/\/www.belmontevacanze.com\/wp-content\/uploads\/2018\/01\/wine.tasting.tuscany-450x261.jpg 450w, https:\/\/www.belmontevacanze.com\/wp-content\/uploads\/2018\/01\/wine.tasting.tuscany.jpg 800w\" sizes=\"(max-width: 705px) 100vw, 705px\" \/><\/div><\/div><\/figure><\/a><!--end av-masonry entry--><\/div><\/div>\n<section  class='av_textblock_section av-likf3ljt-972f7c704a0b0639c6ba87f5ce4a3418 '   itemscope=\"itemscope\" itemtype=\"https:\/\/schema.org\/CreativeWork\" ><div class='avia_textblock'  itemprop=\"text\" ><div class=\"blog-post-content\">\n<h3 class=\"post_title\">NYD EN GOD SMAG AF OLIE OG VIN<\/h3>\n<div class=\"eight columns\">\n<div class=\"eight columns\">\n<p>Under din ferie i Toscana m\u00e5 du ikke g\u00e5 glip af en god vin og olie\u00a0smagning i regionen \u2018Chianti Classico\u2018 i Montaione, mellem San\u00a0Gimignano og Volterra. De gr\u00f8nne vinmarker byder p\u00e5 klaser af r\u00f8de og hvide druer, som er modnet\u00a0<strong>under den toscanske sol<\/strong>.Lokale producenter s\u00e5som Francesco fra Agricola Corbucci i Gambassi, de kender til kunsten at lave god vin.<\/p>\n<\/div>\n<div class=\"eight columns\">En <strong>vinsmagning<\/strong> er ren forn\u00f8jelse og ogs\u00e5 en mulighed for at\u00a0l\u00e6re mere om vin og produktionsteknikken. Efter en vinsmagning i Montaione, Toscana, vil du\u00a0f\u00e5 endnu mere forst\u00e5else for et <strong>glas r\u00f8d Chianti<\/strong> eller en\u00a0Vernaccia fra San Gimignano, mens du nyder det under solnedgangen i din\u00a0lejlighed i Belmonte Vacanze, m\u00e5ske efter en <a href=\"http:\/\/www.ridingtuscany.com\"><strong>ridetur<\/strong><\/a> mellem de\u00a0n\u00e6rliggende vinmarker.<\/div>\n<div><\/div>\n<div class=\"clear\"><\/div>\n<\/div>\n<div>\n<h4>VIN OG OLIVENOLIE SMAGNING P\u00c5 BELMONTE VACANZE<\/h4>\n<div class=\"eight columns\">Hver uge fra april til oktober er vi glade for at invitere Francesco Corbucci, et ungt par, en ung vinproducent fra Gambassi Terme.<br \/>\nFrancesco vil gl\u00e6de dig med hendes udvalg af aldrende Chianti vine, som er produceret p\u00e5 hendes g\u00e5rd, lige fra r\u00f8d til hvid og derefter efterbehandling med en <strong>smagning af grappa og vin santo<\/strong>. Alle ledsaget af et velsmagende skive br\u00f8d med <a href=\"https:\/\/www.belmontevacanze.com\/da\/faciliteter\/oekologisk-olie\/\"><strong>\u00f8kologisk olie<\/strong><\/a>, udvundet af oliventr\u00e6er, der omgiver dig i Belmonte.<\/div>\n<\/div>\n<div class=\"clear\"><\/div>\n<div class=\"tiled-gallery type-rectangular\" data-original-width=\"1224\" data-carousel-extra=\"{\"><\/div>\n<\/div>\n<\/div><\/section>\n\n<style type=\"text\/css\" data-created_by=\"avia_inline_auto\" id=\"style-css-av-av_promobox-f073bbc03259a802dcff44bdb9945920\">\n.av_promobox.av-av_promobox-f073bbc03259a802dcff44bdb9945920{\ncolor:#ffffff;\nbackground:#432200;\nborder-color:#432200;\n}\n<\/style>\n<div  class='av_promobox av-av_promobox-f073bbc03259a802dcff44bdb9945920 avia-button-yes  avia-builder-el-2  el_after_av_textblock  el_before_av_textblock '><div class='avia-promocontent'><p>\nL\u00e6s mere om vine Corbucci<\/p>\n<\/div><div  class='avia-button-wrap av-av_button-dc09ba2bde4f08bc887b06250bcef242-wrap avia-button-right '><a href='https:\/\/www.corbuccichianti.com'  class='avia-button av-av_button-dc09ba2bde4f08bc887b06250bcef242 av-link-btn avia-icon_select-no avia-size-large avia-position-right avia-color-theme-color'  target=\"_blank\"  rel=\"noopener noreferrer\"  aria-label=\"www.corbuccichianti.com\"><span class='avia_iconbox_title' >www.corbuccichianti.com<\/span><\/a><\/div><\/div>\n<section  class='av_textblock_section av-av_textblock-2de302bf1aa3cf4c9157dbe6f50ac7eb '   itemscope=\"itemscope\" itemtype=\"https:\/\/schema.org\/CreativeWork\" ><div class='avia_textblock'  itemprop=\"text\" ><h4>VINSMAGNING P\u00c5 AZIENDA AGRICOLA CORBUCCI<\/h4>\n<div class=\"eight columns\">\n<div class=\"eight columns\">\n<p>Beliggende kun 15 km fra Belmonte Vacanze findes Azienda Agricola Corbucci p\u00e5 Gambassi, hvor Francesco og hendes familie vil byde dig velkommen med en <strong>enest\u00e5ende vinsmagning<\/strong> inde i deres g\u00e5rd. Hvis du gerne vil nyde <strong>god Chianti<\/strong>, men du ogs\u00e5 er interesseret i at forst\u00e5 hemmeligheden bag produktionen af Chianti Classico, s\u00e5 anbefaler vi at du tager direkte til Azienda Agricola Corbucci.Francesco vil vise dig vink\u00e6ldre og ving\u00e5rdene, som har udsigt til Gambassi, og vise dig hvordan druerne bliver til Chianti Classico.<\/p>\n<\/div>\n<div class=\"eight columns\">\n<p>Efter vinturen, Francesco og hendes familie dig velkommen\u00a0til deres hjem p\u00e5 g\u00e5rden, hvor du f\u00e5r lov til at smage p\u00e5 vinen,\u00a0sammen med nogle <strong>toscanske specialiteter<\/strong>, s\u00e5som crostini med\u00a0skinke, hvidl\u00f8gsbr\u00f8d med olie eller den l\u00e6kre cantucci med Vin\u00a0Santo: l\u00e6kkert.<\/p>\n<\/div>\n<\/div>\n<div><\/div>\n<div><strong>Smagningen er gratis. P\u00e5 stedet kan du ogs\u00e5 k\u00f8be flasker vin, grappa og vin santo fra Corbucci g\u00e5rden.<\/strong><\/div>\n<\/div><\/section>\n","protected":false},"excerpt":{"rendered":"","protected":false},"author":3,"featured_media":0,"parent":2732,"menu_order":0,"comment_status":"closed","ping_status":"closed","template":"","meta":{"footnotes":""},"class_list":["post-1795","page","type-page","status-publish","hentry"],"_links":{"self":[{"href":"https:\/\/www.belmontevacanze.com\/da\/wp-json\/wp\/v2\/pages\/1795","targetHints":{"allow":["GET"]}}],"collection":[{"href":"https:\/\/www.belmontevacanze.com\/da\/wp-json\/wp\/v2\/pages"}],"about":[{"href":"https:\/\/www.belmontevacanze.com\/da\/wp-json\/wp\/v2\/types\/page"}],"author":[{"embeddable":true,"href":"https:\/\/www.belmontevacanze.com\/da\/wp-json\/wp\/v2\/users\/3"}],"replies":[{"embeddable":true,"href":"https:\/\/www.belmontevacanze.com\/da\/wp-json\/wp\/v2\/comments?post=1795"}],"version-history":[{"count":6,"href":"https:\/\/www.belmontevacanze.com\/da\/wp-json\/wp\/v2\/pages\/1795\/revisions"}],"predecessor-version":[{"id":10798,"href":"https:\/\/www.belmontevacanze.com\/da\/wp-json\/wp\/v2\/pages\/1795\/revisions\/10798"}],"up":[{"embeddable":true,"href":"https:\/\/www.belmontevacanze.com\/da\/wp-json\/wp\/v2\/pages\/2732"}],"wp:attachment":[{"href":"https:\/\/www.belmontevacanze.com\/da\/wp-json\/wp\/v2\/media?parent=1795"}],"curies":[{"name":"wp","href":"https:\/\/api.w.org\/{rel}","templated":true}]}}