{"id":1838,"date":"2018-02-12T16:52:01","date_gmt":"2018-02-12T15:52:01","guid":{"rendered":"https:\/\/www.belmontevacanze.com\/?page_id=1838"},"modified":"2018-02-12T17:13:04","modified_gmt":"2018-02-12T16:13:04","slug":"ferieboliger-castelfalfi-golf","status":"publish","type":"page","link":"https:\/\/www.belmontevacanze.com\/da\/faciliteter\/ferieboliger-castelfalfi-golf\/","title":{"rendered":"Golf"},"content":{"rendered":"<section  class='av_textblock_section av-av_textblock-2de302bf1aa3cf4c9157dbe6f50ac7eb '   itemscope=\"itemscope\" itemtype=\"https:\/\/schema.org\/CreativeWork\" ><div class='avia_textblock'  itemprop=\"text\" ><h1>Hvis du spiller Golf i Toscana.<\/h1>\n<h2>Oplev den nye Castelfalfi klub.<\/h2>\n<h3><em>Spil Golf i Toscana under dit ophold p\u00e5 g\u00e5rden<\/em>.<\/h3>\n<p>Projektet Golf i Toscana og golf-relaterede feriedage, er en dr\u00f8m der g\u00e5r i opfyldelse. I denne vidunderlige region kan du finde 16 golfbaner for din golfferie i Toscana (9 af dem er 18-hul baner og 7 af dem er 9-hul baner) og driving ranges, hvor du kan tr\u00e6ne eller l\u00e6re at spille golf i et utroligt landskab af dale, olivenlunde og vinmarker, langt fra byerne, men t\u00e6t p\u00e5 smukke kunstbyer som San Gimignano, Volterra, Firenze, Siena, Pisa og Lucca, blot for at n\u00e6vne nogle af de mest ber\u00f8mte.<\/p>\n<h5>Hvorfor skal du v\u00e6lge en golfferie i Toscana p\u00e5 en g\u00e5rd i Montaione?<\/h5>\n<p><strong>Montaione<\/strong> har en ideel beliggenhed for <strong>golf i Toscana<\/strong>. Dens centrale og strategiske position g\u00f8r at du hurtigt kan n\u00e5 fire af de bedste golf klubber i Toscana. F\u00f8rst og fremmest den nye Golf Club Castelfalfi i Montaione, som er beliggende i et fredeligt omgivende landskab, hvor klimaet er mildt, hvilket g\u00f8r at golf club Castelfalfi Montaione er \u00e5bent \u00e5ret rundt og er v\u00e6rt for nationale og internationale golfturneringer. Lektioner og kurser for dem, der \u00f8nsker at l\u00e6re at spille denne vidunderlige sport i en dr\u00f8mmeplacering.<\/p>\n<p>Belmonte er den <strong>n\u00e6rmeste boligomr\u00e5de<\/strong> til golfklubben Castelfalfi. Find kortet til <strong>Golf Club Castelfalfi<\/strong> med google map, <a href=\"https:\/\/www.google.com\/maps\/d\/viewer?mid=1NUMXPoOBNcQAqaQvC5ymIrUebQU&amp;hl=it&amp;ie=UTF8&amp;msa=0&amp;ll=43.528140000000015%2C10.885391000000027&amp;spn=0.067333%2C0.208569&amp;z=13\" target=\"_blank\" rel=\"noopener\">klik her<\/a>! Du kan n\u00e5 det p\u00e5 ti minutters k\u00f8rsel fra vores lejligheder.<\/p>\n<p>Belmonte Holidays har en s\u00e6rlig aftale med golfklubben Castelfalfi; derfor vil vores g\u00e6ster f\u00e5<strong> 10% rabat <\/strong>p\u00e5 de offentlige satser.<\/p>\n<h4>Castelfalfi klub resort Toscana.<\/h4>\n<p>Castelfalfi er beliggende i en ejendom p\u00e5 1100 hektar, omgivet af en af de smukkeste landskaber i Toscana. Cypresser, gr\u00f8nne bakker, solsikkemarker, typiske toscanske og historiske steder giver den perfekte ramme for din golfdag. Der er to baner, 18-huls Mountain Course og 9 huls Lake Course, som kan kombineres til at g\u00f8re din golftur mere varieret og sp\u00e6ndende. Det er en af de bedste golfklubber i Toscana.<\/p>\n<\/div><\/section>\n\n<style type=\"text\/css\" data-created_by=\"avia_inline_auto\" id=\"style-css-av-av_promobox-090dcc772d05544a44db000151620565\">\n.av_promobox.av-av_promobox-090dcc772d05544a44db000151620565{\ncolor:#ffffff;\nbackground:#432200;\nborder-color:#432200;\n}\n<\/style>\n<div  class='av_promobox av-av_promobox-090dcc772d05544a44db000151620565 avia-button-yes  avia-builder-el-1  el_after_av_textblock  el_before_av_masonry_gallery  avia-builder-el-last '><div class='avia-promocontent'><p>\nFor flere oplysninger om kurser, lektioner og mere, bes\u00f8g <a title=\"Golf club Castelfalfi\" href=\"http:\/\/www.castelfalfi.com\/en\/golf\/golf-club-toscana-resort-castelfalfi\/\" target=\"_blank\" rel=\"noopener\">Golf Club Castelfalfi<\/a><\/p>\n<\/div><div  class='avia-button-wrap av-av_button-127b3c781a031d4195b73301882198fc-wrap avia-button-right '><a href='http:\/\/www.castelfalfi.com\/en\/golf\/golf-club-toscana-resort-castelfalfi\/'  class='avia-button av-av_button-127b3c781a031d4195b73301882198fc av-link-btn avia-icon_select-no avia-size-large avia-position-right avia-color-theme-color'  target=\"_blank\"  rel=\"noopener noreferrer\"  aria-label=\"castelfalfi.com\"><span class='avia_iconbox_title' >castelfalfi.com<\/span><\/a><\/div><\/div>\n\n<section  class='av_textblock_section av-av_textblock-2de302bf1aa3cf4c9157dbe6f50ac7eb '   itemscope=\"itemscope\" itemtype=\"https:\/\/schema.org\/CreativeWork\" ><div class='avia_textblock'  itemprop=\"text\" ><h3>Flere golfklubber i omr\u00e5det.<\/h3>\n<p>Et par km fra Belmonte er der tre andre smukke klubber, hvor du kan spille golf i Toscana. De alle kan n\u00e5s p\u00e5 ca. 30 minutter i bil, og de kunne v\u00e6re en godt alternativ at opleve din golfferie i Toscana i <strong>forskellige golfklubber<\/strong>.<\/p>\n<\/div><\/section>\n\n<style type=\"text\/css\" data-created_by=\"avia_inline_auto\" id=\"style-css-av-av_one_third-15d750bd1b332b34c6e70b077ebbccdf\">\n.flex_column.av-av_one_third-15d750bd1b332b34c6e70b077ebbccdf{\nborder-radius:0px 0px 0px 0px;\npadding:0px 0px 0px 0px;\n}\n<\/style>\n<div  class='flex_column av-av_one_third-15d750bd1b332b34c6e70b077ebbccdf av_one_third  avia-builder-el-4  el_after_av_textblock  el_before_av_one_third  first flex_column_div av-zero-column-padding  column-top-margin'     ><section  class='av_textblock_section av-av_textblock-2de302bf1aa3cf4c9157dbe6f50ac7eb '   itemscope=\"itemscope\" itemtype=\"https:\/\/schema.org\/CreativeWork\" ><div class='avia_textblock'  itemprop=\"text\" ><h2>FONTEVIVO GOLF CLUB<\/h2>\n<p>Via Fontevivo, 5 \u2013 56028 San Miniato \u2013 Pisa<br \/>\nTel. 0571 419012<br \/>\n<a title=\"giocare golf toscana\" href=\"http:\/\/www.fontevivogolf.it\/\" target=\"_blank\" rel=\"noopener\">www.fontevivogolf.it<\/a><br \/>\n<a href=\"mailto:segreteria@fontevivogolf.it\">segreteria@fontevivogolf.it<\/a><\/p>\n<p><em>Egenskaber:<\/em><br \/>\nHuller 9<br \/>\nPar 31<br \/>\nL\u00e6ngde. mt 1892<\/p>\n<p>Afstand fra Belmonte Vacanze:<br \/>\nKm 27,8<\/p>\n<\/div><\/section><\/div>\n<style type=\"text\/css\" data-created_by=\"avia_inline_auto\" id=\"style-css-av-av_one_third-c8fc129dc35fd1ae2a1e410224d39ea8\">\n.flex_column.av-av_one_third-c8fc129dc35fd1ae2a1e410224d39ea8{\nborder-radius:0px 0px 0px 0px;\npadding:0px 0px 0px 0px;\n}\n<\/style>\n<div  class='flex_column av-av_one_third-c8fc129dc35fd1ae2a1e410224d39ea8 av_one_third  avia-builder-el-6  el_after_av_one_third  el_before_av_one_third  flex_column_div av-zero-column-padding  column-top-margin'     ><section  class='av_textblock_section av-av_textblock-2de302bf1aa3cf4c9157dbe6f50ac7eb '   itemscope=\"itemscope\" itemtype=\"https:\/\/schema.org\/CreativeWork\" ><div class='avia_textblock'  itemprop=\"text\" ><h2>UGOLINO GOLF CLUB<\/h2>\n<p>Via Chiantigiana, 3 \u2013 50015 Grassina \u2013 Firenze<br \/>\nTel. 055 2301009<br \/>\n<a title=\"vacanze golf toscana\" href=\"http:\/\/www.golfugolino.it\/\" target=\"_blank\" rel=\"noopener\">www.golfugolino.it<\/a><br \/>\n<a href=\"mailto:info@golfugolino.it\">info@golfugolino.it<\/a><\/p>\n<p><em>Egenskaber:<\/em><br \/>\nHuller 18<br \/>\nPar 71<br \/>\nL\u00e6ngde. 5676 mt<\/p>\n<p>Afstand fra Belmonte Vacanze:<br \/>\nKm 61,8<\/p>\n<\/div><\/section><\/div>\n<style type=\"text\/css\" data-created_by=\"avia_inline_auto\" id=\"style-css-av-av_one_third-c8fc129dc35fd1ae2a1e410224d39ea8\">\n.flex_column.av-av_one_third-c8fc129dc35fd1ae2a1e410224d39ea8{\nborder-radius:0px 0px 0px 0px;\npadding:0px 0px 0px 0px;\n}\n<\/style>\n<div  class='flex_column av-av_one_third-c8fc129dc35fd1ae2a1e410224d39ea8 av_one_third  avia-builder-el-8  el_after_av_one_third  avia-builder-el-last  flex_column_div av-zero-column-padding  column-top-margin'     ><section  class='av_textblock_section av-av_textblock-2de302bf1aa3cf4c9157dbe6f50ac7eb '   itemscope=\"itemscope\" itemtype=\"https:\/\/schema.org\/CreativeWork\" ><div class='avia_textblock'  itemprop=\"text\" ><h2>MONTELUPO GOLF CLUB<\/h2>\n<p>Via Le Piagge, 4 \u2013 Loc. Fattoria di Fibbiana<br \/>\n50056 Montelupo Fiorentino \u2013 Firenze<br \/>\nTel. 0571 541004<br \/>\n<a title=\"giocare golf toscana\" href=\"http:\/\/www.golfmontelupo.it\/\" target=\"_blank\" rel=\"noopener\">www.golfmontelupo.it<\/a><br \/>\n<a href=\"mailto:info@golfmontelupo.it\">info@golfmontelupo.it<\/a><\/p>\n<p><em>Egenskaber:<\/em><br \/>\nHuller 9<br \/>\nPar 36<br \/>\nL\u00e6ngde. 2877 mt<\/p>\n<p>Afstand fra Belmonte Vacanze:<br \/>\nKm 41,6<\/p>\n<\/div><\/section><\/div><\/p>\n","protected":false},"excerpt":{"rendered":"","protected":false},"author":2,"featured_media":0,"parent":2732,"menu_order":0,"comment_status":"closed","ping_status":"closed","template":"","meta":{"footnotes":""},"class_list":["post-1838","page","type-page","status-publish","hentry"],"_links":{"self":[{"href":"https:\/\/www.belmontevacanze.com\/da\/wp-json\/wp\/v2\/pages\/1838","targetHints":{"allow":["GET"]}}],"collection":[{"href":"https:\/\/www.belmontevacanze.com\/da\/wp-json\/wp\/v2\/pages"}],"about":[{"href":"https:\/\/www.belmontevacanze.com\/da\/wp-json\/wp\/v2\/types\/page"}],"author":[{"embeddable":true,"href":"https:\/\/www.belmontevacanze.com\/da\/wp-json\/wp\/v2\/users\/2"}],"replies":[{"embeddable":true,"href":"https:\/\/www.belmontevacanze.com\/da\/wp-json\/wp\/v2\/comments?post=1838"}],"version-history":[{"count":4,"href":"https:\/\/www.belmontevacanze.com\/da\/wp-json\/wp\/v2\/pages\/1838\/revisions"}],"predecessor-version":[{"id":2472,"href":"https:\/\/www.belmontevacanze.com\/da\/wp-json\/wp\/v2\/pages\/1838\/revisions\/2472"}],"up":[{"embeddable":true,"href":"https:\/\/www.belmontevacanze.com\/da\/wp-json\/wp\/v2\/pages\/2732"}],"wp:attachment":[{"href":"https:\/\/www.belmontevacanze.com\/da\/wp-json\/wp\/v2\/media?parent=1838"}],"curies":[{"name":"wp","href":"https:\/\/api.w.org\/{rel}","templated":true}]}}