{"id":1874,"date":"2018-02-13T12:56:50","date_gmt":"2018-02-13T11:56:50","guid":{"rendered":"https:\/\/www.belmontevacanze.com\/?page_id=1874"},"modified":"2025-06-11T15:32:12","modified_gmt":"2025-06-11T13:32:12","slug":"faq","status":"publish","type":"page","link":"https:\/\/www.belmontevacanze.com\/da\/faq\/","title":{"rendered":"FAQ"},"content":{"rendered":"<h1>OFTE STILLEDE SP\u00d8RGSM\u00c5L<\/h1>\n<hr \/>\n<h4>ER GENERELLE FORBRUGSOMKOSTNINGER MED I PRISEN?<\/h4>\n<p>Ja, alle forbrugsomkostninger er inkluderet i prisen (vand, el, parkering, senget\u00f8j, aircondition, slutreng\u00f8ring af lejligheden og brug af swimmingpoolen med vores hydromassage).<\/p>\n<hr \/>\n<h4>HVAD ER DE GRATIS TJENESTER?<\/h4>\n<p>De tjenester, der er inkluderet i prisen, er: brug af swimmingpool med liggestole og parasoller, spabad, petanque, fodboldbane, volleyballbane, bordtennis. Hurtig tr\u00e5dl\u00f8s internetadgang er gratis.<\/p>\n<hr \/>\n<h4>HVAD ER IKKE MED I PRISEN?<\/h4>\n<p>Ikke inkluderet i prisen: rejsesenge til b\u00f8rn (25,00 euro pr. uge), h\u00f8j stol (15,00 euro pr. uge), ekstra h\u00e5ndkl\u00e6der efter anmodning (4,00 euro pr. person pr. skift). ). Mikrob\u00f8lgeovn 3,00 euro pr. dag eller 15,00 euro pr. uge. Udlejning af mountainbikes (25,00 euro pr. dag), Gravel bike (35,00 pr. dag), E-cykeludlejning (45,00 euro pr. dag) og tennisbanen (15,00 euro pr. time).<\/p>\n<hr \/>\n<h4>HAR DU WI-FI?<\/h4>\n<p>Ja, der er en gratis hurtig starlink internetforbindelse i hver lejlighed, i f\u00e6llesomr\u00e5derne og endda i n\u00e6rheden af \u200b\u200bpoolen.<\/p>\n<hr \/>\n<h4>KAN DU FORETAGE S\u00c6RLIGE \u00d8NSKER TIL LEJLIGHEDERNE?<\/h4>\n<p>Alt vil blive gjort for at tilfredsstille kundernes krav vedr\u00f8rende lejlighederne (f.eks. stueetagen, st\u00f8rre stue).<\/p>\n<hr \/>\n<h4>KAN DU LAGGE UDEND\u00d8RS?<\/h4>\n<p>Ja, strukturen har en griller og et stort lysthus med borde og stole, hvor du kan spise.<\/p>\n<hr \/>\n<h4>ER DER ET STED, JEG KAN VASKE MIT T\u00d8J?<\/h4>\n<p>Ja, der er en m\u00f8ntbetjent vaskemaskine til at vaske dit t\u00f8j. Maskinen tager 4 m\u00f8nter \u00e1 1,00 euro hver og vaskemiddel er ogs\u00e5 inkluderet.<\/p>\n<hr \/>\n<h4>KAN MERE END \u00c9N FAMILIE INDKOMMENDE I EN ENKELT LEJLIGHED?<\/h4>\n<p>Ja, du kan anmode om \u00e9n enkelt lejlighed med flere v\u00e6relser eller tilst\u00f8dende lejligheder.<\/p>\n<hr \/>\n<h4>ER DER TERRASSER ELLER ALLANTER TIL HVER LEJLIGHED?<\/h4>\n<p>Hver lejlighed har en balkon eller terrasse i haven til lejlighederne med bord, stole, paraply og havepavillon.<\/p>\n<hr \/>\n<h4>ER DER SV\u00d8MMEBASSER OG HVORN\u00c5R ER DE \u00c5BNE?<\/h4>\n<p>Ja, der er en stor pool (32m x 12m) i en vidunderlig panoramisk position med tilst\u00f8dende hydromassage, og der er ogs\u00e5 en sikker swimmingpool til dine b\u00f8rn. Bassinerne er \u00e5bne fra den 1. april til den 31. oktober.<\/p>\n<hr \/>\n<h4>ER K\u00c6Ldyr tilladt?<\/h4>\n<p>Husdyr er tilladt<br \/>\nMerpris: \u20ac 10,00 pr. dag<\/p>\n<hr \/>\n<h4>ER DER EN TENNISBANE?<\/h4>\n<p>Ja, vi har en tennisbane i strukturen.<\/p>\n<hr \/>\n<h4>KOMMER P\u00c5 V\u00c6RELSERNE MED SENGE TIL B\u00d8RN?<\/h4>\n<p>Ja, der er rejsesenge til r\u00e5dighed for b\u00f8rn mod et gebyr (25,00 euro pr. uge). Skal rekvireres ved reservation<\/p>\n<hr \/>\n<h4>LEVERES linned?<\/h4>\n<p>Ja, senget\u00f8j leveres med ugentlig skift og er inkluderet i prisen.<\/p>\n<hr \/>\n<h4>HVILKE EKSTRA VARER SKAL JEG PAKKE?<\/h4>\n<p>Da vores \u00f8kologiske agriturismo ligger midt i det toscanske landskab, er tilstedev\u00e6relsen af insekter eller myg uundg\u00e5elig, is\u00e6r da vi ikke bruger nogen pesticider p\u00e5 vores jord, olivenlunde eller planter. For at forhindre myggestik anbefaler vi st\u00e6rkt at medbringe myggeafvisende stearinlys eller et stik for at forhindre, at myg kommer ind i din lejlighed. Spray for at forhindre myggestik\/insektafvisende b\u00f8r ogs\u00e5 v\u00e6re p\u00e5 din liste og en creme eller gel til at dulme stikkene, hvis du skal f\u00e5 en.<br \/>\nVi \u00f8nsker, at du nyder din tid i vores pool s\u00e5 meget som du kan, s\u00e5 til poolen kan du medbringe gummib\u00e5de til b\u00f8rn, vi har en luftkompressor til at bl\u00e6se dem hurtigt op, og selvf\u00f8lgelig er solbeskyttelsescreme et must, hvis du bor hos os om sommeren.<br \/>\nI din lejlighed finder du et velkomsts\u00e6t med en rejse shower gel, shampoo, s\u00e6be og en rulle toiletpapir, men det er n\u00f8dvendigt at medbringe toiletartikler og reng\u00f8ringsmidler, du kan ogs\u00e5 k\u00f8be dem p\u00e5 stedet. Alle lejligheder er udstyret med h\u00e5rt\u00f8rrer.<\/p>\n<hr \/>\n<h4>HAR LEJLIGHEDERNE SATELLIT TV?<\/h4>\n<p>Ja, hver lejlighed har satellit-tv.<\/p>\n<hr \/>\n<h4>ER DER EN OVN I LEJLIGHEDEN?<\/h4>\n<p>Nej, vores lejligheder har ikke ovne, men der er el-komfur, vi lejer ogs\u00e5 mikroovne og vi har en grillplads med grill.<\/p>\n<hr \/>\n<h4>ER DER EN PARKERINGSOMR\u00c5DE?<\/h4>\n<p>Ja, boligen tilbyder sine kunder et stort parkeringsomr\u00e5de inden for strukturen, beskyttet af en elektrisk barriere, som \u00e5bnes ved hj\u00e6lp af en kode, som vil blive tildelt dig ved check-in.<\/p>\n<hr \/>\n<h4>KAN JEG OPLADE MIN EL- ELLER HYBRIDBIL?<\/h4>\n<p>Ja, strukturen har b\u00e5de elbilopladere samt Tesla-opladere. Der er et ekstra gebyr for denne service.<\/p>\n<hr \/>\n<h4>HVAD ER KLOKKE IND- OG UDSKRIFT?<\/h4>\n<p>Indtjekning: fra 15:30 til 18:30<br \/>\nUdtjekning: inden kl. 09.30.<\/p>\n<hr \/>\n<h4>HVILKE DAGE KAN VI KOMME P\u00c5?<\/h4>\n<p>Lav- og mellems\u00e6son \u2013&gt; dagligt<br \/>\njuli og august \u2013&gt; tirsdag, torsdag og l\u00f8rdag<\/p>\n<hr \/>\n<h4>HVILKEN ER DEN N\u00c6RMESTE JERNBAGSSTATION?<\/h4>\n<p>Castelfiorentino.<\/p>\n<hr \/>\n<h4>HVOR ER DET N\u00c6RMESTE BUSHOP?<\/h4>\n<p>I Montaione.<\/p>\n<hr \/>\n<h4>HVILKE SPROG TALES I MODTAGELSEN?<\/h4>\n<p>Italiensk, engelsk, fransk og spansk.<\/p>\n<hr \/>\n<h4>HVOR LANGT ER FLORENCE, SIENA, LUCCA, PISA, SAN GIMIGNANO OG VOLTERRA FRA BOLIGEN?<\/h4>\n<p>Firenze ~ 55 km<\/p>\n<p>Siena ~ 50 km<\/p>\n<p>Lucca ~ 50 km<\/p>\n<p>Pisa ~ 55 km<\/p>\n<p>Volterra ~ 20 km<\/p>\n<p>San Gimignano ~ 20 km<\/p>\n<hr \/>\n<h4>ER DER ET OMR\u00c5DE, hvor I ALLE KAN SPISE SAMMEN?<\/h4>\n<p>Vi har en grillplads ved siden af \u200b\u200bvores legeplads med borde og stole, et sted hvor du og hele familien kan spise og hygge dig sammen.<\/p>\n<hr \/>\n<h4>ER DER ET SUPERMARKED \u00c5BENT S\u00d8NDAGE OG HVOR ER N\u00c6RMESTE RESTAURANT?<\/h4>\n<p>Ja, f\u00e5 hundrede meter fra boligen er der et s\u00f8ndags\u00e5bent minimarked samt et supermarked 15 minutters k\u00f8rsel derfra, supermarkedet hedder COOP. Inden for vores struktur kan du finde vores restaurant &#8216;Nonna Bianca&#8217;.<\/p>\n<hr \/>\n<h4>ER DER VING\u00c5RDE OG OLIVELOVE I N\u00c6RHEDEN?<\/h4>\n<p>Ja, der er vinmarker i n\u00e6rheden, og vi har vores egne olivenlunde. Vi har omkring 2000 oliventr\u00e6er, hvor vi s\u00e5 h\u00f8ster til oliven om efter\u00e5ret for at lave vores egen \u00f8kologiske olivenolie.<\/p>\n<hr \/>\n<h4>ER DET MULIGT AT BETALE MED BANKOVERF\u00d8RSEL ELLER KREDITKORT?<\/h4>\n<p>Ja, det er muligt. Kreditkort accepteret: Visa, American Express, Master Card og andre.<\/p>\n<hr \/>\n<h4>ER DER EN LEVERINGSSERVICE TIL DIN D\u00d8R?<\/h4>\n<p>Vi har en leveringsservice fra et lokalt bageri, de kommer hver morgen for at levere vores g\u00e6sters ordrer. De producerer forskellige typer br\u00f8d, baguette, focaccia, pizzette og forskellige croissanter.<\/p>\n<hr \/>\n<h4>ER DER ET RIDECENTER?<\/h4>\n<p>Ja, omkring 1 km fra lejlighederne, inden for ejendommen, kan du finde vores ridecenter.<\/p>\n<hr \/>\n<h4>ER DER EN GOLFBANE?<\/h4>\n<p>Ja, omkring 7 km v\u00e6k ved Castelfalfi er der en 6.645 meter lang professionel 27 hullers golfbane med par p\u00e5 73 og sss 72. Det har ogs\u00e5 en driving range, putting og pitching green, lejevogne og golfkort, omkl\u00e6dningsrum og bouvette. Andre golfbaner er i n\u00e6rheden af \u200b\u200bSan Miniato eller Montelupo Fiorentino.<\/p>\n","protected":false},"excerpt":{"rendered":"<p>OFTE STILLEDE SP\u00d8RGSM\u00c5L ER GENERELLE FORBRUGSOMKOSTNINGER MED I PRISEN? Ja, alle forbrugsomkostninger er inkluderet i prisen (vand, el, parkering, senget\u00f8j, aircondition, slutreng\u00f8ring af lejligheden og brug af swimmingpoolen med vores hydromassage). HVAD ER DE GRATIS TJENESTER? De tjenester, der er inkluderet i prisen, er: brug af swimmingpool med liggestole og parasoller, spabad, petanque, fodboldbane, volleyballbane, [&hellip;]<\/p>\n","protected":false},"author":3,"featured_media":0,"parent":0,"menu_order":0,"comment_status":"closed","ping_status":"closed","template":"","meta":{"footnotes":""},"class_list":["post-1874","page","type-page","status-publish","hentry"],"_links":{"self":[{"href":"https:\/\/www.belmontevacanze.com\/da\/wp-json\/wp\/v2\/pages\/1874","targetHints":{"allow":["GET"]}}],"collection":[{"href":"https:\/\/www.belmontevacanze.com\/da\/wp-json\/wp\/v2\/pages"}],"about":[{"href":"https:\/\/www.belmontevacanze.com\/da\/wp-json\/wp\/v2\/types\/page"}],"author":[{"embeddable":true,"href":"https:\/\/www.belmontevacanze.com\/da\/wp-json\/wp\/v2\/users\/3"}],"replies":[{"embeddable":true,"href":"https:\/\/www.belmontevacanze.com\/da\/wp-json\/wp\/v2\/comments?post=1874"}],"version-history":[{"count":19,"href":"https:\/\/www.belmontevacanze.com\/da\/wp-json\/wp\/v2\/pages\/1874\/revisions"}],"predecessor-version":[{"id":12255,"href":"https:\/\/www.belmontevacanze.com\/da\/wp-json\/wp\/v2\/pages\/1874\/revisions\/12255"}],"wp:attachment":[{"href":"https:\/\/www.belmontevacanze.com\/da\/wp-json\/wp\/v2\/media?parent=1874"}],"curies":[{"name":"wp","href":"https:\/\/api.w.org\/{rel}","templated":true}]}}