{"id":2745,"date":"2018-02-28T12:38:07","date_gmt":"2018-02-28T11:38:07","guid":{"rendered":"https:\/\/www.belmontevacanze.com\/?page_id=2745"},"modified":"2022-03-14T12:39:11","modified_gmt":"2022-03-14T11:39:11","slug":"ev-friendly-bondesgaardsferiested-toscana","status":"publish","type":"page","link":"https:\/\/www.belmontevacanze.com\/da\/faciliteter\/ev-friendly-bondesgaardsferiested-toscana\/","title":{"rendered":"Ev friendly bondesg\u00e5rdsferiested i Toscana"},"content":{"rendered":"<div  class='avia-slideshow av-av_slideshow-e5ffe91c78ae24378493f2febf89ae19 avia-slideshow-no scaling av_slideshow avia-slide-slider  avia-builder-el-0  el_before_av_one_fifth  avia-builder-el-first  av-slideshow-ui av-control-default av-slideshow-autoplay av-loop-endless av-loop-manual-endless av-default-height-applied avia-slideshow-1' data-slideshow-options=\"{&quot;animation&quot;:&quot;slide&quot;,&quot;autoplay&quot;:true,&quot;loop_autoplay&quot;:&quot;endless&quot;,&quot;interval&quot;:3,&quot;loop_manual&quot;:&quot;manual-endless&quot;,&quot;autoplay_stopper&quot;:false,&quot;noNavigation&quot;:false,&quot;bg_slider&quot;:false,&quot;keep_padding&quot;:false,&quot;hoverpause&quot;:false,&quot;show_slide_delay&quot;:0}\"  itemprop=\"image\" itemscope=\"itemscope\" itemtype=\"https:\/\/schema.org\/ImageObject\" ><ul class='avia-slideshow-inner ' style='padding-bottom: 66.5%;'><li  class='avia-slideshow-slide av-av_slideshow-e5ffe91c78ae24378493f2febf89ae19__0  slide-1 slide-odd'><div data-rel='slideshow-1' class='avia-slide-wrap '   ><img decoding=\"async\" fetchpriority=\"high\" class=\"wp-image-3387 avia-img-lazy-loading-not-3387\"  src=\"https:\/\/www.belmontevacanze.com\/wp-content\/uploads\/2018\/09\/tesla.2.jpg\" width=\"800\" height=\"532\" title='tesla.2' alt=''  itemprop=\"thumbnailUrl\" srcset=\"https:\/\/www.belmontevacanze.com\/wp-content\/uploads\/2018\/09\/tesla.2.jpg 800w, https:\/\/www.belmontevacanze.com\/wp-content\/uploads\/2018\/09\/tesla.2-300x200.jpg 300w, https:\/\/www.belmontevacanze.com\/wp-content\/uploads\/2018\/09\/tesla.2-768x511.jpg 768w, https:\/\/www.belmontevacanze.com\/wp-content\/uploads\/2018\/09\/tesla.2-705x469.jpg 705w, https:\/\/www.belmontevacanze.com\/wp-content\/uploads\/2018\/09\/tesla.2-450x299.jpg 450w\" sizes=\"(max-width: 800px) 100vw, 800px\" \/><\/div><\/li><li  class='avia-slideshow-slide av-av_slideshow-e5ffe91c78ae24378493f2febf89ae19__1  slide-2 slide-even'><div data-rel='slideshow-1' class='avia-slide-wrap '   ><img decoding=\"async\" fetchpriority=\"high\" class=\"wp-image-3392 avia-img-lazy-loading-not-3392\"  src=\"https:\/\/www.belmontevacanze.com\/wp-content\/uploads\/2018\/09\/tesla.3.jpg\" width=\"800\" height=\"532\" title='tesla.3' alt=''  itemprop=\"thumbnailUrl\" srcset=\"https:\/\/www.belmontevacanze.com\/wp-content\/uploads\/2018\/09\/tesla.3.jpg 800w, https:\/\/www.belmontevacanze.com\/wp-content\/uploads\/2018\/09\/tesla.3-300x200.jpg 300w, https:\/\/www.belmontevacanze.com\/wp-content\/uploads\/2018\/09\/tesla.3-768x511.jpg 768w, https:\/\/www.belmontevacanze.com\/wp-content\/uploads\/2018\/09\/tesla.3-705x469.jpg 705w, https:\/\/www.belmontevacanze.com\/wp-content\/uploads\/2018\/09\/tesla.3-450x299.jpg 450w\" sizes=\"(max-width: 800px) 100vw, 800px\" \/><\/div><\/li><li  class='avia-slideshow-slide av-av_slideshow-e5ffe91c78ae24378493f2febf89ae19__2  slide-3 slide-odd'><div data-rel='slideshow-1' class='avia-slide-wrap '   ><img decoding=\"async\" fetchpriority=\"high\" class=\"wp-image-3393 avia-img-lazy-loading-not-3393\"  src=\"https:\/\/www.belmontevacanze.com\/wp-content\/uploads\/2018\/09\/tesla.8.jpg\" width=\"800\" height=\"532\" title='tesla.8' alt=''  itemprop=\"thumbnailUrl\" srcset=\"https:\/\/www.belmontevacanze.com\/wp-content\/uploads\/2018\/09\/tesla.8.jpg 800w, https:\/\/www.belmontevacanze.com\/wp-content\/uploads\/2018\/09\/tesla.8-300x200.jpg 300w, https:\/\/www.belmontevacanze.com\/wp-content\/uploads\/2018\/09\/tesla.8-768x511.jpg 768w, https:\/\/www.belmontevacanze.com\/wp-content\/uploads\/2018\/09\/tesla.8-705x469.jpg 705w, https:\/\/www.belmontevacanze.com\/wp-content\/uploads\/2018\/09\/tesla.8-450x299.jpg 450w\" sizes=\"(max-width: 800px) 100vw, 800px\" \/><\/div><\/li><li  class='avia-slideshow-slide av-av_slideshow-e5ffe91c78ae24378493f2febf89ae19__3  slide-4 slide-even'><div data-rel='slideshow-1' class='avia-slide-wrap '   ><img decoding=\"async\" fetchpriority=\"high\" class=\"wp-image-3383 avia-img-lazy-loading-not-3383\"  src=\"https:\/\/www.belmontevacanze.com\/wp-content\/uploads\/2018\/09\/tesla.1.jpg\" width=\"800\" height=\"532\" title='tesla destination charge toscana' alt=''  itemprop=\"thumbnailUrl\" srcset=\"https:\/\/www.belmontevacanze.com\/wp-content\/uploads\/2018\/09\/tesla.1.jpg 800w, https:\/\/www.belmontevacanze.com\/wp-content\/uploads\/2018\/09\/tesla.1-300x200.jpg 300w, https:\/\/www.belmontevacanze.com\/wp-content\/uploads\/2018\/09\/tesla.1-768x511.jpg 768w, https:\/\/www.belmontevacanze.com\/wp-content\/uploads\/2018\/09\/tesla.1-705x469.jpg 705w, https:\/\/www.belmontevacanze.com\/wp-content\/uploads\/2018\/09\/tesla.1-450x299.jpg 450w\" sizes=\"(max-width: 800px) 100vw, 800px\" \/><\/div><\/li><li  class='avia-slideshow-slide av-av_slideshow-e5ffe91c78ae24378493f2febf89ae19__4  slide-5 slide-odd'><div data-rel='slideshow-1' class='avia-slide-wrap '   ><img decoding=\"async\" fetchpriority=\"high\" class=\"wp-image-3391 avia-img-lazy-loading-not-3391\"  src=\"https:\/\/www.belmontevacanze.com\/wp-content\/uploads\/2018\/09\/tesla.10.jpg\" width=\"800\" height=\"532\" title='tesla.10' alt=''  itemprop=\"thumbnailUrl\" srcset=\"https:\/\/www.belmontevacanze.com\/wp-content\/uploads\/2018\/09\/tesla.10.jpg 800w, https:\/\/www.belmontevacanze.com\/wp-content\/uploads\/2018\/09\/tesla.10-300x200.jpg 300w, https:\/\/www.belmontevacanze.com\/wp-content\/uploads\/2018\/09\/tesla.10-768x511.jpg 768w, https:\/\/www.belmontevacanze.com\/wp-content\/uploads\/2018\/09\/tesla.10-705x469.jpg 705w, https:\/\/www.belmontevacanze.com\/wp-content\/uploads\/2018\/09\/tesla.10-450x299.jpg 450w\" sizes=\"(max-width: 800px) 100vw, 800px\" \/><\/div><\/li><li  class='avia-slideshow-slide av-av_slideshow-e5ffe91c78ae24378493f2febf89ae19__5  slide-6 slide-even'><div data-rel='slideshow-1' class='avia-slide-wrap '   ><img decoding=\"async\" fetchpriority=\"high\" class=\"wp-image-3390 avia-img-lazy-loading-not-3390\"  src=\"https:\/\/www.belmontevacanze.com\/wp-content\/uploads\/2018\/09\/tesla.6.jpg\" width=\"800\" height=\"532\" title='tesla.6' alt=''  itemprop=\"thumbnailUrl\" srcset=\"https:\/\/www.belmontevacanze.com\/wp-content\/uploads\/2018\/09\/tesla.6.jpg 800w, https:\/\/www.belmontevacanze.com\/wp-content\/uploads\/2018\/09\/tesla.6-300x200.jpg 300w, https:\/\/www.belmontevacanze.com\/wp-content\/uploads\/2018\/09\/tesla.6-768x511.jpg 768w, https:\/\/www.belmontevacanze.com\/wp-content\/uploads\/2018\/09\/tesla.6-705x469.jpg 705w, https:\/\/www.belmontevacanze.com\/wp-content\/uploads\/2018\/09\/tesla.6-450x299.jpg 450w\" sizes=\"(max-width: 800px) 100vw, 800px\" \/><\/div><\/li><li  class='avia-slideshow-slide av-av_slideshow-e5ffe91c78ae24378493f2febf89ae19__6  slide-7 slide-odd'><div data-rel='slideshow-1' class='avia-slide-wrap '   ><img decoding=\"async\" fetchpriority=\"high\" class=\"wp-image-3389 avia-img-lazy-loading-not-3389\"  src=\"https:\/\/www.belmontevacanze.com\/wp-content\/uploads\/2018\/09\/tesla.5.jpg\" width=\"800\" height=\"532\" title='tesla.5' alt=''  itemprop=\"thumbnailUrl\" srcset=\"https:\/\/www.belmontevacanze.com\/wp-content\/uploads\/2018\/09\/tesla.5.jpg 800w, https:\/\/www.belmontevacanze.com\/wp-content\/uploads\/2018\/09\/tesla.5-300x200.jpg 300w, https:\/\/www.belmontevacanze.com\/wp-content\/uploads\/2018\/09\/tesla.5-768x511.jpg 768w, https:\/\/www.belmontevacanze.com\/wp-content\/uploads\/2018\/09\/tesla.5-705x469.jpg 705w, https:\/\/www.belmontevacanze.com\/wp-content\/uploads\/2018\/09\/tesla.5-450x299.jpg 450w\" sizes=\"(max-width: 800px) 100vw, 800px\" \/><\/div><\/li><\/ul><div class='avia-slideshow-arrows avia-slideshow-controls' ><a href='#prev' class='prev-slide ' aria-hidden='true' data-av_icon='\ue87c' data-av_iconfont='entypo-fontello'  tabindex='-1'>Forrige<\/a><a href='#next' class='next-slide ' aria-hidden='true' data-av_icon='\ue87d' data-av_iconfont='entypo-fontello'  tabindex='-1'>N&#230;ste<\/a><\/div><div class='avia-slideshow-dots avia-slideshow-controls'><a href='#1' class='goto-slide active' >1<\/a><a href='#2' class='goto-slide ' >2<\/a><a href='#3' class='goto-slide ' >3<\/a><a href='#4' class='goto-slide ' >4<\/a><a href='#5' class='goto-slide ' >5<\/a><a href='#6' class='goto-slide ' >6<\/a><a href='#7' class='goto-slide ' >7<\/a><\/div><\/div>\n\n<style type=\"text\/css\" data-created_by=\"avia_inline_auto\" id=\"style-css-av-av_one_fifth-15d750bd1b332b34c6e70b077ebbccdf\">\n.flex_column.av-av_one_fifth-15d750bd1b332b34c6e70b077ebbccdf{\nborder-radius:0px 0px 0px 0px;\npadding:0px 0px 0px 0px;\n}\n<\/style>\n<div  class='flex_column av-av_one_fifth-15d750bd1b332b34c6e70b077ebbccdf av_one_fifth  avia-builder-el-1  el_after_av_slideshow  el_before_av_three_fifth  first flex_column_div av-zero-column-padding  '     ><\/div>\n\n<style type=\"text\/css\" data-created_by=\"avia_inline_auto\" id=\"style-css-av-av_three_fifth-c8fc129dc35fd1ae2a1e410224d39ea8\">\n.flex_column.av-av_three_fifth-c8fc129dc35fd1ae2a1e410224d39ea8{\nborder-radius:0px 0px 0px 0px;\npadding:0px 0px 0px 0px;\n}\n<\/style>\n<div  class='flex_column av-av_three_fifth-c8fc129dc35fd1ae2a1e410224d39ea8 av_three_fifth  avia-builder-el-2  el_after_av_one_fifth  el_before_av_one_fifth  flex_column_div av-zero-column-padding  '     ><p><section  class='av_textblock_section av-l0qmu4dg-c35af8664b179cbcbd8b6d36d9a33b5b '   itemscope=\"itemscope\" itemtype=\"https:\/\/schema.org\/CreativeWork\" ><div class='avia_textblock'  itemprop=\"text\" ><p><img loading=\"lazy\" decoding=\"async\" class=\"size-full wp-image-697 aligncenter\" src=\"https:\/\/www.belmontevacanze.com\/wp-content\/uploads\/2018\/01\/tesla.2.jpg\" alt=\"\" width=\"800\" height=\"532\" srcset=\"https:\/\/www.belmontevacanze.com\/wp-content\/uploads\/2018\/01\/tesla.2.jpg 800w, https:\/\/www.belmontevacanze.com\/wp-content\/uploads\/2018\/01\/tesla.2-300x200.jpg 300w, https:\/\/www.belmontevacanze.com\/wp-content\/uploads\/2018\/01\/tesla.2-768x511.jpg 768w, https:\/\/www.belmontevacanze.com\/wp-content\/uploads\/2018\/01\/tesla.2-705x469.jpg 705w, https:\/\/www.belmontevacanze.com\/wp-content\/uploads\/2018\/01\/tesla.2-450x299.jpg 450w\" sizes=\"auto, (max-width: 800px) 100vw, 800px\" \/><\/p>\n<h1><small>HOTEL TESLA DESTINATION CHARGING IN TOSCANA<\/small><\/h1>\n<h2>OPLAD DIN TESLA ELBIL ELLER ANDEN ELBIL P\u00c5 VORES EV FRIENDLY BONDEG\u00c5RDSFERIESTED I TOSCANA<\/h2>\n<p>Vi har <strong>2 22 kw Tesla-opladere og en generisk 22 kw oplader med type 2 stik<\/strong> til generelle elbiler.<br \/>\nVi har bedt Telsa om at blive en <strong>officiel Tesla opladningsstation<\/strong>, og vi er glade for at kunne bidrage til udviklingen af trafikken med elbiler til pionererne, der mener, at det er muligt at rejse p\u00e5 en anden m\u00e5de!<br \/>\nTesla havde tiltro til os og har givet os mulighed for at bidrage til udviklingen af <strong>opladningsnetv\u00e6rket i Toscana<\/strong> ved at levere Tesla-gruppens officielle opladere til os.<br \/>\n<strong>Vi er det eneste overnatningssted for turister i Toscana, der har hele 3 opladningsstationer, hvoraf 2 er Tesla Charger p\u00e5 22 kw.<br \/>\n.<\/strong><\/p>\n<h3><img loading=\"lazy\" decoding=\"async\" class=\"aligncenter size-full wp-image-698\" src=\"https:\/\/www.belmontevacanze.com\/wp-content\/uploads\/2018\/01\/tesla.map_.toscana-1024x569.jpg\" alt=\"\" width=\"1024\" height=\"569\" srcset=\"https:\/\/www.belmontevacanze.com\/wp-content\/uploads\/2018\/01\/tesla.map_.toscana-1024x569.jpg 1024w, https:\/\/www.belmontevacanze.com\/wp-content\/uploads\/2018\/01\/tesla.map_.toscana-1024x569-300x167.jpg 300w, https:\/\/www.belmontevacanze.com\/wp-content\/uploads\/2018\/01\/tesla.map_.toscana-1024x569-768x427.jpg 768w, https:\/\/www.belmontevacanze.com\/wp-content\/uploads\/2018\/01\/tesla.map_.toscana-1024x569-705x392.jpg 705w, https:\/\/www.belmontevacanze.com\/wp-content\/uploads\/2018\/01\/tesla.map_.toscana-1024x569-450x250.jpg 450w\" sizes=\"auto, (max-width: 1024px) 100vw, 1024px\" \/><\/h3>\n<p>Tesla-opladerne p\u00e5 22 kw giver mulighed for at oplade en Teslabil p\u00e5 2,5 timer (fuldst\u00e6ndigt afladet og uden restladning, ellers tager det kortere tid). 100 km k\u00f8rsel for hver times opladning!<br \/>\nDen generiske 22 kw oplader med type 2-stik giver mulighed for opladning af generiske elbiler.<br \/>\nVi er glade for at kunne tilbyde de rejsende, som \u00f8nsker at opleve Toscana med elbil, hele tre <strong>opladningsstationer til deres elbil her p\u00e5 vores agriturismo i Toscana<\/strong><\/p>\n<h3><img loading=\"lazy\" decoding=\"async\" class=\"size-full wp-image-696 alignleft\" src=\"https:\/\/www.belmontevacanze.com\/wp-content\/uploads\/2018\/01\/IMG_9033-300x225.jpg\" alt=\"\" width=\"300\" height=\"225\" \/> BELMONTE 2.0<\/h3>\n<p>Vi \u00f8nsker at v\u00e6re et teknologisk avanceret sted, og i \u00e5r har vi investeret i vores bondeg\u00e5rdsferiested i Toscana i form af optisk fiber til wifi og opladestationer til elbiler.<\/p>\n<\/div><\/section><br \/>\n\n<style type=\"text\/css\" data-created_by=\"avia_inline_auto\" id=\"style-css-av-av_hr-4474f20d2389e2e5ecf918a02da5132e\">\n#top .hr.hr-invisible.av-av_hr-4474f20d2389e2e5ecf918a02da5132e{\nheight:50px;\n}\n<\/style>\n<div  class='hr av-av_hr-4474f20d2389e2e5ecf918a02da5132e hr-invisible  avia-builder-el-4  el_after_av_textblock  el_before_av_icon_box '><span class='hr-inner '><span class=\"hr-inner-style\"><\/span><\/span><\/div><br \/>\n\n<style type=\"text\/css\" data-created_by=\"avia_inline_auto\" id=\"style-css-av-l0qmulpw-ed9d1629a6194df0a11e78aa76c199a7\">\n#top #wrap_all .iconbox.av-l0qmulpw-ed9d1629a6194df0a11e78aa76c199a7 .iconbox_content_title{\ncolor:#b02b2c;\n}\n<\/style>\n<article  class='iconbox iconbox_left av-l0qmulpw-ed9d1629a6194df0a11e78aa76c199a7  avia-builder-el-5  el_after_av_hr  avia-builder-el-last '  itemscope=\"itemscope\" itemtype=\"https:\/\/schema.org\/CreativeWork\" ><div class=\"iconbox_content\"><header class=\"entry-content-header\" aria-label=\"Icon: Opladningstjenesten til elbiler er gebyrpligtig.\"><div class=\"iconbox_icon heading-color\" aria-hidden='true' data-av_icon='\ue83e' data-av_iconfont='entypo-fontello'><\/div><h3 class='iconbox_content_title '  itemprop=\"headline\" >Opladningstjenesten til elbiler er gebyrpligtig.<\/h3><\/header><div class='iconbox_content_container '  itemprop=\"text\" ><\/div><\/div><footer class=\"entry-footer\"><\/footer><\/article><\/p><\/div>\n<style type=\"text\/css\" data-created_by=\"avia_inline_auto\" id=\"style-css-av-av_one_fifth-c8fc129dc35fd1ae2a1e410224d39ea8\">\n.flex_column.av-av_one_fifth-c8fc129dc35fd1ae2a1e410224d39ea8{\nborder-radius:0px 0px 0px 0px;\npadding:0px 0px 0px 0px;\n}\n<\/style>\n<div  class='flex_column av-av_one_fifth-c8fc129dc35fd1ae2a1e410224d39ea8 av_one_fifth  avia-builder-el-6  el_after_av_three_fifth  el_before_av_section  avia-builder-el-last  flex_column_div av-zero-column-padding  '     ><\/div><\/p>\n<\/div><\/div><\/div><!-- close content main div --><\/div><\/div>\n<style type=\"text\/css\" data-created_by=\"avia_inline_auto\" id=\"style-css-av-av_section-fd6d31b9e6c1051067bf4e29e5bfbcbb\">\n.avia-section.av-av_section-fd6d31b9e6c1051067bf4e29e5bfbcbb{\nbackground-repeat:no-repeat;\nbackground-image:url(https:\/\/www.belmontevacanze.com\/wp-content\/uploads\/2020\/03\/bg-email.png);\nbackground-position:100% 50%;\nbackground-attachment:scroll;\n}\n<\/style>\n<div id='av_section_1'  class='avia-section av-av_section-fd6d31b9e6c1051067bf4e29e5bfbcbb socket_color avia-section-large avia-no-shadow  avia-builder-el-7  el_after_av_one_fifth  avia-builder-el-last  avia-full-contain avia-bg-style-scroll container_wrap fullsize'  data-section-bg-repeat='contain'><div class='container av-section-cont-open' ><div class='template-page content  av-content-full alpha units'><div class='post-entry post-entry-type-page post-entry-2745'><div class='entry-content-wrapper clearfix'>\n\n<style type=\"text\/css\" data-created_by=\"avia_inline_auto\" id=\"style-css-av-av_one_fifth-15d750bd1b332b34c6e70b077ebbccdf\">\n.flex_column.av-av_one_fifth-15d750bd1b332b34c6e70b077ebbccdf{\nborder-radius:0px 0px 0px 0px;\npadding:0px 0px 0px 0px;\n}\n<\/style>\n<div  class='flex_column av-av_one_fifth-15d750bd1b332b34c6e70b077ebbccdf av_one_fifth  avia-builder-el-8  el_before_av_three_fifth  avia-builder-el-first  first flex_column_div av-zero-column-padding  '     ><\/div>\n<style type=\"text\/css\" data-created_by=\"avia_inline_auto\" id=\"style-css-av-av_three_fifth-c8fc129dc35fd1ae2a1e410224d39ea8\">\n.flex_column.av-av_three_fifth-c8fc129dc35fd1ae2a1e410224d39ea8{\nborder-radius:0px 0px 0px 0px;\npadding:0px 0px 0px 0px;\n}\n<\/style>\n<div  class='flex_column av-av_three_fifth-c8fc129dc35fd1ae2a1e410224d39ea8 av_three_fifth  avia-builder-el-9  el_after_av_one_fifth  el_before_av_one_fifth  flex_column_div av-zero-column-padding  '     ><style type=\"text\/css\" data-created_by=\"avia_inline_auto\" id=\"style-css-av-av_textblock-dd2387397296c1a314b0b5f4a3f918a3\">\n#top .av_textblock_section.av-av_textblock-dd2387397296c1a314b0b5f4a3f918a3 .avia_textblock{\ncolor:#ffffff;\n}\n<\/style>\n<section  class='av_textblock_section av-av_textblock-dd2387397296c1a314b0b5f4a3f918a3 '   itemscope=\"itemscope\" itemtype=\"https:\/\/schema.org\/CreativeWork\" ><div class='avia_textblock av_inherit_color'  itemprop=\"text\" ><h3 style=\"text-align: center;\"><span style=\"color: #f8be00;\">Tilmeld dig vores nyhedsbrev<\/span><\/h3>\n<p style=\"text-align: center;\"><strong>\u00d8nsker du at vente med tilmeldingen?<\/strong> Indtast din email for at modtage et <strong>specialtilbud<\/strong> for dit n\u00e6ste ferieophold.<\/p>\n<p style=\"text-align: center;\"><strong><u>Tilbuddet g\u00e6lder kun for de f\u00f8rste 10 tilmeldte!<\/u><\/strong><\/p>\n<\/div><\/section><br \/>\n<\/p><\/div>\n<style type=\"text\/css\" data-created_by=\"avia_inline_auto\" id=\"style-css-av-av_one_fifth-c8fc129dc35fd1ae2a1e410224d39ea8\">\n.flex_column.av-av_one_fifth-c8fc129dc35fd1ae2a1e410224d39ea8{\nborder-radius:0px 0px 0px 0px;\npadding:0px 0px 0px 0px;\n}\n<\/style>\n<div  class='flex_column av-av_one_fifth-c8fc129dc35fd1ae2a1e410224d39ea8 av_one_fifth  avia-builder-el-12  el_after_av_three_fifth  avia-builder-el-last  flex_column_div av-zero-column-padding  '     ><\/div>\n\n","protected":false},"excerpt":{"rendered":"","protected":false},"author":3,"featured_media":0,"parent":2732,"menu_order":0,"comment_status":"closed","ping_status":"closed","template":"","meta":{"footnotes":""},"class_list":["post-2745","page","type-page","status-publish","hentry"],"_links":{"self":[{"href":"https:\/\/www.belmontevacanze.com\/da\/wp-json\/wp\/v2\/pages\/2745","targetHints":{"allow":["GET"]}}],"collection":[{"href":"https:\/\/www.belmontevacanze.com\/da\/wp-json\/wp\/v2\/pages"}],"about":[{"href":"https:\/\/www.belmontevacanze.com\/da\/wp-json\/wp\/v2\/types\/page"}],"author":[{"embeddable":true,"href":"https:\/\/www.belmontevacanze.com\/da\/wp-json\/wp\/v2\/users\/3"}],"replies":[{"embeddable":true,"href":"https:\/\/www.belmontevacanze.com\/da\/wp-json\/wp\/v2\/comments?post=2745"}],"version-history":[{"count":10,"href":"https:\/\/www.belmontevacanze.com\/da\/wp-json\/wp\/v2\/pages\/2745\/revisions"}],"predecessor-version":[{"id":8080,"href":"https:\/\/www.belmontevacanze.com\/da\/wp-json\/wp\/v2\/pages\/2745\/revisions\/8080"}],"up":[{"embeddable":true,"href":"https:\/\/www.belmontevacanze.com\/da\/wp-json\/wp\/v2\/pages\/2732"}],"wp:attachment":[{"href":"https:\/\/www.belmontevacanze.com\/da\/wp-json\/wp\/v2\/media?parent=2745"}],"curies":[{"name":"wp","href":"https:\/\/api.w.org\/{rel}","templated":true}]}}