{"id":4754,"date":"2020-02-05T15:51:10","date_gmt":"2020-02-05T14:51:10","guid":{"rendered":"https:\/\/www.belmontevacanze.com\/?page_id=4754"},"modified":"2020-02-05T15:55:44","modified_gmt":"2020-02-05T14:55:44","slug":"hvorfor-bestille-direkte-hos-os","status":"publish","type":"page","link":"https:\/\/www.belmontevacanze.com\/da\/hvorfor-bestille-direkte-hos-os\/","title":{"rendered":"Hvorfor bestille direkte hos os"},"content":{"rendered":"\n<style type=\"text\/css\" data-created_by=\"avia_inline_auto\" id=\"style-css-av-av_heading-aa86294dde2087e7b964c77d3b9e7eac\">\n#top .av-special-heading.av-av_heading-aa86294dde2087e7b964c77d3b9e7eac{\npadding-bottom:10px;\n}\nbody .av-special-heading.av-av_heading-aa86294dde2087e7b964c77d3b9e7eac .av-special-heading-tag .heading-char{\nfont-size:25px;\n}\n.av-special-heading.av-av_heading-aa86294dde2087e7b964c77d3b9e7eac .av-subheading{\nfont-size:16px;\n}\n<\/style>\n<div  class='av-special-heading av-av_heading-aa86294dde2087e7b964c77d3b9e7eac av-special-heading-h1 blockquote modern-quote modern-centered  avia-builder-el-0  el_before_av_textblock  avia-builder-el-first '><h1 class='av-special-heading-tag '  itemprop=\"headline\"  >Hvorfor bestille direkte hos os?<\/h1><div class='av-subheading av-subheading_below'><p>Der er flere fordele ved at bestille dit ophold direkte gennem os<\/p>\n<\/div><div class=\"special-heading-border\"><div class=\"special-heading-inner-border\"><\/div><\/div><\/div>\n<section  class='av_textblock_section av-av_textblock-2de302bf1aa3cf4c9157dbe6f50ac7eb '   itemscope=\"itemscope\" itemtype=\"https:\/\/schema.org\/CreativeWork\" ><div class='avia_textblock'  itemprop=\"text\" ><h1 style=\"text-align: center;\"><\/h1>\n<h1 style=\"text-align: center;\">1<\/h1>\n<p style=\"text-align: center;\"><strong>BEDRE PRIS OG BEDRE BETINGELSER<\/strong><\/p>\n<p style=\"text-align: center;\">Ved at bestille uden om mellemm\u00e6nd er vi i stand til at sikre dig en mere fordelagtig pris og bedre afbestillingsbetingelser.<br \/>\nDette g\u00f8r det nemmere for dig at planl\u00e6gge din ferie uden bekymringer.<\/p>\n<\/div><\/section>\n<section  class='av_textblock_section av-av_textblock-2de302bf1aa3cf4c9157dbe6f50ac7eb '   itemscope=\"itemscope\" itemtype=\"https:\/\/schema.org\/CreativeWork\" ><div class='avia_textblock'  itemprop=\"text\" ><h1 style=\"text-align: center;\">2<\/h1>\n<p style=\"text-align: center;\"><strong>DIREKTE PERSONLIG KONTAKT<\/strong><\/p>\n<p style=\"text-align: center;\">Den direkte kontakt til os g\u00f8r det lettere for dig at oplyse os om dine specielle \u00f8nsker og behov.<br \/>\nHermed bliver det ogs\u00e5 nemmere for os at finde den helt perfekte lejebolig til dig og din familie.<\/p>\n<\/div><\/section>\n<section  class='av_textblock_section av-av_textblock-2de302bf1aa3cf4c9157dbe6f50ac7eb '   itemscope=\"itemscope\" itemtype=\"https:\/\/schema.org\/CreativeWork\" ><div class='avia_textblock'  itemprop=\"text\" ><h1 style=\"text-align: center;\">3<\/h1>\n<p style=\"text-align: center;\"><strong>ERFARING OG PROFESSIONALITET<\/strong><\/p>\n<p style=\"text-align: center;\">Vi overtog landejendommen i 2003 og siden da bestyrer vi den med k\u00e6rlighed og entusiasme, mens vi fors\u00f8ger at v\u00e6re lydh\u00f8re over for de behov og forslag, som vore g\u00e6ster m\u00e5tte frems\u00e6tte. Hvert \u00e5r investerer vi i nye tiltag til forbedringer.<\/p>\n<\/div><\/section>\n<section  class='av_textblock_section av-av_textblock-2de302bf1aa3cf4c9157dbe6f50ac7eb '   itemscope=\"itemscope\" itemtype=\"https:\/\/schema.org\/CreativeWork\" ><div class='avia_textblock'  itemprop=\"text\" ><h1 style=\"text-align: center;\">4<\/h1>\n<p style=\"text-align: center;\"><strong>BONDEG\u00c5RDSFERIEN MED DE FLESTE POSITIVE TILBAGEMELDINGER<\/strong><\/p>\n<p style=\"text-align: center;\">Hvad ang\u00e5r positive tilbagemeldinger ligger vores landejendom helt i top p\u00e5 alle de webbaserede platforme anvendt til bed\u00f8mmelser.<br \/>\nDette er en af grundene til at vore kunder vender tilbage igen og igen,<br \/>\n\u00e5r efter \u00e5r<\/p>\n<\/div><\/section>\n<section  class='av_textblock_section av-av_textblock-2de302bf1aa3cf4c9157dbe6f50ac7eb '   itemscope=\"itemscope\" itemtype=\"https:\/\/schema.org\/CreativeWork\" ><div class='avia_textblock'  itemprop=\"text\" ><h1 style=\"text-align: center;\">5<\/h1>\n<p style=\"text-align: center;\"><strong>HURTIG OG SIKKER ONLINE-BOOKING<\/strong><\/p>\n<p style=\"text-align: center;\">Det g\u00f8res nemt med et klik! V\u00e6lg dine feriedatoer, din foretrukne overnatningstype, og du er s\u00e5 godt som f\u00e6rdig!<br \/>\nDine data behandles sikkert og fortroligt mens vi tager os af resten.<\/p>\n<\/div><\/section>\n<section  class='av_textblock_section av-av_textblock-2de302bf1aa3cf4c9157dbe6f50ac7eb '   itemscope=\"itemscope\" itemtype=\"https:\/\/schema.org\/CreativeWork\" ><div class='avia_textblock'  itemprop=\"text\" ><h1 style=\"text-align: center;\">6<\/h1>\n<p style=\"text-align: center;\"><strong>DIN VELKOMSTGAVE<\/strong><\/p>\n<p style=\"text-align: center;\">Ved ankomsten finder du en lille gave som hilsen fra os med \u00f8nsket om at du m\u00e5 f\u00e5 en dejlig ferie og kommer til at opleve det \u00e6gte, autentiske Toscana&#8230;<br \/>\nhvad det er?&#8230;jamen, det vil du kun opleve hvis du kommer herned!<\/p>\n<\/div><\/section>\n","protected":false},"excerpt":{"rendered":"","protected":false},"author":3,"featured_media":0,"parent":0,"menu_order":0,"comment_status":"closed","ping_status":"closed","template":"","meta":{"footnotes":""},"class_list":["post-4754","page","type-page","status-publish","hentry"],"_links":{"self":[{"href":"https:\/\/www.belmontevacanze.com\/da\/wp-json\/wp\/v2\/pages\/4754","targetHints":{"allow":["GET"]}}],"collection":[{"href":"https:\/\/www.belmontevacanze.com\/da\/wp-json\/wp\/v2\/pages"}],"about":[{"href":"https:\/\/www.belmontevacanze.com\/da\/wp-json\/wp\/v2\/types\/page"}],"author":[{"embeddable":true,"href":"https:\/\/www.belmontevacanze.com\/da\/wp-json\/wp\/v2\/users\/3"}],"replies":[{"embeddable":true,"href":"https:\/\/www.belmontevacanze.com\/da\/wp-json\/wp\/v2\/comments?post=4754"}],"version-history":[{"count":4,"href":"https:\/\/www.belmontevacanze.com\/da\/wp-json\/wp\/v2\/pages\/4754\/revisions"}],"predecessor-version":[{"id":12718,"href":"https:\/\/www.belmontevacanze.com\/da\/wp-json\/wp\/v2\/pages\/4754\/revisions\/12718"}],"wp:attachment":[{"href":"https:\/\/www.belmontevacanze.com\/da\/wp-json\/wp\/v2\/media?parent=4754"}],"curies":[{"name":"wp","href":"https:\/\/api.w.org\/{rel}","templated":true}]}}