{"id":4785,"date":"2020-02-05T17:21:59","date_gmt":"2020-02-05T16:21:59","guid":{"rendered":"https:\/\/www.belmontevacanze.com\/?page_id=4785"},"modified":"2020-02-05T17:21:59","modified_gmt":"2020-02-05T16:21:59","slug":"oplev-montaione-pa-ebike","status":"publish","type":"page","link":"https:\/\/www.belmontevacanze.com\/da\/oplev-montaione-pa-ebike\/","title":{"rendered":"OPLEV MONTAIONE P\u00c5 E-BIKE"},"content":{"rendered":"<div id='full_slider_1'  class='avia-fullwidth-slider main_color avia-shadow   avia-builder-el-0  el_before_av_one_half  avia-builder-el-first   container_wrap fullsize'  ><div  class='avia-slideshow av-av_slideshow_full-f019fe5186694bc7a3f1fcc14ea05803 avia-slideshow-featured av_slideshow_full avia-slide-slider av-slideshow-ui av-control-default av-slideshow-manual av-loop-once av-loop-manual-endless av-default-height-applied  image_no_stretch avia-slideshow-1' data-slideshow-options=\"{&quot;animation&quot;:&quot;slide&quot;,&quot;autoplay&quot;:false,&quot;loop_autoplay&quot;:&quot;once&quot;,&quot;interval&quot;:100,&quot;loop_manual&quot;:&quot;manual-endless&quot;,&quot;autoplay_stopper&quot;:false,&quot;noNavigation&quot;:false,&quot;bg_slider&quot;:false,&quot;keep_padding&quot;:false,&quot;hoverpause&quot;:false,&quot;show_slide_delay&quot;:0}\"  itemprop=\"image\" itemscope=\"itemscope\" itemtype=\"https:\/\/schema.org\/ImageObject\" ><ul class='avia-slideshow-inner ' style='padding-bottom: 28.666666666667%;'><li  class='avia-slideshow-slide av-av_slideshow_full-f019fe5186694bc7a3f1fcc14ea05803__0  av-single-slide slide-1 slide-odd'><div data-rel='slideshow-1' class='avia-slide-wrap '   ><img decoding=\"async\" fetchpriority=\"high\" class=\"wp-image-4341 avia-img-lazy-loading-not-4341\"  src=\"https:\/\/www.belmontevacanze.com\/wp-content\/uploads\/2019\/12\/ebike-tour-1500x430.png\" width=\"1500\" height=\"430\" title='ebike tour' alt=''  itemprop=\"thumbnailUrl\"   \/><\/div><\/li><\/ul><\/div><\/div><div id='after_full_slider_1'  class='main_color av_default_container_wrap container_wrap fullsize'  ><div class='container av-section-cont-open' ><div class='template-page content  av-content-full alpha units'><div class='post-entry post-entry-type-page post-entry-4785'><div class='entry-content-wrapper clearfix'>\n\n<style type=\"text\/css\" data-created_by=\"avia_inline_auto\" id=\"style-css-av-av_one_half-15d750bd1b332b34c6e70b077ebbccdf\">\n.flex_column.av-av_one_half-15d750bd1b332b34c6e70b077ebbccdf{\nborder-radius:0px 0px 0px 0px;\npadding:0px 0px 0px 0px;\n}\n<\/style>\n<div  class='flex_column av-av_one_half-15d750bd1b332b34c6e70b077ebbccdf av_one_half  avia-builder-el-1  el_after_av_slideshow_full  el_before_av_one_half  avia-builder-el-first  first flex_column_div av-zero-column-padding  '     ><article  class='iconbox iconbox_top av-av_icon_box-40939dcef0ca6da80ea102907e36351a  avia-builder-el-2  avia-builder-el-no-sibling  main_color'  itemscope=\"itemscope\" itemtype=\"https:\/\/schema.org\/CreativeWork\" ><div class=\"iconbox_content\"><header class=\"entry-content-header\" aria-label=\"Icon: INFO TOUR E-BIKE\"><div class=\"iconbox_icon heading-color\" aria-hidden='true' data-av_icon='\ue81f' data-av_iconfont='entypo-fontello'><\/div><h3 class='iconbox_content_title '  itemprop=\"headline\" >INFO TOUR E-BIKE<\/h3><\/header><div class='iconbox_content_container '  itemprop=\"text\" ><p style=\"text-align: center;\"><strong>Ugedag<\/strong>: torsdag<\/p>\n<p style=\"text-align: center;\"><strong>Tilmelding inden<\/strong>: Tirsdag kl. 17:00<\/p>\n<p style=\"text-align: center;\"><strong>Min. \u2013 maks. antal deltagere<\/strong>: 4-8<\/p>\n<p style=\"text-align: center;\"><strong>Min. alder<\/strong>: 10 \u00e5r<\/p>\n<p style=\"text-align: center;\"><strong>Pris<\/strong>: 23 \u20ac pr. person (leje af elcykel: 35 euro pr.pers.)<br \/>\n___________________________________<\/p>\n<p style=\"text-align: center;\"><strong>M\u00f8dested<\/strong>: Ved Belmonte Vacanze kl. 09:00<\/p>\n<p style=\"text-align: center;\"><strong>Varighed<\/strong>: 2,5 &#8211; 3 timer<\/p>\n<p style=\"text-align: center;\"><strong>Turens l\u00e6ngde<\/strong>: ca. 30 km<\/p>\n<p style=\"text-align: center;\"><strong>Niveau<\/strong>: let \u00f8vede<\/p>\n<p style=\"text-align: center;\"><strong>H\u00f8jdeforskel<\/strong>: ca. 800 meter<\/p>\n<p style=\"text-align: center;\"><strong>Du skal bruge<\/strong>: hjelm, gode sko, solcreme og drikkevand (1,5 liter pr. person), noget spiseligt med h\u00f8jt energiindhold<\/p>\n<\/div><\/div><footer class=\"entry-footer\"><\/footer><\/article><\/div>\n<style type=\"text\/css\" data-created_by=\"avia_inline_auto\" id=\"style-css-av-av_one_half-c8fc129dc35fd1ae2a1e410224d39ea8\">\n.flex_column.av-av_one_half-c8fc129dc35fd1ae2a1e410224d39ea8{\nborder-radius:0px 0px 0px 0px;\npadding:0px 0px 0px 0px;\n}\n<\/style>\n<div  class='flex_column av-av_one_half-c8fc129dc35fd1ae2a1e410224d39ea8 av_one_half  avia-builder-el-3  el_after_av_one_half  avia-builder-el-last  flex_column_div av-zero-column-padding  '     ><section  class='av_textblock_section av-av_textblock-2de302bf1aa3cf4c9157dbe6f50ac7eb '   itemscope=\"itemscope\" itemtype=\"https:\/\/schema.org\/CreativeWork\" ><div class='avia_textblock'  itemprop=\"text\" ><h3 style=\"text-align: center;\">TURBESKRIVELSE<\/h3>\n<p>Vi starter turen fra lokaliteten Lano og herfra k\u00f8rer vi ad Via Costia, hvor vi har et <strong>fantastisk udsyn over de toscanske bakker<\/strong> og de smukke calanchi, de <strong>karakteristiske geologiske formationer<\/strong>, der er skabt ved erosion af den lerholdige jord p\u00e5 bjergsiderne. Turen forts\u00e6tter langs grusveje med op- og nedk\u00f8rsler som er typisk for det toscanske landskab, indtil vi n\u00e5r frem til Castelfalfi, en h<strong>istorisk landsby<\/strong> der er kendetegnet ved det <strong>imponerende slot<\/strong>, hvor vi holder pause.<br \/>\nHerfra forts\u00e6tter vi langs en relativt udfordrende skovsti eller langs den asfalterede vej, som begge er meget smukke. Efter ankomst til San Vivaldo kommer vi til at opleve den fascinerende <strong>atmosf\u00e6re m\u00e6ttet af mystik ved sanktuariet \u201cGerusalemme di Toscana\u201d<\/strong>, med mulighed for at holde en kort pause.<br \/>\nTuren forts\u00e6tter p\u00e5 en asfalteret vej og derefter gennem skoven for derefter at n\u00e5 frem til Santuario di Pietrina, hvor det er muligt at se de gamle slotsruiner og nyde <strong>den flotte udsigt over Volterra<\/strong>. Herfra k\u00f8rer vi ned og hen til den gamle landsby Palagio for derefter at afslutte turen, hvor vi begyndte.<\/p>\n<\/div><\/section><\/div><\/p>\n","protected":false},"excerpt":{"rendered":"","protected":false},"author":3,"featured_media":0,"parent":0,"menu_order":0,"comment_status":"closed","ping_status":"closed","template":"","meta":{"footnotes":""},"class_list":["post-4785","page","type-page","status-publish","hentry"],"_links":{"self":[{"href":"https:\/\/www.belmontevacanze.com\/da\/wp-json\/wp\/v2\/pages\/4785","targetHints":{"allow":["GET"]}}],"collection":[{"href":"https:\/\/www.belmontevacanze.com\/da\/wp-json\/wp\/v2\/pages"}],"about":[{"href":"https:\/\/www.belmontevacanze.com\/da\/wp-json\/wp\/v2\/types\/page"}],"author":[{"embeddable":true,"href":"https:\/\/www.belmontevacanze.com\/da\/wp-json\/wp\/v2\/users\/3"}],"replies":[{"embeddable":true,"href":"https:\/\/www.belmontevacanze.com\/da\/wp-json\/wp\/v2\/comments?post=4785"}],"version-history":[{"count":5,"href":"https:\/\/www.belmontevacanze.com\/da\/wp-json\/wp\/v2\/pages\/4785\/revisions"}],"predecessor-version":[{"id":4790,"href":"https:\/\/www.belmontevacanze.com\/da\/wp-json\/wp\/v2\/pages\/4785\/revisions\/4790"}],"wp:attachment":[{"href":"https:\/\/www.belmontevacanze.com\/da\/wp-json\/wp\/v2\/media?parent=4785"}],"curies":[{"name":"wp","href":"https:\/\/api.w.org\/{rel}","templated":true}]}}