{"id":7744,"date":"2022-01-21T17:11:35","date_gmt":"2022-01-21T16:11:35","guid":{"rendered":"https:\/\/www.belmontevacanze.com\/adopter-et-af-vores-oliventraeer-bliv-en-oekologisk-landmand-paa-oeko-bio-bondegaardsferiestedet-belmonte-vacanze\/"},"modified":"2024-11-07T09:30:39","modified_gmt":"2024-11-07T08:30:39","slug":"adopter-oliventraeer-toscana","status":"publish","type":"page","link":"https:\/\/www.belmontevacanze.com\/da\/adopter-oliventraeer-toscana\/","title":{"rendered":"Adopt\u00e9r et af vores oliventr\u00e6er: Bliv en \u00f8kologisk landmand p\u00e5 \u00f8ko-bio bondeg\u00e5rdsferiestedet Belmonte Vacanze"},"content":{"rendered":"<div id='av-masonry-1' class='av-masonry av-knhi07a0-a378b5661ea5c0c51daea8ff17a1e1cf noHover av-fixed-size av-large-gap av-hover-overlay-active av-masonry-animation-active av-masonry-col-flexible av-caption-always av-caption-style- av-masonry-gallery ' data-post_id=\"7744\"><div class=\"av-masonry-container isotope av-js-disabled\"><div class='av-masonry-entry isotope-item av-masonry-item-no-image '><\/div><div id='av-masonry-1-item-7184' data-av-masonry-item='7184' class='av-masonry-entry isotope-item post-7184 attachment type-attachment status-inherit hentry  av-masonry-item-with-image'    itemprop=\"thumbnailUrl\" ><div class='av-inner-masonry-sizer'><\/div><figure class='av-inner-masonry main_color'><div class=\"av-masonry-outerimage-container\"><div class='av-masonry-image-container' style=\"background-image: url(https:\/\/www.belmontevacanze.com\/wp-content\/uploads\/2021\/04\/adotta.olivo7_-705x469.jpg);\"  title=\"adotta.olivo7\" ><\/div><\/div><\/figure><\/div><!--end av-masonry entry--><div id='av-masonry-1-item-7178' data-av-masonry-item='7178' class='av-masonry-entry isotope-item post-7178 attachment type-attachment status-inherit hentry  av-masonry-item-with-image'    itemprop=\"thumbnailUrl\" ><div class='av-inner-masonry-sizer'><\/div><figure class='av-inner-masonry main_color'><div class=\"av-masonry-outerimage-container\"><div class='av-masonry-image-container' style=\"background-image: url(https:\/\/www.belmontevacanze.com\/wp-content\/uploads\/2021\/04\/adotta.olivo2_-705x469.jpg);\"  title=\"adotta.olivo2\" ><\/div><\/div><\/figure><\/div><!--end av-masonry entry--><div id='av-masonry-1-item-7223' data-av-masonry-item='7223' class='av-masonry-entry isotope-item post-7223 attachment type-attachment status-inherit hentry  av-masonry-item-with-image'    itemprop=\"thumbnailUrl\" ><div class='av-inner-masonry-sizer'><\/div><figure class='av-inner-masonry main_color'><div class=\"av-masonry-outerimage-container\"><div class='av-masonry-image-container' style=\"background-image: url(https:\/\/www.belmontevacanze.com\/wp-content\/uploads\/2021\/04\/olive.montaione-705x468.jpg);\"  title=\"olive.montaione\" ><\/div><\/div><\/figure><\/div><!--end av-masonry entry--><div id='av-masonry-1-item-7154' data-av-masonry-item='7154' class='av-masonry-entry isotope-item post-7154 attachment type-attachment status-inherit hentry  av-masonry-item-with-image'    itemprop=\"thumbnailUrl\" ><div class='av-inner-masonry-sizer'><\/div><figure class='av-inner-masonry main_color'><div class=\"av-masonry-outerimage-container\"><div class='av-masonry-image-container' style=\"background-image: url(https:\/\/www.belmontevacanze.com\/wp-content\/uploads\/2021\/04\/olio.adozione-529x705.jpeg);\"  title=\"olio.adozione\" ><\/div><\/div><\/figure><\/div><!--end av-masonry entry--><\/div><\/div>\n<div  class='avia-video av-ko171mvj-e86e2d33170c4184873e6ec4dc6852f9 avia-video-16-9 av-no-preview-image avia-video-load-always av-lazyload-immediate av-lazyload-video-embed'  itemprop=\"video\" itemtype=\"https:\/\/schema.org\/VideoObject\"  data-original_url='https:\/\/www.youtube.com\/watch?v=Ye6VkpTY-F4'><script type='text\/html' class='av-video-tmpl'><div class='avia-iframe-wrap'><iframe loading=\"lazy\" title=\"Adopt an olive tree in Tuscany,Italy\" width=\"1500\" height=\"844\" src=\"https:\/\/www.youtube.com\/embed\/Ye6VkpTY-F4?feature=oembed&autoplay=0&loop=0&controls=1&mute=0\" frameborder=\"0\" allow=\"accelerometer; autoplay; clipboard-write; encrypted-media; gyroscope; picture-in-picture; web-share\" allowfullscreen><\/iframe><\/div><\/script><div class='av-click-to-play-overlay'><div class=\"avia_playpause_icon\"><\/div><\/div><\/div>\n\n<section  class='av_textblock_section av-knbvph1a-0ee8d3294c5d7e2e5336386c84606543 '   itemscope=\"itemscope\" itemtype=\"https:\/\/schema.org\/CreativeWork\" ><div class='avia_textblock'  itemprop=\"text\" ><h1 style=\"text-align: center;\">Adopt\u00e9r et \u00f8kologisk oliventr\u00e6, bliv en af vores olivenlunds \u00f8ko-landm\u00e6nd.<\/h1>\n<p style=\"text-align: center;\"><strong>St\u00f8t ogs\u00e5 du \u00d8ko Belmonte olien og dyrk \u00f8kologisk i vores olivenlund.<\/strong><br \/>\nAdopt\u00e9r et af vores oliventr\u00e6er og f\u00e5 hvert \u00e5r \u00f8kologisk olie, <strong>produceret af dit oliventr\u00e6 i vores biologiske bedrift i Toscana<\/strong>.<\/p>\n<p>Du kan modtage direkte hjemme den \u00f8kologiske olie, der produceres af dit tr\u00e6.<\/p>\n<p><strong>Mange b\u00f8nder vender sig bort fra deres olivenlunde i Toscana p\u00e5 grund af de h\u00f8je omkostninger<\/strong>, og holder op med at producere olie efter den \u00f8kologiske metode.<\/p>\n<p style=\"text-align: center;\"><strong>Vi vil ikke overgive os til denne logik<\/strong>, og vi tror p\u00e5, at vi, ogs\u00e5 takket v\u00e6re din hj\u00e6lp, vil kunne forts\u00e6tte med at producere olie if\u00f8lge den <strong>\u00f8kologiske dyrkningsmetodes filosofi<\/strong>.<\/p>\n<p style=\"text-align: center;\"><strong>Med din st\u00f8tte bidrager du til at v\u00e6rne om landskabet i vores lille hj\u00f8rne af Toscana<\/strong>, og du kan samtidig nyde din v\u00e6rdifulde h\u00f8st og smage \u00f8kologisk olie, som ogs\u00e5 er resultatet af dit engagement, der hjemme.<\/p>\n<\/div><\/section>\n<section  class='av_textblock_section av-knbvrpko-905cab2e917a42cbd7bc2e7ce3b1a9c5 '   itemscope=\"itemscope\" itemtype=\"https:\/\/schema.org\/CreativeWork\" ><div class='avia_textblock'  itemprop=\"text\" ><h2 style=\"text-align: center;\">Hvad du f\u00e5r:<\/h2>\n<\/div><\/section>\n<div  class='avia-icon-list-container av-knbw4yx2-eab76b97b42f180207b26f72ad8cef20  avia-builder-el-5  el_after_av_textblock  el_before_av_hr '><ul class='avia-icon-list avia_animate_when_almost_visible avia-icon-list-left av-iconlist-big av-knbw4yx2-eab76b97b42f180207b26f72ad8cef20 avia-iconlist-animate'>\n<li><div class='iconlist_icon av-av_iconlist_item-07424ef92644ab7788c801f38ddbdd6f avia-font-entypo-fontello'><span class='iconlist-char' aria-hidden='true' data-av_icon='\ue8cd' data-av_iconfont='entypo-fontello'><\/span><\/div><article class=\"article-icon-entry av-iconlist-empty\"  itemscope=\"itemscope\" itemtype=\"https:\/\/schema.org\/CreativeWork\" ><div class=\"iconlist_content_wrap\"><header class=\"entry-content-header\" aria-label=\"Icon: \u2022 6 LITER \u00d8KOLOGISK OLIE, SOM VI SENDER HJEM TIL DIG (V\u00c6RDI 138 \u20ac + SPEDITIONSOMKOSTNINGER)\"><h4 class='av_iconlist_title iconlist_title  '  itemprop=\"headline\" >\u2022 6 LITER \u00d8KOLOGISK OLIE, SOM VI SENDER HJEM TIL DIG (V\u00c6RDI 138 \u20ac + SPEDITIONSOMKOSTNINGER)<\/h4><\/header><div class='iconlist_content '  itemprop=\"text\" ><\/div><\/div><footer class=\"entry-footer\"><\/footer><\/article><div class=\"iconlist-timeline\"><\/div><\/li>\n<li><div class='iconlist_icon av-av_iconlist_item-5a1ca6cf3005407b17573ca0202b20d2 avia-font-entypo-fontello'><span class='iconlist-char' aria-hidden='true' data-av_icon='\ue807' data-av_iconfont='entypo-fontello'><\/span><\/div><article class=\"article-icon-entry av-iconlist-empty\"  itemscope=\"itemscope\" itemtype=\"https:\/\/schema.org\/CreativeWork\" ><div class=\"iconlist_content_wrap\"><header class=\"entry-content-header\" aria-label=\"Icon: \u2022 ET PERSONLIGT SKILT MED DIT NAVN, ELLER DEDIKERET DEN DU VIL, H\u00c6NGT OP P\u00c5 DIT ADOPTEREDE OLIVENTR\u00c6\"><h4 class='av_iconlist_title iconlist_title  '  itemprop=\"headline\" >\u2022 ET PERSONLIGT SKILT MED DIT NAVN, ELLER DEDIKERET DEN DU VIL, H\u00c6NGT OP P\u00c5 DIT ADOPTEREDE OLIVENTR\u00c6<\/h4><\/header><div class='iconlist_content '  itemprop=\"text\" ><\/div><\/div><footer class=\"entry-footer\"><\/footer><\/article><div class=\"iconlist-timeline\"><\/div><\/li>\n<li><div class='iconlist_icon av-av_iconlist_item-148ba722bba4fbb9a04230c9051d4458 avia-font-entypo-fontello'><span class='iconlist-char' aria-hidden='true' data-av_icon='\ue8a8' data-av_iconfont='entypo-fontello'><\/span><\/div><article class=\"article-icon-entry av-iconlist-empty\"  itemscope=\"itemscope\" itemtype=\"https:\/\/schema.org\/CreativeWork\" ><div class=\"iconlist_content_wrap\"><header class=\"entry-content-header\" aria-label=\"Icon: \u2022 EN OFFICIEL ADOPTIONSATTEST OG \u00c6RESTITLEN \u00d8KOLOGISK LANDMAND P\u00c5 \u00d8KO-BIO BONDEG\u00c5RDSFERIESTEDET BELMONTE VACANZE\"><h4 class='av_iconlist_title iconlist_title  '  itemprop=\"headline\" >\u2022 EN OFFICIEL ADOPTIONSATTEST OG \u00c6RESTITLEN \u00d8KOLOGISK LANDMAND P\u00c5 \u00d8KO-BIO BONDEG\u00c5RDSFERIESTEDET BELMONTE VACANZE<\/h4><\/header><div class='iconlist_content '  itemprop=\"text\" ><\/div><\/div><footer class=\"entry-footer\"><\/footer><\/article><div class=\"iconlist-timeline\"><\/div><\/li>\n<li><div class='iconlist_icon av-av_iconlist_item-5f8a8c5ec8aace9d73edcadb65479266 avia-font-entypo-fontello'><span class='iconlist-char' aria-hidden='true' data-av_icon='\ue866' data-av_iconfont='entypo-fontello'><\/span><\/div><article class=\"article-icon-entry av-iconlist-empty\"  itemscope=\"itemscope\" itemtype=\"https:\/\/schema.org\/CreativeWork\" ><div class=\"iconlist_content_wrap\"><header class=\"entry-content-header\" aria-label=\"Icon: \u2022 MULIGHED FOR AT KOMME N\u00c5R DU VIL OG PASSE DIT OLIVENTR\u00c6 ELLER DELTAGE I H\u00d8STEN\"><h4 class='av_iconlist_title iconlist_title  '  itemprop=\"headline\" >\u2022 MULIGHED FOR AT KOMME N\u00c5R DU VIL OG PASSE DIT OLIVENTR\u00c6 ELLER DELTAGE I H\u00d8STEN<\/h4><\/header><div class='iconlist_content '  itemprop=\"text\" ><\/div><\/div><footer class=\"entry-footer\"><\/footer><\/article><div class=\"iconlist-timeline\"><\/div><\/li>\n<\/ul><\/div>\n<div  class='hr av-slten-1f04bd3b07d9e55eaf04e64953e41843 hr-default  avia-builder-el-6  el_after_av_iconlist  el_before_av_testimonials '><span class='hr-inner '><span class=\"hr-inner-style\"><\/span><\/span><\/div>\n<div  class='avia-testimonial-wrapper av-knd6fpjp-c833e76f810b69cc946258a13e48894c avia-slider-testimonials avia-slider-1-testimonials avia_animate_when_almost_visible av-slideshow-ui av-control-default av-slider-hover-pause av-slideshow-autoplay av-loop-endless av-loop-manual-endless' data-slideshow-options=\"{&quot;animation&quot;:&quot;fade&quot;,&quot;autoplay&quot;:true,&quot;loop_autoplay&quot;:&quot;endless&quot;,&quot;interval&quot;:5,&quot;loop_manual&quot;:&quot;manual-endless&quot;,&quot;autoplay_stopper&quot;:false,&quot;noNavigation&quot;:false,&quot;bg_slider&quot;:false,&quot;keep_padding&quot;:&quot;&quot;,&quot;hoverpause&quot;:true,&quot;show_slide_delay&quot;:0}\">\n<section class=\"avia-testimonial-row\"><div class='avia-testimonial av-av_testimonial_single-569ae3e29166c49b7104d8ae6ab5ac35 avia-testimonial-row-1 avia-first-testimonial flex_column no_margin av_one_full'><div class='avia-testimonial_inner'  itemscope=\"itemscope\" itemtype=\"https:\/\/schema.org\/CreativeWork\" ><div class='avia-testimonial-content '><div class='avia-testimonial-markup-entry-content'  itemprop=\"text\" ><p><em>I 2021 besluttede vi at adoptere et ungt \u00f8kologisk oliventr\u00e6.<br \/>\n<\/em><em>S\u00e5 derfor har vi f\u00e5et 10 liter fantastisk \u00f8kologisk olie og f\u00f8lt os som en del af denne v\u00e6rdifulde og dejlige olie.<br \/>\n<\/em><em>Det at vide, at familien p\u00e5 Belmonte Vacanze, ogs\u00e5 takket v\u00e6re vores hj\u00e6lp, kan forts\u00e6tte med at dyrke olivenlunden if\u00f8lge den \u00f8kologiske metode, giver os en stor tilfredshed.<\/em><\/p>\n<\/div><\/div><div class=\"avia-testimonial-meta\"><div class=\"avia-testimonial-arrow-wrap\"><div class=\"avia-arrow\"><\/div><\/div><div class='avia-testimonial-meta-mini'  itemprop=\"author\" itemscope=\"itemscope\" itemtype=\"https:\/\/schema.org\/Person\" ><strong  class='avia-testimonial-name'  itemprop=\"name\" >Fracesca og Daniele<\/strong><span  class='avia-testimonial-subtitle '  itemprop=\"jobTitle\" >12-04-2021<\/span><\/div><\/div><\/div><\/div>\n<\/section><div class='avia-slideshow-arrows avia-slideshow-controls' ><a href='#prev' class='prev-slide ' aria-hidden='true' data-av_icon='\ue87c' data-av_iconfont='entypo-fontello'  tabindex='-1'>Forrige<\/a><a href='#next' class='next-slide ' aria-hidden='true' data-av_icon='\ue87d' data-av_iconfont='entypo-fontello'  tabindex='-1'>N&#230;ste<\/a><\/div><\/div>\n<div  class='hr av-5bb5lr-dd29edddba659de8de71f7796924290c hr-default  avia-builder-el-8  el_after_av_testimonials  el_before_av_textblock '><span class='hr-inner '><span class=\"hr-inner-style\"><\/span><\/span><\/div>\n<section  class='av_textblock_section av-knbvrpko-905cab2e917a42cbd7bc2e7ce3b1a9c5 '   itemscope=\"itemscope\" itemtype=\"https:\/\/schema.org\/CreativeWork\" ><div class='avia_textblock'  itemprop=\"text\" ><h2 style=\"text-align: center;\">Se hvem de \u00f8kologiske landm\u00e6nd, som allerede har adopteret et af vores oliventr\u00e6er, er:<\/h2>\n<\/div><\/section>\n\n<div  class='hr av-4iax0f-e18f8409f10d6666724e7c5ba6e56e19 hr-default  avia-builder-el-11  el_after_av_codeblock  el_before_av_font_icon '><span class='hr-inner '><span class=\"hr-inner-style\"><\/span><\/span><\/div>\n\n<style type=\"text\/css\" data-created_by=\"avia_inline_auto\" id=\"style-css-av-knd8g9ae-eac5e86e88a925813d6e412b868fe432\">\n.av_font_icon.av-knd8g9ae-eac5e86e88a925813d6e412b868fe432{\ncolor:#d689af;\nborder-color:#d689af;\n}\n.av_font_icon.av-knd8g9ae-eac5e86e88a925813d6e412b868fe432 .av-icon-char{\nfont-size:40px;\nline-height:40px;\n}\n<\/style>\n<span  class='av_font_icon av-knd8g9ae-eac5e86e88a925813d6e412b868fe432 avia_animate_when_visible av-icon-style- avia-icon-pos-center avia-icon-animate'><span class='av-icon-char' aria-hidden='true' data-av_icon='\ue807' data-av_iconfont='entypo-fontello' ><\/span><\/span>\n<section  class='av_textblock_section av-knbvrpko-f7a0d7528844997450d2e498fee07249 '   itemscope=\"itemscope\" itemtype=\"https:\/\/schema.org\/CreativeWork\" ><div class='avia_textblock'  itemprop=\"text\" ><h2 style=\"text-align: center;\"><span style=\"color: #ff99cc;\">For\u00e6r et adopteret oliventr\u00e6 til dem du holder af.<\/span><\/h2>\n<p style=\"text-align: center;\">At for\u00e6re et \u00f8kologisk oliventr\u00e6 er en <strong>gave fra hjertet<\/strong>, som du kan give en person du holder af.<\/p>\n<p style=\"text-align: center;\">At for\u00e6re et adopteret oliventr\u00e6 vil sige at give noget, <strong>som er st\u00e6rkt knyttet til vores jord, med en dyb og varig betydning.<br \/>\n<\/strong><br \/>\nDen som f\u00e5r et adopteret oliventr\u00e6 som gave, vil modtage den \u00f8kologiske olie, <strong>som det adopterede tr\u00e6 producerer, en attest med titlen \u00f8kologisk landmand p\u00e5 \u00f8ko-bio bondeg\u00e5rdsferiestedets olivenlund.<br \/>\n<\/strong><br \/>\nOg kan desuden n\u00e5r som helst <strong>komme og bes\u00f8ge sit tr\u00e6<\/strong> p\u00e5 vores bondeg\u00e5rdsferiested og deltage i h\u00f8sten.<\/p>\n<\/div><\/section>\n<div  class='hr av-39fh5b-a6742ee739ada88123b1507b1621b21c hr-default  avia-builder-el-14  el_after_av_textblock  el_before_av_contact '><span class='hr-inner '><span class=\"hr-inner-style\"><\/span><\/span><\/div>\n<form action=\"https:\/\/www.belmontevacanze.com\/da\/adopter-oliventraeer-toscana\/\" method=\"post\" data-fields-with-error=\"Found errors in the following field(s):\" class=\"avia_ajax_form av-form-labels-visible   avia-builder-el-15  el_after_av_hr  avia-builder-el-last   \" data-avia-form-id=\"1\" data-avia-redirect='' ><h3 class=''>Skriv til os og adopt\u00e9r dit oliventr\u00e6:<\/h3><fieldset><p class='  first_form  form_element form_fullwidth' id='element_avia_1_1'><label for=\"avia_1_1\">Fornavn <abbr class=\"required\" title=\"required\">*<\/abbr><\/label> <input name=\"avia_1_1\" class=\"text_input is_empty\" type=\"text\" id=\"avia_1_1\" value=\"\" \/><\/p><p class='  first_form  form_element form_fullwidth' id='element_avia_2_1'><label for=\"avia_2_1\">E-Mail <abbr class=\"required\" title=\"required\">*<\/abbr><\/label> <input name=\"avia_2_1\" class=\"text_input is_email\" type=\"text\" id=\"avia_2_1\" value=\"\" \/><\/p><p class='  first_form  form_element form_fullwidth' id='element_avia_3_1'><label for=\"avia_3_1\">Objekt <abbr class=\"required\" title=\"required\">*<\/abbr><\/label> <input name=\"avia_3_1\" class=\"text_input is_empty\" type=\"text\" id=\"avia_3_1\" value=\"\" \/><\/p><p class='  first_form  form_element form_fullwidth' id='element_avia_4_1'><label for=\"avia_4_1\" class=\"textare_label hidden textare_label_avia_4_1\">Besked <abbr class=\"required\" title=\"required\">*<\/abbr><\/label><textarea  name=\"avia_4_1\" class=\"text_area is_empty\" cols=\"40\" rows=\"7\" id=\"avia_4_1\" ><\/textarea><\/p><p class=\"hidden\"><input type=\"text\" name=\"avia_5_1\" class=\"hidden \" id=\"avia_5_1\" value=\"\" \/><\/p><p class='   form_element form_fullwidth' id='element_avia_6_1'><span class='value_verifier_label'>4 + 2 = ?<\/span><input name=\"avia_6_1_verifier\" type=\"hidden\" id=\"avia_6_1_verifier\" value=\"546724626\"\/><label for=\"avia_6_1\">Please prove that you are human by solving the equation <abbr class=\"required\" title=\"required\">*<\/abbr><\/label><input name=\"avia_6_1\" class=\"text_input captcha\" type=\"text\" id=\"avia_6_1\" value=\"\"\/><\/p><p class=\"form_element \"><input type=\"hidden\" value=\"1\" name=\"avia_generated_form1\" \/><input type=\"submit\" value=\"sende\" class=\"button\"  data-sending-label=\"Sending\"\/><\/p><\/fieldset><\/form><div id=\"ajaxresponse_1\" class=\"ajaxresponse ajaxresponse_1 hidden\"><\/div>\n","protected":false},"excerpt":{"rendered":"","protected":false},"author":2,"featured_media":7154,"parent":0,"menu_order":0,"comment_status":"closed","ping_status":"closed","template":"","meta":{"footnotes":""},"class_list":["post-7744","page","type-page","status-publish","has-post-thumbnail","hentry"],"_links":{"self":[{"href":"https:\/\/www.belmontevacanze.com\/da\/wp-json\/wp\/v2\/pages\/7744","targetHints":{"allow":["GET"]}}],"collection":[{"href":"https:\/\/www.belmontevacanze.com\/da\/wp-json\/wp\/v2\/pages"}],"about":[{"href":"https:\/\/www.belmontevacanze.com\/da\/wp-json\/wp\/v2\/types\/page"}],"author":[{"embeddable":true,"href":"https:\/\/www.belmontevacanze.com\/da\/wp-json\/wp\/v2\/users\/2"}],"replies":[{"embeddable":true,"href":"https:\/\/www.belmontevacanze.com\/da\/wp-json\/wp\/v2\/comments?post=7744"}],"version-history":[{"count":17,"href":"https:\/\/www.belmontevacanze.com\/da\/wp-json\/wp\/v2\/pages\/7744\/revisions"}],"predecessor-version":[{"id":11636,"href":"https:\/\/www.belmontevacanze.com\/da\/wp-json\/wp\/v2\/pages\/7744\/revisions\/11636"}],"wp:featuredmedia":[{"embeddable":true,"href":"https:\/\/www.belmontevacanze.com\/da\/wp-json\/wp\/v2\/media\/7154"}],"wp:attachment":[{"href":"https:\/\/www.belmontevacanze.com\/da\/wp-json\/wp\/v2\/media?parent=7744"}],"curies":[{"name":"wp","href":"https:\/\/api.w.org\/{rel}","templated":true}]}}