{"id":870,"date":"2018-01-29T16:09:38","date_gmt":"2018-01-29T15:09:38","guid":{"rendered":"https:\/\/www.belmontevacanze.com\/?page_id=870"},"modified":"2023-01-31T12:07:11","modified_gmt":"2023-01-31T11:07:11","slug":"trilo","status":"publish","type":"page","link":"https:\/\/www.belmontevacanze.com\/da\/lejligheder\/trilo\/","title":{"rendered":"Trilo"},"content":{"rendered":"<div id='full_slider_1'  class='avia-fullwidth-slider main_color avia-shadow   avia-builder-el-0  el_before_av_one_fifth  avia-builder-el-first   container_wrap fullsize'  ><div  class='avia-slideshow av-av_slideshow_full-5a8694b976155ec970a340c25f6e97bc avia-slideshow-no scaling av_slideshow_full avia-slide-slider av-slideshow-ui av-control-default av-slideshow-autoplay av-loop-endless av-loop-manual-endless av-default-height-applied   avia-slideshow-1' data-slideshow-options=\"{&quot;animation&quot;:&quot;slide&quot;,&quot;autoplay&quot;:true,&quot;loop_autoplay&quot;:&quot;endless&quot;,&quot;interval&quot;:5,&quot;loop_manual&quot;:&quot;manual-endless&quot;,&quot;autoplay_stopper&quot;:false,&quot;noNavigation&quot;:false,&quot;bg_slider&quot;:false,&quot;keep_padding&quot;:false,&quot;hoverpause&quot;:false,&quot;show_slide_delay&quot;:0}\"  itemprop=\"image\" itemscope=\"itemscope\" itemtype=\"https:\/\/schema.org\/ImageObject\" ><ul class='avia-slideshow-inner ' style='padding-bottom: 56.25%;'><li  class='avia-slideshow-slide av-av_slideshow_full-5a8694b976155ec970a340c25f6e97bc__0  slide-1 slide-odd'><div data-rel='slideshow-1' class='avia-slide-wrap '   ><img decoding=\"async\" fetchpriority=\"high\" class=\"wp-image-9683 avia-img-lazy-loading-not-9683\"  src=\"https:\/\/www.belmontevacanze.com\/wp-content\/uploads\/2017\/11\/trilo-soggiorno.jpg\" width=\"1280\" height=\"720\" title='trilo-soggiorno' alt=''  itemprop=\"thumbnailUrl\"  style='min-height:450px; min-width:800px; ' srcset=\"https:\/\/www.belmontevacanze.com\/wp-content\/uploads\/2017\/11\/trilo-soggiorno.jpg 1280w, https:\/\/www.belmontevacanze.com\/wp-content\/uploads\/2017\/11\/trilo-soggiorno-300x169.jpg 300w, https:\/\/www.belmontevacanze.com\/wp-content\/uploads\/2017\/11\/trilo-soggiorno-768x432.jpg 768w, https:\/\/www.belmontevacanze.com\/wp-content\/uploads\/2017\/11\/trilo-soggiorno-1030x579.jpg 1030w, https:\/\/www.belmontevacanze.com\/wp-content\/uploads\/2017\/11\/trilo-soggiorno-705x397.jpg 705w, https:\/\/www.belmontevacanze.com\/wp-content\/uploads\/2017\/11\/trilo-soggiorno-450x253.jpg 450w\" sizes=\"(max-width: 1280px) 100vw, 1280px\" \/><\/div><\/li><li  class='avia-slideshow-slide av-av_slideshow_full-5a8694b976155ec970a340c25f6e97bc__1  slide-2 slide-even'><div data-rel='slideshow-1' class='avia-slide-wrap '   ><img decoding=\"async\" fetchpriority=\"high\" class=\"wp-image-9682 avia-img-lazy-loading-not-9682\"  src=\"https:\/\/www.belmontevacanze.com\/wp-content\/uploads\/2017\/11\/camera-trilo.jpg\" width=\"1280\" height=\"720\" title='camera-trilo' alt=''  itemprop=\"thumbnailUrl\"  style='min-height:450px; min-width:800px; ' srcset=\"https:\/\/www.belmontevacanze.com\/wp-content\/uploads\/2017\/11\/camera-trilo.jpg 1280w, https:\/\/www.belmontevacanze.com\/wp-content\/uploads\/2017\/11\/camera-trilo-300x169.jpg 300w, https:\/\/www.belmontevacanze.com\/wp-content\/uploads\/2017\/11\/camera-trilo-768x432.jpg 768w, https:\/\/www.belmontevacanze.com\/wp-content\/uploads\/2017\/11\/camera-trilo-1030x579.jpg 1030w, https:\/\/www.belmontevacanze.com\/wp-content\/uploads\/2017\/11\/camera-trilo-705x397.jpg 705w, https:\/\/www.belmontevacanze.com\/wp-content\/uploads\/2017\/11\/camera-trilo-450x253.jpg 450w\" sizes=\"(max-width: 1280px) 100vw, 1280px\" \/><\/div><\/li><li  class='avia-slideshow-slide av-av_slideshow_full-5a8694b976155ec970a340c25f6e97bc__2  slide-3 slide-odd'><div data-rel='slideshow-1' class='avia-slide-wrap '   ><img decoding=\"async\" fetchpriority=\"high\" class=\"wp-image-660 avia-img-lazy-loading-not-660\"  src=\"https:\/\/www.belmontevacanze.com\/wp-content\/uploads\/2018\/01\/camera.trilo_.1.jpg\" width=\"1280\" height=\"720\" title='camera.trilo.1' alt=''  itemprop=\"thumbnailUrl\"  style='min-height:450px; min-width:800px; ' srcset=\"https:\/\/www.belmontevacanze.com\/wp-content\/uploads\/2018\/01\/camera.trilo_.1.jpg 1280w, https:\/\/www.belmontevacanze.com\/wp-content\/uploads\/2018\/01\/camera.trilo_.1-300x169.jpg 300w, https:\/\/www.belmontevacanze.com\/wp-content\/uploads\/2018\/01\/camera.trilo_.1-768x432.jpg 768w, https:\/\/www.belmontevacanze.com\/wp-content\/uploads\/2018\/01\/camera.trilo_.1-1030x579.jpg 1030w, https:\/\/www.belmontevacanze.com\/wp-content\/uploads\/2018\/01\/camera.trilo_.1-705x397.jpg 705w, https:\/\/www.belmontevacanze.com\/wp-content\/uploads\/2018\/01\/camera.trilo_.1-450x253.jpg 450w\" sizes=\"(max-width: 1280px) 100vw, 1280px\" \/><\/div><\/li><\/ul><div class='avia-slideshow-arrows avia-slideshow-controls' ><a href='#prev' class='prev-slide ' aria-hidden='true' data-av_icon='\ue87c' data-av_iconfont='entypo-fontello'  tabindex='-1'>Forrige<\/a><a href='#next' class='next-slide ' aria-hidden='true' data-av_icon='\ue87d' data-av_iconfont='entypo-fontello'  tabindex='-1'>N&#230;ste<\/a><\/div><div class='avia-slideshow-dots avia-slideshow-controls'><a href='#1' class='goto-slide active' >1<\/a><a href='#2' class='goto-slide ' >2<\/a><a href='#3' class='goto-slide ' >3<\/a><\/div><\/div><\/div><div id='after_full_slider_1'  class='main_color av_default_container_wrap container_wrap fullsize'  ><div class='container av-section-cont-open' ><div class='template-page content  av-content-full alpha units'><div class='post-entry post-entry-type-page post-entry-870'><div class='entry-content-wrapper clearfix'>\n\n<style type=\"text\/css\" data-created_by=\"avia_inline_auto\" id=\"style-css-av-av_one_fifth-79ff81c021393065cee878051452f6a6\">\n.flex_column.av-av_one_fifth-79ff81c021393065cee878051452f6a6{\nborder-radius:0px 0px 0px 0px;\npadding:0px 0px 0px 0px;\n}\n<\/style>\n<div  class='flex_column av-av_one_fifth-79ff81c021393065cee878051452f6a6 av_one_fifth  avia-builder-el-1  el_after_av_slideshow_full  el_before_av_three_fifth  avia-builder-el-first  first flex_column_div av-zero-column-padding  '     ><\/div>\n\n<style type=\"text\/css\" data-created_by=\"avia_inline_auto\" id=\"style-css-av-av_three_fifth-c8fc129dc35fd1ae2a1e410224d39ea8\">\n.flex_column.av-av_three_fifth-c8fc129dc35fd1ae2a1e410224d39ea8{\nborder-radius:0px 0px 0px 0px;\npadding:0px 0px 0px 0px;\n}\n<\/style>\n<div  class='flex_column av-av_three_fifth-c8fc129dc35fd1ae2a1e410224d39ea8 av_three_fifth  avia-builder-el-2  el_after_av_one_fifth  el_before_av_one_fifth  flex_column_div av-zero-column-padding  '     ><div  class='avia-button-wrap avia-button-center  avia-builder-el-3  avia-builder-el-no-sibling '>\n<style type=\"text\/css\" data-created_by=\"avia_inline_auto\" id=\"style-css-av-av_button_big-ca3202c1f1f0ed603d9283c74241eba8\">\n#top #wrap_all .avia-button.av-av_button_big-ca3202c1f1f0ed603d9283c74241eba8{\ncolor:#ffffff;\ntransition:all 0.4s ease-in-out;\n}\n#top #wrap_all .avia-button.av-av_button_big-ca3202c1f1f0ed603d9283c74241eba8:hover{\ncolor:#ffffff;\ntransition:all 0.4s ease-in-out;\n}\n<\/style>\n<a href='https:\/\/www.belmontevacanze.com\/da\/hvorfor-bestille-direkte-hos-os\/' class='avia-color-theme-color-highlight avia-button avia-button-fullwidth av-av_button_big-ca3202c1f1f0ed603d9283c74241eba8 avia-icon_select-no avia-color-theme-color-highlight'   aria-label=\"HVOFOR BESTILLE DIREKTE HOS OS?\"><span class='avia_iconbox_title' >HVOFOR BESTILLE DIREKTE HOS OS?<\/span><div class='av-button-description av-button-description-below'><p>Der er flere fordele ved at bestille dit ophold direkte gennem os<\/p>\n<\/div><span class='avia_button_background avia-button avia-button-fullwidth avia-color-theme-color'><\/span><\/a><\/div><\/div>\n\n<style type=\"text\/css\" data-created_by=\"avia_inline_auto\" id=\"style-css-av-av_one_fifth-49f6e875884219cf77c24341e550af53\">\n.flex_column.av-av_one_fifth-49f6e875884219cf77c24341e550af53{\nborder-radius:0px 0px 0px 0px;\npadding:0px 0px 0px 0px;\n}\n<\/style>\n<div  class='flex_column av-av_one_fifth-49f6e875884219cf77c24341e550af53 av_one_fifth  avia-builder-el-4  el_after_av_three_fifth  el_before_av_one_half  flex_column_div av-zero-column-padding  '     ><\/div>\n\n<style type=\"text\/css\" data-created_by=\"avia_inline_auto\" id=\"style-css-av-av_one_half-15d750bd1b332b34c6e70b077ebbccdf\">\n.flex_column.av-av_one_half-15d750bd1b332b34c6e70b077ebbccdf{\nborder-radius:0px 0px 0px 0px;\npadding:0px 0px 0px 0px;\n}\n<\/style>\n<div  class='flex_column av-av_one_half-15d750bd1b332b34c6e70b077ebbccdf av_one_half  avia-builder-el-5  el_after_av_one_fifth  el_before_av_one_half  first flex_column_div av-zero-column-padding  column-top-margin'     ><section  class='av_textblock_section av-av_textblock-2de302bf1aa3cf4c9157dbe6f50ac7eb '   itemscope=\"itemscope\" itemtype=\"https:\/\/schema.org\/CreativeWork\" ><div class='avia_textblock'  itemprop=\"text\" ><h2>TRILO 65 m\u00b2<\/h2>\n<h3>\u00a0ideel til sm\u00e5 familier<\/h3>\n<ul>\n<li>1\u00a0dobbeltseng<\/li>\n<li>2 enkeltsenge<\/li>\n<li>1 dobbelt sovesofa<\/li>\n<\/ul>\n<p>Hvis du har besluttet at tilbringe en afslappende ferie med familien eller vennerne, kan en af vores trev\u00e6relses lejligheder v\u00e6re dit feriehjem i Toscana.\u00a0 Denne lejlighed er ca. 65m2 og er blevet totalt renoveret i den typiske toscanske stil med fritlagte tr\u00e6bj\u00e6lker og m\u00f8bler, som er lavet i Toscana.<\/p>\n<\/div><\/section><\/div>\n\n<style type=\"text\/css\" data-created_by=\"avia_inline_auto\" id=\"style-css-av-av_one_half-c8fc129dc35fd1ae2a1e410224d39ea8\">\n.flex_column.av-av_one_half-c8fc129dc35fd1ae2a1e410224d39ea8{\nborder-radius:0px 0px 0px 0px;\npadding:0px 0px 0px 0px;\n}\n<\/style>\n<div  class='flex_column av-av_one_half-c8fc129dc35fd1ae2a1e410224d39ea8 av_one_half  avia-builder-el-7  el_after_av_one_half  el_before_av_textblock  flex_column_div av-zero-column-padding  column-top-margin'     ><p>\n<style type=\"text\/css\" data-created_by=\"avia_inline_auto\" id=\"style-css-av-lct2gs2j-5e1289cf355dd6af1353f40641a44d00\">\n.avia-image-container.av-lct2gs2j-5e1289cf355dd6af1353f40641a44d00 img.avia_image{\nbox-shadow:none;\n}\n.avia-image-container.av-lct2gs2j-5e1289cf355dd6af1353f40641a44d00 .av-image-caption-overlay-center{\ncolor:#ffffff;\n}\n<\/style>\n<div  class='avia-image-container av-lct2gs2j-5e1289cf355dd6af1353f40641a44d00 av-styling- avia-align-center  avia-builder-el-8  el_before_av_textblock  avia-builder-el-first '   itemprop=\"image\" itemscope=\"itemscope\" itemtype=\"https:\/\/schema.org\/ImageObject\" ><div class=\"avia-image-container-inner\"><div class=\"avia-image-overlay-wrap\"><img decoding=\"async\" fetchpriority=\"high\" class='wp-image-9663 avia-img-lazy-loading-not-9663 avia_image ' src=\"https:\/\/www.belmontevacanze.com\/wp-content\/uploads\/2023\/01\/trilo.jpg\" alt='' title='trilo'  height=\"297\" width=\"400\"  itemprop=\"thumbnailUrl\" srcset=\"https:\/\/www.belmontevacanze.com\/wp-content\/uploads\/2023\/01\/trilo.jpg 400w, https:\/\/www.belmontevacanze.com\/wp-content\/uploads\/2023\/01\/trilo-300x223.jpg 300w\" sizes=\"(max-width: 400px) 100vw, 400px\" \/><\/div><\/div><\/div><br \/>\n<section  class='av_textblock_section av-av_textblock-2de302bf1aa3cf4c9157dbe6f50ac7eb '   itemscope=\"itemscope\" itemtype=\"https:\/\/schema.org\/CreativeWork\" ><div class='avia_textblock'  itemprop=\"text\" ><p style=\"text-align: center;\"><strong>Fra 93 \u20ac\/nat<\/strong><\/p>\n<\/div><\/section><br \/>\n<div  class='avia-button-wrap av-av_button-134d2edcc634058202ffa9dfabddec18-wrap avia-button-center  avia-builder-el-10  el_after_av_textblock  el_before_av_hr '><a href='https:\/\/www.simplebooking.it\/ibe\/hotelbooking\/search?hid=2966&amp;lang=EN&amp;cur=EUR'  class='avia-button av-av_button-134d2edcc634058202ffa9dfabddec18 av-link-btn avia-icon_select-yes-right-icon avia-size-x-large avia-position-center avia-color-theme-color'   aria-label=\"Tjek tilg\u00e6ngelighed\"><span class='avia_iconbox_title' >Tjek tilg\u00e6ngelighed<\/span><span class='avia_button_icon avia_button_icon_right' aria-hidden='true' data-av_icon='\ue85b' data-av_iconfont='entypo-fontello'><\/span><\/a><\/div><br \/>\n\n<style type=\"text\/css\" data-created_by=\"avia_inline_auto\" id=\"style-css-av-av_hr-fbebcb4fe7f7f93a621d8b6783460008\">\n#top .hr.hr-invisible.av-av_hr-fbebcb4fe7f7f93a621d8b6783460008{\nheight:30px;\n}\n<\/style>\n<div  class='hr av-av_hr-fbebcb4fe7f7f93a621d8b6783460008 hr-invisible  avia-builder-el-11  el_after_av_button  avia-builder-el-last '><span class='hr-inner '><span class=\"hr-inner-style\"><\/span><\/span><\/div><\/p><\/div>\n<section  class='av_textblock_section av-lcu9z6ji-fd96e76b484a86e556a0c990a4451b06 '   itemscope=\"itemscope\" itemtype=\"https:\/\/schema.org\/CreativeWork\" ><div class='avia_textblock'  itemprop=\"text\" ><p>Lejligheden kan rumme <strong>op til 6 personer<\/strong>. Den indeholder et sovev\u00e6relse med en dobbeltseng og separat enkeltseng, sovev\u00e6relse med to enkeltsenge og en dobbelt-sofaseng. Denne lejlighed har et badev\u00e6relse. En hurtig Starlink internetforbindelse er tilg\u00e6ngelig i alle lejligheder.<\/p>\n<\/div><\/section>\n<\/div><\/div><\/div><!-- close content main div --><\/div><\/div><div id='av_section_1'  class='avia-section av-av_section-9387b0470ac2267f96cdc81359029f99 main_color avia-section-large avia-shadow  avia-builder-el-13  el_after_av_textblock  el_before_av_section  avia-bg-style-scroll container_wrap fullsize'  ><div class='container av-section-cont-open' ><div class='template-page content  av-content-full alpha units'><div class='post-entry post-entry-type-page post-entry-870'><div class='entry-content-wrapper clearfix'>\n<section  class='av_textblock_section av-av_textblock-2de302bf1aa3cf4c9157dbe6f50ac7eb '   itemscope=\"itemscope\" itemtype=\"https:\/\/schema.org\/CreativeWork\" ><div class='avia_textblock'  itemprop=\"text\" ><h3>TJENESTEYDELSER AF LEJLIGHEDERNE<\/h3>\n<hr \/>\n<\/div><\/section>\n<div  class='avia-logo-element-container av-av_partner-77e0eaa6247fc4a4cd2877309dc02682 av-border-deactivate avia-logo-grid avia-content-slider avia-smallarrow-slider avia-content-grid-active noHover avia-content-slider-even  avia-builder-el-15  el_after_av_textblock  avia-builder-el-last  avia-content-slider1' ><div class='avia-smallarrow-slider-heading  no-logo-slider-heading '><div class='new-special-heading'>&nbsp;<\/div><\/div><div class=\"avia-content-slider-inner\"><div class=\"slide-entry-wrap\"><div data-avia-tooltip=\"Gratis ultra-hurtig internet \" class='slide-entry av-av_partner_logo-1c459503d95d03d514e4d6b7b8d4b86e flex_column no_margin av_one_sixth real-thumbnail post-entry slide-entry-overview slide-loop-1 slide-parity-odd  first'><span class='av-partner-fake-img' style='padding-bottom:100%; background-image:url(https:\/\/www.belmontevacanze.com\/wp-content\/uploads\/2017\/10\/wifi.png);'><\/span><\/div><div data-avia-tooltip=\"Lejligheder med terrasse eller balkon \" class='slide-entry av-av_partner_logo-2f778fbf0c2081bdbd68fd8f7412a9a3 flex_column no_margin av_one_sixth real-thumbnail post-entry slide-entry-overview slide-loop-2 slide-parity-even  '><span class='av-partner-fake-img' style='padding-bottom:100%; background-image:url(https:\/\/www.belmontevacanze.com\/wp-content\/uploads\/2017\/10\/patio-terrazza.png);'><\/span><\/div><div data-avia-tooltip=\"Aircondition \/ opvarmning \" class='slide-entry av-av_partner_logo-f1e4a51defedcb122f551725a3262388 flex_column no_margin av_one_sixth real-thumbnail post-entry slide-entry-overview slide-loop-3 slide-parity-odd  '><span class='av-partner-fake-img' style='padding-bottom:100%; background-image:url(https:\/\/www.belmontevacanze.com\/wp-content\/uploads\/2017\/10\/aria-condizionata.png);'><\/span><\/div><div data-avia-tooltip=\"Fuldt udstyret k\u00f8kken med opvaskemaskine \" class='slide-entry av-av_partner_logo-5c8bcec6ca0f13dc41784dcde7face48 flex_column no_margin av_one_sixth real-thumbnail post-entry slide-entry-overview slide-loop-4 slide-parity-even  '><span class='av-partner-fake-img' style='padding-bottom:100%; background-image:url(https:\/\/www.belmontevacanze.com\/wp-content\/uploads\/2017\/10\/lavastoviglie.png);'><\/span><\/div><div data-avia-tooltip=\"Satellit-tv \" class='slide-entry av-av_partner_logo-a761e1c4b94fd529f5b97a6b11625b8a flex_column no_margin av_one_sixth real-thumbnail post-entry slide-entry-overview slide-loop-5 slide-parity-odd  '><span class='av-partner-fake-img' style='padding-bottom:100%; background-image:url(https:\/\/www.belmontevacanze.com\/wp-content\/uploads\/2017\/10\/satellite-tv.png);'><\/span><\/div><div data-avia-tooltip=\"K\u00e6ledyr er velkomne\" class='slide-entry av-av_partner_logo-3a8dd928f80abb0d6c7230def582522b flex_column no_margin av_one_sixth real-thumbnail post-entry slide-entry-overview slide-loop-6 slide-parity-even post-entry-last '><span class='av-partner-fake-img' style='padding-bottom:100%; background-image:url(https:\/\/www.belmontevacanze.com\/wp-content\/uploads\/2017\/10\/animali-ammessi.png);'><\/span><\/div><\/div><\/div><\/div>\n\n<\/div><\/div><\/div><!-- close content main div --><\/div><\/div><div id='av_section_2'  class='avia-section av-av_section-9cc81fa627e85fd8fe1b6014d6447633 socket_color avia-section-default avia-no-shadow  avia-builder-el-16  el_after_av_section  avia-builder-el-last  avia-bg-style-scroll container_wrap fullsize'  ><div class='container av-section-cont-open' ><div class='template-page content  av-content-full alpha units'><div class='post-entry post-entry-type-page post-entry-870'><div class='entry-content-wrapper clearfix'>\n\n<style type=\"text\/css\" data-created_by=\"avia_inline_auto\" id=\"style-css-av-av_heading-27f588e3b60732b8df747528fd54b060\">\n#top .av-special-heading.av-av_heading-27f588e3b60732b8df747528fd54b060{\npadding-bottom:30px;\ncolor:#ffffff;\n}\nbody .av-special-heading.av-av_heading-27f588e3b60732b8df747528fd54b060 .av-special-heading-tag .heading-char{\nfont-size:25px;\n}\n.av-special-heading.av-av_heading-27f588e3b60732b8df747528fd54b060 .special-heading-inner-border{\nborder-color:#ffffff;\n}\n.av-special-heading.av-av_heading-27f588e3b60732b8df747528fd54b060 .av-subheading{\nfont-size:15px;\n}\n<\/style>\n<div  class='av-special-heading av-av_heading-27f588e3b60732b8df747528fd54b060 av-special-heading-h3 custom-color-heading  avia-builder-el-17  el_before_av_one_third  avia-builder-el-first '><h3 class='av-special-heading-tag '  itemprop=\"headline\"  >LEDER DU EFTER EN MINDRE ELLER ST\u00d8RRE LEJLIGHED?<\/h3><div class=\"special-heading-border\"><div class=\"special-heading-inner-border\"><\/div><\/div><\/div>\n\n<style type=\"text\/css\" data-created_by=\"avia_inline_auto\" id=\"style-css-av-av_one_third-15d750bd1b332b34c6e70b077ebbccdf\">\n.flex_column.av-av_one_third-15d750bd1b332b34c6e70b077ebbccdf{\nborder-radius:0px 0px 0px 0px;\npadding:0px 0px 0px 0px;\n}\n<\/style>\n<div  class='flex_column av-av_one_third-15d750bd1b332b34c6e70b077ebbccdf av_one_third  avia-builder-el-18  el_after_av_heading  el_before_av_one_third  first flex_column_div av-zero-column-padding  '     ><section  class='av_textblock_section av-av_textblock-2de302bf1aa3cf4c9157dbe6f50ac7eb '   itemscope=\"itemscope\" itemtype=\"https:\/\/schema.org\/CreativeWork\" ><div class='avia_textblock'  itemprop=\"text\" ><h2><span style=\"color: #ffcc00;\">Trilo Plus<\/span><\/h2>\n<p>2 badev\u00e6relser for st\u00f8rre komfort<\/p>\n<\/div><\/section><br \/>\n<div  class='avia-button-wrap av-av_button-932af151c3d7e9c7585c71380e7f826e-wrap avia-button-left  avia-builder-el-20  el_after_av_textblock  avia-builder-el-last '><a href='https:\/\/www.belmontevacanze.com\/da\/lejligheder\/trilo-plus\/'  class='avia-button av-av_button-932af151c3d7e9c7585c71380e7f826e av-link-btn avia-icon_select-yes-right-icon avia-size-medium avia-position-left avia-color-light'   aria-label=\"Se TRILO PLUS leijlighed\"><span class='avia_iconbox_title' >Se TRILO PLUS leijlighed<\/span><span class='avia_button_icon avia_button_icon_right' aria-hidden='true' data-av_icon='\ue875' data-av_iconfont='entypo-fontello'><\/span><\/a><\/div><\/p><\/div>\n<style type=\"text\/css\" data-created_by=\"avia_inline_auto\" id=\"style-css-av-av_one_third-c8fc129dc35fd1ae2a1e410224d39ea8\">\n.flex_column.av-av_one_third-c8fc129dc35fd1ae2a1e410224d39ea8{\nborder-radius:0px 0px 0px 0px;\npadding:0px 0px 0px 0px;\n}\n<\/style>\n<div  class='flex_column av-av_one_third-c8fc129dc35fd1ae2a1e410224d39ea8 av_one_third  avia-builder-el-21  el_after_av_one_third  el_before_av_one_third  flex_column_div av-zero-column-padding  '     ><section  class='av_textblock_section av-av_textblock-2de302bf1aa3cf4c9157dbe6f50ac7eb '   itemscope=\"itemscope\" itemtype=\"https:\/\/schema.org\/CreativeWork\" ><div class='avia_textblock'  itemprop=\"text\" ><h2><span style=\"color: #ffcc00;\">Quadri<\/span><\/h2>\n<div class=\"five columns columns-margin\"><\/div>\n<div class=\"five columns columns-margin\">\n<h5><\/h5>\n<\/div>\n<div class=\"five columns\">\n<p>Ideel til to familier eller store grupper<\/p>\n<\/div>\n<\/div><\/section><br \/>\n<div  class='avia-button-wrap av-av_button-8afbf82285c16425722c602555a65f35-wrap avia-button-left  avia-builder-el-23  el_after_av_textblock  avia-builder-el-last '><a href='https:\/\/www.belmontevacanze.com\/da\/lejligheder\/quadri\/'  class='avia-button av-av_button-8afbf82285c16425722c602555a65f35 av-link-btn avia-icon_select-yes-right-icon avia-size-medium avia-position-left avia-color-light'   aria-label=\"Se QUADRI leijlighed\"><span class='avia_iconbox_title' >Se QUADRI leijlighed<\/span><span class='avia_button_icon avia_button_icon_right' aria-hidden='true' data-av_icon='\ue875' data-av_iconfont='entypo-fontello'><\/span><\/a><\/div><\/p><\/div>\n<style type=\"text\/css\" data-created_by=\"avia_inline_auto\" id=\"style-css-av-av_one_third-c8fc129dc35fd1ae2a1e410224d39ea8\">\n.flex_column.av-av_one_third-c8fc129dc35fd1ae2a1e410224d39ea8{\nborder-radius:0px 0px 0px 0px;\npadding:0px 0px 0px 0px;\n}\n<\/style>\n<div  class='flex_column av-av_one_third-c8fc129dc35fd1ae2a1e410224d39ea8 av_one_third  avia-builder-el-24  el_after_av_one_third  avia-builder-el-last  flex_column_div av-zero-column-padding  '     ><section  class='av_textblock_section av-av_textblock-2de302bf1aa3cf4c9157dbe6f50ac7eb '   itemscope=\"itemscope\" itemtype=\"https:\/\/schema.org\/CreativeWork\" ><div class='avia_textblock'  itemprop=\"text\" ><h2><span style=\"color: #ffcc00;\">Bilo<\/span><\/h2>\n<p>Ideel for par og sm\u00e5 familier<\/p>\n<\/div><\/section><br \/>\n<div  class='avia-button-wrap av-av_button-7da549b97d6ee0816aa4f4bbea37944e-wrap avia-button-left  avia-builder-el-26  el_after_av_textblock  avia-builder-el-last '><a href='https:\/\/www.belmontevacanze.com\/da\/lejligheder\/bilo\/'  class='avia-button av-av_button-7da549b97d6ee0816aa4f4bbea37944e av-link-btn avia-icon_select-yes-right-icon avia-size-medium avia-position-left avia-color-light'   aria-label=\"Se BILO leijlighed\"><span class='avia_iconbox_title' >Se BILO leijlighed<\/span><span class='avia_button_icon avia_button_icon_right' aria-hidden='true' data-av_icon='\ue875' data-av_iconfont='entypo-fontello'><\/span><\/a><\/div><\/p><\/div>\n\n","protected":false},"excerpt":{"rendered":"","protected":false},"author":3,"featured_media":0,"parent":777,"menu_order":0,"comment_status":"closed","ping_status":"closed","template":"","meta":{"footnotes":""},"class_list":["post-870","page","type-page","status-publish","hentry"],"_links":{"self":[{"href":"https:\/\/www.belmontevacanze.com\/da\/wp-json\/wp\/v2\/pages\/870","targetHints":{"allow":["GET"]}}],"collection":[{"href":"https:\/\/www.belmontevacanze.com\/da\/wp-json\/wp\/v2\/pages"}],"about":[{"href":"https:\/\/www.belmontevacanze.com\/da\/wp-json\/wp\/v2\/types\/page"}],"author":[{"embeddable":true,"href":"https:\/\/www.belmontevacanze.com\/da\/wp-json\/wp\/v2\/users\/3"}],"replies":[{"embeddable":true,"href":"https:\/\/www.belmontevacanze.com\/da\/wp-json\/wp\/v2\/comments?post=870"}],"version-history":[{"count":11,"href":"https:\/\/www.belmontevacanze.com\/da\/wp-json\/wp\/v2\/pages\/870\/revisions"}],"predecessor-version":[{"id":10196,"href":"https:\/\/www.belmontevacanze.com\/da\/wp-json\/wp\/v2\/pages\/870\/revisions\/10196"}],"up":[{"embeddable":true,"href":"https:\/\/www.belmontevacanze.com\/da\/wp-json\/wp\/v2\/pages\/777"}],"wp:attachment":[{"href":"https:\/\/www.belmontevacanze.com\/da\/wp-json\/wp\/v2\/media?parent=870"}],"curies":[{"name":"wp","href":"https:\/\/api.w.org\/{rel}","templated":true}]}}