{"id":1025,"date":"2018-01-30T17:54:01","date_gmt":"2018-01-30T16:54:01","guid":{"rendered":"https:\/\/www.belmontevacanze.com\/?page_id=1025"},"modified":"2025-03-21T11:10:21","modified_gmt":"2025-03-21T10:10:21","slug":"bauernhof-panorama-schwimmbad","status":"publish","type":"page","link":"https:\/\/www.belmontevacanze.com\/de\/leistungen\/bauernhof-panorama-schwimmbad\/","title":{"rendered":"Panorama-Pool"},"content":{"rendered":"<div  class='avia-video av-l5b2f4bf-a99aeb080461f6bc06a061e4121ad008 avia-video-16-9 av-no-preview-image avia-video-load-always av-lazyload-immediate av-lazyload-video-embed'  itemprop=\"video\" itemtype=\"https:\/\/schema.org\/VideoObject\"  data-original_url='https:\/\/www.youtube.com\/watch?v=DpfbgMZD734'><script type='text\/html' class='av-video-tmpl'><div class='avia-iframe-wrap'><iframe loading=\"lazy\" title=\"Belmonte Vacanze, agriturismo with pool in Montaione,Tuscany.\" width=\"1500\" height=\"844\" src=\"https:\/\/www.youtube.com\/embed\/DpfbgMZD734?feature=oembed&autoplay=0&loop=0&controls=1&mute=0\" frameborder=\"0\" allow=\"accelerometer; autoplay; encrypted-media; gyroscope; picture-in-picture\" allowfullscreen><\/iframe><\/div><\/script><div class='av-click-to-play-overlay'><div class=\"avia_playpause_icon\"><\/div><\/div><\/div>\n<section  class='av_textblock_section av-la81kbuj-3b5563448e716a3b3b3d34e2a007e8db '   itemscope=\"itemscope\" itemtype=\"https:\/\/schema.org\/CreativeWork\" ><div class='avia_textblock'  itemprop=\"text\" ><h2>Pool mit fantastischer Aussicht auf die H\u00fcgel der Toskana<\/h2>\n<h4>DER PANORAMA-POOL<\/h4>\n<p>Wir haben den <strong>350m2 gro\u00dfen Pool<\/strong> des Agriturismo auf einem Felsvorsprung gebaut, von dem aus man das wundersch\u00f6ne Tal bewundern kann. Stellen Sie sich vor, ein Bad oder eine Massage im hydromassage zu nehmen w\u00e4hrend sie die direkte Sicht auf die toskanische Landschaft genie\u00dfen k\u00f6nnen.<\/p>\n<h4>HYDRO-MASSAGE<\/h4>\n<p>Genie\u00dfen Sie nach ein paar Bahnen im Schwimmbad eine entspannende Massage im hydromassage.<\/p>\n<h4>DER ZUGANG ZUM POOL<\/h4>\n<p><strong>Eine Seite des Pools hat einen flachen Zugang.<\/strong><br \/>\nDas ist gro\u00dfartig, denn:<\/p>\n<ul>\n<li>Es erlaubt Ihnen, langsam ins tiefere Wasser zu gelangen<\/li>\n<li>Sie k\u00f6nnen Sich sonnen, w\u00e4hrend Sie im flachen Wasser liegen, ohne ganz vom Wasser umgeben zu sein<\/li>\n<li>Kinder k\u00f6nnen sich sicher im flachen Wasser bewegen und Sie k\u00f6nnen ihnen mit einem guten Gef\u00fchl das Schwimmen beibringen.<\/li>\n<\/ul>\n<h4>WASSERAUFBEREITUNG MIT CHLORIERUNG<\/h4>\n<p>Wir haben eine <strong>Wasserdesinfektionsanlage mit kontinuierlicher Chlordosierung<\/strong> installiert, entsprechend der Verordnung zur Durchf\u00fchrung des Landesgesetzes vom 9. M\u00e4rz 2006 Nr. 8 (Regeln \u00fcber hygienisch-sanit\u00e4re Anforderungen an Schwimmb\u00e4der). Das Wasser wird somit entgiftet und desinfiziert. Alles wird von uns und computergesteuerten Maschinen gesteuert.<\/p>\n<h4>EIN GROSSES SONNENDECK<\/h4>\n<p>Die Liegefl\u00e4che rund um den Pool ist sehr gro\u00df\u00a0und ist mit rutschfesten Ziegeln gepflastert. Es sind gen\u00fcgend Sonnenschirme und Strandliegen f\u00fcr alle vorhanden. Der Poolbereich ist umz\u00e4unt und zur Sicherheit der Kinder nachts geschlossen.<\/p>\n<h4>DAS SCHWIMMBECKEN F\u00dcR KINDER<\/h4>\n<p><strong>F\u00fcr Kinder haben wir ein eigenes Schwimmbecken mit seichtem Wasser<\/strong> und einer Rutsche gebaut. Hier k\u00f6nnen sie sicher spielen, w\u00e4hrend Sie sich im gro\u00dfen Becken entspannen, ein Buch lesen oder die italienische Sonne genie\u00dfen k\u00f6nne, falls bevorzugt im Schatten eines Sonnenschirms.<\/p>\n<h4>WLAN AM POOL<\/h4>\n<p>Dank des erst k\u00fcrzlich installierten Hotspots, <strong>k\u00f6nnen Sie das WLAN auch vom Poolbereich aus nutzen<\/strong>.<strong>\u00a0<\/strong>Mit dem iPhone in der Hand k\u00f6nnen Sie absolut entspannt im Internet surfen und ein Foto auf Instagram posten, um alle Ihre Freunde neidisch zu machen!<\/p>\n<\/div><\/section>\n<div  class='avia-video av-av_video-1388afa2e47d0b0172857d14bddc78d1 avia-video-16-9 av-no-preview-image avia-video-load-always av-lazyload-immediate av-lazyload-video-embed'  itemprop=\"video\" itemtype=\"https:\/\/schema.org\/VideoObject\"  data-original_url='https:\/\/youtu.be\/7avGiZdHujU'><script type='text\/html' class='av-video-tmpl'><div class='avia-iframe-wrap'><iframe loading=\"lazy\" title=\"Agriturismo with panoramic pool in Montaione,Tuscany\" width=\"1500\" height=\"844\" src=\"https:\/\/www.youtube.com\/embed\/7avGiZdHujU?feature=oembed&autoplay=0&loop=0&controls=1&mute=0\" frameborder=\"0\" allow=\"accelerometer; autoplay; encrypted-media; gyroscope; picture-in-picture\" allowfullscreen><\/iframe><\/div><\/script><div class='av-click-to-play-overlay'><div class=\"avia_playpause_icon\"><\/div><\/div><\/div>\n\n\n<style type=\"text\/css\" data-created_by=\"avia_inline_auto\" id=\"style-css-av-av_section-fd6d31b9e6c1051067bf4e29e5bfbcbb\">\n.avia-section.av-av_section-fd6d31b9e6c1051067bf4e29e5bfbcbb{\nbackground-repeat:no-repeat;\nbackground-image:url(https:\/\/www.belmontevacanze.com\/wp-content\/uploads\/2020\/03\/bg-email.png);\nbackground-position:100% 50%;\nbackground-attachment:scroll;\n}\n<\/style>\n<div id='av_section_1'  class='avia-section av-av_section-fd6d31b9e6c1051067bf4e29e5bfbcbb socket_color avia-section-large avia-no-shadow  avia-builder-el-4  el_after_av_masonry_gallery  avia-builder-el-last  avia-full-contain avia-bg-style-scroll container_wrap fullsize'  data-section-bg-repeat='contain'><div class='container av-section-cont-open' ><div class='template-page content  av-content-full alpha units'><div class='post-entry post-entry-type-page post-entry-1025'><div class='entry-content-wrapper clearfix'>\n\n<style type=\"text\/css\" data-created_by=\"avia_inline_auto\" id=\"style-css-av-av_one_fifth-15d750bd1b332b34c6e70b077ebbccdf\">\n.flex_column.av-av_one_fifth-15d750bd1b332b34c6e70b077ebbccdf{\nborder-radius:0px 0px 0px 0px;\npadding:0px 0px 0px 0px;\n}\n<\/style>\n<div  class='flex_column av-av_one_fifth-15d750bd1b332b34c6e70b077ebbccdf av_one_fifth  avia-builder-el-5  el_before_av_three_fifth  avia-builder-el-first  first flex_column_div av-zero-column-padding  '     ><\/div>\n<style type=\"text\/css\" data-created_by=\"avia_inline_auto\" id=\"style-css-av-av_three_fifth-c8fc129dc35fd1ae2a1e410224d39ea8\">\n.flex_column.av-av_three_fifth-c8fc129dc35fd1ae2a1e410224d39ea8{\nborder-radius:0px 0px 0px 0px;\npadding:0px 0px 0px 0px;\n}\n<\/style>\n<div  class='flex_column av-av_three_fifth-c8fc129dc35fd1ae2a1e410224d39ea8 av_three_fifth  avia-builder-el-6  el_after_av_one_fifth  el_before_av_one_fifth  flex_column_div av-zero-column-padding  '     ><style type=\"text\/css\" data-created_by=\"avia_inline_auto\" id=\"style-css-av-av_textblock-dd2387397296c1a314b0b5f4a3f918a3\">\n#top .av_textblock_section.av-av_textblock-dd2387397296c1a314b0b5f4a3f918a3 .avia_textblock{\ncolor:#ffffff;\n}\n<\/style>\n<section  class='av_textblock_section av-av_textblock-dd2387397296c1a314b0b5f4a3f918a3 '   itemscope=\"itemscope\" itemtype=\"https:\/\/schema.org\/CreativeWork\" ><div class='avia_textblock av_inherit_color'  itemprop=\"text\" ><h3 style=\"text-align: center;\"><span style=\"color: #f8be00;\">Newsletter anmelden<\/span><\/h3>\n<p style=\"text-align: center;\"><strong>Sie m\u00f6chten jetzt nicht buchen?<br \/>\n<\/strong>Hinterlassen Sie Ihre E-Mail Adresse und Sie bekommen sofort ein <strong>Sonderangebot<\/strong> f\u00fcr Ihren n\u00e4chsten Aufenthalt.<br \/>\n<strong>Nur f\u00fcr die ersten 10 Anmeldungen!\u00a0<\/strong><\/p>\n<\/div><\/section><br \/>\n<\/p><\/div>\n<style type=\"text\/css\" data-created_by=\"avia_inline_auto\" id=\"style-css-av-av_one_fifth-c8fc129dc35fd1ae2a1e410224d39ea8\">\n.flex_column.av-av_one_fifth-c8fc129dc35fd1ae2a1e410224d39ea8{\nborder-radius:0px 0px 0px 0px;\npadding:0px 0px 0px 0px;\n}\n<\/style>\n<div  class='flex_column av-av_one_fifth-c8fc129dc35fd1ae2a1e410224d39ea8 av_one_fifth  avia-builder-el-9  el_after_av_three_fifth  avia-builder-el-last  flex_column_div av-zero-column-padding  '     ><\/div>\n\n","protected":false},"excerpt":{"rendered":"","protected":false},"author":2,"featured_media":0,"parent":1975,"menu_order":0,"comment_status":"closed","ping_status":"closed","template":"","meta":{"footnotes":""},"class_list":["post-1025","page","type-page","status-publish","hentry"],"_links":{"self":[{"href":"https:\/\/www.belmontevacanze.com\/de\/wp-json\/wp\/v2\/pages\/1025","targetHints":{"allow":["GET"]}}],"collection":[{"href":"https:\/\/www.belmontevacanze.com\/de\/wp-json\/wp\/v2\/pages"}],"about":[{"href":"https:\/\/www.belmontevacanze.com\/de\/wp-json\/wp\/v2\/types\/page"}],"author":[{"embeddable":true,"href":"https:\/\/www.belmontevacanze.com\/de\/wp-json\/wp\/v2\/users\/2"}],"replies":[{"embeddable":true,"href":"https:\/\/www.belmontevacanze.com\/de\/wp-json\/wp\/v2\/comments?post=1025"}],"version-history":[{"count":17,"href":"https:\/\/www.belmontevacanze.com\/de\/wp-json\/wp\/v2\/pages\/1025\/revisions"}],"predecessor-version":[{"id":12180,"href":"https:\/\/www.belmontevacanze.com\/de\/wp-json\/wp\/v2\/pages\/1025\/revisions\/12180"}],"up":[{"embeddable":true,"href":"https:\/\/www.belmontevacanze.com\/de\/wp-json\/wp\/v2\/pages\/1975"}],"wp:attachment":[{"href":"https:\/\/www.belmontevacanze.com\/de\/wp-json\/wp\/v2\/media?parent=1025"}],"curies":[{"name":"wp","href":"https:\/\/api.w.org\/{rel}","templated":true}]}}