{"id":10361,"date":"2023-03-14T10:07:09","date_gmt":"2023-03-14T09:07:09","guid":{"rendered":"https:\/\/www.belmontevacanze.com\/vacanze-di-primavera-in-toscana\/"},"modified":"2023-09-01T13:27:38","modified_gmt":"2023-09-01T11:27:38","slug":"fruehling-in-der-toskana","status":"publish","type":"page","link":"https:\/\/www.belmontevacanze.com\/de\/fruehling-in-der-toskana\/","title":{"rendered":"Fr\u00fchling in der Toskana"},"content":{"rendered":"<div id='full_slider_1'  class='avia-fullwidth-slider main_color avia-shadow   avia-builder-el-0  el_before_av_textblock  avia-builder-el-first   container_wrap fullsize'  ><div  class='avia-slideshow av-ld1sc7au-6d6bb6d7ee74f574832fac7c0be948c4 avia-slideshow-no scaling av_slideshow_full avia-slide-slider av-slideshow-ui av-control-default av-slideshow-manual av-loop-once av-loop-manual-endless av-default-height-applied   avia-slideshow-1' data-slideshow-options=\"{&quot;animation&quot;:&quot;slide&quot;,&quot;autoplay&quot;:false,&quot;loop_autoplay&quot;:&quot;once&quot;,&quot;interval&quot;:5,&quot;loop_manual&quot;:&quot;manual-endless&quot;,&quot;autoplay_stopper&quot;:false,&quot;noNavigation&quot;:false,&quot;bg_slider&quot;:false,&quot;keep_padding&quot;:false,&quot;hoverpause&quot;:false,&quot;show_slide_delay&quot;:0}\"  itemprop=\"image\" itemscope=\"itemscope\" itemtype=\"https:\/\/schema.org\/ImageObject\" ><ul class='avia-slideshow-inner ' style='padding-bottom: 35.25%;'><li  class='avia-slideshow-slide av-ld1sc7au-6d6bb6d7ee74f574832fac7c0be948c4__0  av-single-slide slide-1 slide-odd'><div data-rel='slideshow-1' class='avia-slide-wrap '   ><img decoding=\"async\" fetchpriority=\"high\" class=\"wp-image-10327 avia-img-lazy-loading-not-10327\"  src=\"https:\/\/www.belmontevacanze.com\/wp-content\/uploads\/2023\/02\/Belmonte-a-primavera-2.jpg\" width=\"1200\" height=\"423\" title='' alt='Die Toskana im Fr\u00fchling: erste Bl\u00fcten im Garten'  itemprop=\"thumbnailUrl\" srcset=\"https:\/\/www.belmontevacanze.com\/wp-content\/uploads\/2023\/02\/Belmonte-a-primavera-2.jpg 1200w, https:\/\/www.belmontevacanze.com\/wp-content\/uploads\/2023\/02\/Belmonte-a-primavera-2-300x106.jpg 300w, https:\/\/www.belmontevacanze.com\/wp-content\/uploads\/2023\/02\/Belmonte-a-primavera-2-1030x363.jpg 1030w, https:\/\/www.belmontevacanze.com\/wp-content\/uploads\/2023\/02\/Belmonte-a-primavera-2-768x271.jpg 768w, https:\/\/www.belmontevacanze.com\/wp-content\/uploads\/2023\/02\/Belmonte-a-primavera-2-705x249.jpg 705w\" sizes=\"(max-width: 1200px) 100vw, 1200px\" \/><\/div><\/li><\/ul><\/div><\/div><div id='after_full_slider_1'  class='main_color av_default_container_wrap container_wrap fullsize'  ><div class='container av-section-cont-open' ><div class='template-page content  av-content-full alpha units'><div class='post-entry post-entry-type-page post-entry-10361'><div class='entry-content-wrapper clearfix'>\n<section  class='av_textblock_section av-ld1ry2qv-bd616f13df82bb451e4ecb511e35eb16 '   itemscope=\"itemscope\" itemtype=\"https:\/\/schema.org\/CreativeWork\" ><div class='avia_textblock'  itemprop=\"text\" ><h2 style=\"text-align: center;\"><em>Der Zauber der Toskana im Fr\u00fchling<\/em><\/h2>\n<h3 style=\"text-align: center;\"><em><span style=\"font-weight: 400;\">Natur, Blumen, frische Luft und eine Atmosph\u00e4re des Wiedererwachens.<\/span><\/em><\/h3>\n<p style=\"text-align: center;\"><span style=\"font-weight: 400;\">Simona bringt dann rot bl\u00fchende Geranien und David, unser G\u00e4rtner, arrangiert sie in T\u00f6pfen, die Ihren Garten oder Balkon schm\u00fccken werden. Vielleicht helfen Sie uns, sie dann zu pflegen und jeden Tag zu gie\u00dfen?\u00a0<\/span><\/p>\n<\/div><\/section>\n\n<style type=\"text\/css\" data-created_by=\"avia_inline_auto\" id=\"style-css-av-afe87m-24fcd5dd9525604e6da35e5ce50cf1bf\">\n.flex_column.av-afe87m-24fcd5dd9525604e6da35e5ce50cf1bf{\nborder-radius:0px 0px 0px 0px;\npadding:0px 0px 0px 0px;\n}\n<\/style>\n<div  class='flex_column av-afe87m-24fcd5dd9525604e6da35e5ce50cf1bf av_one_fifth  avia-builder-el-2  el_after_av_textblock  el_before_av_three_fifth  first flex_column_div av-zero-column-padding  column-top-margin'     ><\/div>\n\n<style type=\"text\/css\" data-created_by=\"avia_inline_auto\" id=\"style-css-av-9810ia-a7bbbd490d124d755791dfce5e7f7a0d\">\n.flex_column.av-9810ia-a7bbbd490d124d755791dfce5e7f7a0d{\nborder-width:10px;\nborder-color:#edae44;\nborder-style:solid;\nborder-radius:0 0 0 0;\npadding:10px 10px 10px 10px;\n}\n<\/style>\n<div  class='flex_column av-9810ia-a7bbbd490d124d755791dfce5e7f7a0d av_three_fifth  avia-builder-el-3  el_after_av_one_fifth  el_before_av_one_fifth  flex_column_div  column-top-margin'     ><section  class='av_textblock_section av-ldoi8php-0ce7e8923f9e727ddcac0334b2bf3d08 '   itemscope=\"itemscope\" itemtype=\"https:\/\/schema.org\/CreativeWork\" ><div class='avia_textblock'  itemprop=\"text\" ><h2 style=\"text-align: center;\"><b>Warum ist der Fr\u00fchling die beste Reisezeit f\u00fcr die Toskana?<\/b><\/h2>\n<h4 style=\"text-align: center;\">1.<\/h4>\n<p style=\"text-align: center;\"><strong>D<\/strong><span style=\"font-weight: 400;\"><strong>as Klima ist mild<\/strong>, schon angenehm warm, aber noch nicht so hei\u00df wie in der Hochsaison. &#8211; Die sch\u00f6nsten St\u00e4dte der Toskana, ja ganz Italiens, sind im Fr\u00fchling noch wenig \u00fcberlaufen und ruhiger. <\/span><span style=\"font-weight: 400;\">Und es gibt noch <strong>keine l\u00e4stigen Stechm\u00fccken!<\/strong><\/span><\/p>\n<h4 style=\"text-align: center;\">2.<\/h4>\n<p style=\"text-align: center;\"><span style=\"font-weight: 400;\"><strong>Auf den<\/strong> <strong>Feldern ist Bl\u00fctezeit, und die H\u00fcgel f\u00e4rben sich in leuchtenden Farben<\/strong> und tausend Gr\u00fcn-Schattierungen. Sie k\u00f6nnen die Sch\u00f6nheit <strong>der Natur zu Fu\u00df, mit dem Fahrrad, mit dem Motorrad oder einfach durchs Autofenster genie\u00dfen<\/strong>, indem Sie die gewundenen Stra\u00dfen der Toskana entlang fahren.<\/span><\/p>\n<h4 style=\"text-align: center;\">3.<\/h4>\n<p style=\"text-align: center;\"><span style=\"font-weight: 400;\"><strong>Osterferien, Pfingsten <\/strong>oder verl\u00e4ngerte Wochenenden wie um den 1. Mai, Christi Himmelfahrt und Fronleichnam <strong>sind ideal, um die Toskana zu ihrer sch\u00f6nsten<\/strong><\/span> <span style=\"font-weight: 400;\"><strong>Jahreszeit zu bereisen<\/strong>.<\/span><\/p>\n<h4 style=\"text-align: center;\">4.<\/h4>\n<p style=\"text-align: center;\">W<span style=\"font-weight: 400;\">as kann man im Fr\u00fchling unternehmen? Sie haben die Qual der Wahl!<strong> Zahlreiche Veranstaltungen und Dorffeste<\/strong> mit typischen toskanischen K\u00f6stlichkeiten bieten sich an, <strong>um gemeinsam den Beginn der warmen Jahreszeit zu feiern<\/strong><\/span>.<\/p>\n<\/div><\/section><\/div>\n\n<style type=\"text\/css\" data-created_by=\"avia_inline_auto\" id=\"style-css-av-5oago2-b28ae27e6ee68368b4ce90e0b876da4d\">\n.flex_column.av-5oago2-b28ae27e6ee68368b4ce90e0b876da4d{\nborder-radius:0px 0px 0px 0px;\npadding:0px 0px 0px 0px;\n}\n<\/style>\n<div  class='flex_column av-5oago2-b28ae27e6ee68368b4ce90e0b876da4d av_one_fifth  avia-builder-el-5  el_after_av_three_fifth  el_before_av_one_fifth  flex_column_div av-zero-column-padding  column-top-margin'     ><\/div>\n\n<style type=\"text\/css\" data-created_by=\"avia_inline_auto\" id=\"style-css-av-7ahsrm-a73d10b4b238a6874aac00e14a76c968\">\n.flex_column.av-7ahsrm-a73d10b4b238a6874aac00e14a76c968{\nborder-radius:0px 0px 0px 0px;\npadding:0px 0px 0px 0px;\n}\n<\/style>\n<div  class='flex_column av-7ahsrm-a73d10b4b238a6874aac00e14a76c968 av_one_fifth  avia-builder-el-6  el_after_av_one_fifth  el_before_av_three_fifth  first flex_column_div av-zero-column-padding  column-top-margin'     ><\/div>\n\n<style type=\"text\/css\" data-created_by=\"avia_inline_auto\" id=\"style-css-av-ezh5u-cf339282cc9fa0b1e8eaa71cf1c3ea0c\">\n.flex_column.av-ezh5u-cf339282cc9fa0b1e8eaa71cf1c3ea0c{\nborder-width:10px;\nborder-color:#edae44;\nborder-style:solid;\nborder-radius:0px 0px 0px 0px;\npadding:10px 10px 10px 10px;\nbackground-color:#ffffff;\n}\n<\/style>\n<div  class='flex_column av-ezh5u-cf339282cc9fa0b1e8eaa71cf1c3ea0c av_three_fifth  avia-builder-el-7  el_after_av_one_fifth  el_before_av_one_fifth  flex_column_div  column-top-margin'     ><section  class='av_textblock_section av-ldoi8php-0ce7e8923f9e727ddcac0334b2bf3d08 '   itemscope=\"itemscope\" itemtype=\"https:\/\/schema.org\/CreativeWork\" ><div class='avia_textblock'  itemprop=\"text\" ><h2 style=\"text-align: center;\"><b>Warum Fr\u00fchlingsurlaub im Agriturismo Belmonte?<\/b><\/h2>\n<h4 style=\"text-align: center;\">1.<\/h4>\n<p style=\"text-align: center;\"><strong>D<\/strong><span style=\"font-weight: 400;\"><strong>as Wetter wird von Tag zu Tag besser<\/strong> und auch die Wassertemperaturen beginnen zu steigen. Der Panorama-Pool steht zum Schwimmen bereit und ist oft auch im Fr\u00fchling schon der Renner bei Gro\u00df und Klein.<\/span><\/p>\n<h4 style=\"text-align: center;\">2.<\/h4>\n<p style=\"text-align: center;\"><span style=\"font-weight: 400;\">Das Fr\u00fchjahr ist die <strong>ideale<\/strong> <strong>Jahreszeit zum Wandern und Sporteln im Freien<\/strong> &#8211; oder einfach, um sich in der Natur aufzuhalten. In unserem Agriturismo finden Sie einen MTB-<strong>Fahrradverleih<\/strong> (inkl. E-Bikes) <a href=\"https:\/\/ridemontaione.com\/de\/\">www.ridemontaione.com<\/a>, <strong>um auf den<\/strong> <strong>Pfaden der Umgebung in die Pedale zu treten<\/strong>. Und nur 1 km von den Ferienwohnungen entfernt<strong> finden Sie unseren Reitstall<\/strong> <a href=\"https:\/\/www.ridingtuscany.com\/de\/\">www.ridingtuscany.com<\/a> f\u00fcr beeindruckende Reiterlebnisse.<\/span><\/p>\n<h4 style=\"text-align: center;\">3.<\/h4>\n<p style=\"text-align: center;\"><span style=\"font-weight: 400;\">Wir k\u00f6nnen individuell auf Ihre Bed\u00fcrfnisse eingehen und <strong>mit Ihnen gemeinsam die Ferienwohnung ausw\u00e4hlen<\/strong>, die am besten zu Ihnen und Ihrer Familie passt.<\/span><\/p>\n<h4 style=\"text-align: center;\">4.<\/h4>\n<p style=\"text-align: center;\"><span style=\"font-weight: 400;\"><strong>In der Nebensaison sind die Preise niedriger<\/strong> und wir haben einige sehr <strong>attraktive Angebote auf Lager<\/strong>, egal ob Sie einen l\u00e4ngeren Urlaub oder ein Wochenende planen. W\u00e4hlen Sie Ihre Urlaubsdaten auf unserem<\/span><span style=\"font-weight: 400;\"><br \/>\n<\/span><span style=\"font-weight: 400;\"><a href=\"https:\/\/www.simplebooking.it\/ibe\/hotelbooking\/search?hid=2966&amp;lang=DE&amp;cur=EUR&amp;_gl=1*13zun9*_ga*OTY5NTA1MjI3LjE1MDAzNjI4MzA.*_ga_5232QF0BPF*MTY3ODc5NzQ0Mi4zLjEuMTY3ODc5NzUyNy4wLjAuMA..&amp;_ga=2.114795527.1426797109.1678797447-969505227.1500362830\"><strong>ONLINE BOOKING<\/strong>-System<\/a> und entdecken Sie unsere Pakete.<\/span><span style=\"font-weight: 400;\"><br \/>\n<\/span><span style=\"font-weight: 400;\">Oder kontaktieren Sie uns f\u00fcr ein ma\u00dfgeschneidertes Angebot unter<\/span><span style=\"font-weight: 400;\"><br \/>\n<\/span><span style=\"font-weight: 400;\"><br \/>\n<\/span><a href=\"mailto:info@belmontevacanze.com\"><strong>info@belmontevacanze.com<\/strong><\/a><\/p>\n<\/div><\/section><\/div>\n\n<style type=\"text\/css\" data-created_by=\"avia_inline_auto\" id=\"style-css-av-30u18y-ecac14a792b9e3f22a9204c65daafe96\">\n.flex_column.av-30u18y-ecac14a792b9e3f22a9204c65daafe96{\nborder-radius:0px 0px 0px 0px;\npadding:0px 0px 0px 0px;\n}\n<\/style>\n<div  class='flex_column av-30u18y-ecac14a792b9e3f22a9204c65daafe96 av_one_fifth  avia-builder-el-9  el_after_av_three_fifth  el_before_av_section  avia-builder-el-last  flex_column_div av-zero-column-padding  column-top-margin'     ><\/div>\n<\/div><\/div><\/div><!-- close content main div --><\/div><\/div>\n<style type=\"text\/css\" data-created_by=\"avia_inline_auto\" id=\"style-css-av-leiu67r5-56c0f10656177467d43b37e2a4582ac1\">\n.avia-section.av-leiu67r5-56c0f10656177467d43b37e2a4582ac1 .av-extra-border-element .av-extra-border-inner{\nbackground-color:#f8be00;\n}\n<\/style>\n<div id='av_section_1'  class='avia-section av-leiu67r5-56c0f10656177467d43b37e2a4582ac1 alternate_color avia-section-default avia-shadow  avia-builder-el-10  el_after_av_one_fifth  el_before_av_section  avia-bg-style-scroll av-arrow-down-section container_wrap fullsize'  ><div class='container av-section-cont-open' ><div class='template-page content  av-content-full alpha units'><div class='post-entry post-entry-type-page post-entry-10361'><div class='entry-content-wrapper clearfix'>\n<section  class='av_textblock_section av-leitnesl-01c16df636301464022c67d2b97775a1 '   itemscope=\"itemscope\" itemtype=\"https:\/\/schema.org\/CreativeWork\" ><div class='avia_textblock'  itemprop=\"text\" ><h2 style=\"text-align: center;\"><b>Gut zu wissen<\/b><\/h2>\n<p style=\"text-align: center;\"><span style=\"font-weight: 400;\">Die Saison beginnt im Agriturismo Belmonte <strong>\u00fcblicherweise eine Woche vor Ostern<\/strong>.<\/span><\/p>\n<p style=\"text-align: center;\"><span style=\"font-weight: 400;\">Ab dem ersten Tag<strong> k\u00f6nnen Sie alle unsere Dienstleistungen<\/strong> in Anspruch nehmen, wie z.B. die <a href=\"https:\/\/www.belmontevacanze.com\/de\/aktivitaeten\/reiten-toskana\/\"><strong>Reitschule<\/strong><\/a> und das <a href=\"https:\/\/www.belmontevacanze.com\/de\/restaurant\/\"><strong>Restaurant Nonna Bianca<\/strong><\/a>, das immer zum Fr\u00fchst\u00fcck und zum Abendessen ge\u00f6ffnet ist.<\/span><\/p>\n<p style=\"text-align: center;\"><span style=\"font-weight: 400;\">Auch der gro\u00dfe <strong><a href=\"https:\/\/www.belmontevacanze.com\/de\/leistungen\/bauernhof-panorama-schwimmbad\/\">Pool<\/a> steht Ihnen w\u00e4hren der ganzen Saison zur Verf\u00fcgung<\/strong>. Die Au\u00dfentemperaturen liegen bei uns im April und Mai im Langjahres-Durchschnitt bei angenehmen 8-19\u00b0 bzw. 11-23\u00b0, im Juni schon bei 15-27\u00b0. <strong>Die Wassertemperatur im Pool kann jeweils einige Grad unter den H\u00f6chstwerten liegen<\/strong>.<\/span><\/p>\n<p style=\"text-align: center;\"><span style=\"font-weight: 400;\">In unseren <a href=\"https:\/\/www.belmontevacanze.com\/de\/ferienwohnungen\/\"><strong>Ferienwohnungen<\/strong><\/a>\u00a0ist es dank unserer Heizung, die Sie<strong> selbst regulieren k\u00f6nnen, auf jeden Fall gem\u00fctlich warm<\/strong>.<\/span><\/p>\n<\/div><\/section>\n<\/div><\/div><\/div><!-- close content main div --><\/div><div class='av-extra-border-element border-extra-arrow-down'><div class='av-extra-border-outer'><div class='av-extra-border-inner'><\/div><\/div><\/div><\/div><div id='av_section_2'  class='avia-section av-6sswco-04319e7dd9b6e76e50818e5a858decca main_color avia-section-large avia-shadow  avia-builder-el-12  el_after_av_section  avia-builder-el-last  avia-bg-style-scroll container_wrap fullsize'  ><div class='container av-section-cont-open' ><div class='template-page content  av-content-full alpha units'><div class='post-entry post-entry-type-page post-entry-10361'><div class='entry-content-wrapper clearfix'>\n<section  class='av_textblock_section av-kpjcsgqx-6c7198b1a842d260128fdf4e51638a30 '   itemscope=\"itemscope\" itemtype=\"https:\/\/schema.org\/CreativeWork\" ><div class='avia_textblock'  itemprop=\"text\" ><h2 style=\"text-align: center;\"><strong>Erfahrungsberichte \u00fcber Fr\u00fchlingsferien bei uns<\/strong><\/h2>\n<\/div><\/section>\n<div  class='avia-testimonial-wrapper av-kpjcz70j-bad534bc9847ceb3aaafb68c2559d639 avia-grid-testimonials avia-grid-3-testimonials avia_animate_when_almost_visible' >\n<section class=\"avia-testimonial-row\"><div class='avia-testimonial av-av_testimonial_single-09867d08d404948925a1a510dfbf9613 avia-testimonial-row-1 avia-first-testimonial flex_column no_margin av_one_third'><div class='avia-testimonial_inner'  itemscope=\"itemscope\" itemtype=\"https:\/\/schema.org\/CreativeWork\" ><div class='avia-testimonial-content '><div class='avia-testimonial-markup-entry-content'  itemprop=\"text\" ><h3 style=\"text-align: center;\">Entspannung ist hier<\/h3>\n<p style=\"text-align: center;\"><span style=\"font-weight: 400;\">\u201eAbseits der Tourismuszentren und eingebettet in die Natur gibt es hier viel Platz f\u00fcr Entspannung und Spiel. Ein riesiger Kinderspielplatz, Volleyballfeld, Fu\u00dfballfeld und ein Schwimmbad der Superlative sind in einen Park aus Olivenb\u00e4umen mit Hecken aus Rosmarin und Lavendel eingebettet. Geschmackvoll und einfach eingerichtete und dabei gro\u00dfz\u00fcgige Wohneinheiten sorgen f\u00fcr einen Urlaub ohne Schnickschnack im Zeichen der Entspannung und Erholung.\u201c<\/span><\/p>\n<div class=\"vTVDc\">\n<div class=\"_T FKffI bmUTE\"><\/div>\n<\/div>\n<\/div><\/div><div class=\"avia-testimonial-meta\"><div class=\"avia-testimonial-arrow-wrap\"><div class=\"avia-arrow\"><\/div><\/div><div class='avia-testimonial-meta-mini'  itemprop=\"author\" itemscope=\"itemscope\" itemtype=\"https:\/\/schema.org\/Person\" ><strong  class='avia-testimonial-name'  itemprop=\"name\" >Papa von Kathi<\/strong><span  class='avia-testimonial-subtitle '  itemprop=\"jobTitle\" >April 2022<\/span><span class='hidden avia-testimonial-markup-link'  itemprop=\"url\" >https:\/\/www.tripadvisor.it\/ShowUserReviews-g608936-d776401-r570658607-Belmonte_Vacanze-Montaione_Tuscany.html<\/span><span class=\"avia-testimonial-subtitle-sep\">&ndash;<\/span><a class='avia-testimonial-link' href='https:\/\/www.tripadvisor.it\/ShowUserReviews-g608936-d776401-r570658607-Belmonte_Vacanze-Montaione_Tuscany.html' target=\"_blank\" rel=\"noopener noreferrer\">Lesen Sie die Bewertung auf Tripadvisor.com<\/a><\/div><\/div><\/div><\/div>\n<div class='avia-testimonial av-av_testimonial_single-6be82806ff03365ce4ca489b0d1d1d2e avia-testimonial-row-1 flex_column no_margin av_one_third'><div class='avia-testimonial_inner'  itemscope=\"itemscope\" itemtype=\"https:\/\/schema.org\/CreativeWork\" ><div class='avia-testimonial-content '><div class='avia-testimonial-markup-entry-content'  itemprop=\"text\" ><h3 style=\"text-align: center;\">Sch\u00f6ne Ferienanlage mit Toskana typischem Ausblick<\/h3>\n<p style=\"text-align: center;\"><span style=\"font-weight: 400;\">&#8211; herrlicher Ausblick \u00fcber die gr\u00fcnen H\u00fcgel der Toskana mit super Sonnenuntergang am Abend<br \/>\n<\/span>&#8211; umfangreiches Sportangebot (MTB, Tennis, Reiten)<br \/>\n<span style=\"font-weight: 400;\">&#8211; Der Pool bettet sich super ins Gesamtbild der Anlage ein und bietet reichlich Platz f\u00fcr Sonnenliegen; man genug Abstand zum Nachbarn nehmen, wenn man will.<br \/>\n<\/span><span style=\"font-weight: 400;\">&#8211; passende Ausgangslage um in der zentralen Toskana die wichtigsten St\u00e4dte zu erreichen (Pisa, Florenz, San Gimignano, Siena, Volterra, Luca, etc.)&#8220;<\/span><\/p>\n<div>\n<div class=\"kVathc eoY5cb\">\n<div class=\"OlkcBc\">\n<div class=\"STQFb eoY5cb\">\n<div class=\"K7oBsc\"><\/div>\n<\/div>\n<\/div>\n<\/div>\n<\/div>\n<\/div><\/div><div class=\"avia-testimonial-meta\"><div class=\"avia-testimonial-arrow-wrap\"><div class=\"avia-arrow\"><\/div><\/div><div class='avia-testimonial-meta-mini'  itemprop=\"author\" itemscope=\"itemscope\" itemtype=\"https:\/\/schema.org\/Person\" ><strong  class='avia-testimonial-name'  itemprop=\"name\" >Christian M<\/strong><span  class='avia-testimonial-subtitle '  itemprop=\"jobTitle\" >Mai 2015<\/span><span class='hidden avia-testimonial-markup-link'  itemprop=\"url\" >https:\/\/www.tripadvisor.it\/ShowUserReviews-g608936-d776401-r277992007-Belmonte_Vacanze-Montaione_Tuscany.html<\/span><span class=\"avia-testimonial-subtitle-sep\">&ndash;<\/span><a class='avia-testimonial-link' href='https:\/\/www.tripadvisor.it\/ShowUserReviews-g608936-d776401-r277992007-Belmonte_Vacanze-Montaione_Tuscany.html' target=\"_blank\" rel=\"noopener noreferrer\">Lesen Sie die Bewertung auf Tripadvisor.com<\/a><\/div><\/div><\/div><\/div>\n<div class='avia-testimonial av-av_testimonial_single-68c7b1af33b7921bf05d25fdc1426488 avia-testimonial-row-1 avia-last-testimonial flex_column no_margin av_one_third'><div class='avia-testimonial_inner'  itemscope=\"itemscope\" itemtype=\"https:\/\/schema.org\/CreativeWork\" ><div class='avia-testimonial-content '><div class='avia-testimonial-markup-entry-content'  itemprop=\"text\" ><h3 style=\"text-align: center;\">Sehr gut f\u00fcr Familien mit kleinen Kindern geeignet<\/h3>\n<p style=\"text-align: center;\"><span style=\"font-weight: 400;\">\u201eRuhige Ferienanlage in sch\u00f6nste toskanischer Landschaft. Engagiertes freundliches Personal.<\/span><\/p>\n<p style=\"text-align: center;\"><span style=\"font-weight: 400;\">Erf\u00fcllt die Erwartungen entsprechend der Klassifizierung voll. Liegt l\u00e4ndlich und etwas abgelegen. Das Fr\u00fchst\u00fcck und das Diner machte einen guten Eindruck. Die Aussicht der Restaurantterrasse besticht ebenso wie der Gro\u00dfe Pool. Reiten, Fu\u00dfball und Tennis sind geboten.\u201c<\/span><\/p>\n<div class=\"vTVDc\">\n<div class=\"_T FKffI\"><\/div>\n<\/div>\n<\/div><\/div><div class=\"avia-testimonial-meta\"><div class=\"avia-testimonial-arrow-wrap\"><div class=\"avia-arrow\"><\/div><\/div><div class='avia-testimonial-meta-mini'  itemprop=\"author\" itemscope=\"itemscope\" itemtype=\"https:\/\/schema.org\/Person\" ><strong  class='avia-testimonial-name'  itemprop=\"name\" >Max M<\/strong><span  class='avia-testimonial-subtitle '  itemprop=\"jobTitle\" >Juni 2022<\/span><span class='hidden avia-testimonial-markup-link'  itemprop=\"url\" >https:\/\/www.tripadvisor.it\/ShowUserReviews-g608936-d776401-r843892032-Belmonte_Vacanze-Montaione_Tuscany.html<\/span><span class=\"avia-testimonial-subtitle-sep\">&ndash;<\/span><a class='avia-testimonial-link' href='https:\/\/www.tripadvisor.it\/ShowUserReviews-g608936-d776401-r843892032-Belmonte_Vacanze-Montaione_Tuscany.html' target=\"_blank\" rel=\"noopener noreferrer\">Lesen Sie die Bewertung auf Tripadvisor.com<\/a><\/div><\/div><\/div><\/div><\/section>\n<\/div>\n<\/p>\n","protected":false},"excerpt":{"rendered":"","protected":false},"author":3,"featured_media":0,"parent":0,"menu_order":0,"comment_status":"closed","ping_status":"closed","template":"","meta":{"footnotes":""},"class_list":["post-10361","page","type-page","status-publish","hentry"],"_links":{"self":[{"href":"https:\/\/www.belmontevacanze.com\/de\/wp-json\/wp\/v2\/pages\/10361","targetHints":{"allow":["GET"]}}],"collection":[{"href":"https:\/\/www.belmontevacanze.com\/de\/wp-json\/wp\/v2\/pages"}],"about":[{"href":"https:\/\/www.belmontevacanze.com\/de\/wp-json\/wp\/v2\/types\/page"}],"author":[{"embeddable":true,"href":"https:\/\/www.belmontevacanze.com\/de\/wp-json\/wp\/v2\/users\/3"}],"replies":[{"embeddable":true,"href":"https:\/\/www.belmontevacanze.com\/de\/wp-json\/wp\/v2\/comments?post=10361"}],"version-history":[{"count":21,"href":"https:\/\/www.belmontevacanze.com\/de\/wp-json\/wp\/v2\/pages\/10361\/revisions"}],"predecessor-version":[{"id":11026,"href":"https:\/\/www.belmontevacanze.com\/de\/wp-json\/wp\/v2\/pages\/10361\/revisions\/11026"}],"wp:attachment":[{"href":"https:\/\/www.belmontevacanze.com\/de\/wp-json\/wp\/v2\/media?parent=10361"}],"curies":[{"name":"wp","href":"https:\/\/api.w.org\/{rel}","templated":true}]}}