{"id":10814,"date":"2023-06-27T09:15:46","date_gmt":"2023-06-27T07:15:46","guid":{"rendered":"https:\/\/www.belmontevacanze.com\/?page_id=10814"},"modified":"2023-08-22T14:55:53","modified_gmt":"2023-08-22T12:55:53","slug":"toskana-im-herbst","status":"publish","type":"page","link":"https:\/\/www.belmontevacanze.com\/de\/toskana-im-herbst\/","title":{"rendered":"Ihr Toskana-Urlaub im September und Oktober"},"content":{"rendered":"<section  class='av_textblock_section av-1sbu02m-707ace2e649e3b524e9df96e75f2ffea '   itemscope=\"itemscope\" itemtype=\"https:\/\/schema.org\/CreativeWork\" ><div class='avia_textblock'  itemprop=\"text\" ><h1><img loading=\"lazy\" decoding=\"async\" class=\"alignnone wp-image-10821 size-full\" src=\"https:\/\/www.belmontevacanze.com\/wp-content\/uploads\/2023\/06\/autunno.toscana.montaione.jpg\" alt=\"\" width=\"800\" height=\"443\" srcset=\"https:\/\/www.belmontevacanze.com\/wp-content\/uploads\/2023\/06\/autunno.toscana.montaione.jpg 800w, https:\/\/www.belmontevacanze.com\/wp-content\/uploads\/2023\/06\/autunno.toscana.montaione-300x166.jpg 300w, https:\/\/www.belmontevacanze.com\/wp-content\/uploads\/2023\/06\/autunno.toscana.montaione-768x425.jpg 768w, https:\/\/www.belmontevacanze.com\/wp-content\/uploads\/2023\/06\/autunno.toscana.montaione-705x390.jpg 705w\" sizes=\"auto, (max-width: 800px) 100vw, 800px\" \/><\/h1>\n<h1>Im September und Oktober den Herbstzauber der Toskana genie\u00dfen<\/h1>\n<p>Erleben Sie etwas ganz Besonderes und verbringen Sie Ihren Urlaub im September und Oktober auf einem Ferienhof in der toskanischen Natur.<\/p>\n<p>Nach 20 Jahren Erfahrung im Herzen der Toskana k\u00f6nnen wir Ihnen versichern, dass die Atmosph\u00e4re in den Monaten September oder Oktober einfach magisch ist \u2013 und deshalb die beste Zeit f\u00fcr Ferien auf dem Agriturismo in der Toskana.<\/p>\n<h2>Die magische Herbstatmosph\u00e4re in der Toskana<\/h2>\n<p>Nach der langen Schw\u00fcle des Sommers wird die Luft allm\u00e4hlich frisch und angenehm, und die Farben der Landschaft nehmen herbstliche T\u00f6ne an.<\/p>\n<p>Die Felder rund um den Hof werden gepfl\u00fcgt und das Gelb des Weizens wird von der braunen Farbe des bearbeiteten Bodens abgel\u00f6st. Die W\u00e4lder f\u00e4rben sich orange und braun und die ersten Bl\u00e4tter fallen.<\/p>\n<p>Abends k\u00f6nnen Sie in violett getauchte Sonnenunterg\u00e4nge bewundern und von Ihrer Ferienwohnung aus Postkartenlandschaften fotografieren, die Sie nie vergessen werden.<\/p>\n<h3><img loading=\"lazy\" decoding=\"async\" class=\"alignnone wp-image-8861 size-full\" src=\"https:\/\/www.belmontevacanze.com\/wp-content\/uploads\/2023\/01\/gallery-piscina-6.jpg\" alt=\"\" width=\"1000\" height=\"484\" srcset=\"https:\/\/www.belmontevacanze.com\/wp-content\/uploads\/2023\/01\/gallery-piscina-6.jpg 1000w, https:\/\/www.belmontevacanze.com\/wp-content\/uploads\/2023\/01\/gallery-piscina-6-300x145.jpg 300w, https:\/\/www.belmontevacanze.com\/wp-content\/uploads\/2023\/01\/gallery-piscina-6-768x372.jpg 768w, https:\/\/www.belmontevacanze.com\/wp-content\/uploads\/2023\/01\/gallery-piscina-6-705x341.jpg 705w\" sizes=\"auto, (max-width: 1000px) 100vw, 1000px\" \/><\/h3>\n<h3>Unser Pool ist weiterhin ge\u00f6ffnet<\/h3>\n<p>Dank des milden Klimas im Herbst bleibt unser Pool bis zum 30. Oktober ge\u00f6ffnet. W\u00e4hrend Ihres Wochenendtrips oder Ihres Herbsturlaubs k\u00f6nnen Sie sicher sein, dass unser Panorama-Pool noch ge\u00f6ffnet ist und gewartet wird. Genie\u00dfen Sie beim Baden die Aussicht auf die herrlichen toskanischen H\u00fcgel und verbringen Sie die sch\u00f6nste Zeit des Jahres bei einem Urlaub in der Toskana.<\/p>\n<h3><img loading=\"lazy\" decoding=\"async\" class=\"alignnone wp-image-9986 size-full\" src=\"https:\/\/www.belmontevacanze.com\/wp-content\/uploads\/2018\/01\/DSC01016.jpg\" alt=\"\" width=\"600\" height=\"400\" srcset=\"https:\/\/www.belmontevacanze.com\/wp-content\/uploads\/2018\/01\/DSC01016.jpg 600w, https:\/\/www.belmontevacanze.com\/wp-content\/uploads\/2018\/01\/DSC01016-300x200.jpg 300w, https:\/\/www.belmontevacanze.com\/wp-content\/uploads\/2018\/01\/DSC01016-450x300.jpg 450w\" sizes=\"auto, (max-width: 600px) 100vw, 600px\" \/><\/h3>\n<h3>Herbst in der Toskana: die beste Zeit des Jahres f\u00fcr Sportaktivit\u00e4ten<\/h3>\n<p>Auf unserem Hof spielt Sport eine gro\u00dfe Rolle, denn wir verf\u00fcgen \u00fcber einen 200 Hektar gro\u00dfen Naturpark, der zu allerhand Bewegung einl\u00e4dt.<\/p>\n<p>Auch wenn unser Hof von H\u00fcgeln umgeben ist und das Klima selbst im Sommer k\u00fchler ist als im Tal, ist die beste Jahreszeit f\u00fcr sportliche Aktivit\u00e4ten immer noch der Herbst, also die Monate September und Oktober.<\/p>\n<p>So k\u00f6nnen Sie in Ihren Herbstferien die Landschaft bei einem Ausritt mit den fachkundigen Guides unserer Reitschule erkunden oder ein Mountainbike-Abenteuer mit einer gef\u00fchrten Tour auf unserem Trail-Gebiet in der Gegend von Montaione unternehmen. Mieten Sie einfach eines unserer Elektro-Mountainbikes der Marke Scott.<\/p>\n<h3><img loading=\"lazy\" decoding=\"async\" class=\"alignnone wp-image-10422 size-large\" src=\"https:\/\/www.belmontevacanze.com\/wp-content\/uploads\/2023\/04\/cena.vista_.ristorante.belmonte-1030x773.jpg\" alt=\"\" width=\"1030\" height=\"773\" srcset=\"https:\/\/www.belmontevacanze.com\/wp-content\/uploads\/2023\/04\/cena.vista_.ristorante.belmonte-1030x773.jpg 1030w, https:\/\/www.belmontevacanze.com\/wp-content\/uploads\/2023\/04\/cena.vista_.ristorante.belmonte-300x225.jpg 300w, https:\/\/www.belmontevacanze.com\/wp-content\/uploads\/2023\/04\/cena.vista_.ristorante.belmonte-768x576.jpg 768w, https:\/\/www.belmontevacanze.com\/wp-content\/uploads\/2023\/04\/cena.vista_.ristorante.belmonte-1536x1152.jpg 1536w, https:\/\/www.belmontevacanze.com\/wp-content\/uploads\/2023\/04\/cena.vista_.ristorante.belmonte-1500x1125.jpg 1500w, https:\/\/www.belmontevacanze.com\/wp-content\/uploads\/2023\/04\/cena.vista_.ristorante.belmonte-705x529.jpg 705w, https:\/\/www.belmontevacanze.com\/wp-content\/uploads\/2023\/04\/cena.vista_.ristorante.belmonte.jpg 1600w\" sizes=\"auto, (max-width: 1030px) 100vw, 1030px\" \/><\/h3>\n<h3>Die kulinarischen Herbstgen\u00fcsse der Toskana<\/h3>\n<p>Jede Jahreszeit in der Toskana bietet Ihnen k\u00f6stliche, saisonale Gerichte aus lokalen Zutaten.<\/p>\n<p>W\u00e4hrend eines Herbsturlaubs in unserem Agriturismo werden Sie die K\u00f6stlichkeiten des Herbstes bei Tisch entdecken. Jeden Monat \u00e4ndern wir unsere Speisekarte und passen sie den saisonalen Produkten unserer Region an.<\/p>\n<p>Gabriella, unsere K\u00f6chin, wird Ihnen k\u00f6stliche Tagliolino-Nudeln mit Tr\u00fcffeln aus unseren W\u00e4ldern zubereiten, oder Sie k\u00f6nnen unseren Wildschweineintopf mit frisch gepresstem Oliven\u00f6l oder eine Pasta alla boscaiola mit Pilzen der Saison probieren.<\/p>\n<p>Vor allem k\u00f6nnen Sie in unserem Agriturismo die Weine probieren, die in unserer Region w\u00e4hrend der Weinlese im September und Oktober erzeugt werden.<\/p>\n<p>Wenn Sie die besten Weine der Gegend probieren m\u00f6chten, k\u00f6nnen wir f\u00fcr Sie eine spezielle Weinverkostung in einem unserer Partnerweing\u00fcter organisieren.<\/p>\n<h3><img loading=\"lazy\" decoding=\"async\" class=\"alignnone wp-image-10834 size-full\" src=\"https:\/\/www.belmontevacanze.com\/wp-content\/uploads\/2023\/06\/san.gimignano.autunno.jpg\" alt=\"\" width=\"800\" height=\"490\" srcset=\"https:\/\/www.belmontevacanze.com\/wp-content\/uploads\/2023\/06\/san.gimignano.autunno.jpg 800w, https:\/\/www.belmontevacanze.com\/wp-content\/uploads\/2023\/06\/san.gimignano.autunno-300x184.jpg 300w, https:\/\/www.belmontevacanze.com\/wp-content\/uploads\/2023\/06\/san.gimignano.autunno-768x470.jpg 768w, https:\/\/www.belmontevacanze.com\/wp-content\/uploads\/2023\/06\/san.gimignano.autunno-705x432.jpg 705w\" sizes=\"auto, (max-width: 800px) 100vw, 800px\" \/><\/h3>\n<h3>Die Toskana im Herbst entdecken<\/h3>\n<p>Inzwischen hat sich die gro\u00dfe Hitze gelegt, und ein Besuch der St\u00e4dte der nahen Umgebung ist eine angenehme Abwechslung.<\/p>\n<p>San Gimignano, Volterra, Siena, Florenz und Lucca sind wieder weniger von Touristen \u00fcberlaufen und ein Spaziergang durch die Stra\u00dfen dieser historischen, mittelalterlichen St\u00e4dte im Herbst ist ein geradezu zauberhaftes Erlebnis.<\/p>\n<p>An Herbstwochenenden k\u00f6nnen Sie bei Ihrem Besuch in den umliegenden St\u00e4dten und auch in den weniger bekannten Orten der Toskana Dorffeste erleben, bei denen Sie lokale Produkte probieren k\u00f6nnen. Sie k\u00f6nnen einen Tag auf dem Tr\u00fcffelfest in San Miniato (sagra del tartufo di San Miniato) oder Montaione verbringen oder das Fest der landestypischen Produkte in Volterra (sagra dei prodotti tipici di Volterra) besuchen.<\/p>\n<h3><img loading=\"lazy\" decoding=\"async\" class=\"alignnone wp-image-9603 size-full\" src=\"https:\/\/www.belmontevacanze.com\/wp-content\/uploads\/2023\/01\/pagina-olio-8-4.jpg\" alt=\"\" width=\"1000\" height=\"664\" srcset=\"https:\/\/www.belmontevacanze.com\/wp-content\/uploads\/2023\/01\/pagina-olio-8-4.jpg 1000w, https:\/\/www.belmontevacanze.com\/wp-content\/uploads\/2023\/01\/pagina-olio-8-4-300x199.jpg 300w, https:\/\/www.belmontevacanze.com\/wp-content\/uploads\/2023\/01\/pagina-olio-8-4-768x510.jpg 768w, https:\/\/www.belmontevacanze.com\/wp-content\/uploads\/2023\/01\/pagina-olio-8-4-705x468.jpg 705w\" sizes=\"auto, (max-width: 1000px) 100vw, 1000px\" \/><\/h3>\n<h3>Wir ernten unsere Oliven und stellen neues \u00d6l her<\/h3>\n<p>Im Oktober k\u00f6nnen Sie die Ernte an unseren Bio-Olivenb\u00e4umen miterleben \u2013 die Olivenernte ist ein einzigartiges Erlebnis. Au\u00dferdem k\u00f6nnen Sie unsere nahe gelegene \u00d6lm\u00fchle besuchen, in der wir die Oliven pressen und unser neues \u00d6l in unserem Restaurant mit unseren Spezialit\u00e4ten verkosten.<\/p>\n<h3>W\u00e4hlen Sie die Ferienwohnung Ihrer Tr\u00e4ume<\/h3>\n<p>In den Monaten Oktober und September ist Nebensaison und wir k\u00f6nnen mit Ihnen zusammen Ihre Traumferienwohnung ausw\u00e4hlen. Sie haben eine gr\u00f6\u00dfere Auswahl an Wohnungen und k\u00f6nnen die Spezialangebote f\u00fcr September und Oktober nutzen.<\/p>\n<p>Das Klima ist im Herbst mild und warm, und selbst falls die Temperaturen doch etwas fallen sollten, ist das kein Problem: Mit unserer neuen Klimaanlage mit W\u00e4rmepumpe l\u00e4sst sich die Heizung in nur wenigen Minuten einschalten.<\/p>\n<p>In der Nebensaison sind die Preise niedriger und wir haben einige sehr verlockende Angebote f\u00fcr Sie, egal ob Sie einen langen Aufenthalt oder ein kurzes Wochenende buchen m\u00f6chten. W\u00e4hlen Sie Ihre Urlaubsdaten \u00fcber unser <a href=\"https:\/\/www.simplebooking.it\/ibe\/hotelbooking\/search?hid=2966&amp;lang=DE&amp;_gl=1*j6a455*_ga*MjA2NjI5OTU1NC4xNjg4NTUzNjgy*_ga_5232QF0BPF*MTY4OTM0NzQ4OS40LjEuMTY4OTM0ODYyMi4wLjAuMA..&amp;_ga=2.138878583.593664208.1689347490-2066299554.1688553682#\/offer&amp;offerId=120938\">ONLINE-BUCHUNGSSYSTEM<\/a> und entdecken Sie unsere Angebote.<\/p>\n<p>Au\u00dferdem stehen Ihnen auch im September und Oktober alle unsere Dienstleistungen wie der Reitstall und das <a href=\"https:\/\/www.belmontevacanze.com\/de\/restaurant\/\">Restaurant Nonna Bianca<\/a> zur Verf\u00fcgung &#8211; ge\u00f6ffnet immer zum Fr\u00fchst\u00fcck und Abendessen.<\/p>\n<h3><\/h3>\n<\/div><\/section>\n<div  class='flex_column av-245ci4e-82ce22809f673d184139439f95894f30 av_one_full  avia-builder-el-1  el_after_av_textblock  el_before_av_heading  first flex_column_div  column-top-margin'     ><\/div>\n\n<style type=\"text\/css\" data-created_by=\"avia_inline_auto\" id=\"style-css-av-av_heading-f33a6f08d55d7311e44c6b64013ec6a7\">\n#top .av-special-heading.av-av_heading-f33a6f08d55d7311e44c6b64013ec6a7{\npadding-bottom:10px;\n}\nbody .av-special-heading.av-av_heading-f33a6f08d55d7311e44c6b64013ec6a7 .av-special-heading-tag .heading-char{\nfont-size:25px;\n}\n.av-special-heading.av-av_heading-f33a6f08d55d7311e44c6b64013ec6a7 .av-subheading{\nfont-size:15px;\n}\n<\/style>\n<div  class='av-special-heading av-av_heading-f33a6f08d55d7311e44c6b64013ec6a7 av-special-heading-h3 blockquote modern-quote modern-centered  avia-builder-el-2  el_after_av_one_full  el_before_av_one_full '><h3 class='av-special-heading-tag '  itemprop=\"headline\"  >Unsere Rezensionen der Herbstsaison:<\/h3><div class=\"special-heading-border\"><div class=\"special-heading-inner-border\"><\/div><\/div><\/div>\n<div  class='flex_column av-245ci4e-82ce22809f673d184139439f95894f30 av_one_full  avia-builder-el-3  el_after_av_heading  avia-builder-el-last  first flex_column_div  '     ><p><div  class='avia-testimonial-wrapper av-54ow72-f862dcd83497e3daa3a4ef47dae1d6e7 avia-grid-testimonials avia-grid-2-testimonials avia_animate_when_almost_visible' >\n<section class=\"avia-testimonial-row\"><div class='avia-testimonial av-12m58pq-0119452438bd111695129cb4b9c7eb0e avia-testimonial-row-1 avia-first-testimonial flex_column no_margin av_one_half'><div class='avia-testimonial_inner'  itemscope=\"itemscope\" itemtype=\"https:\/\/schema.org\/CreativeWork\" ><div class='avia-testimonial-content '><div class='avia-testimonial-markup-entry-content'  itemprop=\"text\" ><h1><strong>Ein super Standort f\u00fcr MTB- oder Rennradferien<\/strong><\/h1>\n<p>Eine gepflegte Anlage mit sch\u00f6nen Apartements. Der Bikeraum ist supergut ausgestattet und safe. Der Pool ist besonders gro\u00df mit herrlicher Aussicht \u00fcber die toskanische Landschaft. Liegen und Sonnenschirme sind ausreichend vorhanden. Die Mietbikes der Marke Scott sind top!! Spielplatz, Grillplatz, Tennis, Fu\u00dfball &#8230;einfach auch f\u00fcr die Kids ideal.<br \/>\nWir sind schon 6 x dort gewesen und werden wieder dorthin fahren.<\/p>\n<p><a href=\"https:\/\/www.tripadvisor.de\/ShowUserReviews-g608936-d776401-r422542746-Belmonte_Vacanze-Montaione_Tuscany.html\">Lesen Sie die Bewertung auf Tripadvisor:<\/a><\/p>\n<\/div><\/div><div class=\"avia-testimonial-meta\"><div class=\"avia-testimonial-arrow-wrap\"><div class=\"avia-arrow\"><\/div><\/div><div class='avia-testimonial-meta-mini'  itemprop=\"author\" itemscope=\"itemscope\" itemtype=\"https:\/\/schema.org\/Person\" ><strong  class='avia-testimonial-name'  itemprop=\"name\" >EMK858 <\/strong><span  class='avia-testimonial-subtitle '  itemprop=\"jobTitle\" >Datum des Aufenthalts: September. Art der Reise: Als Paar gereist<\/span><\/div><\/div><\/div><\/div>\n<\/section><\/div><br \/>\n<div  class='avia-testimonial-wrapper av-54ow72-f862dcd83497e3daa3a4ef47dae1d6e7 avia-grid-testimonials avia-grid-2-testimonials avia_animate_when_almost_visible' >\n<section class=\"avia-testimonial-row\"><div class='avia-testimonial av-uk2use-e0e2fa2ec18cfce94a2e961c2306df1f avia-testimonial-row-1 avia-first-testimonial flex_column no_margin av_one_half'><div class='avia-testimonial_inner'  itemscope=\"itemscope\" itemtype=\"https:\/\/schema.org\/CreativeWork\" ><div class='avia-testimonial-content '><div class='avia-testimonial-markup-entry-content'  itemprop=\"text\" ><h1>Sehr sch\u00f6ne Lage und diverse Sportm\u00f6glichkeiten.<\/h1>\n<p>Sehr sch\u00f6n gelegen und ruhige Lage. Diverse Sportm\u00f6glichkeiten. Essen sehr gut. Man kann sogar mit den Pferden ausreiten.<\/p>\n<p><a href=\"https:\/\/www.holidaycheck.de\/hr\/bewertungen-agriturismo-belmonte-vacanze-resort\/4f118d7e-cce1-3c86-aaf7-f39fcbd8f43b\/-\/travelMonth\/9\/traveledWith\/couple\">Lesen Sie die Bewertung auf Holydaycheck.de<\/a><\/p>\n<\/div><\/div><div class=\"avia-testimonial-meta\"><div class=\"avia-testimonial-arrow-wrap\"><div class=\"avia-arrow\"><\/div><\/div><div class='avia-testimonial-meta-mini'  itemprop=\"author\" itemscope=\"itemscope\" itemtype=\"https:\/\/schema.org\/Person\" ><strong  class='avia-testimonial-name'  itemprop=\"name\" >Eva <\/strong><span  class='avia-testimonial-subtitle '  itemprop=\"jobTitle\" >Verreist als Freunde \u2022 Oktober \u2022 1 Woche \u2022 Sonstige<\/span><\/div><\/div><\/div><\/div>\n<\/section><\/div><br \/>\n<div  class='avia-testimonial-wrapper av-54ow72-f862dcd83497e3daa3a4ef47dae1d6e7 avia-grid-testimonials avia-grid-2-testimonials avia_animate_when_almost_visible' >\n<section class=\"avia-testimonial-row\"><div class='avia-testimonial av-t8g6e6-ee031fd6d79c9e0322ba35cf8a63fd9c avia-testimonial-row-1 avia-first-testimonial flex_column no_margin av_one_half'><div class='avia-testimonial_inner'  itemscope=\"itemscope\" itemtype=\"https:\/\/schema.org\/CreativeWork\" ><div class='avia-testimonial-content '><div class='avia-testimonial-markup-entry-content'  itemprop=\"text\" ><h1>Urlaub f\u00fcr Genie\u00dfer inmitten der sch\u00f6nsten Toskana<\/h1>\n<p>Wir haben zum 4. Mal den Urlaub hier verbracht und das hat viele Gr\u00fcnde: unser ruhiges Apartment, die Landschaft, die Sportm\u00f6glichkeiten, die naheliegende Kultur, die Gastfreundlichkeit des Hotels<\/p>\n<\/div><\/div><div class=\"avia-testimonial-meta\"><div class=\"avia-testimonial-arrow-wrap\"><div class=\"avia-arrow\"><\/div><\/div><div class='avia-testimonial-meta-mini'  itemprop=\"author\" itemscope=\"itemscope\" itemtype=\"https:\/\/schema.org\/Person\" ><strong  class='avia-testimonial-name'  itemprop=\"name\" >Sandra<\/strong><span  class='avia-testimonial-subtitle '  itemprop=\"jobTitle\" >Verreist als Freunde \u2022 Oktober \u2022 1 Woche \u2022 Sonstige<\/span><\/div><\/div><\/div><\/div>\n<\/section><\/div><\/p><\/div>\n","protected":false},"excerpt":{"rendered":"","protected":false},"author":2,"featured_media":10821,"parent":0,"menu_order":0,"comment_status":"closed","ping_status":"closed","template":"","meta":{"footnotes":""},"class_list":["post-10814","page","type-page","status-publish","has-post-thumbnail","hentry"],"_links":{"self":[{"href":"https:\/\/www.belmontevacanze.com\/de\/wp-json\/wp\/v2\/pages\/10814","targetHints":{"allow":["GET"]}}],"collection":[{"href":"https:\/\/www.belmontevacanze.com\/de\/wp-json\/wp\/v2\/pages"}],"about":[{"href":"https:\/\/www.belmontevacanze.com\/de\/wp-json\/wp\/v2\/types\/page"}],"author":[{"embeddable":true,"href":"https:\/\/www.belmontevacanze.com\/de\/wp-json\/wp\/v2\/users\/2"}],"replies":[{"embeddable":true,"href":"https:\/\/www.belmontevacanze.com\/de\/wp-json\/wp\/v2\/comments?post=10814"}],"version-history":[{"count":14,"href":"https:\/\/www.belmontevacanze.com\/de\/wp-json\/wp\/v2\/pages\/10814\/revisions"}],"predecessor-version":[{"id":11162,"href":"https:\/\/www.belmontevacanze.com\/de\/wp-json\/wp\/v2\/pages\/10814\/revisions\/11162"}],"wp:featuredmedia":[{"embeddable":true,"href":"https:\/\/www.belmontevacanze.com\/de\/wp-json\/wp\/v2\/media\/10821"}],"wp:attachment":[{"href":"https:\/\/www.belmontevacanze.com\/de\/wp-json\/wp\/v2\/media?parent=10814"}],"curies":[{"name":"wp","href":"https:\/\/api.w.org\/{rel}","templated":true}]}}