{"id":10845,"date":"2023-06-29T08:42:02","date_gmt":"2023-06-29T06:42:02","guid":{"rendered":"https:\/\/www.belmontevacanze.com\/?page_id=10845"},"modified":"2024-04-15T17:46:12","modified_gmt":"2024-04-15T15:46:12","slug":"bio-agriturismo-toskana","status":"publish","type":"page","link":"https:\/\/www.belmontevacanze.com\/de\/bio-agriturismo-toskana\/","title":{"rendered":"Bio-Agriturimso in der Toskana"},"content":{"rendered":"<div  class='avia-video av-lv0v49zn-c8f94dd7b0292ab7750709ffd5566ce2 avia-video-16-9 av-no-preview-image avia-video-load-always av-lazyload-immediate av-lazyload-video-embed'  itemprop=\"video\" itemtype=\"https:\/\/schema.org\/VideoObject\"  data-original_url='https:\/\/youtu.be\/iQ6AdRSVJDM'><script type='text\/html' class='av-video-tmpl'><div class='avia-iframe-wrap'><iframe loading=\"lazy\" title=\"Sustainable eco-green agriturismo in Tuscany in Montaione with solar and photovoltaic panels.\" width=\"1500\" height=\"844\" src=\"https:\/\/www.youtube.com\/embed\/iQ6AdRSVJDM?feature=oembed&autoplay=0&loop=0&controls=1&mute=0\" frameborder=\"0\" allow=\"accelerometer; autoplay; clipboard-write; encrypted-media; gyroscope; picture-in-picture; web-share\" referrerpolicy=\"strict-origin-when-cross-origin\" allowfullscreen><\/iframe><\/div><\/script><div class='av-click-to-play-overlay'><div class=\"avia_playpause_icon\"><\/div><\/div><\/div>\n<section  class='av_textblock_section av-1xlszh-38ac1b7bca8b14329dd41b5887b3a29b '   itemscope=\"itemscope\" itemtype=\"https:\/\/schema.org\/CreativeWork\" ><div class='avia_textblock'  itemprop=\"text\" ><h1><\/h1>\n<h2><img loading=\"lazy\" decoding=\"async\" class=\"alignleft wp-image-11306 size-full\" src=\"https:\/\/www.belmontevacanze.com\/wp-content\/uploads\/2024\/04\/agriturismo.sustenability.tuscany-1.jpg\" alt=\"\" width=\"1280\" height=\"720\" srcset=\"https:\/\/www.belmontevacanze.com\/wp-content\/uploads\/2024\/04\/agriturismo.sustenability.tuscany-1.jpg 1280w, https:\/\/www.belmontevacanze.com\/wp-content\/uploads\/2024\/04\/agriturismo.sustenability.tuscany-1-300x169.jpg 300w, https:\/\/www.belmontevacanze.com\/wp-content\/uploads\/2024\/04\/agriturismo.sustenability.tuscany-1-1030x579.jpg 1030w, https:\/\/www.belmontevacanze.com\/wp-content\/uploads\/2024\/04\/agriturismo.sustenability.tuscany-1-768x432.jpg 768w, https:\/\/www.belmontevacanze.com\/wp-content\/uploads\/2024\/04\/agriturismo.sustenability.tuscany-1-705x397.jpg 705w\" sizes=\"auto, (max-width: 1280px) 100vw, 1280px\" \/><\/h2>\n<h2>Belmonte Vacanze, der wirklich umweltfreundliche Ferienhof in der Toskana<\/h2>\n<p>Seitdem wir im Jahre 2003 unseren Bio-Agriturismo Belmonte Vacanze er\u00f6ffnet haben, f\u00fchlen wir uns f\u00fcr unser Land verantwortlich.<\/p>\n<p>Wir haben der Natur ein Versprechen gegeben und beschlossen, dass wir alles Sch\u00f6ne, das wir von dieser einzigartigen Landschaft erhalten, auch zur\u00fcckgeben. Dies tun wir, indem wir versuchen, unseren Hof mit \u00f6kologischen und nachhaltigen Methoden zu bewirtschaften.<\/p>\n<p>Wir haben das gro\u00dfe Gl\u00fcck, in einem herrlichen \u00d6kosystem aufgewachsen zu sein und deshalb f\u00fchlen wir uns wie die H\u00fcter und Besch\u00fctzer unseres Landes, das so wundervoll, aber auch gleichzeitig so verwundbar und empfindlich ist.<\/p>\n<h3><img loading=\"lazy\" decoding=\"async\" class=\"alignnone wp-image-10854 size-full\" src=\"https:\/\/www.belmontevacanze.com\/wp-content\/uploads\/2023\/06\/agriturismo.solare.jpg\" alt=\"\" width=\"1000\" height=\"750\" srcset=\"https:\/\/www.belmontevacanze.com\/wp-content\/uploads\/2023\/06\/agriturismo.solare.jpg 1000w, https:\/\/www.belmontevacanze.com\/wp-content\/uploads\/2023\/06\/agriturismo.solare-300x225.jpg 300w, https:\/\/www.belmontevacanze.com\/wp-content\/uploads\/2023\/06\/agriturismo.solare-768x576.jpg 768w, https:\/\/www.belmontevacanze.com\/wp-content\/uploads\/2023\/06\/agriturismo.solare-705x529.jpg 705w\" sizes=\"auto, (max-width: 1000px) 100vw, 1000px\" \/><\/h3>\n<h3>So heizen wir beispielsweise das Warmwasser in den Ferienwohnungen mit Sonnenenergie<\/h3>\n<p>Unsere erste Solaranlage stammt aus dem Jahr 2010, die wir auf den D\u00e4chern der Ferienwohnungen mit leistungsstarken Solarkollektoren installiert haben. So duschen unsere G\u00e4ste seitdem auf umweltfreundliche Weise und machen nachhaltigen Urlaub in der Toskana.<\/p>\n<p>Genie\u00dfen Sie Ihre Dusche mit warmem Wasser, das mit erneuerbarer Sonnenenergie erw\u00e4rmt wurde<\/p>\n<h3><img loading=\"lazy\" decoding=\"async\" class=\"alignnone wp-image-10860 size-full\" src=\"https:\/\/www.belmontevacanze.com\/wp-content\/uploads\/2023\/06\/lago.agriturismo.jpg\" alt=\"\" width=\"1000\" height=\"664\" srcset=\"https:\/\/www.belmontevacanze.com\/wp-content\/uploads\/2023\/06\/lago.agriturismo.jpg 1000w, https:\/\/www.belmontevacanze.com\/wp-content\/uploads\/2023\/06\/lago.agriturismo-300x199.jpg 300w, https:\/\/www.belmontevacanze.com\/wp-content\/uploads\/2023\/06\/lago.agriturismo-768x510.jpg 768w, https:\/\/www.belmontevacanze.com\/wp-content\/uploads\/2023\/06\/lago.agriturismo-705x468.jpg 705w\" sizes=\"auto, (max-width: 1000px) 100vw, 1000px\" \/><\/h3>\n<h3>Das Wasser in unserem Agriturismo in der Toskana stammt ebenfalls aus unserer eigenen Quelle.<\/h3>\n<p>Wir sch\u00e4tzen uns gl\u00fccklich, dass Mutter Natur uns dieses weitere Geschenk gemacht hat: eine eigene Wasserquelle auf dem Land.<\/p>\n<p>Wir beschlossen deshalb, die Quelle zus\u00e4tzlich zur \u00f6ffentlichen Wasserversorgung f\u00fcr die 29 Wohnungen unseres Bio-Bauernhofs in der Toskana zu nutzen.<\/p>\n<p>Wir investierten also kr\u00e4ftig und bauten eine Osmoseanlage zur Filterung des Wassers aus der Quelle und verf\u00fcgen seitdem \u00fcber unser eigenes Wasserversorgungssystem.<\/p>\n<p>Diese Entscheidung hat sich als sehr n\u00fctzlich erwiesen, denn in den folgenden 20 Jahren fehlte es uns nie an Wasser. Dies ist ein wahrer Segen, denn in toskanischen Sommermonaten kommt es leider vor, dass einige Ferienbetriebe aufgrund der anhaltenden Trockenheit und des fehlenden Regens f\u00fcr einige Stunden oder sogar Tage kein Wasser haben.<\/p>\n<p>Dank unserer eigenen Quelle haben wir immer genug Wasserreserven, um unsere Ferienwohnungen mit Trinkwasser zu versorgen.<\/p>\n<h3><img loading=\"lazy\" decoding=\"async\" class=\"alignnone wp-image-9626 size-full\" src=\"https:\/\/www.belmontevacanze.com\/wp-content\/uploads\/2018\/11\/suolo.salute.gif\" alt=\"\" width=\"805\" height=\"227\" \/><\/h3>\n<h3>Unsere EU-Bio-Zertifizierung<\/h3>\n<p>Im Jahr 2016 wurde unser Bio-Bauernhof gem\u00e4\u00df der EU-Bio-Richtlinien zertifiziert. Seitdem halten wir uns an ein strenges Regelwerk, das beispielsweise besagt, dass wir keine synthetischen Pestizide oder D\u00fcngemittel verwenden d\u00fcrfen. Im Rahmen dieser EU-Zertifizierung wird unser Hof j\u00e4hrlich kontrolliert.<\/p>\n<p>Unser Hof bietet deshalb ein gesundes \u00d6kosystem f\u00fcr uns und unsere G\u00e4ste, aber auch f\u00fcr die heimischen Pflanzen und Tiere.<\/p>\n<p>Unsere Olivenplantage mit 2200 Olivenb\u00e4umen wird ebenfalls nach den Richtlinien des biologischen Anbaus bewirtschaftet, und daher ist auch unser Oliven\u00f6l biologisch zertifiziert.<\/p>\n<p><a href=\"https:\/\/www.belmontevacanze.com\/de\/leistungen\/bio-olivenoel\/\">Erfahren Sie hier mehr \u00fcber unser Bio-Oliven\u00f6l.<\/a><\/p>\n<h3><img loading=\"lazy\" decoding=\"async\" class=\"alignnone wp-image-10866 size-full\" src=\"https:\/\/www.belmontevacanze.com\/wp-content\/uploads\/2023\/06\/irrigazione.agriturismo.naturale.jpg\" alt=\"\" width=\"1000\" height=\"664\" srcset=\"https:\/\/www.belmontevacanze.com\/wp-content\/uploads\/2023\/06\/irrigazione.agriturismo.naturale.jpg 1000w, https:\/\/www.belmontevacanze.com\/wp-content\/uploads\/2023\/06\/irrigazione.agriturismo.naturale-300x199.jpg 300w, https:\/\/www.belmontevacanze.com\/wp-content\/uploads\/2023\/06\/irrigazione.agriturismo.naturale-768x510.jpg 768w, https:\/\/www.belmontevacanze.com\/wp-content\/uploads\/2023\/06\/irrigazione.agriturismo.naturale-705x468.jpg 705w\" sizes=\"auto, (max-width: 1000px) 100vw, 1000px\" \/><\/h3>\n<h3>Die Regenwasserspeicher zur Bew\u00e4sserung des Anwesens<\/h3>\n<p>Dank unserer eigenen Wasserreservoire verbrauchen wir kein \u00f6ffentliches Wasser, das wegen der wiederkehrenden D\u00fcrreperioden sehr kostbar geworden ist (es handelt sich um ein Problem, mit dem wir seit Jahren leben m\u00fcssen und dass leider jedes Jahr schlimmer zu werden scheint). Anstatt dessen nutzen wir gespeichertes Regenwasser und unser Quellwasser. Dieses Wasser wird dann in unser<\/p>\n<p>Bew\u00e4sserungssystem geleitet und zur Bew\u00e4sserung der Pflanzen und des Rasens in unserem Garten verwendet.<\/p>\n<h3><img loading=\"lazy\" decoding=\"async\" class=\"alignnone size-medium\" src=\"https:\/\/www.belmontevacanze.com\/wp-content\/uploads\/2018\/01\/tesla.2.jpg\" width=\"800\" height=\"532\" \/><\/h3>\n<h3>Wir f\u00f6rdern die Nutzung von Elektro-Autos.<\/h3>\n<p>Im Jahr 2015 wurden wir vom Autobauer Tesla ausgew\u00e4hlt, um in unserer Region als Destination Charge, d.h. als Ladestation f\u00fcr Elektrofahrzeuge zu fungieren.<\/p>\n<p>Deshalb haben wir eine Ladestation f\u00fcr Elektrofahrzeuge eingerichtet und bieten somit Reisenden mit einem Tesla oder einem anderen Elektro-Auto die M\u00f6glichkeit, ihr Auto bei uns aufzuladen. Daf\u00fcr stellen wir drei 22-kW-Ladeger\u00e4te zur Verf\u00fcgung.<\/p>\n<p>Erfahren Sie <a href=\"https:\/\/www.belmontevacanze.com\/de\/leistungen\/agriturismo-lademoeglichkeit-elektroautos-toskana\/\">hier<\/a> mehr \u00fcber unseren Bio-Bauernhof mit Ladestationen f\u00fcr Elektrofahrzeuge.<\/p>\n<h3><img loading=\"lazy\" decoding=\"async\" class=\"alignnone wp-image-10872 size-full\" src=\"https:\/\/www.belmontevacanze.com\/wp-content\/uploads\/2023\/06\/agriturismo.fotovoltaico.toscana.jpg\" alt=\"\" width=\"960\" height=\"1280\" srcset=\"https:\/\/www.belmontevacanze.com\/wp-content\/uploads\/2023\/06\/agriturismo.fotovoltaico.toscana.jpg 960w, https:\/\/www.belmontevacanze.com\/wp-content\/uploads\/2023\/06\/agriturismo.fotovoltaico.toscana-225x300.jpg 225w, https:\/\/www.belmontevacanze.com\/wp-content\/uploads\/2023\/06\/agriturismo.fotovoltaico.toscana-773x1030.jpg 773w, https:\/\/www.belmontevacanze.com\/wp-content\/uploads\/2023\/06\/agriturismo.fotovoltaico.toscana-768x1024.jpg 768w, https:\/\/www.belmontevacanze.com\/wp-content\/uploads\/2023\/06\/agriturismo.fotovoltaico.toscana-529x705.jpg 529w\" sizes=\"auto, (max-width: 960px) 100vw, 960px\" \/><\/h3>\n<h3>Wir produzieren Solarstrom.<\/h3>\n<p>Unsere neueste Investition des Jahres 2023 war unsere 100 kW-Photovoltaikanlage, mit der wir an sonnigen Tagen den Energiebedarf unseres gesamten Hofes decken k\u00f6nnen. Unser Hof wird n\u00e4mlich ausschlie\u00dflich mit Strom betrieben, da wir auf Methangas und Fl\u00fcssiggas komplett verzichten.<\/p>\n<p>Au\u00dferdem haben wir leistungsstarke Batterien installiert, die die Energie der sonnigen Tage f\u00fcr die Nacht und die bew\u00f6lkten Tage speichern.<\/p>\n<h3>Wir trennen M\u00fcll<\/h3>\n<p>Seit 2010 betreiben wir aktive M\u00fclltrennung.<\/p>\n<p>Diese wichtige Ma\u00dfnahme ist nur m\u00f6glich, wenn sich auch unsere G\u00e4ste daran beteiligen und den M\u00fcll in die verschiedenen Sammelbeh\u00e4lter in den Ferienwohnungen werfen und diese Beh\u00e4lter danach zu unseren M\u00fcllsammelstellen bringen.<\/p>\n<p>Die Natur und unser Hof danken Ihnen von Herzen f\u00fcr Ihren Einsatz.<\/p>\n<p>Unsere Investitionen in Sachen Nachhaltigkeit und \u00f6kologische Arbeitsweisen sind jedoch noch nicht abgeschlossen und werden jedes Jahr fortgef\u00fchrt.<\/p>\n<p>Denn das D\u00fcrreproblem wird immer mehr zu einer gro\u00dfen Belastung.<\/p>\n<p>Unsere Olivenb\u00e4ume leiden zunehmend unter dem Wassermangel. Deshalb arbeiten wir an einem System zur Wiederverwendung des Abwassers aus den Apartments f\u00fcr die Bew\u00e4sserung der B\u00e4ume.<\/p>\n<p>Im Jahr 2021 erregten wir dank unserer Bem\u00fchungen um Nachhaltigkeit die Neugier des deutschen Fernsehsenders ARD, der den folgenden Bericht \u00fcber unseren Hof drehte.<\/p>\n<\/div><\/section>\n\n","protected":false},"excerpt":{"rendered":"","protected":false},"author":2,"featured_media":0,"parent":0,"menu_order":0,"comment_status":"closed","ping_status":"closed","template":"","meta":{"footnotes":""},"class_list":["post-10845","page","type-page","status-publish","hentry"],"_links":{"self":[{"href":"https:\/\/www.belmontevacanze.com\/de\/wp-json\/wp\/v2\/pages\/10845","targetHints":{"allow":["GET"]}}],"collection":[{"href":"https:\/\/www.belmontevacanze.com\/de\/wp-json\/wp\/v2\/pages"}],"about":[{"href":"https:\/\/www.belmontevacanze.com\/de\/wp-json\/wp\/v2\/types\/page"}],"author":[{"embeddable":true,"href":"https:\/\/www.belmontevacanze.com\/de\/wp-json\/wp\/v2\/users\/2"}],"replies":[{"embeddable":true,"href":"https:\/\/www.belmontevacanze.com\/de\/wp-json\/wp\/v2\/comments?post=10845"}],"version-history":[{"count":10,"href":"https:\/\/www.belmontevacanze.com\/de\/wp-json\/wp\/v2\/pages\/10845\/revisions"}],"predecessor-version":[{"id":10905,"href":"https:\/\/www.belmontevacanze.com\/de\/wp-json\/wp\/v2\/pages\/10845\/revisions\/10905"}],"wp:attachment":[{"href":"https:\/\/www.belmontevacanze.com\/de\/wp-json\/wp\/v2\/media?parent=10845"}],"curies":[{"name":"wp","href":"https:\/\/api.w.org\/{rel}","templated":true}]}}