{"id":1122,"date":"2018-01-31T10:04:55","date_gmt":"2018-01-31T09:04:55","guid":{"rendered":"https:\/\/www.belmontevacanze.com\/?page_id=1122"},"modified":"2025-02-14T16:30:42","modified_gmt":"2025-02-14T15:30:42","slug":"lage","status":"publish","type":"page","link":"https:\/\/www.belmontevacanze.com\/de\/lage\/","title":{"rendered":"Lage"},"content":{"rendered":"<div id='mappa'  class='avia-section av-av_section-5969a2ac389e87dddda7957acf965010 main_color avia-section-no-padding avia-no-border-styling  avia-builder-el-0  el_before_av_one_half  avia-builder-el-first  avia-bg-style-scroll container_wrap fullsize'  ><div class='container av-section-cont-open' ><main  role=\"main\" itemprop=\"mainContentOfPage\"  class='template-page content  av-content-full alpha units'><div class='post-entry post-entry-type-page post-entry-1122'><div class='entry-content-wrapper clearfix'>\n\n<\/div><\/div><\/main><!-- close content main element --><\/div><\/div><div id='after_section_1'  class='main_color av_default_container_wrap container_wrap fullsize'  ><div class='container av-section-cont-open' ><div class='template-page content  av-content-full alpha units'><div class='post-entry post-entry-type-page post-entry-1122'><div class='entry-content-wrapper clearfix'>\n\n<style type=\"text\/css\" data-created_by=\"avia_inline_auto\" id=\"style-css-av-av_one_half-15d750bd1b332b34c6e70b077ebbccdf\">\n.flex_column.av-av_one_half-15d750bd1b332b34c6e70b077ebbccdf{\nborder-radius:0px 0px 0px 0px;\npadding:0px 0px 0px 0px;\n}\n<\/style>\n<div  class='flex_column av-av_one_half-15d750bd1b332b34c6e70b077ebbccdf av_one_half  avia-builder-el-2  el_after_av_section  el_before_av_one_half  avia-builder-el-first  first flex_column_div av-zero-column-padding  '     ><section  class='av_textblock_section av-lhszitmm-4492516648eb9dcd1b3c4d6ee9940a2b '   itemscope=\"itemscope\" itemtype=\"https:\/\/schema.org\/CreativeWork\" ><div class='avia_textblock'  itemprop=\"text\" ><p>Der Agriturismo Belmonte Vacanze ist wahrlich <strong>im Herzen der Toskana<\/strong> gelegen, genau dort wo das \u2018Val d\u2019Elsa\u2019 und das \u2018Val d\u2019Era\u2019 aufeinandertreffen. Die Gegend hier ist das wahre <strong>Chianti<\/strong>.<\/p>\n<p>Unser Anwesen befindet sich in einem besonderen Dreieck inmitten der toskanischen H\u00fcgellandschaft, das von den St\u00e4dten <strong>Volterra<\/strong>, <strong>San Gimignano<\/strong> und <strong>Montaione<\/strong> gebildet wird. Diese sind jeweils 15 km (Volterra und San Gimignano) und 11 km von unserem Standort entfernt.<\/p>\n<p>In weniger als einer Stunde k\u00f6nnen Sie alle gr\u00f6\u00dferen St\u00e4dte der Gegend erreichen, wie <strong>Florenz<\/strong>, <strong>Siena<\/strong> und <strong>Pisa<\/strong> oder selbst die <strong>Etruskische K\u00fcste<\/strong> (Maremma-K\u00fcste bei Livorno) besuchen.<\/p>\n<p>Gibt es in der Toskana etwas Zentraleres? Nein, dies ist der perfekte Ort f\u00fcr Ihren Urlaub.<\/p>\n<hr \/>\n<h2>UNSERE ADRESSE:<\/h2>\n<h4><span style=\"color: #333333;\">Via Torri 62<br \/>\n50050 MONTAIONE (Provinz Firenze)<br \/>\nLocalit\u00e0 Iano<\/span><\/h4>\n<\/div><\/section><\/div>\n\n<style type=\"text\/css\" data-created_by=\"avia_inline_auto\" id=\"style-css-av-av_one_half-c8fc129dc35fd1ae2a1e410224d39ea8\">\n.flex_column.av-av_one_half-c8fc129dc35fd1ae2a1e410224d39ea8{\nborder-radius:0px 0px 0px 0px;\npadding:0px 0px 0px 0px;\n}\n<\/style>\n<div  class='flex_column av-av_one_half-c8fc129dc35fd1ae2a1e410224d39ea8 av_one_half  avia-builder-el-4  el_after_av_one_half  el_before_av_section  avia-builder-el-last  flex_column_div av-zero-column-padding  '     ><section  class='av_textblock_section av-lhszjqer-b9b8a097d51587d0f8990425f6a3d835 '   itemscope=\"itemscope\" itemtype=\"https:\/\/schema.org\/CreativeWork\" ><div class='avia_textblock'  itemprop=\"text\" ><h3>ANGABEN ZU DEN ENTFERNUNGEN ZU DEN NAHEGELEGENEN ORTSCHAFTEN UND ST\u00c4DTEN<\/h3>\n<div class=\"four columns\">\n<ul>\n<li>Montaione: 11 km<\/li>\n<li>San Gimignano: 18 km<\/li>\n<li>Volterra: 18 km<\/li>\n<li>Castelfiorentino: 18 km<\/li>\n<li>Certaldo: 25 km<\/li>\n<li>Florenz: 55 km<\/li>\n<li>Cecina (Maremma-K\u00fcste): 55 km<\/li>\n<li>Pisa: 60 km<\/li>\n<li>Lucca: 60 km<\/li>\n<li>Siena: 70 km<\/li>\n<\/ul>\n<\/div>\n<\/div><\/section><\/div><\/div><\/div><\/div><!-- close content main div --><\/div><\/div><div id='av_section_2'  class='avia-section av-av_section-d2d7b294989a349025ca3770de097997 main_color avia-section-default avia-shadow  avia-builder-el-6  el_after_av_one_half  el_before_av_one_third  avia-bg-style-scroll container_wrap fullsize'  ><div class='container av-section-cont-open' ><div class='template-page content  av-content-full alpha units'><div class='post-entry post-entry-type-page post-entry-1122'><div class='entry-content-wrapper clearfix'>\n<section  class='av_textblock_section av-lct4b32n-3a45a79f044f83a516339cb219e3272e '   itemscope=\"itemscope\" itemtype=\"https:\/\/schema.org\/CreativeWork\" ><div class='avia_textblock'  itemprop=\"text\" ><h4>GPS-KOORDINATEN UND EMPFEHLUNGEN F\u00dcR DIE BENUTZUNG VON NAVIGATIONSSYSTEMEN<\/h4>\n<p><strong>Dezimale Koordination: E 10,87508 N 43,50753<\/strong><\/p>\n<p><strong>Geographische Koordinaten: E 10\u00b052\u201930\u201c N 43\u00b030\u201927\u201c<\/strong><\/p>\n<p lang=\"en\">Sie k\u00f6nnen den Anweisungen Ihres Navigationssystems folgen, um zu Belmonte Vacanze zu gelangen, aber wir empfehlen Ihnen, ein Blick auf eine Karte zu werfen, um zu sehen, in welche Richtung Sie fahren und der Anfahrtsbeschreibung zu folgen, die wir f\u00fcr Sie weiter unten aufgef\u00fchrt haben.<br \/>\nIhr Navigationssystem leitet Sie unter Umst\u00e4nden auf einen langen Umweg!<br \/>\nF\u00fcr diejenigen, die aus Florenz kommen und in die Stra\u00dfe FI-PI-LI in Richtung Pisa nehmen, sollten die Ausfahrt bei Ginestra Fiorentina nehmen und nicht die in Empoli, wie es viele Navigationssysteme empfehlen.<\/p>\n<div id='avia-messagebox-' class='avia_message_box av_notification av-av_notification-541ec1110918d63d52ca6e6d97521500 avia-color-red avia-size-large avia-icon_select-yes avia-border-  avia-builder-el-8  avia-builder-el-no-sibling ' ><span class='avia_message_box_title' >Aufmerksamkeit!<\/span><div class=\"avia_message_box_content\"><span class='avia_message_box_icon' aria-hidden='true' data-av_icon='\ue868' data-av_iconfont='entypo-fontello'><\/span><p>Stellen Sie auch sicher, dass Sie das richtige Iano eingegeben haben, denn in der Toskana gibt es eine zweite Ortschaft namens Iano in der Gemeinde Pistoia etwa 100 km von Belmonte Vacanze entfernt, also aufpassen!<br \/>\nWir empfehlen deshalb, Ihr Navigationsger\u00e4t im Voraus auf die richtige Adresse einzustellen: <strong>Montaione,\u00a0Via Torri 62.<\/strong><\/p>\n<\/div><\/div>\n<p lang=\"en\"><strong>\u00a0<\/strong><\/p>\n<p>Die Ortschaft Iano ist 11 km von Montaione entfernt. Sobald Sie Iano erreichen, fahren Sie an einem kleinen Weiler mit einigen H\u00e4usern vorbei. Nach ca. 600 Metern finden Sie auf der rechten Seite ein Tor und ein gelbes Haus, umfasst von einem gr\u00fcnen Zaun. Herzlich Willkommen!<\/p>\n<p><iframe loading=\"lazy\" style=\"border: 0;\" src=\"https:\/\/www.google.com\/maps\/embed?pb=!4v1673528504655!6m8!1m7!1sis_bI6o83UK6X0xw6x_GXw!2m2!1d43.50719790498786!2d10.87522253446038!3f326.30717793946553!4f0.667336893749038!5f0.7820865974627469\" width=\"100%\" height=\"450\" allowfullscreen=\"allowfullscreen\"><\/iframe><\/p>\n<\/div><\/section>\n<\/div><\/div><\/div><!-- close content main div --><\/div><\/div><div id='after_section_2'  class='main_color av_default_container_wrap container_wrap fullsize'  ><div class='container av-section-cont-open' ><div class='template-page content  av-content-full alpha units'><div class='post-entry post-entry-type-page post-entry-1122'><div class='entry-content-wrapper clearfix'><\/p>\n\n<style type=\"text\/css\" data-created_by=\"avia_inline_auto\" id=\"style-css-av-av_one_third-15d750bd1b332b34c6e70b077ebbccdf\">\n.flex_column.av-av_one_third-15d750bd1b332b34c6e70b077ebbccdf{\nborder-radius:0px 0px 0px 0px;\npadding:0px 0px 0px 0px;\n}\n<\/style>\n<div  class='flex_column av-av_one_third-15d750bd1b332b34c6e70b077ebbccdf av_one_third  avia-builder-el-9  el_after_av_section  el_before_av_one_third  avia-builder-el-first  first flex_column_div av-zero-column-padding  '     ><section  class='av_textblock_section av-av_textblock-2de302bf1aa3cf4c9157dbe6f50ac7eb '   itemscope=\"itemscope\" itemtype=\"https:\/\/schema.org\/CreativeWork\" ><div class='avia_textblock'  itemprop=\"text\" ><h3>F\u00dcR G\u00c4STE, DIE VON DER AUTOBAHN<\/h3>\n<h3><strong>A1 BOLOGNA \u2013 MILANO \u2013 FIRENZE \u00bb<\/strong><\/h3>\n<ol>\n<li>Verlassen Sie die Autobahn an der Ausfahrt Firence Scandicci und nehmen Sie die Superstrada S.G.C. Firenze Pisa Livorno (FI-PI-LI) in Richtung Pia \u2013 Livorno.<\/li>\n<li>Bleiben Sie auf der Superstrada S.G.C. Fi-Pi-Li und nehmen Sie nach 20 km die Ausfahrt Ginestra Fiorentina.<\/li>\n<li>Folgen Sie der Stra\u00dfe f\u00fcr 9 km nach Montespertoli.<\/li>\n<li>Im Zentrum von Montespertoli angekommen, fahren Sie in Richtung Volterra-Castelfiorentino f\u00fcr weitere 10 km.<\/li>\n<li>Sie werden das Schild \u201cCastelfiorentino\u201d sehen und fahren dann weitere 10 km bis nach Montaione.<\/li>\n<li>Bevor Sie im Zentrum von Montaione ankommen, gelangen Sie an eine Kreuzung: biegen Sie links ab und fahren Sie bis nach San Vivaldo-Castelfalfi.<\/li>\n<li>Sobald Sie San Vivaldo nach ca. 8 Kilometern erreichen, fahren Sie nach rechts in das Zentrum des Dorfes und dar\u00fcber hinaus.<\/li>\n<li>Nach ca. 3 Kilometern werden Sie in Iano anlangen.<\/li>\n<li>Fahren Sie durch Iano hindurch und nach ca. 500 Metern k\u00f6nnen Sie das Belmonte-Schild auf Ihrer Rechten sehen.<\/li>\n<li>Fahren Sie noch 50 Meter weiter und Sie sehen den Eingang zur Rezeption zu Ihrer Rechten.<\/li>\n<\/ol>\n<\/div><\/section><\/div>\n\n<style type=\"text\/css\" data-created_by=\"avia_inline_auto\" id=\"style-css-av-av_one_third-c8fc129dc35fd1ae2a1e410224d39ea8\">\n.flex_column.av-av_one_third-c8fc129dc35fd1ae2a1e410224d39ea8{\nborder-radius:0px 0px 0px 0px;\npadding:0px 0px 0px 0px;\n}\n<\/style>\n<div  class='flex_column av-av_one_third-c8fc129dc35fd1ae2a1e410224d39ea8 av_one_third  avia-builder-el-11  el_after_av_one_third  el_before_av_one_third  flex_column_div av-zero-column-padding  '     ><section  class='av_textblock_section av-av_textblock-2de302bf1aa3cf4c9157dbe6f50ac7eb '   itemscope=\"itemscope\" itemtype=\"https:\/\/schema.org\/CreativeWork\" ><div class='avia_textblock'  itemprop=\"text\" ><h3>F\u00dcR G\u00c4STE, DIE VON DER AUTOBAHN<\/h3>\n<h3><strong>A1 ROMA \u2013 FIRENZE \u00bb<\/strong><\/h3>\n<ol>\n<li>Verlassen Sie die Autobahn an der Ausfahrt Valdichiana (nach der Ausfahrt Chiusi \u2013 Chianciano terme) und fahren sie die strada statale bis nach Siena (40km).<\/li>\n<li>Folgen Sie der Beschilderung nach Firenze, um auf die Superstrada del Palio zu gelangen, auf der Sie bis zur Ausfahrt Poggibonsi Centro fahren und dann den Schildern nach San Gimignano (10km) folgen.<\/li>\n<li>Umfahren Sie das Stadtzentrum und biegen Sie nach etwa 2 km links ab, sobald Sie das Schild nach Montaione, Gambassi und Villamagna sehen.<\/li>\n<li>Bleiben Sie auf der Stra\u00dfe f\u00fcr etwa 12 km bis Sie nach Il Castagno gelangen. Fahren Sie durch die Ortschaft und biegen Sie links nach San Vivaldo und Castelfalfi ab.<\/li>\n<li>Sobald Sie in San Vivaldo angekommen sind, biegen Sie ebenfalls links ab, fahren durch die Ortschaft hindurch und nach etwa 3km gelangen Sie nach Iano.<\/li>\n<li>Fahren Sie durch das Zentrum von Iano hindurch und nach ungef\u00e4hr 500 Metern finden Sie das Belmonte-Schild zu Ihrer Rechten.<\/li>\n<li>Fahren Sie noch etwa 50 Meter weiter und Sie sehen den Eingang zur Rezeption auf der rechten Seite.<\/li>\n<\/ol>\n<\/div><\/section><\/div>\n\n<style type=\"text\/css\" data-created_by=\"avia_inline_auto\" id=\"style-css-av-av_one_third-c8fc129dc35fd1ae2a1e410224d39ea8\">\n.flex_column.av-av_one_third-c8fc129dc35fd1ae2a1e410224d39ea8{\nborder-radius:0px 0px 0px 0px;\npadding:0px 0px 0px 0px;\n}\n<\/style>\n<div  class='flex_column av-av_one_third-c8fc129dc35fd1ae2a1e410224d39ea8 av_one_third  avia-builder-el-13  el_after_av_one_third  el_before_av_section  avia-builder-el-last  flex_column_div av-zero-column-padding  '     ><section  class='av_textblock_section av-av_textblock-2de302bf1aa3cf4c9157dbe6f50ac7eb '   itemscope=\"itemscope\" itemtype=\"https:\/\/schema.org\/CreativeWork\" ><div class='avia_textblock'  itemprop=\"text\" ><h3>F\u00dcR G\u00c4STE, DIE VON DER AUTOBAHN<\/h3>\n<h3><strong>A12 GENOVA \u2013 PISA \u2013 LIVORNO \u00bb<\/strong><\/h3>\n<ol>\n<li>Verlassen Sie die Autobahn in Pisa Centro (Flughafen G. Galilei).<\/li>\n<li>Folgen Sie der Superstrada S.G.C. Firenze, Pisa, Livorno in Richtung Firenze.<\/li>\n<li>Nehmen Sie die Ausfahrt in Pontedera (25km).<\/li>\n<li>Halten Sie sich links und folgen Sie der Beschilderung nach Volterra.<\/li>\n<li>Biegen Sie links nach Forcoli ab, durchqueren Sie den Ort und fahren weiter nach Castelfalfi, Montaione, San Gimignano und erreichen Castelfalfi nach etwa 10 Kilometern.<\/li>\n<li>Fahren Sie weiter nach San Vivaldo (5km), fahren Sie durch die Ortschaft hindurch und nach 3 km erreichen Sie Iano.<\/li>\n<li>Fahren Sie durch Iano hindurch und nach ca. 500 Metern k\u00f6nnen Sie das Belmonte-Schild zu Ihrer Rechten sehen.<\/li>\n<li>Fahren Sie noch 50 Meter weiter und Sie sehen den Eingang zur Rezeption auf der rechten Seite.<\/li>\n<\/ol>\n<\/div><\/section><\/div>\n<\/div><\/div><\/div><!-- close content main div --><\/div><\/div><div id='av_section_3'  class='avia-section av-av_section-d2d7b294989a349025ca3770de097997 main_color avia-section-default avia-shadow  avia-builder-el-15  el_after_av_one_third  el_before_av_section  avia-bg-style-scroll container_wrap fullsize'  ><div class='container av-section-cont-open' ><div class='template-page content  av-content-full alpha units'><div class='post-entry post-entry-type-page post-entry-1122'><div class='entry-content-wrapper clearfix'>\n<section  class='av_textblock_section av-av_textblock-2de302bf1aa3cf4c9157dbe6f50ac7eb '   itemscope=\"itemscope\" itemtype=\"https:\/\/schema.org\/CreativeWork\" ><div class='avia_textblock'  itemprop=\"text\" ><h2>F\u00dcR G\u00c4STE, DIE MIT DEM ZUG ANREISEN<\/h2>\n<p lang=\"en\">Der n\u00e4chste Bahnhof ist in Castelfiorentino, 18km von Belmonte Vacanze entfernt. Von dort aus k\u00f6nnen Sie Florenz in 40 Minuten erreichen und so den Parkstress dort umgehen. Mit einer st\u00fcndlichen Anbindung und nur 5,60 pro Ticket, eine g\u00fcnstige und umweltfreundliche M\u00f6glichkeit, Florenz zu besuchen.<\/p>\n<hr \/>\n<h2>F\u00dcR G\u00c4STE, DIE MIT DEM FLUGZEUG ANREISEN<\/h2>\n<p>Wir befinden uns in der gleichen Entfernung (60 km) vom <a href=\"http:\/\/www.aeroporto.firenze.it\/en\/\">Flughafen Florenz<\/a> und vom <a href=\"http:\/\/www.pisa-airport.com\/en\/\">Flughafen Pisa<\/a>, der in 50 Minuten mit dem Auto erreicht werden kann.<\/p>\n<p>Sie k\u00f6nnen also auch g\u00fcnstige Fl\u00fcge w\u00e4hlen, mit Ziel Pisa oder Florenz und dann ein Auto zu wettbewerbsf\u00e4higen Preisen mieten, um unsere Farm zu erreichen und dann die verschiedenen St\u00e4dte und D\u00f6rfer der Toskana zu besuchen.<\/p>\n<\/div><\/section>\n\n<\/div><\/div><\/div><!-- close content main div --><\/div><\/div>\n<style type=\"text\/css\" data-created_by=\"avia_inline_auto\" id=\"style-css-av-av_section-fd6d31b9e6c1051067bf4e29e5bfbcbb\">\n.avia-section.av-av_section-fd6d31b9e6c1051067bf4e29e5bfbcbb{\nbackground-repeat:no-repeat;\nbackground-image:url(https:\/\/www.belmontevacanze.com\/wp-content\/uploads\/2020\/03\/bg-email.png);\nbackground-position:100% 50%;\nbackground-attachment:scroll;\n}\n<\/style>\n<div id='av_section_4'  class='avia-section av-av_section-fd6d31b9e6c1051067bf4e29e5bfbcbb socket_color avia-section-large avia-no-shadow  avia-builder-el-17  el_after_av_section  avia-builder-el-last  avia-full-contain avia-bg-style-scroll container_wrap fullsize'  data-section-bg-repeat='contain'><div class='container av-section-cont-open' ><div class='template-page content  av-content-full alpha units'><div class='post-entry post-entry-type-page post-entry-1122'><div class='entry-content-wrapper clearfix'>\n\n<style type=\"text\/css\" data-created_by=\"avia_inline_auto\" id=\"style-css-av-av_one_fifth-15d750bd1b332b34c6e70b077ebbccdf\">\n.flex_column.av-av_one_fifth-15d750bd1b332b34c6e70b077ebbccdf{\nborder-radius:0px 0px 0px 0px;\npadding:0px 0px 0px 0px;\n}\n<\/style>\n<div  class='flex_column av-av_one_fifth-15d750bd1b332b34c6e70b077ebbccdf av_one_fifth  avia-builder-el-18  el_before_av_three_fifth  avia-builder-el-first  first flex_column_div av-zero-column-padding  '     ><\/div>\n<style type=\"text\/css\" data-created_by=\"avia_inline_auto\" id=\"style-css-av-av_three_fifth-c8fc129dc35fd1ae2a1e410224d39ea8\">\n.flex_column.av-av_three_fifth-c8fc129dc35fd1ae2a1e410224d39ea8{\nborder-radius:0px 0px 0px 0px;\npadding:0px 0px 0px 0px;\n}\n<\/style>\n<div  class='flex_column av-av_three_fifth-c8fc129dc35fd1ae2a1e410224d39ea8 av_three_fifth  avia-builder-el-19  el_after_av_one_fifth  el_before_av_one_fifth  flex_column_div av-zero-column-padding  '     ><style type=\"text\/css\" data-created_by=\"avia_inline_auto\" id=\"style-css-av-lhszl1at-0d7d005f091d630b66401e7d302216bf\">\n#top .av_textblock_section.av-lhszl1at-0d7d005f091d630b66401e7d302216bf .avia_textblock{\ncolor:#ffffff;\n}\n<\/style>\n<section  class='av_textblock_section av-lhszl1at-0d7d005f091d630b66401e7d302216bf '   itemscope=\"itemscope\" itemtype=\"https:\/\/schema.org\/CreativeWork\" ><div class='avia_textblock av_inherit_color'  itemprop=\"text\" ><h3 style=\"text-align: center;\"><span style=\"color: #f8be00;\">Newsletter anmelden<\/span><\/h3>\n<p style=\"text-align: center;\"><strong>Sie m\u00f6chten jetzt nicht buchen?<br \/>\n<\/strong>Hinterlassen Sie Ihre E-Mail-Adresse und Sie bekommen sofort ein <strong>Sonderangebot<\/strong> f\u00fcr Ihren n\u00e4chsten Aufenthalt.<br \/>\n<strong>Nur f\u00fcr die ersten 10 Anmeldungen!\u00a0<\/strong><\/p>\n<\/div><\/section><br \/>\n<\/p><\/div>\n<style type=\"text\/css\" data-created_by=\"avia_inline_auto\" id=\"style-css-av-av_one_fifth-c8fc129dc35fd1ae2a1e410224d39ea8\">\n.flex_column.av-av_one_fifth-c8fc129dc35fd1ae2a1e410224d39ea8{\nborder-radius:0px 0px 0px 0px;\npadding:0px 0px 0px 0px;\n}\n<\/style>\n<div  class='flex_column av-av_one_fifth-c8fc129dc35fd1ae2a1e410224d39ea8 av_one_fifth  avia-builder-el-22  el_after_av_three_fifth  avia-builder-el-last  flex_column_div av-zero-column-padding  '     ><\/div>\n\n","protected":false},"excerpt":{"rendered":"","protected":false},"author":3,"featured_media":0,"parent":0,"menu_order":0,"comment_status":"closed","ping_status":"closed","template":"","meta":{"footnotes":""},"class_list":["post-1122","page","type-page","status-publish","hentry"],"_links":{"self":[{"href":"https:\/\/www.belmontevacanze.com\/de\/wp-json\/wp\/v2\/pages\/1122","targetHints":{"allow":["GET"]}}],"collection":[{"href":"https:\/\/www.belmontevacanze.com\/de\/wp-json\/wp\/v2\/pages"}],"about":[{"href":"https:\/\/www.belmontevacanze.com\/de\/wp-json\/wp\/v2\/types\/page"}],"author":[{"embeddable":true,"href":"https:\/\/www.belmontevacanze.com\/de\/wp-json\/wp\/v2\/users\/3"}],"replies":[{"embeddable":true,"href":"https:\/\/www.belmontevacanze.com\/de\/wp-json\/wp\/v2\/comments?post=1122"}],"version-history":[{"count":14,"href":"https:\/\/www.belmontevacanze.com\/de\/wp-json\/wp\/v2\/pages\/1122\/revisions"}],"predecessor-version":[{"id":12117,"href":"https:\/\/www.belmontevacanze.com\/de\/wp-json\/wp\/v2\/pages\/1122\/revisions\/12117"}],"wp:attachment":[{"href":"https:\/\/www.belmontevacanze.com\/de\/wp-json\/wp\/v2\/media?parent=1122"}],"curies":[{"name":"wp","href":"https:\/\/api.w.org\/{rel}","templated":true}]}}