{"id":1206,"date":"2018-01-31T15:15:46","date_gmt":"2018-01-31T14:15:46","guid":{"rendered":"https:\/\/www.belmontevacanze.com\/?page_id=1206"},"modified":"2026-04-09T16:06:25","modified_gmt":"2026-04-09T14:06:25","slug":"agriturismo-tennisplatz-toskana","status":"publish","type":"page","link":"https:\/\/www.belmontevacanze.com\/de\/leistungen\/agriturismo-tennisplatz-toskana\/","title":{"rendered":"Tennisurlaub"},"content":{"rendered":"<div id='av-masonry-1' class='av-masonry av-av_masonry_gallery-49478ef4597408cb231dabab36bd7801 noHover av-flex-size av-large-gap av-hover-overlay- av-masonry-animation-active av-masonry-col-3 av-caption-always av-caption-style- av-masonry-gallery ' data-post_id=\"1206\"><div class=\"av-masonry-container isotope av-js-disabled\"><div class='av-masonry-entry isotope-item av-masonry-item-no-image '><\/div><a href=\"https:\/\/www.belmontevacanze.com\/wp-content\/uploads\/2018\/01\/B4111727-.jpg\" data-srcset=\"https:\/\/www.belmontevacanze.com\/wp-content\/uploads\/2018\/01\/B4111727-.jpg 1000w, https:\/\/www.belmontevacanze.com\/wp-content\/uploads\/2018\/01\/B4111727--300x200.jpg 300w, https:\/\/www.belmontevacanze.com\/wp-content\/uploads\/2018\/01\/B4111727--768x512.jpg 768w, https:\/\/www.belmontevacanze.com\/wp-content\/uploads\/2018\/01\/B4111727--705x470.jpg 705w, https:\/\/www.belmontevacanze.com\/wp-content\/uploads\/2018\/01\/B4111727--450x300.jpg 450w\" data-sizes=\"(max-width: 1000px) 100vw, 1000px\"  aria-label=\"Bild B4111727-\"  id='av-masonry-1-item-10693' data-av-masonry-item='10693' class='av-masonry-entry isotope-item post-10693 attachment type-attachment status-inherit hentry  av-masonry-item-with-image' title=\"B4111727-\" alt=\"\"    itemprop=\"thumbnailUrl\" ><div class='av-inner-masonry-sizer'><\/div><figure class='av-inner-masonry main_color'><div class=\"av-masonry-outerimage-container\"><div class='av-masonry-image-container'  ><img decoding=\"async\" width=\"705\" height=\"470\" fetchpriority=\"high\" class=\"wp-image-10693 avia-img-lazy-loading-not-10693\"  src=\"https:\/\/www.belmontevacanze.com\/wp-content\/uploads\/2018\/01\/B4111727--705x470.jpg\" title=\"B4111727-\" alt=\"\" srcset=\"https:\/\/www.belmontevacanze.com\/wp-content\/uploads\/2018\/01\/B4111727--705x470.jpg 705w, https:\/\/www.belmontevacanze.com\/wp-content\/uploads\/2018\/01\/B4111727--300x200.jpg 300w, https:\/\/www.belmontevacanze.com\/wp-content\/uploads\/2018\/01\/B4111727--768x512.jpg 768w, https:\/\/www.belmontevacanze.com\/wp-content\/uploads\/2018\/01\/B4111727--450x300.jpg 450w, https:\/\/www.belmontevacanze.com\/wp-content\/uploads\/2018\/01\/B4111727-.jpg 1000w\" sizes=\"(max-width: 705px) 100vw, 705px\" \/><\/div><\/div><\/figure><\/a><!--end av-masonry entry--><a href=\"https:\/\/www.belmontevacanze.com\/wp-content\/uploads\/2018\/01\/DSC_0188.jpg\" data-srcset=\"https:\/\/www.belmontevacanze.com\/wp-content\/uploads\/2018\/01\/DSC_0188.jpg 1000w, https:\/\/www.belmontevacanze.com\/wp-content\/uploads\/2018\/01\/DSC_0188-300x199.jpg 300w, https:\/\/www.belmontevacanze.com\/wp-content\/uploads\/2018\/01\/DSC_0188-768x510.jpg 768w, https:\/\/www.belmontevacanze.com\/wp-content\/uploads\/2018\/01\/DSC_0188-705x468.jpg 705w, https:\/\/www.belmontevacanze.com\/wp-content\/uploads\/2018\/01\/DSC_0188-450x299.jpg 450w\" data-sizes=\"(max-width: 1000px) 100vw, 1000px\"  aria-label=\"Bild DSC_0188\"  id='av-masonry-1-item-10694' data-av-masonry-item='10694' class='av-masonry-entry isotope-item post-10694 attachment type-attachment status-inherit hentry  av-masonry-item-with-image' title=\"DSC_0188\" alt=\"\"    itemprop=\"thumbnailUrl\" ><div class='av-inner-masonry-sizer'><\/div><figure class='av-inner-masonry main_color'><div class=\"av-masonry-outerimage-container\"><div class='av-masonry-image-container'  ><img decoding=\"async\" width=\"705\" height=\"468\" fetchpriority=\"high\" class=\"wp-image-10694 avia-img-lazy-loading-not-10694\"  src=\"https:\/\/www.belmontevacanze.com\/wp-content\/uploads\/2018\/01\/DSC_0188-705x468.jpg\" title=\"DSC_0188\" alt=\"\" srcset=\"https:\/\/www.belmontevacanze.com\/wp-content\/uploads\/2018\/01\/DSC_0188-705x468.jpg 705w, https:\/\/www.belmontevacanze.com\/wp-content\/uploads\/2018\/01\/DSC_0188-300x199.jpg 300w, https:\/\/www.belmontevacanze.com\/wp-content\/uploads\/2018\/01\/DSC_0188-768x510.jpg 768w, https:\/\/www.belmontevacanze.com\/wp-content\/uploads\/2018\/01\/DSC_0188-450x299.jpg 450w, https:\/\/www.belmontevacanze.com\/wp-content\/uploads\/2018\/01\/DSC_0188.jpg 1000w\" sizes=\"(max-width: 705px) 100vw, 705px\" \/><\/div><\/div><\/figure><\/a><!--end av-masonry entry--><a href=\"https:\/\/www.belmontevacanze.com\/wp-content\/uploads\/2018\/01\/DSC_0220.jpg\" data-srcset=\"https:\/\/www.belmontevacanze.com\/wp-content\/uploads\/2018\/01\/DSC_0220.jpg 1000w, https:\/\/www.belmontevacanze.com\/wp-content\/uploads\/2018\/01\/DSC_0220-300x199.jpg 300w, https:\/\/www.belmontevacanze.com\/wp-content\/uploads\/2018\/01\/DSC_0220-768x510.jpg 768w, https:\/\/www.belmontevacanze.com\/wp-content\/uploads\/2018\/01\/DSC_0220-705x468.jpg 705w, https:\/\/www.belmontevacanze.com\/wp-content\/uploads\/2018\/01\/DSC_0220-450x299.jpg 450w\" data-sizes=\"(max-width: 1000px) 100vw, 1000px\"  aria-label=\"Bild DSC_0220\"  id='av-masonry-1-item-10695' data-av-masonry-item='10695' class='av-masonry-entry isotope-item post-10695 attachment type-attachment status-inherit hentry  av-masonry-item-with-image' title=\"DSC_0220\" alt=\"\"    itemprop=\"thumbnailUrl\" ><div class='av-inner-masonry-sizer'><\/div><figure class='av-inner-masonry main_color'><div class=\"av-masonry-outerimage-container\"><div class='av-masonry-image-container'  ><img decoding=\"async\" width=\"705\" height=\"468\" fetchpriority=\"high\" class=\"wp-image-10695 avia-img-lazy-loading-not-10695\"  src=\"https:\/\/www.belmontevacanze.com\/wp-content\/uploads\/2018\/01\/DSC_0220-705x468.jpg\" title=\"DSC_0220\" alt=\"\" srcset=\"https:\/\/www.belmontevacanze.com\/wp-content\/uploads\/2018\/01\/DSC_0220-705x468.jpg 705w, https:\/\/www.belmontevacanze.com\/wp-content\/uploads\/2018\/01\/DSC_0220-300x199.jpg 300w, https:\/\/www.belmontevacanze.com\/wp-content\/uploads\/2018\/01\/DSC_0220-768x510.jpg 768w, https:\/\/www.belmontevacanze.com\/wp-content\/uploads\/2018\/01\/DSC_0220-450x299.jpg 450w, https:\/\/www.belmontevacanze.com\/wp-content\/uploads\/2018\/01\/DSC_0220.jpg 1000w\" sizes=\"(max-width: 705px) 100vw, 705px\" \/><\/div><\/div><\/figure><\/a><!--end av-masonry entry--><a href=\"https:\/\/www.belmontevacanze.com\/wp-content\/uploads\/2018\/01\/DSC_0281.jpg\" data-srcset=\"https:\/\/www.belmontevacanze.com\/wp-content\/uploads\/2018\/01\/DSC_0281.jpg 1000w, https:\/\/www.belmontevacanze.com\/wp-content\/uploads\/2018\/01\/DSC_0281-300x199.jpg 300w, https:\/\/www.belmontevacanze.com\/wp-content\/uploads\/2018\/01\/DSC_0281-768x510.jpg 768w, https:\/\/www.belmontevacanze.com\/wp-content\/uploads\/2018\/01\/DSC_0281-705x468.jpg 705w, https:\/\/www.belmontevacanze.com\/wp-content\/uploads\/2018\/01\/DSC_0281-450x299.jpg 450w\" data-sizes=\"(max-width: 1000px) 100vw, 1000px\"  aria-label=\"Bild DSC_0281\"  id='av-masonry-1-item-10696' data-av-masonry-item='10696' class='av-masonry-entry isotope-item post-10696 attachment type-attachment status-inherit hentry  av-masonry-item-with-image' title=\"DSC_0281\" alt=\"\"    itemprop=\"thumbnailUrl\" ><div class='av-inner-masonry-sizer'><\/div><figure class='av-inner-masonry main_color'><div class=\"av-masonry-outerimage-container\"><div class='av-masonry-image-container'  ><img decoding=\"async\" width=\"705\" height=\"468\" fetchpriority=\"high\" class=\"wp-image-10696 avia-img-lazy-loading-not-10696\"  src=\"https:\/\/www.belmontevacanze.com\/wp-content\/uploads\/2018\/01\/DSC_0281-705x468.jpg\" title=\"DSC_0281\" alt=\"\" srcset=\"https:\/\/www.belmontevacanze.com\/wp-content\/uploads\/2018\/01\/DSC_0281-705x468.jpg 705w, https:\/\/www.belmontevacanze.com\/wp-content\/uploads\/2018\/01\/DSC_0281-300x199.jpg 300w, https:\/\/www.belmontevacanze.com\/wp-content\/uploads\/2018\/01\/DSC_0281-768x510.jpg 768w, https:\/\/www.belmontevacanze.com\/wp-content\/uploads\/2018\/01\/DSC_0281-450x299.jpg 450w, https:\/\/www.belmontevacanze.com\/wp-content\/uploads\/2018\/01\/DSC_0281.jpg 1000w\" sizes=\"(max-width: 705px) 100vw, 705px\" \/><\/div><\/div><\/figure><\/a><!--end av-masonry entry--><a href=\"https:\/\/www.belmontevacanze.com\/wp-content\/uploads\/2018\/01\/DSC_0290.jpg\" data-srcset=\"https:\/\/www.belmontevacanze.com\/wp-content\/uploads\/2018\/01\/DSC_0290.jpg 1000w, https:\/\/www.belmontevacanze.com\/wp-content\/uploads\/2018\/01\/DSC_0290-300x199.jpg 300w, https:\/\/www.belmontevacanze.com\/wp-content\/uploads\/2018\/01\/DSC_0290-768x510.jpg 768w, https:\/\/www.belmontevacanze.com\/wp-content\/uploads\/2018\/01\/DSC_0290-705x468.jpg 705w, https:\/\/www.belmontevacanze.com\/wp-content\/uploads\/2018\/01\/DSC_0290-450x299.jpg 450w\" data-sizes=\"(max-width: 1000px) 100vw, 1000px\"  aria-label=\"Bild DSC_0290\"  id='av-masonry-1-item-10697' data-av-masonry-item='10697' class='av-masonry-entry isotope-item post-10697 attachment type-attachment status-inherit hentry  av-masonry-item-with-image' title=\"DSC_0290\" alt=\"\"    itemprop=\"thumbnailUrl\" ><div class='av-inner-masonry-sizer'><\/div><figure class='av-inner-masonry main_color'><div class=\"av-masonry-outerimage-container\"><div class='av-masonry-image-container'  ><img decoding=\"async\" width=\"705\" height=\"468\" fetchpriority=\"high\" class=\"wp-image-10697 avia-img-lazy-loading-not-10697\"  src=\"https:\/\/www.belmontevacanze.com\/wp-content\/uploads\/2018\/01\/DSC_0290-705x468.jpg\" title=\"DSC_0290\" alt=\"\" srcset=\"https:\/\/www.belmontevacanze.com\/wp-content\/uploads\/2018\/01\/DSC_0290-705x468.jpg 705w, https:\/\/www.belmontevacanze.com\/wp-content\/uploads\/2018\/01\/DSC_0290-300x199.jpg 300w, https:\/\/www.belmontevacanze.com\/wp-content\/uploads\/2018\/01\/DSC_0290-768x510.jpg 768w, https:\/\/www.belmontevacanze.com\/wp-content\/uploads\/2018\/01\/DSC_0290-450x299.jpg 450w, https:\/\/www.belmontevacanze.com\/wp-content\/uploads\/2018\/01\/DSC_0290.jpg 1000w\" sizes=\"(max-width: 705px) 100vw, 705px\" \/><\/div><\/div><\/figure><\/a><!--end av-masonry entry--><a href=\"https:\/\/www.belmontevacanze.com\/wp-content\/uploads\/2018\/01\/tennis_hills_Belmonte_panorama.jpg\" data-srcset=\"https:\/\/www.belmontevacanze.com\/wp-content\/uploads\/2018\/01\/tennis_hills_Belmonte_panorama.jpg 1000w, https:\/\/www.belmontevacanze.com\/wp-content\/uploads\/2018\/01\/tennis_hills_Belmonte_panorama-300x181.jpg 300w, https:\/\/www.belmontevacanze.com\/wp-content\/uploads\/2018\/01\/tennis_hills_Belmonte_panorama-768x462.jpg 768w, https:\/\/www.belmontevacanze.com\/wp-content\/uploads\/2018\/01\/tennis_hills_Belmonte_panorama-705x424.jpg 705w, https:\/\/www.belmontevacanze.com\/wp-content\/uploads\/2018\/01\/tennis_hills_Belmonte_panorama-450x271.jpg 450w\" data-sizes=\"(max-width: 1000px) 100vw, 1000px\"  aria-label=\"Bild tennis_hills_Belmonte_panorama\"  id='av-masonry-1-item-10698' data-av-masonry-item='10698' class='av-masonry-entry isotope-item post-10698 attachment type-attachment status-inherit hentry  av-masonry-item-with-image' title=\"tennis_hills_Belmonte_panorama\" alt=\"\"    itemprop=\"thumbnailUrl\" ><div class='av-inner-masonry-sizer'><\/div><figure class='av-inner-masonry main_color'><div class=\"av-masonry-outerimage-container\"><div class='av-masonry-image-container'  ><img decoding=\"async\" width=\"705\" height=\"424\" fetchpriority=\"high\" class=\"wp-image-10698 avia-img-lazy-loading-not-10698\"  src=\"https:\/\/www.belmontevacanze.com\/wp-content\/uploads\/2018\/01\/tennis_hills_Belmonte_panorama-705x424.jpg\" title=\"tennis_hills_Belmonte_panorama\" alt=\"\" srcset=\"https:\/\/www.belmontevacanze.com\/wp-content\/uploads\/2018\/01\/tennis_hills_Belmonte_panorama-705x424.jpg 705w, https:\/\/www.belmontevacanze.com\/wp-content\/uploads\/2018\/01\/tennis_hills_Belmonte_panorama-300x181.jpg 300w, https:\/\/www.belmontevacanze.com\/wp-content\/uploads\/2018\/01\/tennis_hills_Belmonte_panorama-768x462.jpg 768w, https:\/\/www.belmontevacanze.com\/wp-content\/uploads\/2018\/01\/tennis_hills_Belmonte_panorama-450x271.jpg 450w, https:\/\/www.belmontevacanze.com\/wp-content\/uploads\/2018\/01\/tennis_hills_Belmonte_panorama.jpg 1000w\" sizes=\"(max-width: 705px) 100vw, 705px\" \/><\/div><\/div><\/figure><\/a><!--end av-masonry entry--><\/div><\/div>\n<section  class='av_textblock_section av-l0tmzsir-204e3de167b2b67714e71069d66548b5 '   itemscope=\"itemscope\" itemtype=\"https:\/\/schema.org\/CreativeWork\" ><div class='avia_textblock'  itemprop=\"text\" ><h1 class=\"blog-post-header\">Tennisurlaub in den toskanischen H\u00fcgeln<\/h1>\n<div class=\"blog-post-content\">\n<p>Falls Sie gerne <strong>Tennis<\/strong> spielen, dann sollten Sie auf keinen Fall die Gelegenheit verpassen, eine Partie inmitten der toskanischen H\u00fcgel zu spielen. Sie werden garantiert nichts als den Aufprall des Balles gegen den Schl\u00e4ger h\u00f6ren\u2026\u00a0 falls Sie nicht vom spektakul\u00e4ren Panorama abgelenkt sind!<\/p>\n<h3>Tennisurlaub in Italien in Montaione<\/h3>\n<p>Falls Sie auf der Suche nach einer Unterkunft f\u00fcr <strong>Tennisferien in der Toskana<\/strong> sind, dann bietet Ihnen der Agriturismo Belmonte Vacanze die M\u00f6glichkeit, Ihren Lieblingssport auf dem brandneuen Tennisplatz zu praktizieren. Der professionelle <strong>Tennisplatz<\/strong> wurde 2006 fertiggestellt und liegt inmitten der toskanischen H\u00fcgel, eingebettet in eine atemberaubenden Landschaft. Auf unserem Anwesen und ganz in der N\u00e4he der Ferienwohnungen gelegen, kann der Platz bequem zu Fu\u00df erreicht werden.<\/p>\n<p>F\u00fcr einen perfekten <strong>Tennisurlaub<\/strong> in der Toskana haben wir den Tennisplatz mit den modernsten Synthetikbel\u00e4gen ausgestattet. Eine exzellente Spieloberfl\u00e4che von dem Typ, der auch auf amerikanischen Outdoor-Pl\u00e4tzen verwendet wird und auf dem es sich leicht spielen l\u00e4sst, w\u00e4hrend eine optimale Geschwindigkeit f\u00fcr den Ball gew\u00e4hrleistet wird.<\/p>\n<p>Sie k\u00f6nnen ein paar spannende Partien spielen oder einem Spiel vom Rand aus zusehen \u2013 umgeben von der wundersch\u00f6nen toskanischen Landschaft.<\/p>\n<p>F\u00fcr unsere G\u00e4ste, die w\u00e4hrend Ihres <strong>Tennisurlaubs in der Toskana<\/strong> nicht \u00fcber geeignete Ausr\u00fcstung verf\u00fcgen, k\u00f6nnen vor Ort <strong>kostenlos<\/strong> Schl\u00e4ger und B\u00e4lle ausleihen.<\/p>\n<p>F\u00fcr Ihre <strong>Kinder<\/strong> bieten unsere <strong>Tenniskurse<\/strong> die M\u00f6glichkeit, jede Menge Spa\u00df zu haben, sowie neue Freunde zu finden und den Eltern, sich eine kleine Auszeit zu g\u00f6nnen.<\/p>\n<h4>Platzgeb\u00fchren<\/h4>\n<\/div>\n<div class=\"info-message success\">\n\n<style type=\"text\/css\" data-created_by=\"avia_inline_auto\" id=\"style-css-av-av_font_icon-dd98227f5b810687babd5b5e53cdb4c0\">\n.av_font_icon.av-av_font_icon-dd98227f5b810687babd5b5e53cdb4c0{\ncolor:#b02b2c;\nborder-color:#b02b2c;\n}\n.av_font_icon.av-av_font_icon-dd98227f5b810687babd5b5e53cdb4c0 .av-icon-char{\nfont-size:40px;\nline-height:40px;\n}\n<\/style>\n<span  class='av_font_icon av-av_font_icon-dd98227f5b810687babd5b5e53cdb4c0 avia_animate_when_visible av-icon-style- avia-icon-pos-left avia-icon-animate'><span class='av-icon-char' aria-hidden='true' data-av_icon='\ue82b' data-av_iconfont='entypo-fontello' ><\/span><\/span><span id=\"result_box\" class=\"\" lang=\"it\"><span class=\"\"> Stundensatz: 15 \u20ac pro Stunde<br \/>\n<\/span><\/span><\/p>\n<\/div>\n<div class=\"tiled-gallery type-rectangular\" data-original-width=\"1224\" data-carousel-extra=\"{\"><\/div>\n<\/div><\/section>\n","protected":false},"excerpt":{"rendered":"","protected":false},"author":2,"featured_media":0,"parent":1975,"menu_order":0,"comment_status":"closed","ping_status":"closed","template":"","meta":{"footnotes":""},"class_list":["post-1206","page","type-page","status-publish","hentry"],"_links":{"self":[{"href":"https:\/\/www.belmontevacanze.com\/de\/wp-json\/wp\/v2\/pages\/1206","targetHints":{"allow":["GET"]}}],"collection":[{"href":"https:\/\/www.belmontevacanze.com\/de\/wp-json\/wp\/v2\/pages"}],"about":[{"href":"https:\/\/www.belmontevacanze.com\/de\/wp-json\/wp\/v2\/types\/page"}],"author":[{"embeddable":true,"href":"https:\/\/www.belmontevacanze.com\/de\/wp-json\/wp\/v2\/users\/2"}],"replies":[{"embeddable":true,"href":"https:\/\/www.belmontevacanze.com\/de\/wp-json\/wp\/v2\/comments?post=1206"}],"version-history":[{"count":12,"href":"https:\/\/www.belmontevacanze.com\/de\/wp-json\/wp\/v2\/pages\/1206\/revisions"}],"predecessor-version":[{"id":12830,"href":"https:\/\/www.belmontevacanze.com\/de\/wp-json\/wp\/v2\/pages\/1206\/revisions\/12830"}],"up":[{"embeddable":true,"href":"https:\/\/www.belmontevacanze.com\/de\/wp-json\/wp\/v2\/pages\/1975"}],"wp:attachment":[{"href":"https:\/\/www.belmontevacanze.com\/de\/wp-json\/wp\/v2\/media?parent=1206"}],"curies":[{"name":"wp","href":"https:\/\/api.w.org\/{rel}","templated":true}]}}