{"id":12705,"date":"2026-03-23T16:26:23","date_gmt":"2026-03-23T15:26:23","guid":{"rendered":"https:\/\/www.belmontevacanze.com\/toskanisches-landhaus-mit-holzbefeuertem-whirlpool-und-beheiztem-jacuzzi-der-perfekte-rueckzugsort-fuer-herbst-und-fruehling\/"},"modified":"2026-04-08T15:17:29","modified_gmt":"2026-04-08T13:17:29","slug":"https-www-belmontevacanze-com-de-holzbeheizter-badebottich-toskana","status":"publish","type":"page","link":"https:\/\/www.belmontevacanze.com\/de\/https-www-belmontevacanze-com-de-holzbeheizter-badebottich-toskana\/","title":{"rendered":"Toskanisches Landhaus mit holzbefeuertem Badebottich mit Hydromassage und beheiztem hot tub: Der perfekte R\u00fcckzugsort f\u00fcr Herbst und Fr\u00fchling."},"content":{"rendered":"<div id='layer_slider_1'  class='avia-layerslider main_color avia-shadow  avia-builder-el-0  el_before_av_textblock  avia-builder-el-first  container_wrap fullsize'  style='height: 721px; max-width: 1280px; margin: 0 auto;'  ><\/div><div id='after_layer_slider_1'  class='main_color av_default_container_wrap container_wrap fullsize'  ><div class='container av-section-cont-open' ><div class='template-page content  av-content-full alpha units'><div class='post-entry post-entry-type-page post-entry-12705'><div class='entry-content-wrapper clearfix'>\n<section  class='av_textblock_section av-1k5aqbc-fb99fa3555becab099918b090f859a5c '   itemscope=\"itemscope\" itemtype=\"https:\/\/schema.org\/CreativeWork\" ><div class='avia_textblock'  itemprop=\"text\" ><p><strong>Im Toskanische Landschaft liegt im April und Oktober<\/strong> ein verborgener Zauber. Die Luft ist frisch, die H\u00fcgel f\u00e4rben sich golden, und es gibt kein sch\u00f6neres Gef\u00fchl, als sich in einen Kokon aus W\u00e4rme zur\u00fcckzuziehen.<\/p>\n<p>In unserem Agriturismo nahe <strong>Montaione<\/strong> haben wir den perfekten R\u00fcckzugsort f\u00fcr Ihre Reise in der Nebensaison geschaffen. Stellen Sie sich vor, wie Sie vom Dampf eines <strong>authentischen finnischen Hot Tubs<\/strong> umh\u00fcllt werden, mit Wasser aus unserer nat\u00fcrlichen Quelle, das durch <strong>ein knisterndes Holzfeuer auf angenehme 38\u00b0C<\/strong> (100\u00b0F) erw\u00e4rmt wird, w\u00e4hrend sich die stille Sch\u00f6nheit der Toskana vor Ihren Augen entfaltet.<\/p>\n<\/div><\/section>\n<section  class='av_textblock_section av-mmt0vdy8-474da441f22219fddc7041e0832255e2 '   itemscope=\"itemscope\" itemtype=\"https:\/\/schema.org\/CreativeWork\" ><div class='avia_textblock'  itemprop=\"text\" ><h4>Das Gl\u00fcck von beheiztem Wasser im Freien \u2013 das ganze Jahr \u00fcber<\/h4>\n<p>Im Gegensatz zu herk\u00f6mmlichen Swimmingpools ist unser <strong>beheizter Outdoor-Whirlpool<\/strong> speziell f\u00fcr Komfort in den k\u00fchleren Monaten konzipiert. Unser hybrides Heizsystem sorgt f\u00fcr eine konstante, wohltuende Temperatur \u2013 und macht ihn zur idealen Wahl f\u00fcr einen <strong>romantischen Aufenthalt in der Toskana<\/strong>, wenn am Abend eine frische Brise aufkommt.<\/p>\n<\/div><\/section>\n<section  class='av_textblock_section av-mmt0vqwn-d5968c00caada9e2ffc0c70fec016ec0 '   itemscope=\"itemscope\" itemtype=\"https:\/\/schema.org\/CreativeWork\" ><div class='avia_textblock'  itemprop=\"text\" ><h4>Traditioneller finnischer Hot Tub: Ein uraltes Ritual im Herzen von Italien<\/h4>\n<p>Unser <strong>holzbefeuerter Hot Tub<\/strong> ist mehr als nur ein Bad; er ist eine Reise f\u00fcr die Sinne. Die integrierte Hydromassage entspannt Ihre Muskeln nach einem Tag voller Erkundungen in den umliegenden D\u00f6rfern, w\u00e4hrend der Duft von brennendem Holz Sie mit der Natur verbindet. Es ist das perfekte Erlebnis f\u00fcr alle, die einen <strong>authentischen Wellnessaufenthalt in der Toskana<\/strong> fernab von \u00fcberf\u00fcllten Spa-Resorts suchen.<\/p>\n<\/div><\/section>\n<section  class='av_textblock_section av-mmt0y4w3-23c959de1319f20ef01b54ab1f2b0dcf '   itemscope=\"itemscope\" itemtype=\"https:\/\/schema.org\/CreativeWork\" ><div class='avia_textblock'  itemprop=\"text\" ><h3>Warum im April oder Oktober reisen? (Die \u201egeheime Saison\u201c)<\/h3>\n<ul>\n<li><strong>Erholung im warmen Wasser:<\/strong> Der Kontrast zwischen der k\u00fchlen Luft der Toskana und den 38\u00b0C warmen Wasser unserer nat\u00fcrlichen Quelle regt die Durchblutung an und entspannt den Geist tiefgehend.<\/li>\n<li><strong>Exklusive Privatsph\u00e4re:<\/strong> In der Nebensaison wird unser Agriturismo zu einer Oase der Ruhe. Genie\u00dfen Sie Ihre private Auszeit unter dem sternenklaren Himmel im Oktober oder in der bl\u00fchenden Landschaft des Aprils.<\/li>\n<li><strong>Toskanisches Apr\u00e8s-Spa:<\/strong> Wir bieten alles, was Sie brauchen \u2013 <strong>von einer warmen Au\u00dfendusche<\/strong> bis hin zu flauschigen Badem\u00e4nteln und gem\u00fctlichen Ruhebereichen \u2013 damit Sie ganz entspannt vom Wasser in Ihre Wohlf\u00fchlzone wechseln k\u00f6nnen.<\/li>\n<\/ul>\n<\/div><\/section>\n<div  class='hr av-mpta8o-7813e80c320fcb7ede208897c3a4fb07 hr-default  avia-builder-el-5  el_after_av_textblock  el_before_av_layerslider  avia-builder-el-last '><span class='hr-inner '><span class=\"hr-inner-style\"><\/span><\/span><\/div>\n<\/div><\/div><\/div><!-- close content main div --><\/div><\/div><div id='layer_slider_2'  class='avia-layerslider main_color avia-shadow  avia-builder-el-6  el_after_av_hr  el_before_av_hr  slider-not-first container_wrap fullsize'  style='height: 721px; max-width: 1280px; margin: 0 auto;'  ><\/div><div id='after_layer_slider_2'  class='main_color av_default_container_wrap container_wrap fullsize'  ><div class='container av-section-cont-open' ><div class='template-page content  av-content-full alpha units'><div class='post-entry post-entry-type-page post-entry-12705'><div class='entry-content-wrapper clearfix'>\n<div  class='hr av-14ievuw-c0a93a70225eaee56056a7f3e7fad1a7 hr-default  avia-builder-el-7  el_after_av_layerslider  el_before_av_textblock  avia-builder-el-first '><span class='hr-inner '><span class=\"hr-inner-style\"><\/span><\/span><\/div>\n<section  class='av_textblock_section av-mmt0z1z9-3d0b801937b78ac1918efcbeae3bcbef '   itemscope=\"itemscope\" itemtype=\"https:\/\/schema.org\/CreativeWork\" ><div class='avia_textblock'  itemprop=\"text\" ><h3 style=\"text-align: center;\"><strong>\u201eToskanische W\u00e4rme\u201c \u2013 Spezialpaket<\/strong><\/h3>\n<p style=\"text-align: center;\"><strong>Suchen Sie ein toskanisches Landhaus mit beheiztem Badebottich f\u00fcr Ihren Urlaub im April oder Oktober?<\/strong> Buchen Sie unser exklusives \u201eNebensaison\u201c-Paket:<\/p>\n<ul>\n<li>Aufenthalt in einem traditionellen, unabh\u00e4ngigen Apartment<\/li>\n<li>Sitzung in unserem holzbefeuerten finnischen Hot Tub<\/li>\n<li>Aperitivo bei Sonnenuntergang am Wasser mit lokalem Wein oder Prosecco<\/li>\n<li>Abendessen in unserem Panoramarestaurant mit typischen saisonalen Spezialit\u00e4ten aus der Toskana<\/li>\n<\/ul>\n<\/div><\/section>\n<div  class='avia-button-wrap av-mmt14sre-9f4845339f8e4abc85edc3428fa72cf9-wrap avia-button-center  avia-builder-el-9  el_after_av_textblock  el_before_av_hr '><a href='https:\/\/www.simplebooking.it\/ibe2\/hotel\/2966\/?hid=2966&amp;lang=IT&amp;cur=EUR&amp;_gl=1*1ud5nas*_ga*ODgyNTMwNjEwLjE2ODMxMjgzNzE.*_ga_5232QF0BPF*czE3NzM2NTU1NjUkbzgxNyRnMSR0MTc3MzY1NTk0MiRqNjAkbDAkaDA.&amp;_ga=2.113722887.1420109068.1773651802-882530610.1683128371https:\/\/'  class='avia-button av-mmt14sre-9f4845339f8e4abc85edc3428fa72cf9 av-link-btn avia-icon_select-yes-left-icon avia-size-small avia-position-center avia-color-theme-color'   aria-label=\"Verf\u00fcgbarkeit pr\u00fcfen und Aufenthalt buchen.\"><span class='avia_button_icon avia_button_icon_left' aria-hidden='true' data-av_icon='\ue803' data-av_iconfont='entypo-fontello'><\/span><span class='avia_iconbox_title' >Verf\u00fcgbarkeit pr\u00fcfen und Aufenthalt buchen.<\/span><\/a><\/div>\n<div  class='hr av-l0rbq0-40f0e312fa486e2391d9b3771e0ae91a hr-default  avia-builder-el-10  el_after_av_button  el_before_av_one_full '><span class='hr-inner '><span class=\"hr-inner-style\"><\/span><\/span><\/div>\n\n<style type=\"text\/css\" data-created_by=\"avia_inline_auto\" id=\"style-css-av-647xk-39702d92a53062552f3ac0fb5bf5cf92\">\n.flex_column.av-647xk-39702d92a53062552f3ac0fb5bf5cf92{\nborder-radius:0px 0px 0px 0px;\npadding:0px 0px 0px 0px;\n}\n<\/style>\n<div  class='flex_column av-647xk-39702d92a53062552f3ac0fb5bf5cf92 av_one_full  avia-builder-el-11  el_after_av_hr  el_before_av_toggle_container  first flex_column_div av-zero-column-padding  '     ><article  class='iconbox iconbox_top av-fjhk54-2be23a8c2d8909ec1e809223c15dd839  avia-builder-el-12  avia-builder-el-no-sibling  main_color'  itemscope=\"itemscope\" itemtype=\"https:\/\/schema.org\/CreativeWork\" ><div class=\"iconbox_content\"><header class=\"entry-content-header\" aria-label=\"Icon: \"><div class=\"iconbox_icon heading-color\" aria-hidden='true' data-av_icon='\ue81f' data-av_iconfont='entypo-fontello'><\/div><\/header><div class='iconbox_content_container '  itemprop=\"text\" ><hr \/>\n<h2 style=\"text-align: center;\"><em>Wie funktioniert es?<\/em><\/h2>\n<p style=\"text-align: center;\"><em><strong>Zugang:<\/strong> von 9:00 bis 22:00 Uhr<\/em><\/p>\n<p style=\"text-align: center;\"><em><strong>Preis:<\/strong> 39 \u20ac pro Apartment (max. 4 Personen pro Hot Tub)<\/em><\/p>\n<hr data-start=\"1864\" data-end=\"1889\" \/>\n<p style=\"text-align: center;\" data-start=\"1891\" data-end=\"2053\"><em>Sie k\u00f6nnen w\u00e4hrend Ihrer Reservierung bis <strong>zu einer Stunde bleiben<\/strong>.<\/em><\/p>\n<hr \/>\n<p style=\"text-align: center;\" data-start=\"1891\" data-end=\"2053\"><em>Die Hot Tubs k\u00f6nnen direkt an der <strong>Rezeption<\/strong> gebucht werden.<\/em><\/p>\n<\/div><\/div><footer class=\"entry-footer\"><\/footer><\/article><\/div><div  class='togglecontainer av-mmt29qjh-2543d0d72aaa4946458ae685e491c9cc av-elegant-toggle  avia-builder-el-13  el_after_av_one_full  avia-builder-el-last  toggle_close_all'  itemscope=\"itemscope\" itemtype=\"https:\/\/schema.org\/FAQPage\" >\n<section class='av_toggle_section av-mmt226ks-045c8a4e7745c56aa01690220836e54c'  itemscope=\"itemscope\" itemprop=\"mainEntity\" itemtype=\"https:\/\/schema.org\/Question\" ><div role=\"tablist\" class=\"single_toggle\" data-tags=\"{Alle} \"  ><p id='toggle-toggle-id-1' data-fake-id='#toggle-id-1' class='toggler  av-title-above '  itemprop=\"name\"  role='tab' tabindex='0' aria-controls='toggle-id-1' data-slide-speed=\"200\" data-title=\"Ist das Wasser auch bei k\u00fchlem Wetter warm?\" data-title-open=\"\" data-aria_collapsed=\"Click to expand: Ist das Wasser auch bei k\u00fchlem Wetter warm?\" data-aria_expanded=\"Click to collapse: Ist das Wasser auch bei k\u00fchlem Wetter warm?\">Ist das Wasser auch bei k\u00fchlem Wetter warm?<span class=\"toggle_icon\"><span class=\"vert_icon\"><\/span><span class=\"hor_icon\"><\/span><\/span><\/p><div id='toggle-id-1' aria-labelledby='toggle-toggle-id-1' role='region' class='toggle_wrap  av-title-above'   itemscope=\"itemscope\" itemprop=\"acceptedAnswer\" itemtype=\"https:\/\/schema.org\/Answer\" ><div class='toggle_content invers-color '  itemprop=\"text\" ><p>Ja! Unser hybrides Holz-Elektro-System h\u00e4lt das Wasser konstant bei 38\u201340\u202f\u00b0C (100\u2013104\u202f\u00b0F) \u2013 perfekt f\u00fcr k\u00fchle Tage im April oder Oktober.<\/p>\n<\/div><\/div><\/div><\/section>\n<section class='av_toggle_section av-mmt22ryd-bbffa48fd8051aa1e2501c8750b85c36'  itemscope=\"itemscope\" itemprop=\"mainEntity\" itemtype=\"https:\/\/schema.org\/Question\" ><div role=\"tablist\" class=\"single_toggle\" data-tags=\"{Alle} \"  ><p id='toggle-toggle-id-2' data-fake-id='#toggle-id-2' class='toggler  av-title-above '  itemprop=\"name\"  role='tab' tabindex='0' aria-controls='toggle-id-2' data-slide-speed=\"200\" data-title=\"Was passiert, wenn es regnet?\" data-title-open=\"\" data-aria_collapsed=\"Click to expand: Was passiert, wenn es regnet?\" data-aria_expanded=\"Click to collapse: Was passiert, wenn es regnet?\">Was passiert, wenn es regnet?<span class=\"toggle_icon\"><span class=\"vert_icon\"><\/span><span class=\"hor_icon\"><\/span><\/span><\/p><div id='toggle-id-2' aria-labelledby='toggle-toggle-id-2' role='region' class='toggle_wrap  av-title-above'   itemscope=\"itemscope\" itemprop=\"acceptedAnswer\" itemtype=\"https:\/\/schema.org\/Answer\" ><div class='toggle_content invers-color '  itemprop=\"text\" ><p>Leichter Regen schafft eine magische Atmosph\u00e4re mit aufsteigendem Dampf. Das Erlebnis bleibt warm und gem\u00fctlich. Bei starkem Regen ist der Bereich nur wenige Schritte von Ihrem Apartment entfernt.<\/p>\n<\/div><\/div><\/div><\/section>\n<section class='av_toggle_section av-mmt23hnq-bd7f2b8363f9c238c16270ae8d921225'  itemscope=\"itemscope\" itemprop=\"mainEntity\" itemtype=\"https:\/\/schema.org\/Question\" ><div role=\"tablist\" class=\"single_toggle\" data-tags=\"{Alle} \"  ><p id='toggle-toggle-id-3' data-fake-id='#toggle-id-3' class='toggler  av-title-above '  itemprop=\"name\"  role='tab' tabindex='0' aria-controls='toggle-id-3' data-slide-speed=\"200\" data-title=\"Ist die Wasserhygiene garantiert?\" data-title-open=\"\" data-aria_collapsed=\"Click to expand: Ist die Wasserhygiene garantiert?\" data-aria_expanded=\"Click to collapse: Ist die Wasserhygiene garantiert?\">Ist die Wasserhygiene garantiert?<span class=\"toggle_icon\"><span class=\"vert_icon\"><\/span><span class=\"hor_icon\"><\/span><\/span><\/p><div id='toggle-id-3' aria-labelledby='toggle-toggle-id-3' role='region' class='toggle_wrap  av-title-above'   itemscope=\"itemscope\" itemprop=\"acceptedAnswer\" itemtype=\"https:\/\/schema.org\/Answer\" ><div class='toggle_content invers-color '  itemprop=\"text\" ><p>Absolut. Wir verwenden professionelle Filterung und zertifizierte Behandlungen, um jederzeit kristallklares und hygienisch sauberes Wasser zu gew\u00e4hrleisten.<\/p>\n<\/div><\/div><\/div><\/section>\n<section class='av_toggle_section av-mmt25u19-91f2fa7b7b871de5c8e6c4d43308cddb'  itemscope=\"itemscope\" itemprop=\"mainEntity\" itemtype=\"https:\/\/schema.org\/Question\" ><div role=\"tablist\" class=\"single_toggle\" data-tags=\"{Alle} \"  ><p id='toggle-toggle-id-4' data-fake-id='#toggle-id-4' class='toggler  av-title-above '  itemprop=\"name\"  role='tab' tabindex='0' aria-controls='toggle-id-4' data-slide-speed=\"200\" data-title=\"Muss ich im Voraus buchen?\" data-title-open=\"\" data-aria_collapsed=\"Click to expand: Muss ich im Voraus buchen?\" data-aria_expanded=\"Click to collapse: Muss ich im Voraus buchen?\">Muss ich im Voraus buchen?<span class=\"toggle_icon\"><span class=\"vert_icon\"><\/span><span class=\"hor_icon\"><\/span><\/span><\/p><div id='toggle-id-4' aria-labelledby='toggle-toggle-id-4' role='region' class='toggle_wrap  av-title-above'   itemscope=\"itemscope\" itemprop=\"acceptedAnswer\" itemtype=\"https:\/\/schema.org\/Answer\" ><div class='toggle_content invers-color '  itemprop=\"text\" ><p>Ja, um Privatsph\u00e4re und die perfekte Wassertemperatur zu gew\u00e4hrleisten, buchen Sie bitte w\u00e4hrend der Nebensaison mindestens 24 Stunden im Voraus an der Rezeption.<\/p>\n<\/div><\/div><\/div><\/section>\n<section class='av_toggle_section av-mmt28nix-1dbf5f0d82a8c14f4073f10bd439b2ab'  itemscope=\"itemscope\" itemprop=\"mainEntity\" itemtype=\"https:\/\/schema.org\/Question\" ><div role=\"tablist\" class=\"single_toggle\" data-tags=\"{Alle} \"  ><p id='toggle-toggle-id-5' data-fake-id='#toggle-id-5' class='toggler  av-title-above '  itemprop=\"name\"  role='tab' tabindex='0' aria-controls='toggle-id-5' data-slide-speed=\"200\" data-title=\"Werden Badem\u00e4ntel bereitgestellt?\" data-title-open=\"\" data-aria_collapsed=\"Click to expand: Werden Badem\u00e4ntel bereitgestellt?\" data-aria_expanded=\"Click to collapse: Werden Badem\u00e4ntel bereitgestellt?\">Werden Badem\u00e4ntel bereitgestellt?<span class=\"toggle_icon\"><span class=\"vert_icon\"><\/span><span class=\"hor_icon\"><\/span><\/span><\/p><div id='toggle-id-5' aria-labelledby='toggle-toggle-id-5' role='region' class='toggle_wrap  av-title-above'   itemscope=\"itemscope\" itemprop=\"acceptedAnswer\" itemtype=\"https:\/\/schema.org\/Answer\" ><div class='toggle_content invers-color '  itemprop=\"text\" ><p>Wir empfehlen, Ihr eigenes mitzubringen, aber wenn Sie m\u00f6chten, k\u00f6nnen Sie es an unserer Rezeption ausleihen.<\/p>\n<\/div><\/div><\/div><\/section>\n<\/div><\/p>\n","protected":false},"excerpt":{"rendered":"","protected":false},"author":2,"featured_media":0,"parent":0,"menu_order":0,"comment_status":"closed","ping_status":"closed","template":"","meta":{"footnotes":""},"class_list":["post-12705","page","type-page","status-publish","hentry"],"_links":{"self":[{"href":"https:\/\/www.belmontevacanze.com\/de\/wp-json\/wp\/v2\/pages\/12705","targetHints":{"allow":["GET"]}}],"collection":[{"href":"https:\/\/www.belmontevacanze.com\/de\/wp-json\/wp\/v2\/pages"}],"about":[{"href":"https:\/\/www.belmontevacanze.com\/de\/wp-json\/wp\/v2\/types\/page"}],"author":[{"embeddable":true,"href":"https:\/\/www.belmontevacanze.com\/de\/wp-json\/wp\/v2\/users\/2"}],"replies":[{"embeddable":true,"href":"https:\/\/www.belmontevacanze.com\/de\/wp-json\/wp\/v2\/comments?post=12705"}],"version-history":[{"count":5,"href":"https:\/\/www.belmontevacanze.com\/de\/wp-json\/wp\/v2\/pages\/12705\/revisions"}],"predecessor-version":[{"id":12804,"href":"https:\/\/www.belmontevacanze.com\/de\/wp-json\/wp\/v2\/pages\/12705\/revisions\/12804"}],"wp:attachment":[{"href":"https:\/\/www.belmontevacanze.com\/de\/wp-json\/wp\/v2\/media?parent=12705"}],"curies":[{"name":"wp","href":"https:\/\/api.w.org\/{rel}","templated":true}]}}