{"id":1497,"date":"2018-02-06T12:15:30","date_gmt":"2018-02-06T11:15:30","guid":{"rendered":"https:\/\/www.belmontevacanze.com\/?page_id=1497"},"modified":"2023-08-22T12:49:14","modified_gmt":"2023-08-22T10:49:14","slug":"ferienhaus-golf-castelfalfi","status":"publish","type":"page","link":"https:\/\/www.belmontevacanze.com\/de\/leistungen\/ferienhaus-golf-castelfalfi\/","title":{"rendered":"Golf"},"content":{"rendered":"<section  class='av_textblock_section av-lhtbme6p-357fe3b0f49b5a62e5ad703bd34943a9 '   itemscope=\"itemscope\" itemtype=\"https:\/\/schema.org\/CreativeWork\" ><div class='avia_textblock'  itemprop=\"text\" ><h1>Golfurlaub in Castelfalfi in der Toskana<\/h1>\n<h2>Golfurlaub mit Unterkunft im Agriturismo bei Castelfalfi in der Toskana<\/h2>\n<p>F\u00fcr Ihren Golfurlaub in der Toskana, finden Sie in diesem herrlichen Gebiet 16 Golfpl\u00e4tze, 9 davon mit 18 L\u00f6chern und 7 Pl\u00e4tze mit 9 L\u00f6chern. Daneben gibt es zahlreiche \u00dcbungspl\u00e4tze, wo man \u00fcben oder lernen kann.<\/p>\n<p>Sie liegen in einer umwerfenden Landschaft mit sanften H\u00fcgeln, Olivenhainen und Weinbergen, abseits der gro\u00dfen Wohngebiete, aber nicht weit von St\u00e4dten wie San Gimignano, Volterra, Florenz, Siena, Pisa und Lucca, um nur die ber\u00fchmtesten zu nennen.<\/p>\n<h2>WARUM EINEN GOLFURLAUB IM AGRITURISMO MONTAIONE W\u00c4HLEN?<\/h2>\n<p><strong>Montaione<\/strong> bietet eine optimale Location f\u00fcr Golfurlaub in der Toskana. Dank seiner zentralen Lage kann man n\u00e4mlich in kurzer Zeit 3 der besten Golfclubs der Toskana erreichen. An erster Stellen, der ganz neue Golfclub in Castelfalfi in Montaione, umgeben von einer phantastischen Landschaft, mit einem milden Klima gesegnet, das dem <strong>Golfclub<\/strong> <strong>Castelfalfi<\/strong> in Montaione erlaubt, das ganze Jahr ge\u00f6ffnet zu sein und Wettk\u00e4mpfe, nationale und internationale Meisterschaften ausrichten zu k\u00f6nnen, neben Unterrichtsstunden und Kursen f\u00fcr diejenigen, die diesen herrlichen Sport in einem traumhaften Szenarium lernen wollen. Der Agriturismo Belmonte Vacanze ist eine der Unterk\u00fcnfte, die dem Golfclub am n\u00e4chsten liegen. Castelfalfi ist von unseren Ferienwohnungen in 20 Autominuten erreichbar, wie Sie auf <a href=\"https:\/\/www.google.it\/maps\/dir\/Belmonte+Vacanze,+Via+Torri,+Montaione,+Florenz\/Castelfalfi+Golf+Club+ASD,+Loc,+50050+Castelfalfi+FI\/@43.5299211,10.8506247,14z\/data=!3m1!4b1!4m14!4m13!1m5!1m1!1s0x132a13e43febf66f:0x82832b7cd3ee96a0!2m2!1d10.8750723!2d43.5073193!1m5!1m1!1s0x132a13a8003efcef:0x7805fd55e464d6fe!2m2!1d10.8563239!2d43.5406549!3e0\">Google Maps<\/a> selbst sehen k\u00f6nnen.<\/p>\n<p>Belmonte Vacanze hat eine spezielle Vereinbarung mit dem Golfclub Castelfalfi und bietet seinen G\u00e4sten 10 % Preisnachlass auf die offiziellen Tarife.<\/p>\n<p>CASTELFALFI CLUB TOSCANA RESORT<\/p>\n<p>Auf einem 1100-Hektar-Gebiet liegt der Golfclub Castelfalfi, umgeben von der bezaubernden Landschaft der Toskana. Zypressen, gr\u00fcne H\u00fcgel und Sonnenblumenfelder, daneben Landh\u00e4user und geschichtstr\u00e4chtige Orte, sind der Rahmen, wo man Golf spielt. Es gibt zwei Pl\u00e4tze, die so angelegt sind, dass sie verbunden werden k\u00f6nnen und so viele Spielvarianten bieten k\u00f6nnen: der Mountain Course mit <strong>18 L\u00f6chern<\/strong> und der Lake Course mit <strong>9 L\u00f6chern<\/strong>.<\/p>\n<\/div><\/section>\n\n<style type=\"text\/css\" data-created_by=\"avia_inline_auto\" id=\"style-css-av-lhtbnxll-66925cb92658a3acf1865902bb96ba1d\">\n.av_promobox.av-lhtbnxll-66925cb92658a3acf1865902bb96ba1d{\ncolor:#ffffff;\nbackground:#432200;\nborder-color:#432200;\n}\n<\/style>\n<div  class='av_promobox av-lhtbnxll-66925cb92658a3acf1865902bb96ba1d avia-button-yes  avia-builder-el-1  el_after_av_textblock  el_before_av_masonry_gallery  avia-builder-el-last '><div class='avia-promocontent'><p>\nF\u00fcr weitere Informationen zu Golfkursen, Einzelstunden und so weiter, schauen Sie sich die Webseite des <a title=\"golf club castelfalfi\" href=\"https:\/\/www.castelfalfi.com\/en\/golf-club\/\" target=\"_blank\" rel=\"noopener\">Golfclubs Castelfalfi\u00a0<\/a>an.<\/p>\n<\/div><div  class='avia-button-wrap av-lhtbnxll-15089275b1c6dbe58fe86d2afaccf858-wrap avia-button-right '><a href='http:\/\/www.castelfalfi.com\/de\/golf\/golf-club-toscana-resort-castelfalfi\/'  class='avia-button av-lhtbnxll-15089275b1c6dbe58fe86d2afaccf858 av-link-btn avia-icon_select-no avia-size-large avia-position-right avia-color-theme-color'  target=\"_blank\"  rel=\"noopener noreferrer\"  aria-label=\"castelfalfi.com\"><span class='avia_iconbox_title' >castelfalfi.com<\/span><\/a><\/div><\/div>\n\n<section  class='av_textblock_section av-lhtbpmnv-8fe95e6dfdd9b6f3150efdab47680904 '   itemscope=\"itemscope\" itemtype=\"https:\/\/schema.org\/CreativeWork\" ><div class='avia_textblock'  itemprop=\"text\" ><h2>WEITERE GOLFCLUBS IN DER UMGEBUNG<\/h2>\n<p>Wenige Kilometer vom Agriturismo Belmonte Vacanze entfernt, finden sich weitere 2 sehr sch\u00f6ne Clubs, wo man in der Toskana Golf spielen kann und sie sind alle etwa in 30 Minuten zu erreichen. Eine gute Alternative, um in Ihrem Golfurlaub in der Toskana auch andere Golfclubs auszuprobieren.<\/p>\n<p>.<\/p>\n<\/div><\/section>\n\n<style type=\"text\/css\" data-created_by=\"avia_inline_auto\" id=\"style-css-av-av_one_third-15d750bd1b332b34c6e70b077ebbccdf\">\n.flex_column.av-av_one_third-15d750bd1b332b34c6e70b077ebbccdf{\nborder-radius:0px 0px 0px 0px;\npadding:0px 0px 0px 0px;\n}\n<\/style>\n<div  class='flex_column av-av_one_third-15d750bd1b332b34c6e70b077ebbccdf av_one_third  avia-builder-el-4  el_after_av_textblock  el_before_av_one_third  first flex_column_div av-zero-column-padding  column-top-margin'     ><section  class='av_textblock_section av-lhtbqz9n-02147577c93e44e1beef9664b35b71c0 '   itemscope=\"itemscope\" itemtype=\"https:\/\/schema.org\/CreativeWork\" ><div class='avia_textblock'  itemprop=\"text\" ><h2>UGOLINO GOLF CLUB<\/h2>\n<p>Via Chiantigiana, 3 \u2013 50015 Grassina \u2013 Firenze<br \/>\nTel. +39 055 2301009<br \/>\n<a title=\"vacanze golf toscana\" href=\"https:\/\/www.golfugolino.it\/en\/\" target=\"_blank\" rel=\"noopener\">www.golfugolino.it<\/a><br \/>\n<a href=\"mailto:info@golfugolino.it\">info@golfugolino.it<\/a><\/p>\n<p><em>Eigenschaften:<\/em><br \/>\nBahnen 18<br \/>\nPar 71<br \/>\nmt 5676<\/p>\n<p><em>Entfernung von Belmonte Vacanze:<\/em><br \/>\nKm 61,8<\/p>\n<\/div><\/section><\/div>\n<style type=\"text\/css\" data-created_by=\"avia_inline_auto\" id=\"style-css-av-av_one_third-c8fc129dc35fd1ae2a1e410224d39ea8\">\n.flex_column.av-av_one_third-c8fc129dc35fd1ae2a1e410224d39ea8{\nborder-radius:0px 0px 0px 0px;\npadding:0px 0px 0px 0px;\n}\n<\/style>\n<div  class='flex_column av-av_one_third-c8fc129dc35fd1ae2a1e410224d39ea8 av_one_third  avia-builder-el-6  el_after_av_one_third  avia-builder-el-last  flex_column_div av-zero-column-padding  column-top-margin'     ><section  class='av_textblock_section av-lhtbs83j-63ac28ea17859f739685f3ca20673b4e '   itemscope=\"itemscope\" itemtype=\"https:\/\/schema.org\/CreativeWork\" ><div class='avia_textblock'  itemprop=\"text\" ><h2>MONTELUPO GOLF CLUB<\/h2>\n<p>Via Le Piagge, 4 \u2013 Loc. Fattoria di Fibbiana<br \/>\n50056 Montelupo Fiorentino \u2013 Firenze<br \/>\nTel. +39 0571 541004<br \/>\n<a title=\"giocare golf toscana\" href=\"http:\/\/www.golfmontelupo.it\/\" target=\"_blank\" rel=\"noopener\">www.golfmontelupo.it<\/a><br \/>\n<a href=\"mailto:info@golfmontelupo.it\">info@golfmontelupo.it<\/a><\/p>\n<p><em>Eigenschaften:<\/em><br \/>\nBahnen 9<br \/>\nPar 36<br \/>\nmt 2877<\/p>\n<p><em>Entfernung von Belmonte Vacanze:<\/em><br \/>\nKm 41,6<\/p>\n<\/div><\/section><\/div><\/p>\n","protected":false},"excerpt":{"rendered":"","protected":false},"author":2,"featured_media":0,"parent":1975,"menu_order":0,"comment_status":"closed","ping_status":"closed","template":"","meta":{"footnotes":""},"class_list":["post-1497","page","type-page","status-publish","hentry"],"_links":{"self":[{"href":"https:\/\/www.belmontevacanze.com\/de\/wp-json\/wp\/v2\/pages\/1497","targetHints":{"allow":["GET"]}}],"collection":[{"href":"https:\/\/www.belmontevacanze.com\/de\/wp-json\/wp\/v2\/pages"}],"about":[{"href":"https:\/\/www.belmontevacanze.com\/de\/wp-json\/wp\/v2\/types\/page"}],"author":[{"embeddable":true,"href":"https:\/\/www.belmontevacanze.com\/de\/wp-json\/wp\/v2\/users\/2"}],"replies":[{"embeddable":true,"href":"https:\/\/www.belmontevacanze.com\/de\/wp-json\/wp\/v2\/comments?post=1497"}],"version-history":[{"count":7,"href":"https:\/\/www.belmontevacanze.com\/de\/wp-json\/wp\/v2\/pages\/1497\/revisions"}],"predecessor-version":[{"id":10926,"href":"https:\/\/www.belmontevacanze.com\/de\/wp-json\/wp\/v2\/pages\/1497\/revisions\/10926"}],"up":[{"embeddable":true,"href":"https:\/\/www.belmontevacanze.com\/de\/wp-json\/wp\/v2\/pages\/1975"}],"wp:attachment":[{"href":"https:\/\/www.belmontevacanze.com\/de\/wp-json\/wp\/v2\/media?parent=1497"}],"curies":[{"name":"wp","href":"https:\/\/api.w.org\/{rel}","templated":true}]}}