{"id":1601,"date":"2018-02-07T16:40:39","date_gmt":"2018-02-07T15:40:39","guid":{"rendered":"https:\/\/www.belmontevacanze.com\/?page_id=1601"},"modified":"2023-06-11T18:03:26","modified_gmt":"2023-06-11T16:03:26","slug":"kochkurs-toskana","status":"publish","type":"page","link":"https:\/\/www.belmontevacanze.com\/de\/leistungen\/kochkurs-toskana\/","title":{"rendered":"Kochkurs in der Toskana"},"content":{"rendered":"\n<section  class='av_textblock_section av-lirm6n92-7594152f52650e69f91eff1397eb30ef '   itemscope=\"itemscope\" itemtype=\"https:\/\/schema.org\/CreativeWork\" ><div class='avia_textblock'  itemprop=\"text\" ><p><strong>Die Toskana<\/strong>\u00a0ist nicht nur die wunderbare Landschaft der Tradition und der Kunst. Wenn Sie die eigentliche Essenz unserer Region erfahren m\u00f6chten, dann m\u00fcssen Sie seine k\u00f6stlichen typischen Gerichte und die Bedeutung der Begleitung eines guten Glases Wein kennen.<\/p>\n<p><strong>DIE TOSKANISCHE K\u00dcCHE<\/strong><\/p>\n<p><strong>Die Toskanische K\u00fcche<\/strong>\u00a0ist tief in der l\u00e4ndlichen Kultur verwurzelt und ihre Bestandteile sind echt und einfach. Das ist der Grund, warum sie \u201ccucina povera\u201d (\u00e4rmliche K\u00fcche) hei\u00dft und gerade auch solche toskanischen Gerichte sind auf der ganzen Welt gesch\u00fctzt. Einige Beispiele sind \u201cZuppa di pane\u201d oder \u201cRibollita\u201d (Suppen aus Gem\u00fcse und Brot) und das bekannte \u201cBistecca alla Fiorentina\u201d (Beefsteak).<\/p>\n<p>Der <a href=\"https:\/\/www.belmontevacanze.com\/de\/\">Agriturismo Belmonte<\/a> bietet seinen G\u00e4sten die M\u00f6glichkeit, an einem toskanischen Kochkurs teilzunehmen. Bei uns k\u00f6nnen Sie alle Geheimnisse lernen, um ein authentisches <strong>toskanisches Gericht<\/strong> bei Ihnen zuhause nachzukochen. Die einfache toskanische K\u00fcche kennenzulernen, bedeutet f\u00fcr Sie, den Urlaub im Ferienhaus Belmonte auf eine erholsame und entspannende Art und Weise zu verbringen.<\/p>\n<p>Das \u201c<strong>Cucina Giuseppina<\/strong>\u201d r\u00fchmt sich wegen ihrer gro\u00dfen Erfahrung und ihrem Spezialangebot, Touristen die kulinarischen <strong>Traditionen der Toskana<\/strong> zu vermitteln.<br \/>\nGiuseppina unterbreitet Angebote in der privaten toskanischen Kochschule und bereitet Abendessen f\u00fcr kleine Gruppen in ihrer K\u00fcche der\u00a0<strong>Familie Weinberg II Falisca<\/strong>\u00a0zu.<\/p>\n<div class=\"blog-post-content\"><\/div>\n<\/div><\/section>\n\n<style type=\"text\/css\" data-created_by=\"avia_inline_auto\" id=\"style-css-av-av_promobox-86879224d29d51bab2ddfd8155b02209\">\n.av_promobox.av-av_promobox-86879224d29d51bab2ddfd8155b02209{\ncolor:#ffffff;\nbackground:#432200;\nborder-color:#432200;\n}\n<\/style>\n<div  class='av_promobox av-av_promobox-86879224d29d51bab2ddfd8155b02209 avia-button-yes  avia-builder-el-2  el_after_av_textblock  avia-builder-el-last '><div class='avia-promocontent'><p>\n<strong>F\u00fcr Informationen \u00fcber Preise und Unterricht:<\/strong> <a href=\"http:\/\/www.cucinagiuseppina.com\/\">www.cucinagiuseppina.com<\/a><\/p>\n<\/div><div  class='avia-button-wrap av-av_button-e8129aab3b64e62d47de62a4f73c83c0-wrap avia-button-right '><a href='http:\/\/www.cucinagiuseppina.com\/'  class='avia-button av-av_button-e8129aab3b64e62d47de62a4f73c83c0 av-link-btn avia-icon_select-yes-left-icon avia-size-large avia-position-right avia-color-theme-color'  target=\"_blank\"  rel=\"noopener noreferrer\"  aria-label=\"Mehr Info \u00fcber die Kochkurse\"><span class='avia_button_icon avia_button_icon_left' aria-hidden='true' data-av_icon='\ue812' data-av_iconfont='entypo-fontello'><\/span><span class='avia_iconbox_title' >Mehr Info \u00fcber die Kochkurse<\/span><\/a><\/div><\/div>\n","protected":false},"excerpt":{"rendered":"","protected":false},"author":3,"featured_media":0,"parent":1975,"menu_order":0,"comment_status":"closed","ping_status":"closed","template":"","meta":{"footnotes":""},"class_list":["post-1601","page","type-page","status-publish","hentry"],"_links":{"self":[{"href":"https:\/\/www.belmontevacanze.com\/de\/wp-json\/wp\/v2\/pages\/1601","targetHints":{"allow":["GET"]}}],"collection":[{"href":"https:\/\/www.belmontevacanze.com\/de\/wp-json\/wp\/v2\/pages"}],"about":[{"href":"https:\/\/www.belmontevacanze.com\/de\/wp-json\/wp\/v2\/types\/page"}],"author":[{"embeddable":true,"href":"https:\/\/www.belmontevacanze.com\/de\/wp-json\/wp\/v2\/users\/3"}],"replies":[{"embeddable":true,"href":"https:\/\/www.belmontevacanze.com\/de\/wp-json\/wp\/v2\/comments?post=1601"}],"version-history":[{"count":5,"href":"https:\/\/www.belmontevacanze.com\/de\/wp-json\/wp\/v2\/pages\/1601\/revisions"}],"predecessor-version":[{"id":10800,"href":"https:\/\/www.belmontevacanze.com\/de\/wp-json\/wp\/v2\/pages\/1601\/revisions\/10800"}],"up":[{"embeddable":true,"href":"https:\/\/www.belmontevacanze.com\/de\/wp-json\/wp\/v2\/pages\/1975"}],"wp:attachment":[{"href":"https:\/\/www.belmontevacanze.com\/de\/wp-json\/wp\/v2\/media?parent=1601"}],"curies":[{"name":"wp","href":"https:\/\/api.w.org\/{rel}","templated":true}]}}