{"id":1807,"date":"2018-02-08T11:57:29","date_gmt":"2018-02-08T10:57:29","guid":{"rendered":"https:\/\/www.belmontevacanze.com\/?page_id=1807"},"modified":"2023-06-03T17:21:15","modified_gmt":"2023-06-03T15:21:15","slug":"agriturismo-lademoeglichkeit-elektroautos-toskana","status":"publish","type":"page","link":"https:\/\/www.belmontevacanze.com\/de\/leistungen\/agriturismo-lademoeglichkeit-elektroautos-toskana\/","title":{"rendered":"Agriturismo mit Ladestation f\u00fcr Elektroautos"},"content":{"rendered":"<div  class='avia-slideshow av-av_slideshow-e5ffe91c78ae24378493f2febf89ae19 avia-slideshow-no scaling av_slideshow avia-slide-slider  avia-builder-el-0  el_before_av_one_fifth  avia-builder-el-first  av-slideshow-ui av-control-default av-slideshow-autoplay av-loop-endless av-loop-manual-endless av-default-height-applied avia-slideshow-1' data-slideshow-options=\"{&quot;animation&quot;:&quot;slide&quot;,&quot;autoplay&quot;:true,&quot;loop_autoplay&quot;:&quot;endless&quot;,&quot;interval&quot;:3,&quot;loop_manual&quot;:&quot;manual-endless&quot;,&quot;autoplay_stopper&quot;:false,&quot;noNavigation&quot;:false,&quot;bg_slider&quot;:false,&quot;keep_padding&quot;:false,&quot;hoverpause&quot;:false,&quot;show_slide_delay&quot;:0}\"  itemprop=\"image\" itemscope=\"itemscope\" itemtype=\"https:\/\/schema.org\/ImageObject\" ><ul class='avia-slideshow-inner ' style='padding-bottom: 66.5%;'><li  class='avia-slideshow-slide av-av_slideshow-e5ffe91c78ae24378493f2febf89ae19__0  slide-1 slide-odd'><div data-rel='slideshow-1' class='avia-slide-wrap '   ><img decoding=\"async\" fetchpriority=\"high\" class=\"wp-image-3393 avia-img-lazy-loading-not-3393\"  src=\"https:\/\/www.belmontevacanze.com\/wp-content\/uploads\/2018\/09\/tesla.8.jpg\" width=\"800\" height=\"532\" title='tesla.8' alt=''  itemprop=\"thumbnailUrl\" srcset=\"https:\/\/www.belmontevacanze.com\/wp-content\/uploads\/2018\/09\/tesla.8.jpg 800w, https:\/\/www.belmontevacanze.com\/wp-content\/uploads\/2018\/09\/tesla.8-300x200.jpg 300w, https:\/\/www.belmontevacanze.com\/wp-content\/uploads\/2018\/09\/tesla.8-768x511.jpg 768w, https:\/\/www.belmontevacanze.com\/wp-content\/uploads\/2018\/09\/tesla.8-705x469.jpg 705w, https:\/\/www.belmontevacanze.com\/wp-content\/uploads\/2018\/09\/tesla.8-450x299.jpg 450w\" sizes=\"(max-width: 800px) 100vw, 800px\" \/><\/div><\/li><li  class='avia-slideshow-slide av-av_slideshow-e5ffe91c78ae24378493f2febf89ae19__1  slide-2 slide-even'><div data-rel='slideshow-1' class='avia-slide-wrap '   ><img decoding=\"async\" fetchpriority=\"high\" class=\"wp-image-3387 avia-img-lazy-loading-not-3387\"  src=\"https:\/\/www.belmontevacanze.com\/wp-content\/uploads\/2018\/09\/tesla.2.jpg\" width=\"800\" height=\"532\" title='tesla.2' alt=''  itemprop=\"thumbnailUrl\" srcset=\"https:\/\/www.belmontevacanze.com\/wp-content\/uploads\/2018\/09\/tesla.2.jpg 800w, https:\/\/www.belmontevacanze.com\/wp-content\/uploads\/2018\/09\/tesla.2-300x200.jpg 300w, https:\/\/www.belmontevacanze.com\/wp-content\/uploads\/2018\/09\/tesla.2-768x511.jpg 768w, https:\/\/www.belmontevacanze.com\/wp-content\/uploads\/2018\/09\/tesla.2-705x469.jpg 705w, https:\/\/www.belmontevacanze.com\/wp-content\/uploads\/2018\/09\/tesla.2-450x299.jpg 450w\" sizes=\"(max-width: 800px) 100vw, 800px\" \/><\/div><\/li><li  class='avia-slideshow-slide av-av_slideshow-e5ffe91c78ae24378493f2febf89ae19__2  slide-3 slide-odd'><div data-rel='slideshow-1' class='avia-slide-wrap '   ><img decoding=\"async\" fetchpriority=\"high\" class=\"wp-image-3383 avia-img-lazy-loading-not-3383\"  src=\"https:\/\/www.belmontevacanze.com\/wp-content\/uploads\/2018\/09\/tesla.1.jpg\" width=\"800\" height=\"532\" title='tesla destination charge toscana' alt=''  itemprop=\"thumbnailUrl\" srcset=\"https:\/\/www.belmontevacanze.com\/wp-content\/uploads\/2018\/09\/tesla.1.jpg 800w, https:\/\/www.belmontevacanze.com\/wp-content\/uploads\/2018\/09\/tesla.1-300x200.jpg 300w, https:\/\/www.belmontevacanze.com\/wp-content\/uploads\/2018\/09\/tesla.1-768x511.jpg 768w, https:\/\/www.belmontevacanze.com\/wp-content\/uploads\/2018\/09\/tesla.1-705x469.jpg 705w, https:\/\/www.belmontevacanze.com\/wp-content\/uploads\/2018\/09\/tesla.1-450x299.jpg 450w\" sizes=\"(max-width: 800px) 100vw, 800px\" \/><\/div><\/li><li  class='avia-slideshow-slide av-av_slideshow-e5ffe91c78ae24378493f2febf89ae19__3  slide-4 slide-even'><div data-rel='slideshow-1' class='avia-slide-wrap '   ><img decoding=\"async\" fetchpriority=\"high\" class=\"wp-image-3392 avia-img-lazy-loading-not-3392\"  src=\"https:\/\/www.belmontevacanze.com\/wp-content\/uploads\/2018\/09\/tesla.3.jpg\" width=\"800\" height=\"532\" title='tesla.3' alt=''  itemprop=\"thumbnailUrl\" srcset=\"https:\/\/www.belmontevacanze.com\/wp-content\/uploads\/2018\/09\/tesla.3.jpg 800w, https:\/\/www.belmontevacanze.com\/wp-content\/uploads\/2018\/09\/tesla.3-300x200.jpg 300w, https:\/\/www.belmontevacanze.com\/wp-content\/uploads\/2018\/09\/tesla.3-768x511.jpg 768w, https:\/\/www.belmontevacanze.com\/wp-content\/uploads\/2018\/09\/tesla.3-705x469.jpg 705w, https:\/\/www.belmontevacanze.com\/wp-content\/uploads\/2018\/09\/tesla.3-450x299.jpg 450w\" sizes=\"(max-width: 800px) 100vw, 800px\" \/><\/div><\/li><li  class='avia-slideshow-slide av-av_slideshow-e5ffe91c78ae24378493f2febf89ae19__4  slide-5 slide-odd'><div data-rel='slideshow-1' class='avia-slide-wrap '   ><img decoding=\"async\" fetchpriority=\"high\" class=\"wp-image-3391 avia-img-lazy-loading-not-3391\"  src=\"https:\/\/www.belmontevacanze.com\/wp-content\/uploads\/2018\/09\/tesla.10.jpg\" width=\"800\" height=\"532\" title='tesla.10' alt=''  itemprop=\"thumbnailUrl\" srcset=\"https:\/\/www.belmontevacanze.com\/wp-content\/uploads\/2018\/09\/tesla.10.jpg 800w, https:\/\/www.belmontevacanze.com\/wp-content\/uploads\/2018\/09\/tesla.10-300x200.jpg 300w, https:\/\/www.belmontevacanze.com\/wp-content\/uploads\/2018\/09\/tesla.10-768x511.jpg 768w, https:\/\/www.belmontevacanze.com\/wp-content\/uploads\/2018\/09\/tesla.10-705x469.jpg 705w, https:\/\/www.belmontevacanze.com\/wp-content\/uploads\/2018\/09\/tesla.10-450x299.jpg 450w\" sizes=\"(max-width: 800px) 100vw, 800px\" \/><\/div><\/li><li  class='avia-slideshow-slide av-av_slideshow-e5ffe91c78ae24378493f2febf89ae19__5  slide-6 slide-even'><div data-rel='slideshow-1' class='avia-slide-wrap '   ><img decoding=\"async\" fetchpriority=\"high\" class=\"wp-image-3390 avia-img-lazy-loading-not-3390\"  src=\"https:\/\/www.belmontevacanze.com\/wp-content\/uploads\/2018\/09\/tesla.6.jpg\" width=\"800\" height=\"532\" title='tesla.6' alt=''  itemprop=\"thumbnailUrl\" srcset=\"https:\/\/www.belmontevacanze.com\/wp-content\/uploads\/2018\/09\/tesla.6.jpg 800w, https:\/\/www.belmontevacanze.com\/wp-content\/uploads\/2018\/09\/tesla.6-300x200.jpg 300w, https:\/\/www.belmontevacanze.com\/wp-content\/uploads\/2018\/09\/tesla.6-768x511.jpg 768w, https:\/\/www.belmontevacanze.com\/wp-content\/uploads\/2018\/09\/tesla.6-705x469.jpg 705w, https:\/\/www.belmontevacanze.com\/wp-content\/uploads\/2018\/09\/tesla.6-450x299.jpg 450w\" sizes=\"(max-width: 800px) 100vw, 800px\" \/><\/div><\/li><li  class='avia-slideshow-slide av-av_slideshow-e5ffe91c78ae24378493f2febf89ae19__6  slide-7 slide-odd'><div data-rel='slideshow-1' class='avia-slide-wrap '   ><img decoding=\"async\" fetchpriority=\"high\" class=\"wp-image-3389 avia-img-lazy-loading-not-3389\"  src=\"https:\/\/www.belmontevacanze.com\/wp-content\/uploads\/2018\/09\/tesla.5.jpg\" width=\"800\" height=\"532\" title='tesla.5' alt=''  itemprop=\"thumbnailUrl\" srcset=\"https:\/\/www.belmontevacanze.com\/wp-content\/uploads\/2018\/09\/tesla.5.jpg 800w, https:\/\/www.belmontevacanze.com\/wp-content\/uploads\/2018\/09\/tesla.5-300x200.jpg 300w, https:\/\/www.belmontevacanze.com\/wp-content\/uploads\/2018\/09\/tesla.5-768x511.jpg 768w, https:\/\/www.belmontevacanze.com\/wp-content\/uploads\/2018\/09\/tesla.5-705x469.jpg 705w, https:\/\/www.belmontevacanze.com\/wp-content\/uploads\/2018\/09\/tesla.5-450x299.jpg 450w\" sizes=\"(max-width: 800px) 100vw, 800px\" \/><\/div><\/li><\/ul><div class='avia-slideshow-arrows avia-slideshow-controls' ><a href='#prev' class='prev-slide ' aria-hidden='true' data-av_icon='\ue87c' data-av_iconfont='entypo-fontello'  tabindex='-1'>Zur\u00fcck<\/a><a href='#next' class='next-slide ' aria-hidden='true' data-av_icon='\ue87d' data-av_iconfont='entypo-fontello'  tabindex='-1'>Weiter<\/a><\/div><div class='avia-slideshow-dots avia-slideshow-controls'><a href='#1' class='goto-slide active' >1<\/a><a href='#2' class='goto-slide ' >2<\/a><a href='#3' class='goto-slide ' >3<\/a><a href='#4' class='goto-slide ' >4<\/a><a href='#5' class='goto-slide ' >5<\/a><a href='#6' class='goto-slide ' >6<\/a><a href='#7' class='goto-slide ' >7<\/a><\/div><\/div>\n\n<style type=\"text\/css\" data-created_by=\"avia_inline_auto\" id=\"style-css-av-av_one_fifth-15d750bd1b332b34c6e70b077ebbccdf\">\n.flex_column.av-av_one_fifth-15d750bd1b332b34c6e70b077ebbccdf{\nborder-radius:0px 0px 0px 0px;\npadding:0px 0px 0px 0px;\n}\n<\/style>\n<div  class='flex_column av-av_one_fifth-15d750bd1b332b34c6e70b077ebbccdf av_one_fifth  avia-builder-el-1  el_after_av_slideshow  el_before_av_three_fifth  first flex_column_div av-zero-column-padding  '     ><\/div>\n\n<style type=\"text\/css\" data-created_by=\"avia_inline_auto\" id=\"style-css-av-av_three_fifth-c8fc129dc35fd1ae2a1e410224d39ea8\">\n.flex_column.av-av_three_fifth-c8fc129dc35fd1ae2a1e410224d39ea8{\nborder-radius:0px 0px 0px 0px;\npadding:0px 0px 0px 0px;\n}\n<\/style>\n<div  class='flex_column av-av_three_fifth-c8fc129dc35fd1ae2a1e410224d39ea8 av_three_fifth  avia-builder-el-2  el_after_av_one_fifth  el_before_av_one_fifth  flex_column_div av-zero-column-padding  '     ><p><section  class='av_textblock_section av-l0qmy2un-afaadd54f403a44be4a266514b3fa009 '   itemscope=\"itemscope\" itemtype=\"https:\/\/schema.org\/CreativeWork\" ><div class='avia_textblock'  itemprop=\"text\" ><p><img loading=\"lazy\" decoding=\"async\" class=\"size-full wp-image-697 aligncenter\" src=\"https:\/\/www.belmontevacanze.com\/wp-content\/uploads\/2018\/01\/tesla.2.jpg\" alt=\"\" width=\"800\" height=\"532\" srcset=\"https:\/\/www.belmontevacanze.com\/wp-content\/uploads\/2018\/01\/tesla.2.jpg 800w, https:\/\/www.belmontevacanze.com\/wp-content\/uploads\/2018\/01\/tesla.2-300x200.jpg 300w, https:\/\/www.belmontevacanze.com\/wp-content\/uploads\/2018\/01\/tesla.2-768x511.jpg 768w, https:\/\/www.belmontevacanze.com\/wp-content\/uploads\/2018\/01\/tesla.2-705x469.jpg 705w, https:\/\/www.belmontevacanze.com\/wp-content\/uploads\/2018\/01\/tesla.2-450x299.jpg 450w\" sizes=\"auto, (max-width: 800px) 100vw, 800px\" \/><\/p>\n<h2><small>TESLA HOTEL DESTINATION CHARGING IN DER TOSKANA<\/small><\/h2>\n<h3><b>LADEN SIE IHR ELEKTROAUTO IN UNSEREM UMWELTFREUNDLICHEN AGRITURISMO IN DER TOSKANA AUF, SEI ES TESLA ODER VON ANDEREM HERSTELLER.<\/b><\/h3>\n<p>Wir haben zwei\u00a0<strong>Tesla Ladestationen mit 22 KW<\/strong>\u00a0<strong>und eine 22 KW Ladestation <\/strong>f\u00fcr andere Autos<strong> mit Typ 2 Anschluss<\/strong>.<\/p>\n<p>Wir wollten offizielles Tesla Ladezentrum werden und freuen uns, unseren Beitrag zur F\u00f6rderung der Elektroautos zu geben. Zur Hilfe aller Pioniere die an eine neue Art des Reisens fest glauben.<\/p>\n<p>Tesla hat unser Streben unterst\u00fctzt und hat uns erlaubt Teil des toskanischen Ladenetzes zu sein indem sie uns mit den offiziellen Ladestationen der Tesla-Gruppe versorgt hat.<\/p>\n<p><strong>Wir sind die einzige\u00a0<a href=\"https:\/\/www.belmontevacanze.com\/de\/\">Ferienanlage der Toskana<\/a> mit drei Ladestationen, zwei davon sind 22 KW <a href=\"https:\/\/www.tesla.com\/de_DE\/destination-charging?redirect=no\" target=\"_blank\" rel=\"noopener\">Tesla Charger<\/a>.<\/strong><\/p>\n<h3><img loading=\"lazy\" decoding=\"async\" class=\"aligncenter size-full wp-image-698\" src=\"https:\/\/www.belmontevacanze.com\/wp-content\/uploads\/2018\/01\/tesla.map_.toscana-1024x569.jpg\" alt=\"\" width=\"1024\" height=\"569\" srcset=\"https:\/\/www.belmontevacanze.com\/wp-content\/uploads\/2018\/01\/tesla.map_.toscana-1024x569.jpg 1024w, https:\/\/www.belmontevacanze.com\/wp-content\/uploads\/2018\/01\/tesla.map_.toscana-1024x569-300x167.jpg 300w, https:\/\/www.belmontevacanze.com\/wp-content\/uploads\/2018\/01\/tesla.map_.toscana-1024x569-768x427.jpg 768w, https:\/\/www.belmontevacanze.com\/wp-content\/uploads\/2018\/01\/tesla.map_.toscana-1024x569-705x392.jpg 705w, https:\/\/www.belmontevacanze.com\/wp-content\/uploads\/2018\/01\/tesla.map_.toscana-1024x569-450x250.jpg 450w\" sizes=\"auto, (max-width: 1024px) 100vw, 1024px\" \/><\/h3>\n<p>Die 22 kw Ladestationen von Tesla erm\u00f6glichen das Aufladen eines Tesla-Autos in 2,5 Stunden (komplett ungeladen, ohne Restladung, ansonsten verk\u00fcrzt sich die Ladezeit). Ganze 100 km Reichweite pro Ladestunde!<\/p>\n<p>Die allgemeine Ladestation mit 22 kw und Typ 2 Anschluss ist zum Aufladen anderer Elektroautos.<\/p>\n<p>Wir freuen uns, den G\u00e4sten unserer Ferienwohnungen 3 Ladestationen f\u00fcr Elektroautos anbieten zu k\u00f6nnen. F\u00fcr all die Reisenden, die die <strong>Toskana mit einem Elektroauto erkunden m\u00f6chten.<\/strong><\/p>\n<h3><img loading=\"lazy\" decoding=\"async\" class=\"size-full wp-image-696 alignleft\" src=\"https:\/\/www.belmontevacanze.com\/wp-content\/uploads\/2018\/01\/IMG_9033-300x225.jpg\" alt=\"\" width=\"300\" height=\"225\" \/> BELMONTE 2.0<\/h3>\n<p>Wir bem\u00fchen uns eine fortgeschrittene Anlage in Sachen Technologie zu sein. Dieses Jahr haben wir in Glasfaserkabel-WLAN und in Ladestationen f\u00fcr Elektroautos investiert.<\/p>\n<\/div><\/section><br \/>\n\n<style type=\"text\/css\" data-created_by=\"avia_inline_auto\" id=\"style-css-av-av_hr-4474f20d2389e2e5ecf918a02da5132e\">\n#top .hr.hr-invisible.av-av_hr-4474f20d2389e2e5ecf918a02da5132e{\nheight:50px;\n}\n<\/style>\n<div  class='hr av-av_hr-4474f20d2389e2e5ecf918a02da5132e hr-invisible  avia-builder-el-4  el_after_av_textblock  el_before_av_icon_box '><span class='hr-inner '><span class=\"hr-inner-style\"><\/span><\/span><\/div><br \/>\n\n<style type=\"text\/css\" data-created_by=\"avia_inline_auto\" id=\"style-css-av-l0qmybhy-8222cc6a571fda6cff394aa351866ef5\">\n#top #wrap_all .iconbox.av-l0qmybhy-8222cc6a571fda6cff394aa351866ef5 .iconbox_content_title{\ncolor:#b02b2c;\n}\n<\/style>\n<article  class='iconbox iconbox_left av-l0qmybhy-8222cc6a571fda6cff394aa351866ef5  avia-builder-el-5  el_after_av_hr  avia-builder-el-last '  itemscope=\"itemscope\" itemtype=\"https:\/\/schema.org\/CreativeWork\" ><div class=\"iconbox_content\"><header class=\"entry-content-header\" aria-label=\"Icon: Der Ladeservice f\u00fcr Elektroautos ist kostenpflichtig.\"><div class=\"iconbox_icon heading-color\" aria-hidden='true' data-av_icon='\ue83e' data-av_iconfont='entypo-fontello'><\/div><h3 class='iconbox_content_title '  itemprop=\"headline\" >Der Ladeservice f\u00fcr Elektroautos ist kostenpflichtig.<\/h3><\/header><div class='iconbox_content_container '  itemprop=\"text\" ><\/div><\/div><footer class=\"entry-footer\"><\/footer><\/article><\/p><\/div>\n<style type=\"text\/css\" data-created_by=\"avia_inline_auto\" id=\"style-css-av-av_one_fifth-c8fc129dc35fd1ae2a1e410224d39ea8\">\n.flex_column.av-av_one_fifth-c8fc129dc35fd1ae2a1e410224d39ea8{\nborder-radius:0px 0px 0px 0px;\npadding:0px 0px 0px 0px;\n}\n<\/style>\n<div  class='flex_column av-av_one_fifth-c8fc129dc35fd1ae2a1e410224d39ea8 av_one_fifth  avia-builder-el-6  el_after_av_three_fifth  el_before_av_section  avia-builder-el-last  flex_column_div av-zero-column-padding  '     ><\/div><\/p>\n<\/div><\/div><\/div><!-- close content main div --><\/div><\/div>\n<style type=\"text\/css\" data-created_by=\"avia_inline_auto\" id=\"style-css-av-av_section-fd6d31b9e6c1051067bf4e29e5bfbcbb\">\n.avia-section.av-av_section-fd6d31b9e6c1051067bf4e29e5bfbcbb{\nbackground-repeat:no-repeat;\nbackground-image:url(https:\/\/www.belmontevacanze.com\/wp-content\/uploads\/2020\/03\/bg-email.png);\nbackground-position:100% 50%;\nbackground-attachment:scroll;\n}\n<\/style>\n<div id='av_section_1'  class='avia-section av-av_section-fd6d31b9e6c1051067bf4e29e5bfbcbb socket_color avia-section-large avia-no-shadow  avia-builder-el-7  el_after_av_one_fifth  el_before_av_section  avia-full-contain avia-bg-style-scroll container_wrap fullsize'  data-section-bg-repeat='contain'><div class='container av-section-cont-open' ><div class='template-page content  av-content-full alpha units'><div class='post-entry post-entry-type-page post-entry-1807'><div class='entry-content-wrapper clearfix'>\n\n<style type=\"text\/css\" data-created_by=\"avia_inline_auto\" id=\"style-css-av-av_one_fifth-15d750bd1b332b34c6e70b077ebbccdf\">\n.flex_column.av-av_one_fifth-15d750bd1b332b34c6e70b077ebbccdf{\nborder-radius:0px 0px 0px 0px;\npadding:0px 0px 0px 0px;\n}\n<\/style>\n<div  class='flex_column av-av_one_fifth-15d750bd1b332b34c6e70b077ebbccdf av_one_fifth  avia-builder-el-8  el_before_av_three_fifth  avia-builder-el-first  first flex_column_div av-zero-column-padding  '     ><\/div>\n<style type=\"text\/css\" data-created_by=\"avia_inline_auto\" id=\"style-css-av-av_three_fifth-c8fc129dc35fd1ae2a1e410224d39ea8\">\n.flex_column.av-av_three_fifth-c8fc129dc35fd1ae2a1e410224d39ea8{\nborder-radius:0px 0px 0px 0px;\npadding:0px 0px 0px 0px;\n}\n<\/style>\n<div  class='flex_column av-av_three_fifth-c8fc129dc35fd1ae2a1e410224d39ea8 av_three_fifth  avia-builder-el-9  el_after_av_one_fifth  el_before_av_one_fifth  flex_column_div av-zero-column-padding  '     ><style type=\"text\/css\" data-created_by=\"avia_inline_auto\" id=\"style-css-av-av_textblock-dd2387397296c1a314b0b5f4a3f918a3\">\n#top .av_textblock_section.av-av_textblock-dd2387397296c1a314b0b5f4a3f918a3 .avia_textblock{\ncolor:#ffffff;\n}\n<\/style>\n<section  class='av_textblock_section av-av_textblock-dd2387397296c1a314b0b5f4a3f918a3 '   itemscope=\"itemscope\" itemtype=\"https:\/\/schema.org\/CreativeWork\" ><div class='avia_textblock av_inherit_color'  itemprop=\"text\" ><h3 style=\"text-align: center;\"><span style=\"color: #f8be00;\">Newsletter anmelden<\/span><\/h3>\n<p style=\"text-align: center;\"><strong>Sie m\u00f6chten jetzt nicht buchen?<br \/>\n<\/strong>Hinterlassen Sie Ihre E-Mail Adresse und Sie bekommen sofort ein <strong>Sonderangebot<\/strong> f\u00fcr Ihren n\u00e4chsten Aufenthalt.<br \/>\n<strong>Nur f\u00fcr die ersten 10 Anmeldungen!\u00a0<\/strong><\/p>\n<\/div><\/section><br \/>\n<\/p><\/div>\n<style type=\"text\/css\" data-created_by=\"avia_inline_auto\" id=\"style-css-av-av_one_fifth-c8fc129dc35fd1ae2a1e410224d39ea8\">\n.flex_column.av-av_one_fifth-c8fc129dc35fd1ae2a1e410224d39ea8{\nborder-radius:0px 0px 0px 0px;\npadding:0px 0px 0px 0px;\n}\n<\/style>\n<div  class='flex_column av-av_one_fifth-c8fc129dc35fd1ae2a1e410224d39ea8 av_one_fifth  avia-builder-el-12  el_after_av_three_fifth  avia-builder-el-last  flex_column_div av-zero-column-padding  '     ><\/div>\n\n<\/div><\/div><\/div><!-- close content main div --><\/div><\/div>\n<style type=\"text\/css\" data-created_by=\"avia_inline_auto\" id=\"style-css-av-av_section-fd6d31b9e6c1051067bf4e29e5bfbcbb\">\n.avia-section.av-av_section-fd6d31b9e6c1051067bf4e29e5bfbcbb{\nbackground-repeat:no-repeat;\nbackground-image:url(https:\/\/www.belmontevacanze.com\/wp-content\/uploads\/2020\/03\/bg-email.png);\nbackground-position:100% 50%;\nbackground-attachment:scroll;\n}\n<\/style>\n<div id='av_section_2'  class='avia-section av-av_section-fd6d31b9e6c1051067bf4e29e5bfbcbb socket_color avia-section-large avia-no-shadow  avia-builder-el-13  el_after_av_section  avia-builder-el-last  avia-full-contain avia-bg-style-scroll container_wrap fullsize'  data-section-bg-repeat='contain'><div class='container av-section-cont-open' ><div class='template-page content  av-content-full alpha units'><div class='post-entry post-entry-type-page post-entry-1807'><div class='entry-content-wrapper clearfix'>\n\n<style type=\"text\/css\" data-created_by=\"avia_inline_auto\" id=\"style-css-av-av_one_fifth-15d750bd1b332b34c6e70b077ebbccdf\">\n.flex_column.av-av_one_fifth-15d750bd1b332b34c6e70b077ebbccdf{\nborder-radius:0px 0px 0px 0px;\npadding:0px 0px 0px 0px;\n}\n<\/style>\n<div  class='flex_column av-av_one_fifth-15d750bd1b332b34c6e70b077ebbccdf av_one_fifth  avia-builder-el-14  el_before_av_three_fifth  avia-builder-el-first  first flex_column_div av-zero-column-padding  '     ><\/div>\n<style type=\"text\/css\" data-created_by=\"avia_inline_auto\" id=\"style-css-av-av_three_fifth-c8fc129dc35fd1ae2a1e410224d39ea8\">\n.flex_column.av-av_three_fifth-c8fc129dc35fd1ae2a1e410224d39ea8{\nborder-radius:0px 0px 0px 0px;\npadding:0px 0px 0px 0px;\n}\n<\/style>\n<div  class='flex_column av-av_three_fifth-c8fc129dc35fd1ae2a1e410224d39ea8 av_three_fifth  avia-builder-el-15  el_after_av_one_fifth  el_before_av_one_fifth  flex_column_div av-zero-column-padding  '     ><style type=\"text\/css\" data-created_by=\"avia_inline_auto\" id=\"style-css-av-av_textblock-dd2387397296c1a314b0b5f4a3f918a3\">\n#top .av_textblock_section.av-av_textblock-dd2387397296c1a314b0b5f4a3f918a3 .avia_textblock{\ncolor:#ffffff;\n}\n<\/style>\n<section  class='av_textblock_section av-av_textblock-dd2387397296c1a314b0b5f4a3f918a3 '   itemscope=\"itemscope\" itemtype=\"https:\/\/schema.org\/CreativeWork\" ><div class='avia_textblock av_inherit_color'  itemprop=\"text\" ><h3 style=\"text-align: center;\"><span style=\"color: #f8be00;\">Newsletter anmelden<\/span><\/h3>\n<p style=\"text-align: center;\"><strong>Sie m\u00f6chten jetzt nicht buchen?<br \/>\n<\/strong>Hinterlassen Sie Ihre E-Mail Adresse und Sie bekommen sofort ein <strong>Sonderangebot<\/strong> f\u00fcr Ihren n\u00e4chsten Aufenthalt.<br \/>\n<strong>Nur f\u00fcr die ersten 10 Anmeldungen!\u00a0<\/strong><\/p>\n<\/div><\/section><br \/>\n<\/p><\/div>\n<style type=\"text\/css\" data-created_by=\"avia_inline_auto\" id=\"style-css-av-av_one_fifth-c8fc129dc35fd1ae2a1e410224d39ea8\">\n.flex_column.av-av_one_fifth-c8fc129dc35fd1ae2a1e410224d39ea8{\nborder-radius:0px 0px 0px 0px;\npadding:0px 0px 0px 0px;\n}\n<\/style>\n<div  class='flex_column av-av_one_fifth-c8fc129dc35fd1ae2a1e410224d39ea8 av_one_fifth  avia-builder-el-18  el_after_av_three_fifth  avia-builder-el-last  flex_column_div av-zero-column-padding  '     ><\/div>\n\n","protected":false},"excerpt":{"rendered":"","protected":false},"author":3,"featured_media":0,"parent":1975,"menu_order":0,"comment_status":"closed","ping_status":"closed","template":"","meta":{"footnotes":""},"class_list":["post-1807","page","type-page","status-publish","hentry"],"_links":{"self":[{"href":"https:\/\/www.belmontevacanze.com\/de\/wp-json\/wp\/v2\/pages\/1807","targetHints":{"allow":["GET"]}}],"collection":[{"href":"https:\/\/www.belmontevacanze.com\/de\/wp-json\/wp\/v2\/pages"}],"about":[{"href":"https:\/\/www.belmontevacanze.com\/de\/wp-json\/wp\/v2\/types\/page"}],"author":[{"embeddable":true,"href":"https:\/\/www.belmontevacanze.com\/de\/wp-json\/wp\/v2\/users\/3"}],"replies":[{"embeddable":true,"href":"https:\/\/www.belmontevacanze.com\/de\/wp-json\/wp\/v2\/comments?post=1807"}],"version-history":[{"count":16,"href":"https:\/\/www.belmontevacanze.com\/de\/wp-json\/wp\/v2\/pages\/1807\/revisions"}],"predecessor-version":[{"id":10747,"href":"https:\/\/www.belmontevacanze.com\/de\/wp-json\/wp\/v2\/pages\/1807\/revisions\/10747"}],"up":[{"embeddable":true,"href":"https:\/\/www.belmontevacanze.com\/de\/wp-json\/wp\/v2\/pages\/1975"}],"wp:attachment":[{"href":"https:\/\/www.belmontevacanze.com\/de\/wp-json\/wp\/v2\/media?parent=1807"}],"curies":[{"name":"wp","href":"https:\/\/api.w.org\/{rel}","templated":true}]}}