{"id":1831,"date":"2018-02-08T12:43:48","date_gmt":"2018-02-08T11:43:48","guid":{"rendered":"https:\/\/www.belmontevacanze.com\/?page_id=1831"},"modified":"2025-06-11T15:49:45","modified_gmt":"2025-06-11T13:49:45","slug":"faq","status":"publish","type":"page","link":"https:\/\/www.belmontevacanze.com\/de\/faq\/","title":{"rendered":"FAQ"},"content":{"rendered":"<h2 id=\"faq\">ALLGEMEINE FRAGEN RUND UM DEN AGRITURISMO<\/h2>\n<hr \/>\n<h4>SIND DIE ALLGEMEINEN VERBRAUCHSKOSTEN IM PREIS ENTHALTEN?<\/h4>\n<p>Ja, alle Verbrauchskosten sind im Preis inbegriffen (Wasser, Strom, Parkplatz, Klimaanlage, Bettw\u00e4sche, Endreinigung der Wohnung und Nutzung des Swimmingpools mit Whirlpool).<\/p>\n<hr \/>\n<h4>WAS SIND DIE KOSTENFREIEN DIENSTLEISTUNGEN?<\/h4>\n<p>Die im Preis inbegriffenen Leistungen sind: Nutzung des Swimmingpools mit Liegest\u00fchlen und Sonnenschirmen, Whirlpool, Boccia, Fu\u00dfballplatz, Volleyballplatz, Tischtennis. Der schnelle WLAN-Internetzugang ist kostenlos.<\/p>\n<hr \/>\n<h4>WAS IST NICHT IM PREIS ENTHALTEN?<\/h4>\n<p>Nicht im Preis inbegriffen: Reisebett f\u00fcr Kinder (25 \u20ac pro Woche), Hochstuhl (15 \u20ac pro Woche), zus\u00e4tzliche Handt\u00fccher auf Anfrage (4 \u20ac pro Person \/ pro Wechsel). ). Mikrowelle 3 \u20ac pro Tag oder 15 \u20ac pro Woche. Mountainbike-Verleih (25 \u20ac pro Tag), Gravel bike- Verleih (35 \u20ac pro Tag), E-Bike-Verleih (45 \u20ac pro Tag) und der Tennisplatz (15 \u20ac pro Stunde).<\/p>\n<hr \/>\n<h4>HABEN SIE WLAN?<\/h4>\n<p>Ja, es gibt eine kostenlose schnelle Starlink Internetverbindung in jedem Apartment, in den Gemeinschaftsbereichen und sogar am Pool.<\/p>\n<hr \/>\n<h4>K\u00d6NNEN SIE BESONDERE W\u00dcNSCHE F\u00dcR DIE WOHNUNGEN STELLEN?<\/h4>\n<p>Es wird alles getan, um die Kundenanforderungen an die <a href=\"https:\/\/www.belmontevacanze.com\/de\/ferienwohnungen\/\">Ferienwohnungen<\/a> zu erf\u00fcllen (z. B. Erdgeschoss, gr\u00f6\u00dferes Wohnzimmer).<\/p>\n<hr \/>\n<h4>D\u00dcRFEN SIE IM FREIEN KOCHEN?<\/h4>\n<p>Ja, die Anlage verf\u00fcgt \u00fcber einen Grill und einen gro\u00dfen Pavillon mit Tischen und St\u00fchlen, wo Sie essen k\u00f6nnen.<\/p>\n<hr \/>\n<h4>GIBT ES EINEN PLATZ, WO ICH MEINE KLEIDUNG WASCHEN KANN?<\/h4>\n<p>Ja, es gibt eine M\u00fcnzwaschmaschine, um Ihre Kleidung zu waschen. Der Automat nimmt 4 M\u00fcnzen \u00e0 1 \u20ac und Waschmittel ist ebenfalls enthalten.<\/p>\n<hr \/>\n<h4>K\u00d6NNEN MEHR ALS EINE FAMILIE IN EINER EINZIGEN WOHNUNG UNTERBRINGT WERDEN?<\/h4>\n<p>Ja, Sie k\u00f6nnen ein einzelnes Apartment mit mehreren Zimmern oder angrenzenden Apartments anfordern.<\/p>\n<hr \/>\n<h4>GIBT ES TERRASSEN ODER BALKON F\u00dcR JEDE WOHNUNG?<\/h4>\n<p>Jede Wohnung hat einen Balkon oder eine Terrasse im Garten der Wohnungen mit Tisch, St\u00fchlen, Sonnenschirm und Pavillon.<\/p>\n<hr \/>\n<h4>GIBT ES SCHWIMMB\u00c4DER UND WANN SIND SIE GE\u00d6FFNET?<\/h4>\n<p>Ja, es gibt einen gro\u00dfen <a href=\"https:\/\/www.belmontevacanze.com\/de\/leistungen\/bauernhof-panorama-schwimmbad\/\">Pool<\/a> (32m x 12m) in herrlicher Panoramalage mit angrenzender Hydromassage und auch ein sicheres Schwimmbecken f\u00fcr Ihre Kinder. Die Pools sind vom 1. April bis 31. Oktober ge\u00f6ffnet.<\/p>\n<hr \/>\n<h4>SIND HAUSTIERE ERLAUBT?<\/h4>\n<p>Haustiere sind erlaubt<br \/>\nAufpreis: 10 \u20ac pro Tag<\/p>\n<hr \/>\n<h4>GIBT ES EINEN TENNISPLATZ?<\/h4>\n<p>Ja, wir haben einen <a href=\"https:\/\/www.belmontevacanze.com\/de\/leistungen\/agriturismo-tennisplatz-toskana\/\">Tennisplatz<\/a> innerhalb der Anlage.<\/p>\n<hr \/>\n<h4>SIND DIE ZIMMER MIT BETTEN F\u00dcR KINDER VERF\u00dcGBAR?<\/h4>\n<p>Ja, f\u00fcr <a href=\"https:\/\/www.belmontevacanze.com\/de\/aktivitaeten\/familienurlaub\/\">Kinder<\/a> stehen Reisebetten gegen eine Geb\u00fchr (25 \u20ac pro Woche) zur Verf\u00fcgung. Muss bei der Buchung angefragt werden.<\/p>\n<hr \/>\n<h4>WIRD BETTW\u00c4SCHE BEREITGESTELLT?<\/h4>\n<p>Ja, Bettw\u00e4sche wird w\u00f6chentlich gewechselt und ist im Preis inbegriffen.<\/p>\n<hr \/>\n<h4>WELCHE ZUS\u00c4TZLICHEN ARTIKEL SOLLTE ICH EINPACKEN?<\/h4>\n<p>Da unser <a href=\"https:\/\/www.belmontevacanze.com\/de\/bio-agriturismo-toskana\/\">Bio-Agriturismo<\/a> mitten in der toskanischen Landschaft liegt, ist das Vorhandensein von Insekten oder M\u00fccken unvermeidlich, zumal wir auf unserem Land, unseren Olivenhainen und Pflanzen keine Pestizide verwenden. Um M\u00fcckenstiche zu vermeiden, empfehlen wir dringend, m\u00fcckenabweisende Kerzen oder einen Stecker mitzubringen, um zu verhindern, dass M\u00fccken in Ihre Wohnung eindringen. Sprays zur Vorbeugung von M\u00fcckenstichen\/Insektenschutzmittel sollten ebenfalls auf Ihrer Liste stehen und eine Creme oder ein Gel, um die Stiche zu lindern, sollten Sie einen bekommen.<br \/>\nWir m\u00f6chten, dass Sie Ihre Zeit in unserem Pool so gut wie m\u00f6glich genie\u00dfen, also k\u00f6nnen Sie f\u00fcr den Pool Schlauchboote f\u00fcr Kinder mitbringen, wir haben einen Luftkompressor, um sie schnell aufzublasen, und nat\u00fcrlich ist Sonnenschutzcreme ein Muss, wenn Sie im Sommer zu uns kommen.<br \/>\nIn Ihrem Apartment finden Sie ein Willkommenspaket mit Duschgel in Reisegr\u00f6\u00dfe, Shampoo, Seife und einer Rolle Toilettenpapier. Toilettenartikel und Reinigungsmittel m\u00fcssen Sie jedoch selbst mitbringen, Sie k\u00f6nnen diese aber auch vor Ort kaufen. Alle Apartments sind mit einem Haartrockner ausgestattet.<\/p>\n<hr \/>\n<h4>HABEN DIE WOHNUNGEN SAT-TV?<\/h4>\n<p>Ja, jede Wohnung verf\u00fcgt \u00fcber Satelliten-Fernsehen.<\/p>\n<hr \/>\n<h4>GIBT ES EINEN OFEN IN DER WOHNUNG?<\/h4>\n<p>Nein, unsere Apartments haben keine \u00d6fen, aber es gibt einen Elektroherd, wir vermieten auch Mikrowellen und wir haben einen Grillplatz mit Grills.<\/p>\n<hr \/>\n<h4>GIBT ES EINEN PARKPLATZ?<\/h4>\n<p>Ja, die Residenz bietet ihren Kunden einen gro\u00dfen Parkplatz innerhalb der Anlage, der durch eine elektrische Schranke gesch\u00fctzt ist, die mit einem Code ge\u00f6ffnet wird, der Ihnen beim Check-in zugewiesen wird.<\/p>\n<hr \/>\n<h4>KANN ICH MEIN ELEKTRO- ODER HYBRIDAUTO AUFLADEN?<\/h4>\n<p>Ja, die Anlage verf\u00fcgt sowohl \u00fcber <a href=\"https:\/\/www.belmontevacanze.com\/de\/leistungen\/agriturismo-lademoeglichkeit-elektroautos-toskana\/\">Ladestationen f\u00fcr Elektroautos<\/a> als auch \u00fcber Tesla-Ladeger\u00e4te. F\u00fcr diesen Service fallen zus\u00e4tzliche Kosten an.<\/p>\n<hr \/>\n<h4>WANN IST CHECK-IN UND CHECK-OUT?<\/h4>\n<p>Check-in: von 15:30 bis 18:30 Uhr<br \/>\nCheck-out: vor 09:30 Uhr.<\/p>\n<hr \/>\n<h4>AN WELCHEN TAGEN K\u00d6NNEN WIR ANREISEN?<\/h4>\n<p>Neben- und Zwischensaison \u2013&gt; t\u00e4glich<br \/>\nJuli und August \u2013&gt; am Dienstag, Donnerstag und Samstag<\/p>\n<hr \/>\n<h4>WELCHER IST DER N\u00c4CHSTE BAHNHOF?<\/h4>\n<p>Castelfiorentino.<\/p>\n<hr \/>\n<h4>WO IST DIE N\u00c4CHSTE BUSHALTESTELLE?<\/h4>\n<p>Bei Montaione.<\/p>\n<hr \/>\n<h4>WELCHE SPRACHEN WERDEN AN DER REZEPTION GESPROCHEN?<\/h4>\n<p>Italienisch, Englisch, Franz\u00f6sisch und Spanisch.<\/p>\n<hr \/>\n<h4>WIE WEIT SIND FLORENZ, SIENA, LUCCA, PISA, SAN GIMIGNANO UND VOLTERRA VON DER RESIDENZ ENTFERNT?<\/h4>\n<p>Florenz ~ 55 km<\/p>\n<p>Siena ~ 50 km<\/p>\n<p>Lucca ~ 50 km<\/p>\n<p>Pisa ~ 55 km<\/p>\n<p>Volterra ~ 20 km<\/p>\n<p>San Gimignano ~ 20 km<\/p>\n<hr \/>\n<h4>GIBT ES EINEN BEREICH, IN DEM SIE ALLE ZUSAMMEN ESSEN K\u00d6NNEN?<\/h4>\n<p>Wir haben einen Grillplatz neben unserem Spielplatz mit Tischen und St\u00fchlen, ein Ort, an dem Sie und die ganze Familie zusammen essen und Spa\u00df haben k\u00f6nnen.<\/p>\n<hr \/>\n<h4>IST EIN SUPERMARKT SONNTAGS GE\u00d6FFNET UND WO IST DAS N\u00c4CHSTE RESTAURANT?<\/h4>\n<p>Ja, ein paar hundert Meter von der Residenz entfernt gibt es einen sonntags ge\u00f6ffneten Minimarkt sowie einen 15 Autominuten entfernten Supermarkt, der COOP hei\u00dft. Innerhalb unseres Agriturismo finden Sie unser <a href=\"https:\/\/www.belmontevacanze.com\/de\/restaurant\/\">Restaurant &#8218;Nonna Bianca&#8216;<\/a>.<\/p>\n<hr \/>\n<h4>GIBT ES WEINBERGE UND OLIVENHAINE IN DER N\u00c4HE?<\/h4>\n<p>Ja, es gibt Weinberge in der N\u00e4he und wir haben unsere eigenen Olivenhaine. Wir haben rund 2000 Olivenb\u00e4ume, in denen wir dann im <a href=\"https:\/\/www.belmontevacanze.com\/de\/toskana-im-herbst\/\">Herbst<\/a> Oliven ernten, um unser eigenes <a href=\"https:\/\/www.belmontevacanze.com\/de\/leistungen\/bio-olivenoel\/\">Bio-Oliven\u00f6l<\/a> herzustellen.<\/p>\n<hr \/>\n<h4>IST ES M\u00d6GLICH PER BANK\u00dcBERWEISUNG ODER KREDITKARTE ZU ZAHLEN?<\/h4>\n<p>Ja, es ist m\u00f6glich. Akzeptierte Kreditkarten: Visa, American Express, Master Card und andere.<\/p>\n<hr \/>\n<h4>GIBT ES EINEN LEBENSMITTELLIEFERSERVICE ZU IHRER T\u00dcR?<\/h4>\n<p>Wir haben einen Lieferservice von einer \u00f6rtlichen B\u00e4ckerei, sie kommen jeden Morgen, um die Bestellungen unserer G\u00e4ste auszuliefern. Sie produzieren verschiedene Brotsorten, Baguette, Focaccia, Pizzette und verschiedene Croissants.<\/p>\n<hr \/>\n<h4>GIBT ES EIN REITZENTRUM?<\/h4>\n<p>Ja, etwa 1 km von den Apartments entfernt, auf dem Grundst\u00fcck, finden Sie unser <a href=\"https:\/\/www.belmontevacanze.com\/de\/aktivitaeten\/reiten-toskana\/\">Reitzentrum<\/a>.<\/p>\n<hr \/>\n<h4>GIBT ES EINEN GOLFPLATZ?<\/h4>\n<p>Ja, ca. 7 km entfernt bei Castelfalfi befindet sich ein 6.645 Meter langer professioneller 27-Loch-Golfplatz mit Par 73 und sss 72.\u00a0 Er hat auch eine Driving Range, ein Putting- und ein Pitching Green, einen Wagen- und Golfkartenverleih, Umkleidekabinen und eine Bouvette. Weitere <a href=\"https:\/\/www.belmontevacanze.com\/de\/leistungen\/ferienhaus-golf-castelfalfi\/\">Golfpl\u00e4tze<\/a> befinden sich in der N\u00e4he von San Miniato oder Montelupo Fiorentino.<\/p>\n","protected":false},"excerpt":{"rendered":"<p>ALLGEMEINE FRAGEN RUND UM DEN AGRITURISMO SIND DIE ALLGEMEINEN VERBRAUCHSKOSTEN IM PREIS ENTHALTEN? Ja, alle Verbrauchskosten sind im Preis inbegriffen (Wasser, Strom, Parkplatz, Klimaanlage, Bettw\u00e4sche, Endreinigung der Wohnung und Nutzung des Swimmingpools mit Whirlpool). WAS SIND DIE KOSTENFREIEN DIENSTLEISTUNGEN? Die im Preis inbegriffenen Leistungen sind: Nutzung des Swimmingpools mit Liegest\u00fchlen und Sonnenschirmen, Whirlpool, Boccia, Fu\u00dfballplatz, [&hellip;]<\/p>\n","protected":false},"author":3,"featured_media":0,"parent":0,"menu_order":0,"comment_status":"closed","ping_status":"closed","template":"","meta":{"footnotes":""},"class_list":["post-1831","page","type-page","status-publish","hentry"],"_links":{"self":[{"href":"https:\/\/www.belmontevacanze.com\/de\/wp-json\/wp\/v2\/pages\/1831","targetHints":{"allow":["GET"]}}],"collection":[{"href":"https:\/\/www.belmontevacanze.com\/de\/wp-json\/wp\/v2\/pages"}],"about":[{"href":"https:\/\/www.belmontevacanze.com\/de\/wp-json\/wp\/v2\/types\/page"}],"author":[{"embeddable":true,"href":"https:\/\/www.belmontevacanze.com\/de\/wp-json\/wp\/v2\/users\/3"}],"replies":[{"embeddable":true,"href":"https:\/\/www.belmontevacanze.com\/de\/wp-json\/wp\/v2\/comments?post=1831"}],"version-history":[{"count":20,"href":"https:\/\/www.belmontevacanze.com\/de\/wp-json\/wp\/v2\/pages\/1831\/revisions"}],"predecessor-version":[{"id":12262,"href":"https:\/\/www.belmontevacanze.com\/de\/wp-json\/wp\/v2\/pages\/1831\/revisions\/12262"}],"wp:attachment":[{"href":"https:\/\/www.belmontevacanze.com\/de\/wp-json\/wp\/v2\/media?parent=1831"}],"curies":[{"name":"wp","href":"https:\/\/api.w.org\/{rel}","templated":true}]}}