{"id":2040,"date":"2018-02-16T18:00:40","date_gmt":"2018-02-16T17:00:40","guid":{"rendered":"https:\/\/www.belmontevacanze.com\/?page_id=2040"},"modified":"2023-08-22T13:07:59","modified_gmt":"2023-08-22T11:07:59","slug":"aktivitaeten","status":"publish","type":"page","link":"https:\/\/www.belmontevacanze.com\/de\/aktivitaeten\/","title":{"rendered":"Aktivit\u00e4ten"},"content":{"rendered":"<div class='flex_column_table av-av_one_fourth-0ab7f093aad08f2ce90f7afe4d6fc641 sc-av_one_fourth av-break-at-tablet-flextable av-equal-height-column-flextable'>\n<style type=\"text\/css\" data-created_by=\"avia_inline_auto\" id=\"style-css-av-av_one_fourth-0ab7f093aad08f2ce90f7afe4d6fc641\">\n#top .flex_column_table.av-equal-height-column-flextable.av-av_one_fourth-0ab7f093aad08f2ce90f7afe4d6fc641{\nmargin-top:0px;\nmargin-bottom:0px;\n}\n.flex_column.av-av_one_fourth-0ab7f093aad08f2ce90f7afe4d6fc641{\nborder-radius:0px 0px 0px 0px;\npadding:0px 0px 0px 0px;\n}\n<\/style>\n<div  class='flex_column av-av_one_fourth-0ab7f093aad08f2ce90f7afe4d6fc641 av_one_fourth  avia-builder-el-0  el_before_av_one_fourth  avia-builder-el-first  first no_margin av-break-at-tablet flex_column_table_cell av-equal-height-column av-align-top av-zero-column-padding  '     ><style type=\"text\/css\" data-created_by=\"avia_inline_auto\" id=\"style-css-av-lhrtnjg8-dff996d21e533782a2e0f58490f4cfbd\">\n.avia-image-container.av-lhrtnjg8-dff996d21e533782a2e0f58490f4cfbd img.avia_image{\nbox-shadow:none;\n}\n.avia-image-container.av-lhrtnjg8-dff996d21e533782a2e0f58490f4cfbd .av-caption-image-overlay-bg{\nopacity:0.3;\nbackground-color:#663300;\n}\n.avia-image-container.av-lhrtnjg8-dff996d21e533782a2e0f58490f4cfbd .av-image-caption-overlay-center{\ncolor:#ffffff;\n}\n<\/style>\n<div  class='avia-image-container av-lhrtnjg8-dff996d21e533782a2e0f58490f4cfbd av-styling- av-hover-grow av-img-linked avia_animated_image av-animated-when-visible-95 fade-in avia-align-center  avia-builder-el-1  avia-builder-el-no-sibling  noHover av-overlay-hover-deactivate'   itemprop=\"image\" itemscope=\"itemscope\" itemtype=\"https:\/\/schema.org\/ImageObject\" ><div class=\"avia-image-container-inner\"><div class=\"avia-image-overlay-wrap\"><a href=\"https:\/\/www.belmontevacanze.com\/de\/aktivitaeten\/familienurlaub\/\" class='avia_image '  aria-label='famiglie'><div class=\"av-image-caption-overlay\"><div class=\"av-caption-image-overlay-bg\"><\/div><div class=\"av-image-caption-overlay-position\"><div class=\"av-image-caption-overlay-center\"><p>Entspannung<br \/>\nmit der Familie<\/p>\n<\/div><\/div><\/div><img decoding=\"async\" fetchpriority=\"high\" class='wp-image-7275 avia-img-lazy-loading-not-7275 avia_image ' src=\"https:\/\/www.belmontevacanze.com\/wp-content\/uploads\/2017\/10\/famiglie.jpg\" alt='' title='famiglie'  height=\"400\" width=\"400\"  itemprop=\"thumbnailUrl\" srcset=\"https:\/\/www.belmontevacanze.com\/wp-content\/uploads\/2017\/10\/famiglie.jpg 400w, https:\/\/www.belmontevacanze.com\/wp-content\/uploads\/2017\/10\/famiglie-80x80.jpg 80w, https:\/\/www.belmontevacanze.com\/wp-content\/uploads\/2017\/10\/famiglie-300x300.jpg 300w, https:\/\/www.belmontevacanze.com\/wp-content\/uploads\/2017\/10\/famiglie-36x36.jpg 36w, https:\/\/www.belmontevacanze.com\/wp-content\/uploads\/2017\/10\/famiglie-180x180.jpg 180w, https:\/\/www.belmontevacanze.com\/wp-content\/uploads\/2017\/10\/famiglie-120x120.jpg 120w\" sizes=\"(max-width: 400px) 100vw, 400px\" \/><\/a><\/div><\/div><\/div><\/div>\n\n<style type=\"text\/css\" data-created_by=\"avia_inline_auto\" id=\"style-css-av-av_one_fourth-d3793fbd6ca942f3ec851c9911ec095b\">\n#top .flex_column_table.av-equal-height-column-flextable.av-av_one_fourth-d3793fbd6ca942f3ec851c9911ec095b{\nmargin-top:0px;\nmargin-bottom:0px;\n}\n.flex_column.av-av_one_fourth-d3793fbd6ca942f3ec851c9911ec095b{\nborder-radius:0px 0px 0px 0px;\npadding:0px 0px 0px 0px;\n}\n<\/style>\n<div  class='flex_column av-av_one_fourth-d3793fbd6ca942f3ec851c9911ec095b av_one_fourth  avia-builder-el-2  el_after_av_one_fourth  el_before_av_one_fourth  no_margin av-break-at-tablet flex_column_table_cell av-equal-height-column av-align-top av-zero-column-padding  '     ><style type=\"text\/css\" data-created_by=\"avia_inline_auto\" id=\"style-css-av-av_image-c12dd30f8495456225b959aeda167a61\">\n.avia-image-container.av-av_image-c12dd30f8495456225b959aeda167a61 img.avia_image{\nbox-shadow:none;\n}\n.avia-image-container.av-av_image-c12dd30f8495456225b959aeda167a61 .av-caption-image-overlay-bg{\nopacity:0.3;\nbackground-color:#663300;\n}\n.avia-image-container.av-av_image-c12dd30f8495456225b959aeda167a61 .av-image-caption-overlay-center{\ncolor:#ffffff;\n}\n<\/style>\n<div  class='avia-image-container av-av_image-c12dd30f8495456225b959aeda167a61 av-styling- av-hover-grow av-img-linked avia_animated_image av-animated-when-visible-95 fade-in avia-align-center  avia-builder-el-3  avia-builder-el-no-sibling  noHover av-overlay-hover-deactivate'   itemprop=\"image\" itemscope=\"itemscope\" itemtype=\"https:\/\/schema.org\/ImageObject\" ><div class=\"avia-image-container-inner\"><div class=\"avia-image-overlay-wrap\"><a href=\"https:\/\/www.belmontevacanze.com\/de\/leistungen\/bio-olivenoel\/\" class='avia_image '  aria-label='coppie'><div class=\"av-image-caption-overlay\"><div class=\"av-caption-image-overlay-bg\"><\/div><div class=\"av-image-caption-overlay-position\"><div class=\"av-image-caption-overlay-center\"><p>Dolcevita<br \/>\nin der Toskana<\/p>\n<\/div><\/div><\/div><img decoding=\"async\" fetchpriority=\"high\" class='wp-image-7273 avia-img-lazy-loading-not-7273 avia_image ' src=\"https:\/\/www.belmontevacanze.com\/wp-content\/uploads\/2017\/10\/coppie.jpg\" alt='' title='coppie'  height=\"400\" width=\"400\"  itemprop=\"thumbnailUrl\" srcset=\"https:\/\/www.belmontevacanze.com\/wp-content\/uploads\/2017\/10\/coppie.jpg 400w, https:\/\/www.belmontevacanze.com\/wp-content\/uploads\/2017\/10\/coppie-80x80.jpg 80w, https:\/\/www.belmontevacanze.com\/wp-content\/uploads\/2017\/10\/coppie-300x300.jpg 300w, https:\/\/www.belmontevacanze.com\/wp-content\/uploads\/2017\/10\/coppie-36x36.jpg 36w, https:\/\/www.belmontevacanze.com\/wp-content\/uploads\/2017\/10\/coppie-180x180.jpg 180w, https:\/\/www.belmontevacanze.com\/wp-content\/uploads\/2017\/10\/coppie-120x120.jpg 120w\" sizes=\"(max-width: 400px) 100vw, 400px\" \/><\/a><\/div><\/div><\/div><\/div>\n\n<style type=\"text\/css\" data-created_by=\"avia_inline_auto\" id=\"style-css-av-av_one_fourth-d3793fbd6ca942f3ec851c9911ec095b\">\n#top .flex_column_table.av-equal-height-column-flextable.av-av_one_fourth-d3793fbd6ca942f3ec851c9911ec095b{\nmargin-top:0px;\nmargin-bottom:0px;\n}\n.flex_column.av-av_one_fourth-d3793fbd6ca942f3ec851c9911ec095b{\nborder-radius:0px 0px 0px 0px;\npadding:0px 0px 0px 0px;\n}\n<\/style>\n<div  class='flex_column av-av_one_fourth-d3793fbd6ca942f3ec851c9911ec095b av_one_fourth  avia-builder-el-4  el_after_av_one_fourth  el_before_av_one_fourth  no_margin av-break-at-tablet flex_column_table_cell av-equal-height-column av-align-top av-zero-column-padding  '     ><style type=\"text\/css\" data-created_by=\"avia_inline_auto\" id=\"style-css-av-lhrtoby4-f78edec882ee30623c55e07eec7457c2\">\n.avia-image-container.av-lhrtoby4-f78edec882ee30623c55e07eec7457c2 img.avia_image{\nbox-shadow:none;\n}\n.avia-image-container.av-lhrtoby4-f78edec882ee30623c55e07eec7457c2 .av-caption-image-overlay-bg{\nopacity:0.3;\nbackground-color:#663300;\n}\n.avia-image-container.av-lhrtoby4-f78edec882ee30623c55e07eec7457c2 .av-image-caption-overlay-center{\ncolor:#ffffff;\n}\n<\/style>\n<div  class='avia-image-container av-lhrtoby4-f78edec882ee30623c55e07eec7457c2 av-styling- av-hover-grow av-img-linked avia_animated_image av-animated-when-visible-95 fade-in avia-align-center  avia-builder-el-5  avia-builder-el-no-sibling  noHover av-overlay-hover-deactivate'   itemprop=\"image\" itemscope=\"itemscope\" itemtype=\"https:\/\/schema.org\/ImageObject\" ><div class=\"avia-image-container-inner\"><div class=\"avia-image-overlay-wrap\"><a href=\"https:\/\/www.belmontevacanze.com\/de\/aktivitaeten\/bike-friendly-agriturismo-toskana\/\" class='avia_image '  aria-label='mtb'><div class=\"av-image-caption-overlay\"><div class=\"av-caption-image-overlay-bg\"><\/div><div class=\"av-image-caption-overlay-position\"><div class=\"av-image-caption-overlay-center\"><p>Radurlaub in den<br \/>\nH\u00fcgeln der Toskana<\/p>\n<\/div><\/div><\/div><img decoding=\"async\" fetchpriority=\"high\" class='wp-image-7276 avia-img-lazy-loading-not-7276 avia_image ' src=\"https:\/\/www.belmontevacanze.com\/wp-content\/uploads\/2017\/10\/mtb.jpg\" alt='' title='mtb'  height=\"400\" width=\"400\"  itemprop=\"thumbnailUrl\" srcset=\"https:\/\/www.belmontevacanze.com\/wp-content\/uploads\/2017\/10\/mtb.jpg 400w, https:\/\/www.belmontevacanze.com\/wp-content\/uploads\/2017\/10\/mtb-80x80.jpg 80w, https:\/\/www.belmontevacanze.com\/wp-content\/uploads\/2017\/10\/mtb-300x300.jpg 300w, https:\/\/www.belmontevacanze.com\/wp-content\/uploads\/2017\/10\/mtb-36x36.jpg 36w, https:\/\/www.belmontevacanze.com\/wp-content\/uploads\/2017\/10\/mtb-180x180.jpg 180w, https:\/\/www.belmontevacanze.com\/wp-content\/uploads\/2017\/10\/mtb-120x120.jpg 120w\" sizes=\"(max-width: 400px) 100vw, 400px\" \/><\/a><\/div><\/div><\/div><\/div>\n\n<style type=\"text\/css\" data-created_by=\"avia_inline_auto\" id=\"style-css-av-av_one_fourth-d3793fbd6ca942f3ec851c9911ec095b\">\n#top .flex_column_table.av-equal-height-column-flextable.av-av_one_fourth-d3793fbd6ca942f3ec851c9911ec095b{\nmargin-top:0px;\nmargin-bottom:0px;\n}\n.flex_column.av-av_one_fourth-d3793fbd6ca942f3ec851c9911ec095b{\nborder-radius:0px 0px 0px 0px;\npadding:0px 0px 0px 0px;\n}\n<\/style>\n<div  class='flex_column av-av_one_fourth-d3793fbd6ca942f3ec851c9911ec095b av_one_fourth  avia-builder-el-6  el_after_av_one_fourth  el_before_av_section  avia-builder-el-last  no_margin av-break-at-tablet flex_column_table_cell av-equal-height-column av-align-top av-zero-column-padding  '     ><style type=\"text\/css\" data-created_by=\"avia_inline_auto\" id=\"style-css-av-av_image-101f592c954250804523e7c516fe1a0b\">\n.avia-image-container.av-av_image-101f592c954250804523e7c516fe1a0b img.avia_image{\nbox-shadow:none;\n}\n.avia-image-container.av-av_image-101f592c954250804523e7c516fe1a0b .av-caption-image-overlay-bg{\nopacity:0.3;\nbackground-color:#663300;\n}\n.avia-image-container.av-av_image-101f592c954250804523e7c516fe1a0b .av-image-caption-overlay-center{\ncolor:#ffffff;\n}\n<\/style>\n<div  class='avia-image-container av-av_image-101f592c954250804523e7c516fe1a0b av-styling- av-hover-grow av-img-linked avia_animated_image av-animated-when-visible-95 fade-in avia-align-center  avia-builder-el-7  avia-builder-el-no-sibling  noHover av-overlay-hover-deactivate'   itemprop=\"image\" itemscope=\"itemscope\" itemtype=\"https:\/\/schema.org\/ImageObject\" ><div class=\"avia-image-container-inner\"><div class=\"avia-image-overlay-wrap\"><a href=\"https:\/\/www.belmontevacanze.com\/de\/aktivitaeten\/reiten-toskana\/\" class='avia_image '  aria-label='escursioni'><div class=\"av-image-caption-overlay\"><div class=\"av-caption-image-overlay-bg\"><\/div><div class=\"av-image-caption-overlay-position\"><div class=\"av-image-caption-overlay-center\"><p>Reiten<br \/>\nin der Toskana<\/p>\n<\/div><\/div><\/div><img decoding=\"async\" fetchpriority=\"high\" class='wp-image-7274 avia-img-lazy-loading-not-7274 avia_image ' src=\"https:\/\/www.belmontevacanze.com\/wp-content\/uploads\/2017\/10\/escursioni.jpg\" alt='' title='escursioni'  height=\"400\" width=\"400\"  itemprop=\"thumbnailUrl\" srcset=\"https:\/\/www.belmontevacanze.com\/wp-content\/uploads\/2017\/10\/escursioni.jpg 400w, https:\/\/www.belmontevacanze.com\/wp-content\/uploads\/2017\/10\/escursioni-80x80.jpg 80w, https:\/\/www.belmontevacanze.com\/wp-content\/uploads\/2017\/10\/escursioni-300x300.jpg 300w, https:\/\/www.belmontevacanze.com\/wp-content\/uploads\/2017\/10\/escursioni-36x36.jpg 36w, https:\/\/www.belmontevacanze.com\/wp-content\/uploads\/2017\/10\/escursioni-180x180.jpg 180w, https:\/\/www.belmontevacanze.com\/wp-content\/uploads\/2017\/10\/escursioni-120x120.jpg 120w\" sizes=\"(max-width: 400px) 100vw, 400px\" \/><\/a><\/div><\/div><\/div><\/div><\/div><!--close column table wrapper. Autoclose: 1 -->\n<\/div><\/div><\/div><!-- close content main div --><\/div><\/div><div id='av_section_1'  class='avia-section av-av_section-9cc81fa627e85fd8fe1b6014d6447633 socket_color avia-section-default avia-no-shadow  avia-builder-el-8  el_after_av_one_fourth  el_before_av_section  avia-bg-style-scroll container_wrap fullsize'  ><div class='container av-section-cont-open' ><div class='template-page content  av-content-full alpha units'><div class='post-entry post-entry-type-page post-entry-2040'><div class='entry-content-wrapper clearfix'>\n\n<style type=\"text\/css\" data-created_by=\"avia_inline_auto\" id=\"style-css-av-av_two_third-15d750bd1b332b34c6e70b077ebbccdf\">\n.flex_column.av-av_two_third-15d750bd1b332b34c6e70b077ebbccdf{\nborder-radius:0px 0px 0px 0px;\npadding:0px 0px 0px 0px;\n}\n<\/style>\n<div  class='flex_column av-av_two_third-15d750bd1b332b34c6e70b077ebbccdf av_two_third  avia-builder-el-9  el_before_av_one_third  avia-builder-el-first  first flex_column_div av-zero-column-padding  '     ><section  class='av_textblock_section av-lhrtjc6r-f89c8fd3ab71e24ddffabfec3045d530 '   itemscope=\"itemscope\" itemtype=\"https:\/\/schema.org\/CreativeWork\" ><div class='avia_textblock'  itemprop=\"text\" ><h1>Urlaubs-Aktivit\u00e4ten im Agriturismo<\/h1>\n<p>Auf unserem Agriturismo haben Sie zahlreiche M\u00f6glichkeiten zur Entspannung aber auch zu Aktivit\u00e4ten: <a href=\"https:\/\/www.belmontevacanze.com\/de\/leistungen\/bauernhof-panorama-schwimmbad\/\">Panoramapool<\/a> und Kinderpool laden zum Entspannen ein, und unser k\u00fcrzlich er\u00f6ffnetes <a href=\"https:\/\/www.belmontevacanze.com\/de\/restaurant\/\">Restaurant Nonna Bianca<\/a> ist zur Zeit noch ein Geheimtipp!<\/p>\n<p>F\u00fcr sportliche Aktivit\u00e4ten unterst\u00fctzen wir Sie mit einem reichhaltigen Angebot: MTB- und E-Bike-Verleih, <a href=\"https:\/\/www.belmontevacanze.com\/de\/aktivitaeten\/reiten-toskana\/\">Reitstall,<\/a> <a href=\"https:\/\/www.belmontevacanze.com\/de\/leistungen\/agriturismo-tennisplatz-toskana\/\">Tennisplatz<\/a> und Ballspielfelder sowie Kinderspielplatz und Streichelzoo mit Bauernhof-Tieren f\u00fcr die Kleinsten. Wir organisieren auch gef\u00fchrte Ausfl\u00fcge, Wanderungen und Radtouren.<\/p>\n<h3 class=\"r\">Brauchen Sie Beratung und Infos zu unseren Ferienwohnungen oder zu angebotenen Aktivit\u00e4ten?<\/h3>\n<p class=\"r\"><a href=\"https:\/\/www.belmontevacanze.com\/de\/kontact\/\">Schreiben Sie uns<\/a>! Wir helfen Ihnen dabei, Ihren perfekten Toskana-Urlaub zu gestalten!<\/p>\n<\/div><\/section><\/div>\n<style type=\"text\/css\" data-created_by=\"avia_inline_auto\" id=\"style-css-av-av_one_third-c8fc129dc35fd1ae2a1e410224d39ea8\">\n.flex_column.av-av_one_third-c8fc129dc35fd1ae2a1e410224d39ea8{\nborder-radius:0px 0px 0px 0px;\npadding:0px 0px 0px 0px;\n}\n<\/style>\n<div  class='flex_column av-av_one_third-c8fc129dc35fd1ae2a1e410224d39ea8 av_one_third  avia-builder-el-11  el_after_av_two_third  avia-builder-el-last  flex_column_div av-zero-column-padding  '     ><div  class='avia-button-wrap av-lhrtjtj9-18512aaa8ca3bc191d6472cca92b68c9-wrap avia-button-left  avia-builder-el-12  avia-builder-el-no-sibling '><a href='https:\/\/www.belmontevacanze.com\/de\/kontact\/'  class='avia-button av-lhrtjtj9-18512aaa8ca3bc191d6472cca92b68c9 av-link-btn avia-icon_select-yes-right-icon avia-size-large avia-position-left avia-color-light'   aria-label=\"Stellen Sie Ihre Frage\"><span class='avia_iconbox_title' >Stellen Sie Ihre Frage<\/span><span class='avia_button_icon avia_button_icon_right' aria-hidden='true' data-av_icon='\ue81f' data-av_iconfont='entypo-fontello'><\/span><\/a><\/div><\/div><\/div><\/div><\/div><!-- close content main div --><\/div><\/div>\n<style type=\"text\/css\" data-created_by=\"avia_inline_auto\" id=\"style-css-av-av_section-fd6d31b9e6c1051067bf4e29e5bfbcbb\">\n.avia-section.av-av_section-fd6d31b9e6c1051067bf4e29e5bfbcbb{\nbackground-repeat:no-repeat;\nbackground-image:url(https:\/\/www.belmontevacanze.com\/wp-content\/uploads\/2020\/03\/bg-email.png);\nbackground-position:100% 50%;\nbackground-attachment:scroll;\n}\n<\/style>\n<div id='av_section_2'  class='avia-section av-av_section-fd6d31b9e6c1051067bf4e29e5bfbcbb socket_color avia-section-large avia-no-shadow  avia-builder-el-13  el_after_av_section  avia-builder-el-last  avia-full-contain avia-bg-style-scroll container_wrap fullsize'  data-section-bg-repeat='contain'><div class='container av-section-cont-open' ><div class='template-page content  av-content-full alpha units'><div class='post-entry post-entry-type-page post-entry-2040'><div class='entry-content-wrapper clearfix'>\n\n<style type=\"text\/css\" data-created_by=\"avia_inline_auto\" id=\"style-css-av-av_one_fifth-15d750bd1b332b34c6e70b077ebbccdf\">\n.flex_column.av-av_one_fifth-15d750bd1b332b34c6e70b077ebbccdf{\nborder-radius:0px 0px 0px 0px;\npadding:0px 0px 0px 0px;\n}\n<\/style>\n<div  class='flex_column av-av_one_fifth-15d750bd1b332b34c6e70b077ebbccdf av_one_fifth  avia-builder-el-14  el_before_av_three_fifth  avia-builder-el-first  first flex_column_div av-zero-column-padding  '     ><\/div>\n<style type=\"text\/css\" data-created_by=\"avia_inline_auto\" id=\"style-css-av-av_three_fifth-c8fc129dc35fd1ae2a1e410224d39ea8\">\n.flex_column.av-av_three_fifth-c8fc129dc35fd1ae2a1e410224d39ea8{\nborder-radius:0px 0px 0px 0px;\npadding:0px 0px 0px 0px;\n}\n<\/style>\n<div  class='flex_column av-av_three_fifth-c8fc129dc35fd1ae2a1e410224d39ea8 av_three_fifth  avia-builder-el-15  el_after_av_one_fifth  el_before_av_one_fifth  flex_column_div av-zero-column-padding  '     ><style type=\"text\/css\" data-created_by=\"avia_inline_auto\" id=\"style-css-av-lhrtkp7c-4663399a308573cf92eee5595ea662e8\">\n#top .av_textblock_section.av-lhrtkp7c-4663399a308573cf92eee5595ea662e8 .avia_textblock{\ncolor:#ffffff;\n}\n<\/style>\n<section  class='av_textblock_section av-lhrtkp7c-4663399a308573cf92eee5595ea662e8 '   itemscope=\"itemscope\" itemtype=\"https:\/\/schema.org\/CreativeWork\" ><div class='avia_textblock av_inherit_color'  itemprop=\"text\" ><h3 style=\"text-align: center;\"><span style=\"color: #f8be00;\">Newsletter anmelden<\/span><\/h3>\n<p style=\"text-align: center;\"><strong>Sie m\u00f6chten jetzt nicht buchen?<br \/>\n<\/strong>Hinterlassen Sie Ihre E-Mail-Adresse und Sie bekommen sofort ein <strong>Sonderangebot<\/strong> f\u00fcr Ihren n\u00e4chsten Aufenthalt.<br \/>\n<strong>Nur f\u00fcr die ersten 10 Anmeldungen!\u00a0<\/strong><\/p>\n<\/div><\/section><br \/>\n<\/p><\/div>\n<style type=\"text\/css\" data-created_by=\"avia_inline_auto\" id=\"style-css-av-av_one_fifth-c8fc129dc35fd1ae2a1e410224d39ea8\">\n.flex_column.av-av_one_fifth-c8fc129dc35fd1ae2a1e410224d39ea8{\nborder-radius:0px 0px 0px 0px;\npadding:0px 0px 0px 0px;\n}\n<\/style>\n<div  class='flex_column av-av_one_fifth-c8fc129dc35fd1ae2a1e410224d39ea8 av_one_fifth  avia-builder-el-18  el_after_av_three_fifth  avia-builder-el-last  flex_column_div av-zero-column-padding  '     ><\/div>\n<\/p>\n","protected":false},"excerpt":{"rendered":"","protected":false},"author":3,"featured_media":0,"parent":0,"menu_order":0,"comment_status":"closed","ping_status":"closed","template":"","meta":{"footnotes":""},"class_list":["post-2040","page","type-page","status-publish","hentry"],"_links":{"self":[{"href":"https:\/\/www.belmontevacanze.com\/de\/wp-json\/wp\/v2\/pages\/2040","targetHints":{"allow":["GET"]}}],"collection":[{"href":"https:\/\/www.belmontevacanze.com\/de\/wp-json\/wp\/v2\/pages"}],"about":[{"href":"https:\/\/www.belmontevacanze.com\/de\/wp-json\/wp\/v2\/types\/page"}],"author":[{"embeddable":true,"href":"https:\/\/www.belmontevacanze.com\/de\/wp-json\/wp\/v2\/users\/3"}],"replies":[{"embeddable":true,"href":"https:\/\/www.belmontevacanze.com\/de\/wp-json\/wp\/v2\/comments?post=2040"}],"version-history":[{"count":12,"href":"https:\/\/www.belmontevacanze.com\/de\/wp-json\/wp\/v2\/pages\/2040\/revisions"}],"predecessor-version":[{"id":10927,"href":"https:\/\/www.belmontevacanze.com\/de\/wp-json\/wp\/v2\/pages\/2040\/revisions\/10927"}],"wp:attachment":[{"href":"https:\/\/www.belmontevacanze.com\/de\/wp-json\/wp\/v2\/media?parent=2040"}],"curies":[{"name":"wp","href":"https:\/\/api.w.org\/{rel}","templated":true}]}}