{"id":4558,"date":"2019-12-13T14:47:48","date_gmt":"2019-12-13T13:47:48","guid":{"rendered":"https:\/\/www.belmontevacanze.com\/perche-prenotare-direttamente\/"},"modified":"2023-05-27T15:29:11","modified_gmt":"2023-05-27T13:29:11","slug":"warum-direkt-buchen","status":"publish","type":"page","link":"https:\/\/www.belmontevacanze.com\/de\/warum-direkt-buchen\/","title":{"rendered":"Warum direkt im Agriturismo buchen?"},"content":{"rendered":"\n<style type=\"text\/css\" data-created_by=\"avia_inline_auto\" id=\"style-css-av-av_heading-efec602a6eff8b85e927a7e99a307f85\">\n#top .av-special-heading.av-av_heading-efec602a6eff8b85e927a7e99a307f85{\npadding-bottom:10px;\n}\nbody .av-special-heading.av-av_heading-efec602a6eff8b85e927a7e99a307f85 .av-special-heading-tag .heading-char{\nfont-size:25px;\n}\n.av-special-heading.av-av_heading-efec602a6eff8b85e927a7e99a307f85 .av-subheading{\nfont-size:16px;\n}\n<\/style>\n<div  class='av-special-heading av-av_heading-efec602a6eff8b85e927a7e99a307f85 av-special-heading-h2 blockquote modern-quote modern-centered  avia-builder-el-0  el_before_av_textblock  avia-builder-el-first '><h2 class='av-special-heading-tag '  itemprop=\"headline\"  >6 Gr\u00fcnde, Ihre Ferienwohnung direkt bei uns zu buchen<\/h2><div class='av-subheading av-subheading_below'><p>Ihre Vorteile<\/p>\n<\/div><div class=\"special-heading-border\"><div class=\"special-heading-inner-border\"><\/div><\/div><\/div>\n<section  class='av_textblock_section av-lhtar110-e3907e5227f41923d2488d21d34c8ce3 '   itemscope=\"itemscope\" itemtype=\"https:\/\/schema.org\/CreativeWork\" ><div class='avia_textblock'  itemprop=\"text\" ><h1 style=\"text-align: center;\"><\/h1>\n<h2 style=\"text-align: center;\">1<\/h2>\n<p style=\"text-align: center;\"><strong>BESSERE PREISE UND BESSERE BEDINGUNGEN<\/strong><\/p>\n<p style=\"text-align: center;\">Wenn Sie Ihre Ferienwohnung direkt \u00fcber uns buchen, garantieren wir Ihnen immer die besten Preise und die g\u00fcnstigsten Stornierungsbedingungen. So k\u00f6nnen Sie unbesorgt Ihren Toskana-Urlaub planen.<\/p>\n<\/div><\/section>\n<section  class='av_textblock_section av-lhtark6a-c555973ab6f01eec2a45987e4a5e417d '   itemscope=\"itemscope\" itemtype=\"https:\/\/schema.org\/CreativeWork\" ><div class='avia_textblock'  itemprop=\"text\" ><h2 style=\"text-align: center;\">2<\/h2>\n<p style=\"text-align: center;\"><strong>DIREKTER KONTAKT UND INDIVIDUELLE BETREUUNG<\/strong><\/p>\n<p style=\"text-align: center;\">Bei einem direkten Kontakt k\u00f6nnen Sie uns Ihre Bed\u00fcrfnisse und Vorlieben schildern. Zusammen werden wir die ideale Wohnung f\u00fcr Sie und Ihre Familie finden.<\/p>\n<\/div><\/section>\n<section  class='av_textblock_section av-lhtarxne-d9ac96970157c4df527cceeae505fa7a '   itemscope=\"itemscope\" itemtype=\"https:\/\/schema.org\/CreativeWork\" ><div class='avia_textblock'  itemprop=\"text\" ><h2 style=\"text-align: center;\">3<\/h2>\n<p style=\"text-align: center;\"><strong>ERFAHRUNG UND PROFESSIONALIT\u00c4T<\/strong><\/p>\n<p style=\"text-align: center;\">Wir besitzen den Agriturismo seit 2003 und leiten die Anlage mit Liebe und Hingabe. Wir nehmen die Ratschl\u00e4ge unserer G\u00e4ste entgegen und gehen ihren Bed\u00fcrfnissen nach, indem wir jedes Jahr in etwas Neues investieren.<\/p>\n<\/div><\/section>\n<section  class='av_textblock_section av-li6126ar-7e1716cdc9dbab778b6b05da1ac68ede '   itemscope=\"itemscope\" itemtype=\"https:\/\/schema.org\/CreativeWork\" ><div class='avia_textblock'  itemprop=\"text\" ><h2 style=\"text-align: center;\">4<\/h2>\n<p style=\"text-align: center;\"><strong>AGRITURISMO MIT DEN BESTEN BEWERTUNGEN<\/strong><\/p>\n<p style=\"text-align: center;\">Wir sind an den ersten Stellen in den Listen aller Bewertungsportale.<br \/>\nDeswegen verbringen unsere G\u00e4ste ihren Urlaub bei uns\u2026 Jahr f\u00fcr Jahr.<\/p>\n<\/div><\/section>\n<section  class='av_textblock_section av-lhtasra4-f7946498b0113632d1c6f9dff1e04bc9 '   itemscope=\"itemscope\" itemtype=\"https:\/\/schema.org\/CreativeWork\" ><div class='avia_textblock'  itemprop=\"text\" ><h2 style=\"text-align: center;\">5<\/h2>\n<p style=\"text-align: center;\"><strong>SCHNELL UND SICHER ONLINE BUCHEN<br \/>\n<\/strong><\/p>\n<p style=\"text-align: center;\">Nur einen Klick entfernt! W\u00e4hlen Sie die Daten Ihres Aufenthalts und die gew\u00fcnschte Unterkunft \u2013 fertig! Ihre Daten sind sicher, um alles andere k\u00fcmmern wir uns.<strong><br \/>\n<\/strong><\/p>\n<\/div><\/section>\n<section  class='av_textblock_section av-lhtat6mb-9129a1a995bbe8ed38a1757ea6973e56 '   itemscope=\"itemscope\" itemtype=\"https:\/\/schema.org\/CreativeWork\" ><div class='avia_textblock'  itemprop=\"text\" ><h2 style=\"text-align: center;\">6<\/h2>\n<p style=\"text-align: center;\"><strong>WILLKOMMENSGESCHENK<\/strong><\/p>\n<p style=\"text-align: center;\">Bei Ihrer Ankunft werden Sie eine kleine \u00dcberraschung vorfinden, unsere Art Ihnen einen sch\u00f6nen Urlaub zu w\u00fcnschen und ein bisschen wahre Toskana anzubieten\u2026 Was das wohl sein wird? Entdecken Sie es selbst!<\/p>\n<\/div><\/section>\n","protected":false},"excerpt":{"rendered":"","protected":false},"author":3,"featured_media":0,"parent":0,"menu_order":0,"comment_status":"closed","ping_status":"closed","template":"","meta":{"footnotes":""},"class_list":["post-4558","page","type-page","status-publish","hentry"],"_links":{"self":[{"href":"https:\/\/www.belmontevacanze.com\/de\/wp-json\/wp\/v2\/pages\/4558","targetHints":{"allow":["GET"]}}],"collection":[{"href":"https:\/\/www.belmontevacanze.com\/de\/wp-json\/wp\/v2\/pages"}],"about":[{"href":"https:\/\/www.belmontevacanze.com\/de\/wp-json\/wp\/v2\/types\/page"}],"author":[{"embeddable":true,"href":"https:\/\/www.belmontevacanze.com\/de\/wp-json\/wp\/v2\/users\/3"}],"replies":[{"embeddable":true,"href":"https:\/\/www.belmontevacanze.com\/de\/wp-json\/wp\/v2\/comments?post=4558"}],"version-history":[{"count":4,"href":"https:\/\/www.belmontevacanze.com\/de\/wp-json\/wp\/v2\/pages\/4558\/revisions"}],"predecessor-version":[{"id":10592,"href":"https:\/\/www.belmontevacanze.com\/de\/wp-json\/wp\/v2\/pages\/4558\/revisions\/10592"}],"wp:attachment":[{"href":"https:\/\/www.belmontevacanze.com\/de\/wp-json\/wp\/v2\/media?parent=4558"}],"curies":[{"name":"wp","href":"https:\/\/api.w.org\/{rel}","templated":true}]}}