{"id":4591,"date":"2019-12-18T18:39:38","date_gmt":"2019-12-18T17:39:38","guid":{"rendered":"https:\/\/www.belmontevacanze.com\/scopri-montaione-in-e-bike\/"},"modified":"2023-06-17T12:27:22","modified_gmt":"2023-06-17T10:27:22","slug":"erkunden-montaione-in-ebike","status":"publish","type":"page","link":"https:\/\/www.belmontevacanze.com\/de\/erkunden-montaione-in-ebike\/","title":{"rendered":"ERKUNDEN SIE MONTAIONE IN E-BIKE"},"content":{"rendered":"<div id='full_slider_1'  class='avia-fullwidth-slider main_color avia-shadow   avia-builder-el-0  el_before_av_one_half  avia-builder-el-first   container_wrap fullsize'  ><div  class='avia-slideshow av-av_slideshow_full-f019fe5186694bc7a3f1fcc14ea05803 avia-slideshow-featured av_slideshow_full avia-slide-slider av-slideshow-ui av-control-default av-slideshow-manual av-loop-once av-loop-manual-endless av-default-height-applied  image_no_stretch avia-slideshow-1' data-slideshow-options=\"{&quot;animation&quot;:&quot;slide&quot;,&quot;autoplay&quot;:false,&quot;loop_autoplay&quot;:&quot;once&quot;,&quot;interval&quot;:100,&quot;loop_manual&quot;:&quot;manual-endless&quot;,&quot;autoplay_stopper&quot;:false,&quot;noNavigation&quot;:false,&quot;bg_slider&quot;:false,&quot;keep_padding&quot;:false,&quot;hoverpause&quot;:false,&quot;show_slide_delay&quot;:0}\"  itemprop=\"image\" itemscope=\"itemscope\" itemtype=\"https:\/\/schema.org\/ImageObject\" ><ul class='avia-slideshow-inner ' style='padding-bottom: 28.666666666667%;'><li  class='avia-slideshow-slide av-av_slideshow_full-f019fe5186694bc7a3f1fcc14ea05803__0  av-single-slide slide-1 slide-odd'><div data-rel='slideshow-1' class='avia-slide-wrap '   ><img decoding=\"async\" fetchpriority=\"high\" class=\"wp-image-4341 avia-img-lazy-loading-not-4341\"  src=\"https:\/\/www.belmontevacanze.com\/wp-content\/uploads\/2019\/12\/ebike-tour-1500x430.png\" width=\"1500\" height=\"430\" title='ebike tour' alt=''  itemprop=\"thumbnailUrl\"   \/><\/div><\/li><\/ul><\/div><\/div><div id='after_full_slider_1'  class='main_color av_default_container_wrap container_wrap fullsize'  ><div class='container av-section-cont-open' ><div class='template-page content  av-content-full alpha units'><div class='post-entry post-entry-type-page post-entry-4591'><div class='entry-content-wrapper clearfix'>\n\n<style type=\"text\/css\" data-created_by=\"avia_inline_auto\" id=\"style-css-av-av_one_half-15d750bd1b332b34c6e70b077ebbccdf\">\n.flex_column.av-av_one_half-15d750bd1b332b34c6e70b077ebbccdf{\nborder-radius:0px 0px 0px 0px;\npadding:0px 0px 0px 0px;\n}\n<\/style>\n<div  class='flex_column av-av_one_half-15d750bd1b332b34c6e70b077ebbccdf av_one_half  avia-builder-el-1  el_after_av_slideshow_full  el_before_av_one_half  avia-builder-el-first  first flex_column_div av-zero-column-padding  '     ><article  class='iconbox iconbox_top av-lizuu0kx-2089a965ae93b2b26423fbd9e53c7877  avia-builder-el-2  avia-builder-el-no-sibling  main_color'  itemscope=\"itemscope\" itemtype=\"https:\/\/schema.org\/CreativeWork\" ><div class=\"iconbox_content\"><header class=\"entry-content-header\" aria-label=\"Icon: INFOS TOUR E-BIKE\"><div class=\"iconbox_icon heading-color\" aria-hidden='true' data-av_icon='\ue81f' data-av_iconfont='entypo-fontello'><\/div><h3 class='iconbox_content_title '  itemprop=\"headline\" >INFOS TOUR E-BIKE<\/h3><\/header><div class='iconbox_content_container '  itemprop=\"text\" ><p><strong>Geplanter Tag<\/strong>: Donnerstag<\/p>\n<p><strong>Buchungsbest\u00e4tigung bis<\/strong>: Dienstag 17:00 Uhr<\/p>\n<p><strong>Min. \u2013 Max. Teilnehmer<\/strong>: 4-8<\/p>\n<p><strong>Altersgrenze<\/strong>: min. 10 Jahre<\/p>\n<p><strong>Preis<\/strong>: 23 \u20ac pro Person (evtl. <a href=\"https:\/\/www.belmontevacanze.com\/de\/aktivitaeten\/bike-friendly-agriturismo-toskana\/\">E-Bike-Verleih<\/a>: 35 \u20ac p. P.)<br \/>\n___________________________________<\/p>\n<p><strong>Treffpunkt<\/strong>: Belmonte Vacanze, 09:00 Uhr<\/p>\n<p><strong>Dauer<\/strong>: 2,5 \/ 3 Stunden ca.<\/p>\n<p><strong>Entfernung<\/strong>: ca. 30 km<\/p>\n<p><strong>Schwierigkeitsgrad<\/strong>: Mittelschwer<\/p>\n<p><strong>H\u00f6he<\/strong>: ca. 800 Meter<\/p>\n<p><strong>Was Sie brauchen werden<\/strong>: Schutzhelm, feste Schuhe, Sonnencreme, Trinkwasser (1,5 Liter pro Person), etwas energiespendendes zu essen.<\/p>\n<\/div><\/div><footer class=\"entry-footer\"><\/footer><\/article><\/div>\n<style type=\"text\/css\" data-created_by=\"avia_inline_auto\" id=\"style-css-av-av_one_half-c8fc129dc35fd1ae2a1e410224d39ea8\">\n.flex_column.av-av_one_half-c8fc129dc35fd1ae2a1e410224d39ea8{\nborder-radius:0px 0px 0px 0px;\npadding:0px 0px 0px 0px;\n}\n<\/style>\n<div  class='flex_column av-av_one_half-c8fc129dc35fd1ae2a1e410224d39ea8 av_one_half  avia-builder-el-3  el_after_av_one_half  avia-builder-el-last  flex_column_div av-zero-column-padding  '     ><section  class='av_textblock_section av-lizusc1l-b0cd6b8710ebe0af75c88feca7e613d3 '   itemscope=\"itemscope\" itemtype=\"https:\/\/schema.org\/CreativeWork\" ><div class='avia_textblock'  itemprop=\"text\" ><h3 style=\"text-align: center;\">BESCHREIBUNG DER TOUR<\/h3>\n<p>Wir beginnen die Tour in der Ortschaft Iano. Hier biegen wir in Via Costia ein, mit einem <strong>faszinierenden Blick \u00fcber die toskanischen H\u00fcgel<\/strong> und die beindruckenden \u201cBadlands\u201d, ein typisches, geologisches Ph\u00e4nomen tonhaltiger Erde. \u00dcber Schotterstra\u00dfen mit Steigungen und Gef\u00e4llen, typische Strecken der toskanischen H\u00fcgel, erreichen wir Castelfalfi, ein <strong>antikes Dorf<\/strong> das von einem <strong>imposanten Schloss<\/strong> charakterisiert ist. Hier werden wir eine Pause einlegen.<br \/>\nVon hier aus werden wir \u00fcber einen ziemlich anstrengenden Waldweg oder \u00fcber eine asphaltierte Stra\u00dfe weiterfahren, beide Optionen sind sehr eindrucksvoll. In San Vivaldo vertiefen wir uns in der mystischen Atmosph\u00e4re des \u201c<strong>Toskanischen Jerusalems<\/strong>\u201d und k\u00f6nnen eine kurze Pause einlegen.<br \/>\nDie Strecke f\u00fchrt weiter \u00fcber eine asphaltierte Stra\u00dfe und danach durch den Wald bis zum <strong>Santuario della Pietrina<\/strong>. Hier sieht man die Reste eines antiken Schlosses und man genie\u00dft einen <strong>unglaublichen Blick \u00fcber Volterra<\/strong>. Von hier aus fahren wir bergab und erreichen das antike <strong>Dorf von Palagio<\/strong>, danach endet die Tour am Startpunkt.<\/p>\n<\/div><\/section><\/div><\/p>\n","protected":false},"excerpt":{"rendered":"","protected":false},"author":3,"featured_media":0,"parent":0,"menu_order":0,"comment_status":"closed","ping_status":"closed","template":"","meta":{"footnotes":""},"class_list":["post-4591","page","type-page","status-publish","hentry"],"_links":{"self":[{"href":"https:\/\/www.belmontevacanze.com\/de\/wp-json\/wp\/v2\/pages\/4591","targetHints":{"allow":["GET"]}}],"collection":[{"href":"https:\/\/www.belmontevacanze.com\/de\/wp-json\/wp\/v2\/pages"}],"about":[{"href":"https:\/\/www.belmontevacanze.com\/de\/wp-json\/wp\/v2\/types\/page"}],"author":[{"embeddable":true,"href":"https:\/\/www.belmontevacanze.com\/de\/wp-json\/wp\/v2\/users\/3"}],"replies":[{"embeddable":true,"href":"https:\/\/www.belmontevacanze.com\/de\/wp-json\/wp\/v2\/comments?post=4591"}],"version-history":[{"count":3,"href":"https:\/\/www.belmontevacanze.com\/de\/wp-json\/wp\/v2\/pages\/4591\/revisions"}],"predecessor-version":[{"id":10809,"href":"https:\/\/www.belmontevacanze.com\/de\/wp-json\/wp\/v2\/pages\/4591\/revisions\/10809"}],"wp:attachment":[{"href":"https:\/\/www.belmontevacanze.com\/de\/wp-json\/wp\/v2\/media?parent=4591"}],"curies":[{"name":"wp","href":"https:\/\/api.w.org\/{rel}","templated":true}]}}