{"id":838,"date":"2018-01-26T18:29:12","date_gmt":"2018-01-26T17:29:12","guid":{"rendered":"https:\/\/www.belmontevacanze.com\/?page_id=838"},"modified":"2023-07-29T13:43:53","modified_gmt":"2023-07-29T11:43:53","slug":"trilo","status":"publish","type":"page","link":"https:\/\/www.belmontevacanze.com\/de\/ferienwohnungen\/trilo\/","title":{"rendered":"Trilo &#8211; 65m\u00b2 Ferienwohnung"},"content":{"rendered":"<div id='full_slider_1'  class='avia-fullwidth-slider main_color avia-shadow   avia-builder-el-0  el_before_av_one_fifth  avia-builder-el-first   container_wrap fullsize'  ><div  class='avia-slideshow av-av_slideshow_full-5a8694b976155ec970a340c25f6e97bc avia-slideshow-no scaling av_slideshow_full avia-slide-slider av-slideshow-ui av-control-default av-slideshow-autoplay av-loop-endless av-loop-manual-endless av-default-height-applied   avia-slideshow-1' data-slideshow-options=\"{&quot;animation&quot;:&quot;slide&quot;,&quot;autoplay&quot;:true,&quot;loop_autoplay&quot;:&quot;endless&quot;,&quot;interval&quot;:5,&quot;loop_manual&quot;:&quot;manual-endless&quot;,&quot;autoplay_stopper&quot;:false,&quot;noNavigation&quot;:false,&quot;bg_slider&quot;:false,&quot;keep_padding&quot;:false,&quot;hoverpause&quot;:false,&quot;show_slide_delay&quot;:0}\"  itemprop=\"image\" itemscope=\"itemscope\" itemtype=\"https:\/\/schema.org\/ImageObject\" ><ul class='avia-slideshow-inner ' style='padding-bottom: 56.25%;'><li  class='avia-slideshow-slide av-av_slideshow_full-5a8694b976155ec970a340c25f6e97bc__0  slide-1 slide-odd'><div data-rel='slideshow-1' class='avia-slide-wrap '   ><img decoding=\"async\" fetchpriority=\"high\" class=\"wp-image-9703 avia-img-lazy-loading-not-9703\"  src=\"https:\/\/www.belmontevacanze.com\/wp-content\/uploads\/2017\/11\/trilo-soggiorno.jpg\" width=\"1280\" height=\"720\" title='trilo-soggiorno' alt=''  itemprop=\"thumbnailUrl\"  style='min-height:450px; min-width:800px; ' srcset=\"https:\/\/www.belmontevacanze.com\/wp-content\/uploads\/2017\/11\/trilo-soggiorno.jpg 1280w, https:\/\/www.belmontevacanze.com\/wp-content\/uploads\/2017\/11\/trilo-soggiorno-300x169.jpg 300w, https:\/\/www.belmontevacanze.com\/wp-content\/uploads\/2017\/11\/trilo-soggiorno-768x432.jpg 768w, https:\/\/www.belmontevacanze.com\/wp-content\/uploads\/2017\/11\/trilo-soggiorno-1030x579.jpg 1030w, https:\/\/www.belmontevacanze.com\/wp-content\/uploads\/2017\/11\/trilo-soggiorno-705x397.jpg 705w, https:\/\/www.belmontevacanze.com\/wp-content\/uploads\/2017\/11\/trilo-soggiorno-450x253.jpg 450w\" sizes=\"(max-width: 1280px) 100vw, 1280px\" \/><\/div><\/li><li  class='avia-slideshow-slide av-av_slideshow_full-5a8694b976155ec970a340c25f6e97bc__1  slide-2 slide-even'><div data-rel='slideshow-1' class='avia-slide-wrap '   ><img decoding=\"async\" fetchpriority=\"high\" class=\"wp-image-9702 avia-img-lazy-loading-not-9702\"  src=\"https:\/\/www.belmontevacanze.com\/wp-content\/uploads\/2017\/11\/camera-trilo.jpg\" width=\"1280\" height=\"720\" title='camera-trilo' alt=''  itemprop=\"thumbnailUrl\"  style='min-height:450px; min-width:800px; ' srcset=\"https:\/\/www.belmontevacanze.com\/wp-content\/uploads\/2017\/11\/camera-trilo.jpg 1280w, https:\/\/www.belmontevacanze.com\/wp-content\/uploads\/2017\/11\/camera-trilo-300x169.jpg 300w, https:\/\/www.belmontevacanze.com\/wp-content\/uploads\/2017\/11\/camera-trilo-768x432.jpg 768w, https:\/\/www.belmontevacanze.com\/wp-content\/uploads\/2017\/11\/camera-trilo-1030x579.jpg 1030w, https:\/\/www.belmontevacanze.com\/wp-content\/uploads\/2017\/11\/camera-trilo-705x397.jpg 705w, https:\/\/www.belmontevacanze.com\/wp-content\/uploads\/2017\/11\/camera-trilo-450x253.jpg 450w\" sizes=\"(max-width: 1280px) 100vw, 1280px\" \/><\/div><\/li><li  class='avia-slideshow-slide av-av_slideshow_full-5a8694b976155ec970a340c25f6e97bc__2  slide-3 slide-odd'><div data-rel='slideshow-1' class='avia-slide-wrap '   ><img decoding=\"async\" fetchpriority=\"high\" class=\"wp-image-660 avia-img-lazy-loading-not-660\"  src=\"https:\/\/www.belmontevacanze.com\/wp-content\/uploads\/2018\/01\/camera.trilo_.1.jpg\" width=\"1280\" height=\"720\" title='camera.trilo.1' alt=''  itemprop=\"thumbnailUrl\"  style='min-height:450px; min-width:800px; ' srcset=\"https:\/\/www.belmontevacanze.com\/wp-content\/uploads\/2018\/01\/camera.trilo_.1.jpg 1280w, https:\/\/www.belmontevacanze.com\/wp-content\/uploads\/2018\/01\/camera.trilo_.1-300x169.jpg 300w, https:\/\/www.belmontevacanze.com\/wp-content\/uploads\/2018\/01\/camera.trilo_.1-768x432.jpg 768w, https:\/\/www.belmontevacanze.com\/wp-content\/uploads\/2018\/01\/camera.trilo_.1-1030x579.jpg 1030w, https:\/\/www.belmontevacanze.com\/wp-content\/uploads\/2018\/01\/camera.trilo_.1-705x397.jpg 705w, https:\/\/www.belmontevacanze.com\/wp-content\/uploads\/2018\/01\/camera.trilo_.1-450x253.jpg 450w\" sizes=\"(max-width: 1280px) 100vw, 1280px\" \/><\/div><\/li><\/ul><div class='avia-slideshow-arrows avia-slideshow-controls' ><a href='#prev' class='prev-slide ' aria-hidden='true' data-av_icon='\ue87c' data-av_iconfont='entypo-fontello'  tabindex='-1'>Zur\u00fcck<\/a><a href='#next' class='next-slide ' aria-hidden='true' data-av_icon='\ue87d' data-av_iconfont='entypo-fontello'  tabindex='-1'>Weiter<\/a><\/div><div class='avia-slideshow-dots avia-slideshow-controls'><a href='#1' class='goto-slide active' >1<\/a><a href='#2' class='goto-slide ' >2<\/a><a href='#3' class='goto-slide ' >3<\/a><\/div><\/div><\/div><div id='after_full_slider_1'  class='main_color av_default_container_wrap container_wrap fullsize'  ><div class='container av-section-cont-open' ><div class='template-page content  av-content-full alpha units'><div class='post-entry post-entry-type-page post-entry-838'><div class='entry-content-wrapper clearfix'>\n\n<style type=\"text\/css\" data-created_by=\"avia_inline_auto\" id=\"style-css-av-av_one_fifth-79ff81c021393065cee878051452f6a6\">\n.flex_column.av-av_one_fifth-79ff81c021393065cee878051452f6a6{\nborder-radius:0px 0px 0px 0px;\npadding:0px 0px 0px 0px;\n}\n<\/style>\n<div  class='flex_column av-av_one_fifth-79ff81c021393065cee878051452f6a6 av_one_fifth  avia-builder-el-1  el_after_av_slideshow_full  el_before_av_three_fifth  avia-builder-el-first  first flex_column_div av-zero-column-padding  '     ><\/div>\n\n<style type=\"text\/css\" data-created_by=\"avia_inline_auto\" id=\"style-css-av-av_three_fifth-c8fc129dc35fd1ae2a1e410224d39ea8\">\n.flex_column.av-av_three_fifth-c8fc129dc35fd1ae2a1e410224d39ea8{\nborder-radius:0px 0px 0px 0px;\npadding:0px 0px 0px 0px;\n}\n<\/style>\n<div  class='flex_column av-av_three_fifth-c8fc129dc35fd1ae2a1e410224d39ea8 av_three_fifth  avia-builder-el-2  el_after_av_one_fifth  el_before_av_one_fifth  flex_column_div av-zero-column-padding  '     ><div  class='avia-button-wrap avia-button-center  avia-builder-el-3  avia-builder-el-no-sibling '>\n<style type=\"text\/css\" data-created_by=\"avia_inline_auto\" id=\"style-css-av-l8fn6hyz-b103482b81ffc7b2efe0b0eb8fd2a4af\">\n#top #wrap_all .avia-button.av-l8fn6hyz-b103482b81ffc7b2efe0b0eb8fd2a4af:hover{\ncolor:#ffffff;\ntransition:all 0.4s ease-in-out;\n}\n<\/style>\n<a href='https:\/\/www.belmontevacanze.com\/de\/warum-direkt-buchen\/' class='avia-color-theme-color-highlight avia-font-color-theme-color avia-button avia-button-fullwidth av-l8fn6hyz-b103482b81ffc7b2efe0b0eb8fd2a4af avia-icon_select-no avia-color-theme-color-highlight'   aria-label=\"WARUM DIREKT BUCHEN?\"><span class='avia_iconbox_title' >WARUM DIREKT BUCHEN?<\/span><div class='av-button-description av-button-description-below'><p>Ihre Vorteile<\/p>\n<\/div><span class='avia_button_background avia-button avia-button-fullwidth avia-color-theme-color'><\/span><\/a><\/div><\/div>\n\n<style type=\"text\/css\" data-created_by=\"avia_inline_auto\" id=\"style-css-av-av_one_fifth-49f6e875884219cf77c24341e550af53\">\n.flex_column.av-av_one_fifth-49f6e875884219cf77c24341e550af53{\nborder-radius:0px 0px 0px 0px;\npadding:0px 0px 0px 0px;\n}\n<\/style>\n<div  class='flex_column av-av_one_fifth-49f6e875884219cf77c24341e550af53 av_one_fifth  avia-builder-el-4  el_after_av_three_fifth  el_before_av_one_half  flex_column_div av-zero-column-padding  '     ><\/div>\n\n<style type=\"text\/css\" data-created_by=\"avia_inline_auto\" id=\"style-css-av-av_one_half-15d750bd1b332b34c6e70b077ebbccdf\">\n.flex_column.av-av_one_half-15d750bd1b332b34c6e70b077ebbccdf{\nborder-radius:0px 0px 0px 0px;\npadding:0px 0px 0px 0px;\n}\n<\/style>\n<div  class='flex_column av-av_one_half-15d750bd1b332b34c6e70b077ebbccdf av_one_half  avia-builder-el-5  el_after_av_one_fifth  el_before_av_one_half  first flex_column_div av-zero-column-padding  column-top-margin'     ><section  class='av_textblock_section av-lhry36sa-6ddf91c87ec08050507c9d2cafef344b '   itemscope=\"itemscope\" itemtype=\"https:\/\/schema.org\/CreativeWork\" ><div class='avia_textblock'  itemprop=\"text\" ><h2>TRILO 65 m\u00b2 Dreiraum-Ferienwohnung<\/h2>\n<h3>Ideal f\u00fcr kleine Familien<\/h3>\n<ul>\n<li>1 \u00a0Doppelbett<\/li>\n<li>2 Einzelbetten<\/li>\n<li>1 Doppel-Bettsofa<\/li>\n<\/ul>\n<p>Falls Sie entschieden haben, mit Familie oder Freunden einen erholsamen Urlaub zu verbringen, dann k\u00f6nnte eine unserer Dreiraumwohnungen f\u00fcr diese Zeit Ihr zu Hause in der Toskana sein. Die Ferienwohnung ist ungef\u00e4hr 65m2 gro\u00df und wurde komplett neu im typisch toskanischen Stil eingerichtet \u2013 mit freiliegenden Holzbalken und M\u00f6beln, die hier in der Toskana produziert werden.<\/p>\n<\/div><\/section><\/div>\n\n<style type=\"text\/css\" data-created_by=\"avia_inline_auto\" id=\"style-css-av-av_one_half-c8fc129dc35fd1ae2a1e410224d39ea8\">\n.flex_column.av-av_one_half-c8fc129dc35fd1ae2a1e410224d39ea8{\nborder-radius:0px 0px 0px 0px;\npadding:0px 0px 0px 0px;\n}\n<\/style>\n<div  class='flex_column av-av_one_half-c8fc129dc35fd1ae2a1e410224d39ea8 av_one_half  avia-builder-el-7  el_after_av_one_half  el_before_av_textblock  flex_column_div av-zero-column-padding  column-top-margin'     ><p>\n<style type=\"text\/css\" data-created_by=\"avia_inline_auto\" id=\"style-css-av-lct30x8g-820d3dae1d6c1594be6f4a6989181ac2\">\n.avia-image-container.av-lct30x8g-820d3dae1d6c1594be6f4a6989181ac2 img.avia_image{\nbox-shadow:none;\n}\n.avia-image-container.av-lct30x8g-820d3dae1d6c1594be6f4a6989181ac2 .av-image-caption-overlay-center{\ncolor:#ffffff;\n}\n<\/style>\n<div  class='avia-image-container av-lct30x8g-820d3dae1d6c1594be6f4a6989181ac2 av-styling- avia-align-center  avia-builder-el-8  el_before_av_textblock  avia-builder-el-first '   itemprop=\"image\" itemscope=\"itemscope\" itemtype=\"https:\/\/schema.org\/ImageObject\" ><div class=\"avia-image-container-inner\"><div class=\"avia-image-overlay-wrap\"><img decoding=\"async\" fetchpriority=\"high\" class='wp-image-9695 avia-img-lazy-loading-not-9695 avia_image ' src=\"https:\/\/www.belmontevacanze.com\/wp-content\/uploads\/2023\/01\/trilo-1.jpg\" alt='Wohnungs-Grundriss: Wohnk\u00fcche mit Balkon, Schlafzimmer mit Doppelbett und Einzelbett, Schlafzimmer mit 2 Einzelbetten, Bad.' title='trilo'  height=\"297\" width=\"400\"  itemprop=\"thumbnailUrl\" srcset=\"https:\/\/www.belmontevacanze.com\/wp-content\/uploads\/2023\/01\/trilo-1.jpg 400w, https:\/\/www.belmontevacanze.com\/wp-content\/uploads\/2023\/01\/trilo-1-300x223.jpg 300w\" sizes=\"(max-width: 400px) 100vw, 400px\" \/><\/div><\/div><\/div><br \/>\n<section  class='av_textblock_section av-lhry5g5u-a8096329587504e6ed8e58b032a030d8 '   itemscope=\"itemscope\" itemtype=\"https:\/\/schema.org\/CreativeWork\" ><div class='avia_textblock'  itemprop=\"text\" ><p style=\"text-align: center;\"><strong>Ab 93 \u20ac\/Nacht<\/strong><\/p>\n<\/div><\/section><br \/>\n<div  class='avia-button-wrap av-lhry5oqk-1b6c0379d61658b0d7e2118c9d50c250-wrap avia-button-center  avia-builder-el-10  el_after_av_textblock  el_before_av_hr '><a href='https:\/\/www.simplebooking.it\/ibe\/hotelbooking\/search?hid=2966&amp;lang=DE&amp;cur=EUR'  class='avia-button av-lhry5oqk-1b6c0379d61658b0d7e2118c9d50c250 av-link-btn avia-icon_select-yes-right-icon avia-size-x-large avia-position-center avia-color-theme-color'   aria-label=\"Verf\u00fcgbarkeit pr\u00fcfen\"><span class='avia_iconbox_title' >Verf\u00fcgbarkeit pr\u00fcfen<\/span><span class='avia_button_icon avia_button_icon_right' aria-hidden='true' data-av_icon='\ue85b' data-av_iconfont='entypo-fontello'><\/span><\/a><\/div><br \/>\n\n<style type=\"text\/css\" data-created_by=\"avia_inline_auto\" id=\"style-css-av-av_hr-fbebcb4fe7f7f93a621d8b6783460008\">\n#top .hr.hr-invisible.av-av_hr-fbebcb4fe7f7f93a621d8b6783460008{\nheight:30px;\n}\n<\/style>\n<div  class='hr av-av_hr-fbebcb4fe7f7f93a621d8b6783460008 hr-invisible  avia-builder-el-11  el_after_av_button  avia-builder-el-last '><span class='hr-inner '><span class=\"hr-inner-style\"><\/span><\/span><\/div><\/p><\/div>\n<section  class='av_textblock_section av-lcub4bum-6586754598cc6c815f1c2ae456a4bc21 '   itemscope=\"itemscope\" itemtype=\"https:\/\/schema.org\/CreativeWork\" ><div class='avia_textblock'  itemprop=\"text\" ><p>Sie kann dank eines Schlafzimmers mit Doppelbett und separatem Einzelbett, eines Schlafzimmers mit zwei Einzelbetten und eines Doppelbettsofas im Aufenthaltsbereich <strong>bis zu 6 Personen<\/strong> beherbergen. Das Apartment verf\u00fcgt des Weiteren \u00fcber ein Wohnzimmer mit offener K\u00fcche, Esstisch und Satellitenfernsehen sowie \u00fcber ein Badezimmer. Eine schnelle Starlink-Internetverbindung ist in allen Apartments verf\u00fcgbar.<\/p>\n<\/div><\/section>\n<\/div><\/div><\/div><!-- close content main div --><\/div><\/div><div id='av_section_1'  class='avia-section av-av_section-9387b0470ac2267f96cdc81359029f99 main_color avia-section-large avia-shadow  avia-builder-el-13  el_after_av_textblock  el_before_av_section  avia-bg-style-scroll container_wrap fullsize'  ><div class='container av-section-cont-open' ><div class='template-page content  av-content-full alpha units'><div class='post-entry post-entry-type-page post-entry-838'><div class='entry-content-wrapper clearfix'>\n<section  class='av_textblock_section av-lhryamy8-91ae18a473119e7b84a9455cd2a00e77 '   itemscope=\"itemscope\" itemtype=\"https:\/\/schema.org\/CreativeWork\" ><div class='avia_textblock'  itemprop=\"text\" ><h3>Ausstattung der Ferienwohnungen<\/h3>\n<hr \/>\n<\/div><\/section>\n<div  class='avia-logo-element-container av-av_partner-77e0eaa6247fc4a4cd2877309dc02682 av-border-deactivate avia-logo-grid avia-content-slider avia-smallarrow-slider avia-content-grid-active noHover avia-content-slider-even  avia-builder-el-15  el_after_av_textblock  avia-builder-el-last  avia-content-slider1' ><div class='avia-smallarrow-slider-heading  no-logo-slider-heading '><div class='new-special-heading'>&nbsp;<\/div><\/div><div class=\"avia-content-slider-inner\"><div class=\"slide-entry-wrap\"><div data-avia-tooltip=\"Kostenloses ultra-schnelles Internet \" class='slide-entry av-av_partner_logo-41d0db3e97270b75273df68b9da3e8a7 flex_column no_margin av_one_sixth real-thumbnail post-entry slide-entry-overview slide-loop-1 slide-parity-odd  first'><span class='av-partner-fake-img' style='padding-bottom:100%; background-image:url(https:\/\/www.belmontevacanze.com\/wp-content\/uploads\/2017\/10\/wifi.png);'><\/span><\/div><div data-avia-tooltip=\"Apartments mit Terrasse oder Balkon \" class='slide-entry av-av_partner_logo-07bb2bc197d95138f375fa449df01b60 flex_column no_margin av_one_sixth real-thumbnail post-entry slide-entry-overview slide-loop-2 slide-parity-even  '><span class='av-partner-fake-img' style='padding-bottom:100%; background-image:url(https:\/\/www.belmontevacanze.com\/wp-content\/uploads\/2017\/10\/patio-terrazza.png);'><\/span><\/div><div data-avia-tooltip=\"Klimaanlage \/ Heizung \" class='slide-entry av-av_partner_logo-767c094159dbd1848fd6c9d8545ac3ed flex_column no_margin av_one_sixth real-thumbnail post-entry slide-entry-overview slide-loop-3 slide-parity-odd  '><span class='av-partner-fake-img' style='padding-bottom:100%; background-image:url(https:\/\/www.belmontevacanze.com\/wp-content\/uploads\/2017\/10\/aria-condizionata.png);'><\/span><\/div><div data-avia-tooltip=\"Voll ausgestattete K\u00fcche mit Geschirrsp\u00fcler \" class='slide-entry av-av_partner_logo-0702690cef16d46e42a9ced89eeb4d62 flex_column no_margin av_one_sixth real-thumbnail post-entry slide-entry-overview slide-loop-4 slide-parity-even  '><span class='av-partner-fake-img' style='padding-bottom:100%; background-image:url(https:\/\/www.belmontevacanze.com\/wp-content\/uploads\/2017\/10\/lavastoviglie.png);'><\/span><\/div><div data-avia-tooltip=\"Sat-TV \" class='slide-entry av-av_partner_logo-9578732e4a9091d5b84bbec30dff6451 flex_column no_margin av_one_sixth real-thumbnail post-entry slide-entry-overview slide-loop-5 slide-parity-odd  '><span class='av-partner-fake-img' style='padding-bottom:100%; background-image:url(https:\/\/www.belmontevacanze.com\/wp-content\/uploads\/2017\/10\/satellite-tv.png);'><\/span><\/div><div data-avia-tooltip=\"Haustiere sind willkommen\" class='slide-entry av-av_partner_logo-f93e77080853c7814d2b692be0f5a179 flex_column no_margin av_one_sixth real-thumbnail post-entry slide-entry-overview slide-loop-6 slide-parity-even post-entry-last '><span class='av-partner-fake-img' style='padding-bottom:100%; background-image:url(https:\/\/www.belmontevacanze.com\/wp-content\/uploads\/2017\/10\/animali-ammessi.png);'><\/span><\/div><\/div><\/div><\/div>\n<\/div><\/div><\/div><!-- close content main div --><\/div><\/div><div id='av_section_2'  class='avia-section av-av_section-9cc81fa627e85fd8fe1b6014d6447633 socket_color avia-section-default avia-no-shadow  avia-builder-el-16  el_after_av_section  avia-builder-el-last  avia-bg-style-scroll container_wrap fullsize'  ><div class='container av-section-cont-open' ><div class='template-page content  av-content-full alpha units'><div class='post-entry post-entry-type-page post-entry-838'><div class='entry-content-wrapper clearfix'>\n\n<style type=\"text\/css\" data-created_by=\"avia_inline_auto\" id=\"style-css-av-lhry64sw-49e4d79782169d4894e82992bbc05dfb\">\n#top .av-special-heading.av-lhry64sw-49e4d79782169d4894e82992bbc05dfb{\npadding-bottom:30px;\ncolor:#ffffff;\n}\nbody .av-special-heading.av-lhry64sw-49e4d79782169d4894e82992bbc05dfb .av-special-heading-tag .heading-char{\nfont-size:25px;\n}\n.av-special-heading.av-lhry64sw-49e4d79782169d4894e82992bbc05dfb .special-heading-inner-border{\nborder-color:#ffffff;\n}\n.av-special-heading.av-lhry64sw-49e4d79782169d4894e82992bbc05dfb .av-subheading{\nfont-size:15px;\n}\n<\/style>\n<div  class='av-special-heading av-lhry64sw-49e4d79782169d4894e82992bbc05dfb av-special-heading-h3 custom-color-heading  avia-builder-el-17  el_before_av_one_third  avia-builder-el-first '><h3 class='av-special-heading-tag '  itemprop=\"headline\"  >BRAUCHEN SIE ETWAS GR\u00d6SSERES ODER KLEINERES?<\/h3><div class=\"special-heading-border\"><div class=\"special-heading-inner-border\"><\/div><\/div><\/div>\n\n<style type=\"text\/css\" data-created_by=\"avia_inline_auto\" id=\"style-css-av-av_one_third-15d750bd1b332b34c6e70b077ebbccdf\">\n.flex_column.av-av_one_third-15d750bd1b332b34c6e70b077ebbccdf{\nborder-radius:0px 0px 0px 0px;\npadding:0px 0px 0px 0px;\n}\n<\/style>\n<div  class='flex_column av-av_one_third-15d750bd1b332b34c6e70b077ebbccdf av_one_third  avia-builder-el-18  el_after_av_heading  el_before_av_one_third  first flex_column_div av-zero-column-padding  '     ><section  class='av_textblock_section av-av_textblock-2de302bf1aa3cf4c9157dbe6f50ac7eb '   itemscope=\"itemscope\" itemtype=\"https:\/\/schema.org\/CreativeWork\" ><div class='avia_textblock'  itemprop=\"text\" ><h2><span style=\"color: #ffcc00;\">Trilo Plus<\/span><\/h2>\n<p>2 Badezimmer f\u00fcr mehr Komfort<\/p>\n<\/div><\/section><br \/>\n<div  class='avia-button-wrap av-av_button-938b48d19f0c8ab3bffd2f4cfefbcb66-wrap avia-button-left  avia-builder-el-20  el_after_av_textblock  avia-builder-el-last '><a href='https:\/\/www.belmontevacanze.com\/de\/ferienwohnungen\/trilo-plus\/'  class='avia-button av-av_button-938b48d19f0c8ab3bffd2f4cfefbcb66 av-link-btn avia-icon_select-yes-right-icon avia-size-medium avia-position-left avia-color-light'   aria-label=\"Sehen Sie sich die TRILO PLUS an\"><span class='avia_iconbox_title' >Sehen Sie sich die TRILO PLUS an<\/span><span class='avia_button_icon avia_button_icon_right' aria-hidden='true' data-av_icon='\ue875' data-av_iconfont='entypo-fontello'><\/span><\/a><\/div><\/p><\/div>\n<style type=\"text\/css\" data-created_by=\"avia_inline_auto\" id=\"style-css-av-av_one_third-c8fc129dc35fd1ae2a1e410224d39ea8\">\n.flex_column.av-av_one_third-c8fc129dc35fd1ae2a1e410224d39ea8{\nborder-radius:0px 0px 0px 0px;\npadding:0px 0px 0px 0px;\n}\n<\/style>\n<div  class='flex_column av-av_one_third-c8fc129dc35fd1ae2a1e410224d39ea8 av_one_third  avia-builder-el-21  el_after_av_one_third  el_before_av_one_third  flex_column_div av-zero-column-padding  '     ><section  class='av_textblock_section av-av_textblock-2de302bf1aa3cf4c9157dbe6f50ac7eb '   itemscope=\"itemscope\" itemtype=\"https:\/\/schema.org\/CreativeWork\" ><div class='avia_textblock'  itemprop=\"text\" ><h2><span style=\"color: #ffcc00;\">Quadri<\/span><\/h2>\n<p>Ideal f\u00fcr zwei Familien oder gro\u00dfe Gruppen<\/p>\n<\/div><\/section><br \/>\n<div  class='avia-button-wrap av-av_button-5ddf5cc79a48376b992b61b019a08922-wrap avia-button-left  avia-builder-el-23  el_after_av_textblock  avia-builder-el-last '><a href='https:\/\/www.belmontevacanze.com\/de\/ferienwohnungen\/quadri\/'  class='avia-button av-av_button-5ddf5cc79a48376b992b61b019a08922 av-link-btn avia-icon_select-yes-right-icon avia-size-medium avia-position-left avia-color-light'   aria-label=\"Sehen Sie sich die QUADRI an\"><span class='avia_iconbox_title' >Sehen Sie sich die QUADRI an<\/span><span class='avia_button_icon avia_button_icon_right' aria-hidden='true' data-av_icon='\ue875' data-av_iconfont='entypo-fontello'><\/span><\/a><\/div><\/p><\/div>\n<style type=\"text\/css\" data-created_by=\"avia_inline_auto\" id=\"style-css-av-av_one_third-c8fc129dc35fd1ae2a1e410224d39ea8\">\n.flex_column.av-av_one_third-c8fc129dc35fd1ae2a1e410224d39ea8{\nborder-radius:0px 0px 0px 0px;\npadding:0px 0px 0px 0px;\n}\n<\/style>\n<div  class='flex_column av-av_one_third-c8fc129dc35fd1ae2a1e410224d39ea8 av_one_third  avia-builder-el-24  el_after_av_one_third  avia-builder-el-last  flex_column_div av-zero-column-padding  '     ><section  class='av_textblock_section av-av_textblock-2de302bf1aa3cf4c9157dbe6f50ac7eb '   itemscope=\"itemscope\" itemtype=\"https:\/\/schema.org\/CreativeWork\" ><div class='avia_textblock'  itemprop=\"text\" ><h2><span style=\"color: #ffcc00;\">Bilo<\/span><\/h2>\n<p>Ideal f\u00fcr Paare und kleine Familien<\/p>\n<\/div><\/section><br \/>\n<div  class='avia-button-wrap av-av_button-ede5669df1c5c412ed5cb6c8e823054b-wrap avia-button-left  avia-builder-el-26  el_after_av_textblock  avia-builder-el-last '><a href='https:\/\/www.belmontevacanze.com\/de\/ferienwohnungen\/bilo\/'  class='avia-button av-av_button-ede5669df1c5c412ed5cb6c8e823054b av-link-btn avia-icon_select-yes-right-icon avia-size-medium avia-position-left avia-color-light'   aria-label=\"Sehen Sie sich die BILO an\"><span class='avia_iconbox_title' >Sehen Sie sich die BILO an<\/span><span class='avia_button_icon avia_button_icon_right' aria-hidden='true' data-av_icon='\ue875' data-av_iconfont='entypo-fontello'><\/span><\/a><\/div><\/p><\/div>\n<\/p>\n","protected":false},"excerpt":{"rendered":"","protected":false},"author":3,"featured_media":0,"parent":764,"menu_order":0,"comment_status":"closed","ping_status":"closed","template":"","meta":{"footnotes":""},"class_list":["post-838","page","type-page","status-publish","hentry"],"_links":{"self":[{"href":"https:\/\/www.belmontevacanze.com\/de\/wp-json\/wp\/v2\/pages\/838","targetHints":{"allow":["GET"]}}],"collection":[{"href":"https:\/\/www.belmontevacanze.com\/de\/wp-json\/wp\/v2\/pages"}],"about":[{"href":"https:\/\/www.belmontevacanze.com\/de\/wp-json\/wp\/v2\/types\/page"}],"author":[{"embeddable":true,"href":"https:\/\/www.belmontevacanze.com\/de\/wp-json\/wp\/v2\/users\/3"}],"replies":[{"embeddable":true,"href":"https:\/\/www.belmontevacanze.com\/de\/wp-json\/wp\/v2\/comments?post=838"}],"version-history":[{"count":15,"href":"https:\/\/www.belmontevacanze.com\/de\/wp-json\/wp\/v2\/pages\/838\/revisions"}],"predecessor-version":[{"id":10919,"href":"https:\/\/www.belmontevacanze.com\/de\/wp-json\/wp\/v2\/pages\/838\/revisions\/10919"}],"up":[{"embeddable":true,"href":"https:\/\/www.belmontevacanze.com\/de\/wp-json\/wp\/v2\/pages\/764"}],"wp:attachment":[{"href":"https:\/\/www.belmontevacanze.com\/de\/wp-json\/wp\/v2\/media?parent=838"}],"curies":[{"name":"wp","href":"https:\/\/api.w.org\/{rel}","templated":true}]}}