{"id":1013,"date":"2018-01-30T17:22:15","date_gmt":"2018-01-30T16:22:15","guid":{"rendered":"https:\/\/www.belmontevacanze.com\/?page_id=1013"},"modified":"2025-03-21T11:09:01","modified_gmt":"2025-03-21T10:09:01","slug":"agriturismo-piscine-montaione","status":"publish","type":"page","link":"https:\/\/www.belmontevacanze.com\/fr\/services\/agriturismo-piscine-montaione\/","title":{"rendered":"Agriturismo avec piscine panoramique"},"content":{"rendered":"<div  class='avia-video av-l5b2frbj-c64bc034bab1a0fafd2d554dced0458a avia-video-16-9 av-no-preview-image avia-video-load-always av-lazyload-immediate av-lazyload-video-embed'  itemprop=\"video\" itemtype=\"https:\/\/schema.org\/VideoObject\"  data-original_url='https:\/\/www.youtube.com\/watch?v=DpfbgMZD734'><script type='text\/html' class='av-video-tmpl'><div class='avia-iframe-wrap'><iframe loading=\"lazy\" title=\"Belmonte Vacanze, agriturismo with pool in Montaione,Tuscany.\" width=\"1500\" height=\"844\" src=\"https:\/\/www.youtube.com\/embed\/DpfbgMZD734?feature=oembed&autoplay=0&loop=0&controls=1&mute=0\" frameborder=\"0\" allow=\"accelerometer; autoplay; encrypted-media; gyroscope; picture-in-picture\" allowfullscreen><\/iframe><\/div><\/script><div class='av-click-to-play-overlay'><div class=\"avia_playpause_icon\"><\/div><\/div><\/div>\n<section  class='av_textblock_section av-m48egwz8-9c475be53ede87ddd9e02084a0d2cd4e '   itemscope=\"itemscope\" itemtype=\"https:\/\/schema.org\/CreativeWork\" ><div class='avia_textblock'  itemprop=\"text\" ><h1>La piscine panoramique sur les collines toscanes<\/h1>\n<p>Nous avons construit la piscine de <strong>350 m\u00e8tres<\/strong> carr\u00e9s sur un cadre panoramique dominant notre belle vall\u00e9e. Imaginez-vous nageant ou prenant un massage dans l&rsquo;hydromassage tout en profitant d\u2019une vue <strong>magnifique sur la Toscane<\/strong>.<\/p>\n<h4><strong>L&rsquo;hydromassage<\/strong><\/h4>\n<p>Apr\u00e8s quelques brasses dans la piscine, vous pouvez vous asseoir dans l&rsquo;hydromassage \u00e0 l\u2019int\u00e9rieur de la piscine et profiter d\u2019un <strong>massage relaxant<\/strong>.<\/p>\n<h4>L\u2019entr\u00e9e \u00e0 la piscine<\/h4>\n<p>Un c\u00f4t\u00e9 de la piscine est peu profond et a une entr\u00e9e spacieuse. Elle est grande parce qu:<\/p>\n<ul>\n<li>Elle vous permet d\u2019entrer doucement dans l\u2019eau et atteindre les eaux plus profondes graduellement.<\/li>\n<li>Vous pourrez profiter du soleil dans l\u2019eau peu profonde, sans vous immerger compl\u00e8tement dans la piscine.<\/li>\n<li>Les enfants peuvent jouer en toute s\u00e9curit\u00e9 dans l\u2019eau peu profonde et vous pouvez leur apprendre \u00e0 nager en toute confiance.<\/li>\n<\/ul>\n<h4><strong>Piscine au sel<\/strong><\/h4>\n<p>Nous avons pr\u00e9par\u00e9 un syst\u00e8me de chloration d\u2019eau sal\u00e9e. L\u2019eau est nettoy\u00e9e par une chloration douce et moins agressive pour vous et l\u2019environnement. Tout est contr\u00f4l\u00e9 sur place par nos soins et notre syst\u00e8me informatique<\/p>\n<h4>Un grand solarium<\/h4>\n<p>La zone autour de la piscine est tr\u00e8s grande et recouverte d\u2019antipatinage gr\u00e2ce aux briques. Il y a plusieurs parasols et chaises longues \u00e0 votre disposition. La piscine est cl\u00f4tur\u00e9e et ferm\u00e9e la nuit pour assurer la s\u00e9curit\u00e9 de vos enfants<\/p>\n<h4>La piscine pour les enfants<\/h4>\n<p>Nous avons construit une piscine priv\u00e9e exclusivement pour les enfants avec de l\u2019<strong>eau peu profonde et un toboggan<\/strong>. Ils peuvent jouer en toute s\u00e9curit\u00e9 pendant que vous vous d\u00e9tendiez dans la grande piscine ou que vous lisiez un livre en profitant du soleil toscan ou si vous pr\u00e9f\u00e9rez, sous l\u2019ombre d\u2019un parasol.<\/p>\n<h4>WiFi \u00e0 la piscine<\/h4>\n<p>IPhone en main, vous pouvez naviguer dans la d\u00e9tente absolue, et faire un photo sur Instagram et \u00eatre l\u2019envie de tous vos amis! \ud83d\ude42<\/p>\n<\/div><\/section>\n<div  class='avia-video av-av_video-1388afa2e47d0b0172857d14bddc78d1 avia-video-16-9 av-no-preview-image avia-video-load-always av-lazyload-immediate av-lazyload-video-embed'  itemprop=\"video\" itemtype=\"https:\/\/schema.org\/VideoObject\"  data-original_url='https:\/\/youtu.be\/7avGiZdHujU'><script type='text\/html' class='av-video-tmpl'><div class='avia-iframe-wrap'><iframe loading=\"lazy\" title=\"Agriturismo with panoramic pool in Montaione,Tuscany\" width=\"1500\" height=\"844\" src=\"https:\/\/www.youtube.com\/embed\/7avGiZdHujU?feature=oembed&autoplay=0&loop=0&controls=1&mute=0\" frameborder=\"0\" allow=\"accelerometer; autoplay; encrypted-media; gyroscope; picture-in-picture\" allowfullscreen><\/iframe><\/div><\/script><div class='av-click-to-play-overlay'><div class=\"avia_playpause_icon\"><\/div><\/div><\/div>\n\n\n<style type=\"text\/css\" data-created_by=\"avia_inline_auto\" id=\"style-css-av-av_section-fd6d31b9e6c1051067bf4e29e5bfbcbb\">\n.avia-section.av-av_section-fd6d31b9e6c1051067bf4e29e5bfbcbb{\nbackground-repeat:no-repeat;\nbackground-image:url(https:\/\/www.belmontevacanze.com\/wp-content\/uploads\/2020\/03\/bg-email.png);\nbackground-position:100% 50%;\nbackground-attachment:scroll;\n}\n<\/style>\n<div id='av_section_1'  class='avia-section av-av_section-fd6d31b9e6c1051067bf4e29e5bfbcbb socket_color avia-section-large avia-no-shadow  avia-builder-el-4  el_after_av_masonry_gallery  avia-builder-el-last  avia-full-contain avia-bg-style-scroll container_wrap fullsize'  data-section-bg-repeat='contain'><div class='container av-section-cont-open' ><div class='template-page content  av-content-full alpha units'><div class='post-entry post-entry-type-page post-entry-1013'><div class='entry-content-wrapper clearfix'>\n\n<style type=\"text\/css\" data-created_by=\"avia_inline_auto\" id=\"style-css-av-av_one_fifth-15d750bd1b332b34c6e70b077ebbccdf\">\n.flex_column.av-av_one_fifth-15d750bd1b332b34c6e70b077ebbccdf{\nborder-radius:0px 0px 0px 0px;\npadding:0px 0px 0px 0px;\n}\n<\/style>\n<div  class='flex_column av-av_one_fifth-15d750bd1b332b34c6e70b077ebbccdf av_one_fifth  avia-builder-el-5  el_before_av_three_fifth  avia-builder-el-first  first flex_column_div av-zero-column-padding  '     ><\/div>\n<style type=\"text\/css\" data-created_by=\"avia_inline_auto\" id=\"style-css-av-av_three_fifth-c8fc129dc35fd1ae2a1e410224d39ea8\">\n.flex_column.av-av_three_fifth-c8fc129dc35fd1ae2a1e410224d39ea8{\nborder-radius:0px 0px 0px 0px;\npadding:0px 0px 0px 0px;\n}\n<\/style>\n<div  class='flex_column av-av_three_fifth-c8fc129dc35fd1ae2a1e410224d39ea8 av_three_fifth  avia-builder-el-6  el_after_av_one_fifth  el_before_av_one_fifth  flex_column_div av-zero-column-padding  '     ><style type=\"text\/css\" data-created_by=\"avia_inline_auto\" id=\"style-css-av-av_textblock-dd2387397296c1a314b0b5f4a3f918a3\">\n#top .av_textblock_section.av-av_textblock-dd2387397296c1a314b0b5f4a3f918a3 .avia_textblock{\ncolor:#ffffff;\n}\n<\/style>\n<section  class='av_textblock_section av-av_textblock-dd2387397296c1a314b0b5f4a3f918a3 '   itemscope=\"itemscope\" itemtype=\"https:\/\/schema.org\/CreativeWork\" ><div class='avia_textblock av_inherit_color'  itemprop=\"text\" ><h3 style=\"text-align: center;\"><span style=\"color: #f8be00;\">Inscrivez-vous \u00e0 notre newsletter<\/span><\/h3>\n<p style=\"text-align: center;\"><strong>Vous ne voulez pas r\u00e9server maintenant?<u><br \/>\n<\/u><\/strong>Entrez votre adresse e-mail et recevez imm\u00e9diatement une <strong>offre sp\u00e9ciale <\/strong>pour votre prochain s\u00e9jour.<\/p>\n<p style=\"text-align: center;\"><strong><u>Uniquement pour les 10 premiers nouveaux membres!<\/u><\/strong><\/p>\n<\/div><\/section><br \/>\n<\/p><\/div>\n<style type=\"text\/css\" data-created_by=\"avia_inline_auto\" id=\"style-css-av-av_one_fifth-c8fc129dc35fd1ae2a1e410224d39ea8\">\n.flex_column.av-av_one_fifth-c8fc129dc35fd1ae2a1e410224d39ea8{\nborder-radius:0px 0px 0px 0px;\npadding:0px 0px 0px 0px;\n}\n<\/style>\n<div  class='flex_column av-av_one_fifth-c8fc129dc35fd1ae2a1e410224d39ea8 av_one_fifth  avia-builder-el-9  el_after_av_three_fifth  avia-builder-el-last  flex_column_div av-zero-column-padding  '     ><\/div>\n\n","protected":false},"excerpt":{"rendered":"","protected":false},"author":2,"featured_media":0,"parent":1956,"menu_order":0,"comment_status":"closed","ping_status":"closed","template":"","meta":{"footnotes":""},"class_list":["post-1013","page","type-page","status-publish","hentry"],"_links":{"self":[{"href":"https:\/\/www.belmontevacanze.com\/fr\/wp-json\/wp\/v2\/pages\/1013","targetHints":{"allow":["GET"]}}],"collection":[{"href":"https:\/\/www.belmontevacanze.com\/fr\/wp-json\/wp\/v2\/pages"}],"about":[{"href":"https:\/\/www.belmontevacanze.com\/fr\/wp-json\/wp\/v2\/types\/page"}],"author":[{"embeddable":true,"href":"https:\/\/www.belmontevacanze.com\/fr\/wp-json\/wp\/v2\/users\/2"}],"replies":[{"embeddable":true,"href":"https:\/\/www.belmontevacanze.com\/fr\/wp-json\/wp\/v2\/comments?post=1013"}],"version-history":[{"count":13,"href":"https:\/\/www.belmontevacanze.com\/fr\/wp-json\/wp\/v2\/pages\/1013\/revisions"}],"predecessor-version":[{"id":12178,"href":"https:\/\/www.belmontevacanze.com\/fr\/wp-json\/wp\/v2\/pages\/1013\/revisions\/12178"}],"up":[{"embeddable":true,"href":"https:\/\/www.belmontevacanze.com\/fr\/wp-json\/wp\/v2\/pages\/1956"}],"wp:attachment":[{"href":"https:\/\/www.belmontevacanze.com\/fr\/wp-json\/wp\/v2\/media?parent=1013"}],"curies":[{"name":"wp","href":"https:\/\/api.w.org\/{rel}","templated":true}]}}