{"id":1128,"date":"2018-01-31T10:42:25","date_gmt":"2018-01-31T09:42:25","guid":{"rendered":"https:\/\/www.belmontevacanze.com\/?page_id=1128"},"modified":"2025-02-14T16:25:32","modified_gmt":"2025-02-14T15:25:32","slug":"ou-sommes-nous","status":"publish","type":"page","link":"https:\/\/www.belmontevacanze.com\/fr\/ou-sommes-nous\/","title":{"rendered":"O\u00f9 sommes nous"},"content":{"rendered":"<div id='mappa'  class='avia-section av-av_section-5969a2ac389e87dddda7957acf965010 main_color avia-section-no-padding avia-no-border-styling  avia-builder-el-0  el_before_av_one_half  avia-builder-el-first  avia-bg-style-scroll container_wrap fullsize'  ><div class='container av-section-cont-open' ><main  role=\"main\" itemprop=\"mainContentOfPage\"  class='template-page content  av-content-full alpha units'><div class='post-entry post-entry-type-page post-entry-1128'><div class='entry-content-wrapper clearfix'>\n\n<\/div><\/div><\/main><!-- close content main element --><\/div><\/div><div id='after_section_1'  class='main_color av_default_container_wrap container_wrap fullsize'  ><div class='container av-section-cont-open' ><div class='template-page content  av-content-full alpha units'><div class='post-entry post-entry-type-page post-entry-1128'><div class='entry-content-wrapper clearfix'>\n\n<style type=\"text\/css\" data-created_by=\"avia_inline_auto\" id=\"style-css-av-av_one_half-15d750bd1b332b34c6e70b077ebbccdf\">\n.flex_column.av-av_one_half-15d750bd1b332b34c6e70b077ebbccdf{\nborder-radius:0px 0px 0px 0px;\npadding:0px 0px 0px 0px;\n}\n<\/style>\n<div  class='flex_column av-av_one_half-15d750bd1b332b34c6e70b077ebbccdf av_one_half  avia-builder-el-2  el_after_av_section  el_before_av_one_half  avia-builder-el-first  first flex_column_div av-zero-column-padding  '     ><section  class='av_textblock_section av-m74x79p4-2a1fc4afb951137656485fa179df790e '   itemscope=\"itemscope\" itemtype=\"https:\/\/schema.org\/CreativeWork\" ><div class='avia_textblock'  itemprop=\"text\" ><p>Vous trouverez Belmonte Vacanze <strong>au v\u00e9ritable<\/strong> <strong>c\u0153ur de la Toscane<\/strong>, au point de rencontre de la Val d\u2019Elsa et la Val d\u2019Era. C\u2019est ici le vrai Chianti.<br \/>\nNous sommes situ\u00e9s \u00e0 l\u2019int\u00e9rieur d\u2019un triangle particulier de la campagne toscane compos\u00e9 des villages de <strong>Volterra<\/strong>, de <strong>San Gimignano<\/strong> et de <strong>Montaione<\/strong>.<\/p>\n<p>Nous sommes situ\u00e9s \u00e0 15 km de Volterra et de San Gimignano puis \u00e0 11 km de Montaione. En moins d\u2019une heure en voiture, vous pouvez \u00eatre dans une des principales villes d\u2019art de cette r\u00e9gion comme <strong>Florence<\/strong>, <strong>Pise<\/strong> et <strong>Sienne<\/strong> ou m\u00eame sur la belle C\u00f4te des \u00c9trusques.<\/p>\n<p>Pouvez-vous trouver quelque chose de plus central en Toscane ? Non, Belmonte Vacanze c&rsquo;est l&rsquo;endroit id\u00e9al pour vos vacances.<\/p>\n<hr \/>\n<h2>NOTRE ADRESSE:<\/h2>\n<h4><span style=\"color: #333333;\">Via Torri 62<br \/>\n50050 MONTAIONE (Firenze)<br \/>\nLocalit\u00e0 Iano<\/span><\/h4>\n<\/div><\/section><\/div>\n<style type=\"text\/css\" data-created_by=\"avia_inline_auto\" id=\"style-css-av-av_one_half-c8fc129dc35fd1ae2a1e410224d39ea8\">\n.flex_column.av-av_one_half-c8fc129dc35fd1ae2a1e410224d39ea8{\nborder-radius:0px 0px 0px 0px;\npadding:0px 0px 0px 0px;\n}\n<\/style>\n<div  class='flex_column av-av_one_half-c8fc129dc35fd1ae2a1e410224d39ea8 av_one_half  avia-builder-el-4  el_after_av_one_half  el_before_av_section  avia-builder-el-last  flex_column_div av-zero-column-padding  '     ><section  class='av_textblock_section av-m74x7got-2962aaf0cd27a1e3d0f395b1ce8ab36f '   itemscope=\"itemscope\" itemtype=\"https:\/\/schema.org\/CreativeWork\" ><div class='avia_textblock'  itemprop=\"text\" ><h3>DISTANCES EN KILOM\u00c8TRES DES PRINCIPALES VILLES<\/h3>\n<div class=\"four columns\">\n<ul>\n<li>San Gimignano: 18 km<\/li>\n<li>Firenze: 55 km<\/li>\n<li>Volterra: 18 km<\/li>\n<li>Pisa: 60 km<\/li>\n<li>Certaldo: 25 km<\/li>\n<li>Siena: 70 km<\/li>\n<li>Montaione: 11 km<\/li>\n<li>Lucca: 60 km<\/li>\n<li>Cecina (C\u00f4te des \u00c9trusques): 55 km<\/li>\n<\/ul>\n<\/div>\n<\/div><\/section><\/div><\/div><\/div><\/div><!-- close content main div --><\/div><\/div><div id='av_section_2'  class='avia-section av-av_section-d2d7b294989a349025ca3770de097997 main_color avia-section-default avia-shadow  avia-builder-el-6  el_after_av_one_half  el_before_av_one_third  avia-bg-style-scroll container_wrap fullsize'  ><div class='container av-section-cont-open' ><div class='template-page content  av-content-full alpha units'><div class='post-entry post-entry-type-page post-entry-1128'><div class='entry-content-wrapper clearfix'>\n<section  class='av_textblock_section av-lct47700-b997c4eefb4ee88474298d7a6e6918cb '   itemscope=\"itemscope\" itemtype=\"https:\/\/schema.org\/CreativeWork\" ><div class='avia_textblock'  itemprop=\"text\" ><h4>COORDONN\u00c9ES G\u00c9OGRAPHIQUES GPS ET RECOMMANDATIONS POUR L\u2019UTILISATION D\u2019APPAREILS DE NAVIGATION PAR SATELLITE<\/h4>\n<p><strong>Syst\u00e8me Decimale: E 10,87508 N 43,50753<\/strong><\/p>\n<p><strong>Syst\u00e8mede degr\u00e9s: E 10\u00b052\u201930\u00a0\u00bb N 43\u00b030\u201927\u00a0\u00bb<\/strong><\/p>\n<p>Vous pouvez suivre les instructions de votre syst\u00e8me de navigation par satellite pour vous rendre \u00e0 Belmonte Vacanze, par contre nous vous recommandons de tenir \u00e0 l\u2019\u0153il la carte pour savoir la direction que vous prenez et de suivre les instructions ci-dessous. Le syst\u00e8me de navigation pourrait vous faire prendre le chemin le plus long!<\/p>\n<p>Pour ceux d\u2019entre vous qui proviennent de Florence et qui prennent le FI-PI-LI en direction de Pisa, vous devez prendre la sortie Ginestra Fiorentina et non pas Empoli telle qu\u2019il est le plus souvent recommand\u00e9 par les syst\u00e8mes de navigation par satellite.<\/p>\n<p>Le village d\u2019Iano est situ\u00e9 \u00e0 11\u00a0km de Montaione. Une fois que vous \u00eates \u00e0 Iano, vous traverserez un petit hameau de maisons et apr\u00e8s 600 m vous trouverez \u00e0 la droite un portail et des \u00e9difices jaunes entour\u00e9s d\u2019une cl\u00f4ture verte. Bienvenue!<\/p>\n<p><iframe loading=\"lazy\" style=\"border: 0;\" src=\"https:\/\/www.google.com\/maps\/embed?pb=!4v1673528504655!6m8!1m7!1sis_bI6o83UK6X0xw6x_GXw!2m2!1d43.50719790498786!2d10.87522253446038!3f326.30717793946553!4f0.667336893749038!5f0.7820865974627469\" width=\"100%\" height=\"450\" allowfullscreen=\"allowfullscreen\"><\/iframe><\/p>\n<\/div><\/section>\n<\/div><\/div><\/div><!-- close content main div --><\/div><\/div><div id='after_section_2'  class='main_color av_default_container_wrap container_wrap fullsize'  ><div class='container av-section-cont-open' ><div class='template-page content  av-content-full alpha units'><div class='post-entry post-entry-type-page post-entry-1128'><div class='entry-content-wrapper clearfix'><\/p>\n\n<style type=\"text\/css\" data-created_by=\"avia_inline_auto\" id=\"style-css-av-av_one_third-15d750bd1b332b34c6e70b077ebbccdf\">\n.flex_column.av-av_one_third-15d750bd1b332b34c6e70b077ebbccdf{\nborder-radius:0px 0px 0px 0px;\npadding:0px 0px 0px 0px;\n}\n<\/style>\n<div  class='flex_column av-av_one_third-15d750bd1b332b34c6e70b077ebbccdf av_one_third  avia-builder-el-8  el_after_av_section  el_before_av_one_third  avia-builder-el-first  first flex_column_div av-zero-column-padding  '     ><section  class='av_textblock_section av-av_textblock-2de302bf1aa3cf4c9157dbe6f50ac7eb '   itemscope=\"itemscope\" itemtype=\"https:\/\/schema.org\/CreativeWork\" ><div class='avia_textblock'  itemprop=\"text\" ><h3><strong>POUR CEUX QUI ARRIVENT PAR L\u2019AUTOROUTE A1 \u2014 MILAN, BOLOGNE, FLORENCE :<\/strong><\/h3>\n<ol>\n<li>Sortir \u00e0 Firenze Scandicci et prendre la route S.G.C. Florence, Pise, Livourne (FI-PI-LI) en direction de Pise-Livourne;<\/li>\n<li>continuer pour environ 20\u00a0km et sortir \u00e0 Ginestra Fiorentina; continuer en suivant les indicationsde Montespertoli pour 9 km.<\/li>\n<li>Quand vous arrivez dans le centre de Montespertoli, continuer en suivant les indications de Volterra et Castelfiorentino pour 10 km.<\/li>\n<li>Vous trouverez le panneau de la ville Castelfiorentino sur la droite bien visible, donc il faut continuer en suivant les indications de Montaione pour 10 km.<\/li>\n<li>Avant d\u2019arriver dans le centre de Montaione, vous trouverez une crois\u00e9e, o\u00f9 vous devrez tourner \u00e0 gauche en direction de San Vivaldo, Castelfalfi; arriv\u00e9s \u00e0 San Vivaldo (7 km environ), tourner \u00e0 droite vers le village, le surpasser et parcourir encore 3 km, donc vous serez arriv\u00e9s \u00e0 Iano;<\/li>\n<li>traverser le centre de Iano et poursuivre pour pr\u00e9s de 500 m\u00e8tres.Vous trouverez \u00e0 la droite l\u2019\u00e9criteau BELMONTE; poursuivre encore pour 50 m\u00e8tres de la m\u00eame route et vous trouverez \u00e0 la droite l\u2019entr\u00e9e pour la r\u00e9ception.<\/li>\n<li>Soyez les bienvenues!<\/li>\n<\/ol>\n<\/div><\/section><\/div>\n\n<style type=\"text\/css\" data-created_by=\"avia_inline_auto\" id=\"style-css-av-av_one_third-c8fc129dc35fd1ae2a1e410224d39ea8\">\n.flex_column.av-av_one_third-c8fc129dc35fd1ae2a1e410224d39ea8{\nborder-radius:0px 0px 0px 0px;\npadding:0px 0px 0px 0px;\n}\n<\/style>\n<div  class='flex_column av-av_one_third-c8fc129dc35fd1ae2a1e410224d39ea8 av_one_third  avia-builder-el-10  el_after_av_one_third  el_before_av_one_third  flex_column_div av-zero-column-padding  '     ><section  class='av_textblock_section av-av_textblock-2de302bf1aa3cf4c9157dbe6f50ac7eb '   itemscope=\"itemscope\" itemtype=\"https:\/\/schema.org\/CreativeWork\" ><div class='avia_textblock'  itemprop=\"text\" ><h3>POUR CEUX QUI ARRIVENT PAR L\u2019AUTOROUTE A1 \u2014 ROME-FLORENCE :<\/h3>\n<ol>\n<li>Sortir \u00e0 Valdichiana (sortie qui suit celle de Chiusi-Chianciano Terme) et continuer sur la route nationale jusqu\u2019\u00e0 Sienne (40\u00a0km environ);<\/li>\n<li>suivre les indications pour Florence et parcourir la route du Palio;<\/li>\n<li>sortir \u00e0 Poggibonsi centre et continuer pour San Gimignano environ 10\u00a0km);<\/li>\n<li>arriver \u00e0 San Gimignano, c\u00f4toyer le centre historique et apr\u00e8s 2\u00a0km tourner \u00e0 gauche en suivant les indications pour Montaione, Gambassi, Villamagna;<\/li>\n<li>continuer pendant 12\u00a0km jusqu\u2019auhameau de Il Castagno, d\u00e9passer le petit village et tourner \u00e0 gauche en direction de San Vivaldo et Castelfalfi;<\/li>\n<li>une fois \u00e0 San Vivaldo (5\u00a0km environ), tourner \u00e0 gauche vers le village, parcourir encore 3\u00a0km\u00a0: vous \u00eates arriv\u00e9s \u00e0 Iano;<\/li>\n<li>Soyez les bienvenues!<\/li>\n<\/ol>\n<\/div><\/section><\/div>\n\n<style type=\"text\/css\" data-created_by=\"avia_inline_auto\" id=\"style-css-av-av_one_third-c8fc129dc35fd1ae2a1e410224d39ea8\">\n.flex_column.av-av_one_third-c8fc129dc35fd1ae2a1e410224d39ea8{\nborder-radius:0px 0px 0px 0px;\npadding:0px 0px 0px 0px;\n}\n<\/style>\n<div  class='flex_column av-av_one_third-c8fc129dc35fd1ae2a1e410224d39ea8 av_one_third  avia-builder-el-12  el_after_av_one_third  el_before_av_section  avia-builder-el-last  flex_column_div av-zero-column-padding  '     ><section  class='av_textblock_section av-av_textblock-2de302bf1aa3cf4c9157dbe6f50ac7eb '   itemscope=\"itemscope\" itemtype=\"https:\/\/schema.org\/CreativeWork\" ><div class='avia_textblock'  itemprop=\"text\" ><h3><strong>POUR CEUX QUI ARRIVENT PAR L\u2019AUTOROUTE A12 \u2014 GENE, LIVOURNE :<\/strong><\/h3>\n<ol>\n<li>Sortir \u00e0 Pisa Centro (a\u00e9roport G. Galilei) et continuer sur la route S.G.C. Florence, Pise, Livourne en direction de Florence;<\/li>\n<li>sortir \u00e0 Pontedera (25\u00a0km environ) tenir sa gauche et suivre les indications pour Volterra; passer \u00e0 travers les villages de Cava et Treggiaia;<\/li>\n<li>tourner \u00e0 gauche vers Forcoli, le d\u00e9passer et poursuivre vers Castelfalfi, Montaione, San Gimignano, apr\u00e8s environ 10\u00a0km on arrive \u00e0 Castelfalfi;<\/li>\n<li>continuer jusque<ins cite=\"mailto:Neil%20&amp;%20Marie\" datetime=\"2013-06-27T19:13\">\u2018\u00a0<\/ins>\u00e0 San Vivaldo (5\u00a0km environ). Une fois \u00e0 San Vivaldo, tourner \u00e0 droite vers le village, parcourir encore 3\u00a0km\u00a0: vous \u00eates arriv\u00e9s \u00e0 Iano;<\/li>\n<li>traverser le centre de Iano et poursuivre pour pr\u00e9s de 500 m\u00e8tres. Vous trouverez \u00e0 la droite l\u2019\u00e9criteau BELMONTE, poursuivre encore pour 50 m\u00e8tres et vous trouverez \u00e0 la droite l\u2019entr\u00e9e pour la r\u00e9ception.<\/li>\n<li>Soyez les bienvenues!<\/li>\n<\/ol>\n<\/div><\/section><\/div>\n<\/div><\/div><\/div><!-- close content main div --><\/div><\/div><div id='av_section_3'  class='avia-section av-av_section-d2d7b294989a349025ca3770de097997 main_color avia-section-default avia-shadow  avia-builder-el-14  el_after_av_one_third  el_before_av_section  avia-bg-style-scroll container_wrap fullsize'  ><div class='container av-section-cont-open' ><div class='template-page content  av-content-full alpha units'><div class='post-entry post-entry-type-page post-entry-1128'><div class='entry-content-wrapper clearfix'>\n<section  class='av_textblock_section av-av_textblock-2de302bf1aa3cf4c9157dbe6f50ac7eb '   itemscope=\"itemscope\" itemtype=\"https:\/\/schema.org\/CreativeWork\" ><div class='avia_textblock'  itemprop=\"text\" ><h2>POUR CEUX QUI VOYAGENT EN TRAIN<\/h2>\n<p>\u00c0 18 km de Belmonte Vacanze vous pouvez rejoindre la gare de Castelfiorentino et peut-\u00eatre d\u00e9cider d&rsquo;arriver en seulement 40 minutes dans le centre de Florence sans avoir le stress du stationnement. Une excellente opportunit\u00e9 gr\u00e2ce \u00e0 l&rsquo;excellente fr\u00e9quence horaire des trains et au co\u00fbt de seulement 5,60 \u20ac du billet.<\/p>\n<hr \/>\n<h2>POUR CEUX QUI VOYAGENT EN AVION<\/h2>\n<p>Nous sommes situ\u00e9s \u00e0 la m\u00eame distance (60 km) de <a href=\"http:\/\/www.aeroporto.firenze.it\/en\/\">l&rsquo;a\u00e9roport de Florence<\/a> et de <a href=\"http:\/\/www.pisa-airport.com\/en\/\">l&rsquo;a\u00e9roport de Pise<\/a>, \u00e0 50 minutes en voiture.<\/p>\n<p>Vous pouvez donc choisir des vols \u00e0 bas prix, avec destination Pise ou Florence, puis louer une voiture \u00e0 des prix comp\u00e9titifs pour rejoindre notre ferme et ensuite visiter les diff\u00e9rentes villes et villages de la Toscane.<\/p>\n<\/div><\/section>\n\n<\/div><\/div><\/div><!-- close content main div --><\/div><\/div>\n<style type=\"text\/css\" data-created_by=\"avia_inline_auto\" id=\"style-css-av-av_section-fd6d31b9e6c1051067bf4e29e5bfbcbb\">\n.avia-section.av-av_section-fd6d31b9e6c1051067bf4e29e5bfbcbb{\nbackground-repeat:no-repeat;\nbackground-image:url(https:\/\/www.belmontevacanze.com\/wp-content\/uploads\/2020\/03\/bg-email.png);\nbackground-position:100% 50%;\nbackground-attachment:scroll;\n}\n<\/style>\n<div id='av_section_4'  class='avia-section av-av_section-fd6d31b9e6c1051067bf4e29e5bfbcbb socket_color avia-section-large avia-no-shadow  avia-builder-el-16  el_after_av_section  avia-builder-el-last  avia-full-contain avia-bg-style-scroll container_wrap fullsize'  data-section-bg-repeat='contain'><div class='container av-section-cont-open' ><div class='template-page content  av-content-full alpha units'><div class='post-entry post-entry-type-page post-entry-1128'><div class='entry-content-wrapper clearfix'>\n\n<style type=\"text\/css\" data-created_by=\"avia_inline_auto\" id=\"style-css-av-av_one_fifth-15d750bd1b332b34c6e70b077ebbccdf\">\n.flex_column.av-av_one_fifth-15d750bd1b332b34c6e70b077ebbccdf{\nborder-radius:0px 0px 0px 0px;\npadding:0px 0px 0px 0px;\n}\n<\/style>\n<div  class='flex_column av-av_one_fifth-15d750bd1b332b34c6e70b077ebbccdf av_one_fifth  avia-builder-el-17  el_before_av_three_fifth  avia-builder-el-first  first flex_column_div av-zero-column-padding  '     ><\/div>\n<style type=\"text\/css\" data-created_by=\"avia_inline_auto\" id=\"style-css-av-av_three_fifth-c8fc129dc35fd1ae2a1e410224d39ea8\">\n.flex_column.av-av_three_fifth-c8fc129dc35fd1ae2a1e410224d39ea8{\nborder-radius:0px 0px 0px 0px;\npadding:0px 0px 0px 0px;\n}\n<\/style>\n<div  class='flex_column av-av_three_fifth-c8fc129dc35fd1ae2a1e410224d39ea8 av_three_fifth  avia-builder-el-18  el_after_av_one_fifth  el_before_av_one_fifth  flex_column_div av-zero-column-padding  '     ><style type=\"text\/css\" data-created_by=\"avia_inline_auto\" id=\"style-css-av-av_textblock-dd2387397296c1a314b0b5f4a3f918a3\">\n#top .av_textblock_section.av-av_textblock-dd2387397296c1a314b0b5f4a3f918a3 .avia_textblock{\ncolor:#ffffff;\n}\n<\/style>\n<section  class='av_textblock_section av-av_textblock-dd2387397296c1a314b0b5f4a3f918a3 '   itemscope=\"itemscope\" itemtype=\"https:\/\/schema.org\/CreativeWork\" ><div class='avia_textblock av_inherit_color'  itemprop=\"text\" ><h3 style=\"text-align: center;\"><span style=\"color: #f8be00;\">Inscrivez-vous \u00e0 notre newsletter<\/span><\/h3>\n<p style=\"text-align: center;\"><strong>Vous ne voulez pas r\u00e9server maintenant?<u><br \/>\n<\/u><\/strong>Entrez votre adresse e-mail et recevez imm\u00e9diatement une <strong>offre sp\u00e9ciale <\/strong>pour votre prochain s\u00e9jour.<\/p>\n<p style=\"text-align: center;\"><strong><u>Uniquement pour les 10 premiers nouveaux membres!<\/u><\/strong><\/p>\n<\/div><\/section><br \/>\n<\/p><\/div>\n<style type=\"text\/css\" data-created_by=\"avia_inline_auto\" id=\"style-css-av-av_one_fifth-c8fc129dc35fd1ae2a1e410224d39ea8\">\n.flex_column.av-av_one_fifth-c8fc129dc35fd1ae2a1e410224d39ea8{\nborder-radius:0px 0px 0px 0px;\npadding:0px 0px 0px 0px;\n}\n<\/style>\n<div  class='flex_column av-av_one_fifth-c8fc129dc35fd1ae2a1e410224d39ea8 av_one_fifth  avia-builder-el-21  el_after_av_three_fifth  avia-builder-el-last  flex_column_div av-zero-column-padding  '     ><\/div>\n\n","protected":false},"excerpt":{"rendered":"","protected":false},"author":3,"featured_media":0,"parent":0,"menu_order":0,"comment_status":"closed","ping_status":"closed","template":"","meta":{"footnotes":""},"class_list":["post-1128","page","type-page","status-publish","hentry"],"_links":{"self":[{"href":"https:\/\/www.belmontevacanze.com\/fr\/wp-json\/wp\/v2\/pages\/1128","targetHints":{"allow":["GET"]}}],"collection":[{"href":"https:\/\/www.belmontevacanze.com\/fr\/wp-json\/wp\/v2\/pages"}],"about":[{"href":"https:\/\/www.belmontevacanze.com\/fr\/wp-json\/wp\/v2\/types\/page"}],"author":[{"embeddable":true,"href":"https:\/\/www.belmontevacanze.com\/fr\/wp-json\/wp\/v2\/users\/3"}],"replies":[{"embeddable":true,"href":"https:\/\/www.belmontevacanze.com\/fr\/wp-json\/wp\/v2\/comments?post=1128"}],"version-history":[{"count":12,"href":"https:\/\/www.belmontevacanze.com\/fr\/wp-json\/wp\/v2\/pages\/1128\/revisions"}],"predecessor-version":[{"id":12112,"href":"https:\/\/www.belmontevacanze.com\/fr\/wp-json\/wp\/v2\/pages\/1128\/revisions\/12112"}],"wp:attachment":[{"href":"https:\/\/www.belmontevacanze.com\/fr\/wp-json\/wp\/v2\/media?parent=1128"}],"curies":[{"name":"wp","href":"https:\/\/api.w.org\/{rel}","templated":true}]}}