{"id":11662,"date":"2024-11-14T17:33:27","date_gmt":"2024-11-14T16:33:27","guid":{"rendered":"https:\/\/www.belmontevacanze.com\/belmonte-vacanze-lagriturismo-sostenibile-eco-bio-in-toscana\/"},"modified":"2025-02-07T12:46:30","modified_gmt":"2025-02-07T11:46:30","slug":"ferme-ecologique-toscane","status":"publish","type":"page","link":"https:\/\/www.belmontevacanze.com\/fr\/ferme-ecologique-toscane\/","title":{"rendered":"Belmonte Vacanze, la ferme \u00e9cologique bio en Toscane"},"content":{"rendered":"<div  class='avia-video av-lv0v49zn-c8f94dd7b0292ab7750709ffd5566ce2 avia-video-16-9 av-no-preview-image avia-video-load-always av-lazyload-immediate av-lazyload-video-embed'  itemprop=\"video\" itemtype=\"https:\/\/schema.org\/VideoObject\"  data-original_url='https:\/\/youtu.be\/iQ6AdRSVJDM'><script type='text\/html' class='av-video-tmpl'><div class='avia-iframe-wrap'><iframe loading=\"lazy\" title=\"Sustainable eco-green agriturismo in Tuscany in Montaione with solar and photovoltaic panels.\" width=\"1500\" height=\"844\" src=\"https:\/\/www.youtube.com\/embed\/iQ6AdRSVJDM?feature=oembed&autoplay=0&loop=0&controls=1&mute=0\" frameborder=\"0\" allow=\"accelerometer; autoplay; clipboard-write; encrypted-media; gyroscope; picture-in-picture; web-share\" referrerpolicy=\"strict-origin-when-cross-origin\" allowfullscreen><\/iframe><\/div><\/script><div class='av-click-to-play-overlay'><div class=\"avia_playpause_icon\"><\/div><\/div><\/div>\n<section  class='av_textblock_section av-1xlszh-3be7b0bad41f201a2f1c7d0b30d76bdf '   itemscope=\"itemscope\" itemtype=\"https:\/\/schema.org\/CreativeWork\" ><div class='avia_textblock'  itemprop=\"text\" ><h1><\/h1>\n<p><img loading=\"lazy\" decoding=\"async\" class=\"alignleft wp-image-11298 size-full\" src=\"https:\/\/www.belmontevacanze.com\/wp-content\/uploads\/2024\/04\/agriturismo.sustenability.tuscany.jpg\" alt=\"agriturismo sostenibile in toscana\" width=\"1280\" height=\"720\" srcset=\"https:\/\/www.belmontevacanze.com\/wp-content\/uploads\/2024\/04\/agriturismo.sustenability.tuscany.jpg 1280w, https:\/\/www.belmontevacanze.com\/wp-content\/uploads\/2024\/04\/agriturismo.sustenability.tuscany-300x169.jpg 300w, https:\/\/www.belmontevacanze.com\/wp-content\/uploads\/2024\/04\/agriturismo.sustenability.tuscany-1030x579.jpg 1030w, https:\/\/www.belmontevacanze.com\/wp-content\/uploads\/2024\/04\/agriturismo.sustenability.tuscany-768x432.jpg 768w, https:\/\/www.belmontevacanze.com\/wp-content\/uploads\/2024\/04\/agriturismo.sustenability.tuscany-705x397.jpg 705w\" sizes=\"auto, (max-width: 1280px) 100vw, 1280px\" \/><\/p>\n<h2><\/h2>\n<h2><\/h2>\n<h2><\/h2>\n<h2><\/h2>\n<h2><\/h2>\n<h2><\/h2>\n<h2><\/h2>\n<h2><\/h2>\n<h2><\/h2>\n<h2><\/h2>\n<h2><\/h2>\n<h2><\/h2>\n<h2><\/h2>\n<h2><\/h2>\n<h2><\/h2>\n<h2><\/h2>\n<h2><\/h2>\n<h2><\/h2>\n<h2><\/h2>\n<h2><\/h2>\n<h2><\/h2>\n<h2><\/h2>\n<h2><\/h2>\n<h2><\/h2>\n<h2><\/h2>\n<h2><\/h2>\n<h2><\/h2>\n<h2><\/h2>\n<h2><\/h2>\n<h2><\/h2>\n<h2><\/h2>\n<h2><\/h2>\n<h2><\/h2>\n<h2><\/h2>\n<h2><\/h2>\n<h2><\/h2>\n<h2><\/h2>\n<h2><\/h2>\n<h2><\/h2>\n<h2><\/h2>\n<h2><\/h2>\n<h2><\/h2>\n<h2><\/h2>\n<h2><\/h2>\n<h2><\/h2>\n<h2><\/h2>\n<h2><\/h2>\n<h2><\/h2>\n<h2>Belmonte Vacanze, la ferme \u00e9cologique bio en Toscane<\/h2>\n<p>Depuis 2003, lorsque nous avons ouvert notre ferme Belmonte Vacanze, nous nous sentons responsables envers notre territoire et nous avons entam\u00e9 un <strong>parcours d&rsquo;investissements dans le d\u00e9veloppement durable<\/strong> pour rendre notre ferme en Toscane vraiment respectueuse de l&rsquo;environnement.<br \/>\nNous avons fait une promesse sinc\u00e8re envers l&rsquo;environnement et avons d\u00e9cid\u00e9 que tout ce que nous recevons de ce magnifique paysage, tout ce que M\u00e8re Nature nous donne, nous voulons le redonner en essayant d&rsquo;utiliser des <strong>pratiques \u00e9cologiques et durables dans la gestion de notre ferme<\/strong>.<br \/>\nNous avons eu la chance de na\u00eetre dans un pays merveilleux et c&rsquo;est pourquoi <strong>nous nous sentons les gardiens et les protecteurs de notre territoire<\/strong>, si beau mais aussi si fragile et d\u00e9licat.<\/p>\n<p><img loading=\"lazy\" decoding=\"async\" class=\"wp-image-10854 size-full alignnone\" style=\"font-size: 20px; font-weight: 600;\" src=\"https:\/\/www.belmontevacanze.com\/wp-content\/uploads\/2023\/06\/agriturismo.solare.jpg\" alt=\"\" width=\"1000\" height=\"750\" srcset=\"https:\/\/www.belmontevacanze.com\/wp-content\/uploads\/2023\/06\/agriturismo.solare.jpg 1000w, https:\/\/www.belmontevacanze.com\/wp-content\/uploads\/2023\/06\/agriturismo.solare-300x225.jpg 300w, https:\/\/www.belmontevacanze.com\/wp-content\/uploads\/2023\/06\/agriturismo.solare-768x576.jpg 768w, https:\/\/www.belmontevacanze.com\/wp-content\/uploads\/2023\/06\/agriturismo.solare-705x529.jpg 705w\" sizes=\"auto, (max-width: 1000px) 100vw, 1000px\" \/><\/p>\n<h3><\/h3>\n<h3><\/h3>\n<h3><\/h3>\n<h3><\/h3>\n<h3><\/h3>\n<h3><\/h3>\n<h3><\/h3>\n<h3><\/h3>\n<h3><\/h3>\n<h3><\/h3>\n<h3><\/h3>\n<h3><\/h3>\n<h3><\/h3>\n<h3><\/h3>\n<h3><\/h3>\n<h3><\/h3>\n<h3><\/h3>\n<h3><\/h3>\n<h3>Nous chauffons l&rsquo;eau chaude de votre appartement avec le Soleil<\/h3>\n<p><strong>Notre premier syst\u00e8me solaire thermique remonte \u00e0 2010<\/strong> lorsque sur les toits des appartements o\u00f9 vous passerez vos vacances vertes en Toscane, nous avons install\u00e9 de puissants panneaux solaires qui chauffent l&rsquo;eau que vous utiliserez dans votre appartement.<\/p>\n<p><strong>En 2024, nous avons \u00e0 nouveau investi dans notre syst\u00e8me de production d&rsquo;eau chaude<\/strong> avec une refonte totale de notre syst\u00e8me qui est d\u00e9sormais encore plus efficace et mis \u00e0 jour avec les derni\u00e8res technologies durables.<\/p>\n<p>Il sera encore plus agr\u00e9able de profiter d&rsquo;une douche chaude sachant qu&rsquo;une source d&rsquo;\u00e9nergie renouvelable comme le Soleil a \u00e9t\u00e9 utilis\u00e9e pour chauffer l&rsquo;eau.<\/p>\n<p><img loading=\"lazy\" decoding=\"async\" class=\"alignnone wp-image-10860 size-full\" style=\"font-size: 20px; font-weight: 600;\" src=\"https:\/\/www.belmontevacanze.com\/wp-content\/uploads\/2023\/06\/lago.agriturismo.jpg\" alt=\"\" width=\"1000\" height=\"664\" srcset=\"https:\/\/www.belmontevacanze.com\/wp-content\/uploads\/2023\/06\/lago.agriturismo.jpg 1000w, https:\/\/www.belmontevacanze.com\/wp-content\/uploads\/2023\/06\/lago.agriturismo-300x199.jpg 300w, https:\/\/www.belmontevacanze.com\/wp-content\/uploads\/2023\/06\/lago.agriturismo-768x510.jpg 768w, https:\/\/www.belmontevacanze.com\/wp-content\/uploads\/2023\/06\/lago.agriturismo-705x468.jpg 705w\" sizes=\"auto, (max-width: 1000px) 100vw, 1000px\" \/><\/p>\n<h3>L&rsquo;eau de notre ferme \u00e9co-biologique en Toscane provient \u00e9galement de notre source<\/h3>\n<p>L&rsquo;eau de notre ferme \u00e9co-biologique en Toscane provient de notre <strong>source naturelle<\/strong> que M\u00e8re Nature nous a offerte en cadeau, juste \u00e0 l&rsquo;int\u00e9rieur du parc.<\/p>\n<p>Nous avons donc pens\u00e9 qu&rsquo;en plus de l&rsquo;approvisionnement public en eau, nous pourrions \u00e9galement exploiter cette ressource pour alimenter les 29 appartements de notre ferme \u00e9co-biologique en Toscane.<\/p>\n<p>Ainsi, nous avons r\u00e9alis\u00e9 un investissement important, en cr\u00e9ant un syst\u00e8me d&rsquo;osmose inverse pour utiliser l&rsquo;eau de notre source et ainsi disposer d&rsquo;un syst\u00e8me d&rsquo;approvisionnement en eau de soutien.<\/p>\n<p>Cette solution s&rsquo;est av\u00e9r\u00e9e tr\u00e8s importante car <strong>en plus de 20 ans d&rsquo;activit\u00e9, nous n&rsquo;avons jamais \u00e9t\u00e9 sans eau<\/strong>, m\u00eame pendant les mois les plus chauds o\u00f9, en raison d&rsquo;une grave s\u00e9cheresse et du manque de pluie, malheureusement parfois en Toscane il peut y avoir des probl\u00e8mes sur le eau du r\u00e9seau provoquant un manque d&rsquo;eau pendant quelques heures voire quelques jours.<\/p>\n<p>Gr\u00e2ce \u00e9galement \u00e0 notre source, <strong>nous disposons toujours d&rsquo;un syst\u00e8me de secours pour alimenter nos appartements en eau potable.<\/strong><\/p>\n<p><img loading=\"lazy\" decoding=\"async\" class=\"alignnone wp-image-9626 size-full\" style=\"font-size: 20px; font-weight: 600;\" src=\"https:\/\/www.belmontevacanze.com\/wp-content\/uploads\/2018\/11\/suolo.salute.gif\" alt=\"\" width=\"805\" height=\"227\" \/><\/p>\n<h3>La certification europ\u00e9enne de ferme biologique<\/h3>\n<p>En 2016, nous avons obtenu l&rsquo;importante <strong>certification europ\u00e9enne de ferme biologique<\/strong>.<br \/>\nEn effet, nous observons un protocole tr\u00e8s strict selon lequel <strong>nous ne pouvons utiliser aucun pesticide<\/strong> ni engrais au sein de notre ferme.<\/p>\n<p>Et nous sommes soumis chaque ann\u00e9e \u00e0 des <strong>contr\u00f4les tr\u00e8s minutieux<\/strong>!<\/p>\n<p>Notre \u00e9cosyst\u00e8me est donc sain tant pour nous qui y vivons, pour les familles qui passent leurs vacances chez nous que pour les plantes et les animaux de notre ferme.<br \/>\nNotre <strong>plantation de 2200 oliviers est \u00e9galement cultiv\u00e9e selon le protocole de culture biologique<\/strong> et donc notre huile est \u00e9galement certifi\u00e9e biologique.<br \/>\nPour en savoir plus sur notre huile biologique, <a href=\"https:\/\/www.belmontevacanze.com\/fr\/services\/huile-toscane-bio\/\">cliquez ici<\/a>.<\/p>\n<h3><img loading=\"lazy\" decoding=\"async\" class=\"alignnone wp-image-10866 size-full\" src=\"https:\/\/www.belmontevacanze.com\/wp-content\/uploads\/2023\/06\/irrigazione.agriturismo.naturale.jpg\" alt=\"\" width=\"1000\" height=\"664\" srcset=\"https:\/\/www.belmontevacanze.com\/wp-content\/uploads\/2023\/06\/irrigazione.agriturismo.naturale.jpg 1000w, https:\/\/www.belmontevacanze.com\/wp-content\/uploads\/2023\/06\/irrigazione.agriturismo.naturale-300x199.jpg 300w, https:\/\/www.belmontevacanze.com\/wp-content\/uploads\/2023\/06\/irrigazione.agriturismo.naturale-768x510.jpg 768w, https:\/\/www.belmontevacanze.com\/wp-content\/uploads\/2023\/06\/irrigazione.agriturismo.naturale-705x468.jpg 705w\" sizes=\"auto, (max-width: 1000px) 100vw, 1000px\" \/><\/h3>\n<h3>Les lacs pour l&rsquo;irrigation de notre parc<\/h3>\n<p>Nous avons cr\u00e9\u00e9 deux <strong>lacs \u00e0 l&rsquo;int\u00e9rieur de notre ferme pour r\u00e9cup\u00e9rer l&rsquo;eau de pluie<\/strong>.<\/p>\n<p>Nous avons un immense jardin que nous voulons toujours garder vert et irrigu\u00e9 et nous avons donc besoin de beaucoup d&rsquo;eau.<\/p>\n<p>Gr\u00e2ce \u00e0 nos lacs, <strong>nous ne consommons pas l&rsquo;eau publique, devenue aujourd&rsquo;hui si pr\u00e9cieuse<\/strong> \u00e0 cause du probl\u00e8me de s\u00e9cheresse (un probl\u00e8me que nous vivons et qui semble malheureusement s&rsquo;aggraver chaque ann\u00e9e) mais nous utilisons l&rsquo;eau qui vient de les pluies et de notre source. La m\u00eame eau est ainsi r\u00e9introduite dans notre syst\u00e8me d\u2019irrigation et utilis\u00e9e pour arroser les plantes et les pelouses de notre jardin.<\/p>\n<p><img loading=\"lazy\" decoding=\"async\" class=\"alignnone size-medium\" style=\"font-size: 20px; font-weight: 600;\" src=\"https:\/\/www.belmontevacanze.com\/wp-content\/uploads\/2018\/01\/tesla.2.jpg\" width=\"800\" height=\"532\" \/><\/p>\n<h3>Nous encourageons la mobilit\u00e9 \u00e9lectrique<\/h3>\n<p>En 2015, nous avons \u00e9t\u00e9 choisis par Tesla pour devenir une destination charge, c&rsquo;est-\u00e0-dire un <strong>centre de recharge pour v\u00e9hicules \u00e9lectriques<\/strong>, offrant ainsi \u00e0 ceux qui voyagent avec une voiture \u00e9lectrique Tesla<br \/>\nou d&rsquo;autres marques, pour recharger votre voiture \u00e0 l&rsquo;int\u00e9rieur de notre ferme.<br \/>\nEn fait, <strong>nous disposons de trois chargeurs de 22 kW<\/strong>.<br \/>\nD\u00e9couvrez notre ferme avec bornes de recharge pour v\u00e9hicules \u00e9lectriques et <a href=\"https:\/\/www.belmontevacanze.com\/fr\/services\/ferme-toscane-recharge-voitures-electriques\/\">cliquez ici<\/a>.<\/p>\n<h3><img loading=\"lazy\" decoding=\"async\" class=\"alignnone wp-image-10872 size-full\" src=\"https:\/\/www.belmontevacanze.com\/wp-content\/uploads\/2023\/06\/agriturismo.fotovoltaico.toscana.jpg\" alt=\"\" width=\"960\" height=\"1280\" srcset=\"https:\/\/www.belmontevacanze.com\/wp-content\/uploads\/2023\/06\/agriturismo.fotovoltaico.toscana.jpg 960w, https:\/\/www.belmontevacanze.com\/wp-content\/uploads\/2023\/06\/agriturismo.fotovoltaico.toscana-225x300.jpg 225w, https:\/\/www.belmontevacanze.com\/wp-content\/uploads\/2023\/06\/agriturismo.fotovoltaico.toscana-773x1030.jpg 773w, https:\/\/www.belmontevacanze.com\/wp-content\/uploads\/2023\/06\/agriturismo.fotovoltaico.toscana-768x1024.jpg 768w, https:\/\/www.belmontevacanze.com\/wp-content\/uploads\/2023\/06\/agriturismo.fotovoltaico.toscana-529x705.jpg 529w\" sizes=\"auto, (max-width: 960px) 100vw, 960px\" \/><\/h3>\n<h3>Nous produisons de l&rsquo;\u00e9lectricit\u00e9 avec le Soleil<\/h3>\n<p>Notre dernier investissement r\u00e9alis\u00e9 en 2023 \u00e9tait notre <strong>syst\u00e8me photovolta\u00efque de 100 kw avec lequel nous sommes en mesure de r\u00e9pondre aux besoins \u00e9nerg\u00e9tiques de notre structure d&rsquo;h\u00e9bergement<\/strong> qui est aliment\u00e9e uniquement \u00e0 l&rsquo;\u00e9lectricit\u00e9 les jours ensoleill\u00e9s. Nous n&rsquo;utilisons pas de m\u00e9thane ni de gaz GPL dans notre ferme.<br \/>\nNous avons \u00e9galement install\u00e9 <strong>des batteries puissantes pour stocker l&rsquo;\u00e9nergie accumul\u00e9e<\/strong> pendant la journ\u00e9e et pendant les journ\u00e9es ensoleill\u00e9es afin de pouvoir r\u00e9utiliser cette \u00e9nergie pendant la nuit ou pendant les journ\u00e9es nuageuses.<\/p>\n<h3>Collecte s\u00e9lective des d\u00e9chets<\/h3>\n<p>Depuis 2010, nous effectuons une collecte s\u00e9lective des d\u00e9chets.<br \/>\nCette pratique importante est \u00e9galement possible gr\u00e2ce \u00e0 votre contribution, en effet, \u00e0 l&rsquo;int\u00e9rieur de nos appartements <strong>vous trouverez des conteneurs pour trier vos d\u00e9chets et les \u00e9liminer correctement dans notre centre de collecte<\/strong>.<br \/>\nL&rsquo;environnement et Nous vous remercions beaucoup !<\/p>\n<p>Cependant, nos investissements dans la durabilit\u00e9 et les pratiques \u00e9cologiques ne s&rsquo;arr\u00eatent pas l\u00e0 et se poursuivent chaque ann\u00e9e. En fait, le probl\u00e8me de la s\u00e9cheresse devient de plus en plus un d\u00e9fi \u00e0 relever. En effet, nos oliviers souffrent de plus en plus d&rsquo;un manque d&rsquo;eau et c&rsquo;est pourquoi nous \u00e9tudions un syst\u00e8me pour r\u00e9utiliser les eaux us\u00e9es de nos appartements pour irriguer nos oliviers.<\/p>\n<p>En 2021, gr\u00e2ce \u00e0 notre attention pour la durabilit\u00e9, nous avons attir\u00e9 la curiosit\u00e9 de la cha\u00eene de t\u00e9l\u00e9vision nationale allemande Ard qui a cr\u00e9\u00e9 ce service dans notre ferme.<br \/>\nRegardez-le !<\/p>\n<\/div><\/section>\n\n","protected":false},"excerpt":{"rendered":"","protected":false},"author":2,"featured_media":0,"parent":0,"menu_order":0,"comment_status":"closed","ping_status":"closed","template":"","meta":{"footnotes":""},"class_list":["post-11662","page","type-page","status-publish","hentry"],"_links":{"self":[{"href":"https:\/\/www.belmontevacanze.com\/fr\/wp-json\/wp\/v2\/pages\/11662","targetHints":{"allow":["GET"]}}],"collection":[{"href":"https:\/\/www.belmontevacanze.com\/fr\/wp-json\/wp\/v2\/pages"}],"about":[{"href":"https:\/\/www.belmontevacanze.com\/fr\/wp-json\/wp\/v2\/types\/page"}],"author":[{"embeddable":true,"href":"https:\/\/www.belmontevacanze.com\/fr\/wp-json\/wp\/v2\/users\/2"}],"replies":[{"embeddable":true,"href":"https:\/\/www.belmontevacanze.com\/fr\/wp-json\/wp\/v2\/comments?post=11662"}],"version-history":[{"count":7,"href":"https:\/\/www.belmontevacanze.com\/fr\/wp-json\/wp\/v2\/pages\/11662\/revisions"}],"predecessor-version":[{"id":12005,"href":"https:\/\/www.belmontevacanze.com\/fr\/wp-json\/wp\/v2\/pages\/11662\/revisions\/12005"}],"wp:attachment":[{"href":"https:\/\/www.belmontevacanze.com\/fr\/wp-json\/wp\/v2\/media?parent=11662"}],"curies":[{"name":"wp","href":"https:\/\/api.w.org\/{rel}","templated":true}]}}