{"id":1217,"date":"2018-01-31T16:00:11","date_gmt":"2018-01-31T15:00:11","guid":{"rendered":"https:\/\/www.belmontevacanze.com\/?page_id=1217"},"modified":"2026-04-09T16:05:14","modified_gmt":"2026-04-09T14:05:14","slug":"ferme-tennis-toscane","status":"publish","type":"page","link":"https:\/\/www.belmontevacanze.com\/fr\/services\/ferme-tennis-toscane\/","title":{"rendered":"Tennis"},"content":{"rendered":"<div id='av-masonry-1' class='av-masonry av-av_masonry_gallery-36c823e9aeddb2535cdf41d5a74d5392 noHover av-flex-size av-large-gap av-hover-overlay- av-masonry-animation-active av-masonry-col-3 av-caption-always av-caption-style- av-masonry-gallery ' data-post_id=\"1217\"><div class=\"av-masonry-container isotope av-js-disabled\"><div class='av-masonry-entry isotope-item av-masonry-item-no-image '><\/div><a href=\"https:\/\/www.belmontevacanze.com\/wp-content\/uploads\/2018\/01\/B4111727-.jpg\" data-srcset=\"https:\/\/www.belmontevacanze.com\/wp-content\/uploads\/2018\/01\/B4111727-.jpg 1000w, https:\/\/www.belmontevacanze.com\/wp-content\/uploads\/2018\/01\/B4111727--300x200.jpg 300w, https:\/\/www.belmontevacanze.com\/wp-content\/uploads\/2018\/01\/B4111727--768x512.jpg 768w, https:\/\/www.belmontevacanze.com\/wp-content\/uploads\/2018\/01\/B4111727--705x470.jpg 705w, https:\/\/www.belmontevacanze.com\/wp-content\/uploads\/2018\/01\/B4111727--450x300.jpg 450w\" data-sizes=\"(max-width: 1000px) 100vw, 1000px\"  aria-label=\"image B4111727-\"  id='av-masonry-1-item-10714' data-av-masonry-item='10714' class='av-masonry-entry isotope-item post-10714 attachment type-attachment status-inherit hentry  av-masonry-item-with-image' title=\"B4111727-\" alt=\"\"    itemprop=\"thumbnailUrl\" ><div class='av-inner-masonry-sizer'><\/div><figure class='av-inner-masonry main_color'><div class=\"av-masonry-outerimage-container\"><div class='av-masonry-image-container'  ><img decoding=\"async\" width=\"705\" height=\"470\" fetchpriority=\"high\" class=\"wp-image-10714 avia-img-lazy-loading-not-10714\"  src=\"https:\/\/www.belmontevacanze.com\/wp-content\/uploads\/2018\/01\/B4111727--705x470.jpg\" title=\"B4111727-\" alt=\"\" srcset=\"https:\/\/www.belmontevacanze.com\/wp-content\/uploads\/2018\/01\/B4111727--705x470.jpg 705w, https:\/\/www.belmontevacanze.com\/wp-content\/uploads\/2018\/01\/B4111727--300x200.jpg 300w, https:\/\/www.belmontevacanze.com\/wp-content\/uploads\/2018\/01\/B4111727--768x512.jpg 768w, https:\/\/www.belmontevacanze.com\/wp-content\/uploads\/2018\/01\/B4111727--450x300.jpg 450w, https:\/\/www.belmontevacanze.com\/wp-content\/uploads\/2018\/01\/B4111727-.jpg 1000w\" sizes=\"(max-width: 705px) 100vw, 705px\" \/><\/div><\/div><\/figure><\/a><!--end av-masonry entry--><a href=\"https:\/\/www.belmontevacanze.com\/wp-content\/uploads\/2018\/01\/DSC_0188.jpg\" data-srcset=\"https:\/\/www.belmontevacanze.com\/wp-content\/uploads\/2018\/01\/DSC_0188.jpg 1000w, https:\/\/www.belmontevacanze.com\/wp-content\/uploads\/2018\/01\/DSC_0188-300x199.jpg 300w, https:\/\/www.belmontevacanze.com\/wp-content\/uploads\/2018\/01\/DSC_0188-768x510.jpg 768w, https:\/\/www.belmontevacanze.com\/wp-content\/uploads\/2018\/01\/DSC_0188-705x468.jpg 705w, https:\/\/www.belmontevacanze.com\/wp-content\/uploads\/2018\/01\/DSC_0188-450x299.jpg 450w\" data-sizes=\"(max-width: 1000px) 100vw, 1000px\"  aria-label=\"image DSC_0188\"  id='av-masonry-1-item-10715' data-av-masonry-item='10715' class='av-masonry-entry isotope-item post-10715 attachment type-attachment status-inherit hentry  av-masonry-item-with-image' title=\"DSC_0188\" alt=\"\"    itemprop=\"thumbnailUrl\" ><div class='av-inner-masonry-sizer'><\/div><figure class='av-inner-masonry main_color'><div class=\"av-masonry-outerimage-container\"><div class='av-masonry-image-container'  ><img decoding=\"async\" width=\"705\" height=\"468\" fetchpriority=\"high\" class=\"wp-image-10715 avia-img-lazy-loading-not-10715\"  src=\"https:\/\/www.belmontevacanze.com\/wp-content\/uploads\/2018\/01\/DSC_0188-705x468.jpg\" title=\"DSC_0188\" alt=\"\" srcset=\"https:\/\/www.belmontevacanze.com\/wp-content\/uploads\/2018\/01\/DSC_0188-705x468.jpg 705w, https:\/\/www.belmontevacanze.com\/wp-content\/uploads\/2018\/01\/DSC_0188-300x199.jpg 300w, https:\/\/www.belmontevacanze.com\/wp-content\/uploads\/2018\/01\/DSC_0188-768x510.jpg 768w, https:\/\/www.belmontevacanze.com\/wp-content\/uploads\/2018\/01\/DSC_0188-450x299.jpg 450w, https:\/\/www.belmontevacanze.com\/wp-content\/uploads\/2018\/01\/DSC_0188.jpg 1000w\" sizes=\"(max-width: 705px) 100vw, 705px\" \/><\/div><\/div><\/figure><\/a><!--end av-masonry entry--><a href=\"https:\/\/www.belmontevacanze.com\/wp-content\/uploads\/2018\/01\/DSC_0220.jpg\" data-srcset=\"https:\/\/www.belmontevacanze.com\/wp-content\/uploads\/2018\/01\/DSC_0220.jpg 1000w, https:\/\/www.belmontevacanze.com\/wp-content\/uploads\/2018\/01\/DSC_0220-300x199.jpg 300w, https:\/\/www.belmontevacanze.com\/wp-content\/uploads\/2018\/01\/DSC_0220-768x510.jpg 768w, https:\/\/www.belmontevacanze.com\/wp-content\/uploads\/2018\/01\/DSC_0220-705x468.jpg 705w, https:\/\/www.belmontevacanze.com\/wp-content\/uploads\/2018\/01\/DSC_0220-450x299.jpg 450w\" data-sizes=\"(max-width: 1000px) 100vw, 1000px\"  aria-label=\"image DSC_0220\"  id='av-masonry-1-item-10716' data-av-masonry-item='10716' class='av-masonry-entry isotope-item post-10716 attachment type-attachment status-inherit hentry  av-masonry-item-with-image' title=\"DSC_0220\" alt=\"\"    itemprop=\"thumbnailUrl\" ><div class='av-inner-masonry-sizer'><\/div><figure class='av-inner-masonry main_color'><div class=\"av-masonry-outerimage-container\"><div class='av-masonry-image-container'  ><img decoding=\"async\" width=\"705\" height=\"468\" fetchpriority=\"high\" class=\"wp-image-10716 avia-img-lazy-loading-not-10716\"  src=\"https:\/\/www.belmontevacanze.com\/wp-content\/uploads\/2018\/01\/DSC_0220-705x468.jpg\" title=\"DSC_0220\" alt=\"\" srcset=\"https:\/\/www.belmontevacanze.com\/wp-content\/uploads\/2018\/01\/DSC_0220-705x468.jpg 705w, https:\/\/www.belmontevacanze.com\/wp-content\/uploads\/2018\/01\/DSC_0220-300x199.jpg 300w, https:\/\/www.belmontevacanze.com\/wp-content\/uploads\/2018\/01\/DSC_0220-768x510.jpg 768w, https:\/\/www.belmontevacanze.com\/wp-content\/uploads\/2018\/01\/DSC_0220-450x299.jpg 450w, https:\/\/www.belmontevacanze.com\/wp-content\/uploads\/2018\/01\/DSC_0220.jpg 1000w\" sizes=\"(max-width: 705px) 100vw, 705px\" \/><\/div><\/div><\/figure><\/a><!--end av-masonry entry--><a href=\"https:\/\/www.belmontevacanze.com\/wp-content\/uploads\/2018\/01\/DSC_0281.jpg\" data-srcset=\"https:\/\/www.belmontevacanze.com\/wp-content\/uploads\/2018\/01\/DSC_0281.jpg 1000w, https:\/\/www.belmontevacanze.com\/wp-content\/uploads\/2018\/01\/DSC_0281-300x199.jpg 300w, https:\/\/www.belmontevacanze.com\/wp-content\/uploads\/2018\/01\/DSC_0281-768x510.jpg 768w, https:\/\/www.belmontevacanze.com\/wp-content\/uploads\/2018\/01\/DSC_0281-705x468.jpg 705w, https:\/\/www.belmontevacanze.com\/wp-content\/uploads\/2018\/01\/DSC_0281-450x299.jpg 450w\" data-sizes=\"(max-width: 1000px) 100vw, 1000px\"  aria-label=\"image DSC_0281\"  id='av-masonry-1-item-10717' data-av-masonry-item='10717' class='av-masonry-entry isotope-item post-10717 attachment type-attachment status-inherit hentry  av-masonry-item-with-image' title=\"DSC_0281\" alt=\"\"    itemprop=\"thumbnailUrl\" ><div class='av-inner-masonry-sizer'><\/div><figure class='av-inner-masonry main_color'><div class=\"av-masonry-outerimage-container\"><div class='av-masonry-image-container'  ><img decoding=\"async\" width=\"705\" height=\"468\" fetchpriority=\"high\" class=\"wp-image-10717 avia-img-lazy-loading-not-10717\"  src=\"https:\/\/www.belmontevacanze.com\/wp-content\/uploads\/2018\/01\/DSC_0281-705x468.jpg\" title=\"DSC_0281\" alt=\"\" srcset=\"https:\/\/www.belmontevacanze.com\/wp-content\/uploads\/2018\/01\/DSC_0281-705x468.jpg 705w, https:\/\/www.belmontevacanze.com\/wp-content\/uploads\/2018\/01\/DSC_0281-300x199.jpg 300w, https:\/\/www.belmontevacanze.com\/wp-content\/uploads\/2018\/01\/DSC_0281-768x510.jpg 768w, https:\/\/www.belmontevacanze.com\/wp-content\/uploads\/2018\/01\/DSC_0281-450x299.jpg 450w, https:\/\/www.belmontevacanze.com\/wp-content\/uploads\/2018\/01\/DSC_0281.jpg 1000w\" sizes=\"(max-width: 705px) 100vw, 705px\" \/><\/div><\/div><\/figure><\/a><!--end av-masonry entry--><a href=\"https:\/\/www.belmontevacanze.com\/wp-content\/uploads\/2018\/01\/DSC_0290.jpg\" data-srcset=\"https:\/\/www.belmontevacanze.com\/wp-content\/uploads\/2018\/01\/DSC_0290.jpg 1000w, https:\/\/www.belmontevacanze.com\/wp-content\/uploads\/2018\/01\/DSC_0290-300x199.jpg 300w, https:\/\/www.belmontevacanze.com\/wp-content\/uploads\/2018\/01\/DSC_0290-768x510.jpg 768w, https:\/\/www.belmontevacanze.com\/wp-content\/uploads\/2018\/01\/DSC_0290-705x468.jpg 705w, https:\/\/www.belmontevacanze.com\/wp-content\/uploads\/2018\/01\/DSC_0290-450x299.jpg 450w\" data-sizes=\"(max-width: 1000px) 100vw, 1000px\"  aria-label=\"image DSC_0290\"  id='av-masonry-1-item-10718' data-av-masonry-item='10718' class='av-masonry-entry isotope-item post-10718 attachment type-attachment status-inherit hentry  av-masonry-item-with-image' title=\"DSC_0290\" alt=\"\"    itemprop=\"thumbnailUrl\" ><div class='av-inner-masonry-sizer'><\/div><figure class='av-inner-masonry main_color'><div class=\"av-masonry-outerimage-container\"><div class='av-masonry-image-container'  ><img decoding=\"async\" width=\"705\" height=\"468\" fetchpriority=\"high\" class=\"wp-image-10718 avia-img-lazy-loading-not-10718\"  src=\"https:\/\/www.belmontevacanze.com\/wp-content\/uploads\/2018\/01\/DSC_0290-705x468.jpg\" title=\"DSC_0290\" alt=\"\" srcset=\"https:\/\/www.belmontevacanze.com\/wp-content\/uploads\/2018\/01\/DSC_0290-705x468.jpg 705w, https:\/\/www.belmontevacanze.com\/wp-content\/uploads\/2018\/01\/DSC_0290-300x199.jpg 300w, https:\/\/www.belmontevacanze.com\/wp-content\/uploads\/2018\/01\/DSC_0290-768x510.jpg 768w, https:\/\/www.belmontevacanze.com\/wp-content\/uploads\/2018\/01\/DSC_0290-450x299.jpg 450w, https:\/\/www.belmontevacanze.com\/wp-content\/uploads\/2018\/01\/DSC_0290.jpg 1000w\" sizes=\"(max-width: 705px) 100vw, 705px\" \/><\/div><\/div><\/figure><\/a><!--end av-masonry entry--><a href=\"https:\/\/www.belmontevacanze.com\/wp-content\/uploads\/2018\/01\/tennis_hills_Belmonte_panorama.jpg\" data-srcset=\"https:\/\/www.belmontevacanze.com\/wp-content\/uploads\/2018\/01\/tennis_hills_Belmonte_panorama.jpg 1000w, https:\/\/www.belmontevacanze.com\/wp-content\/uploads\/2018\/01\/tennis_hills_Belmonte_panorama-300x181.jpg 300w, https:\/\/www.belmontevacanze.com\/wp-content\/uploads\/2018\/01\/tennis_hills_Belmonte_panorama-768x462.jpg 768w, https:\/\/www.belmontevacanze.com\/wp-content\/uploads\/2018\/01\/tennis_hills_Belmonte_panorama-705x424.jpg 705w, https:\/\/www.belmontevacanze.com\/wp-content\/uploads\/2018\/01\/tennis_hills_Belmonte_panorama-450x271.jpg 450w\" data-sizes=\"(max-width: 1000px) 100vw, 1000px\"  aria-label=\"image tennis_hills_Belmonte_panorama\"  id='av-masonry-1-item-10719' data-av-masonry-item='10719' class='av-masonry-entry isotope-item post-10719 attachment type-attachment status-inherit hentry  av-masonry-item-with-image' title=\"tennis_hills_Belmonte_panorama\" alt=\"\"    itemprop=\"thumbnailUrl\" ><div class='av-inner-masonry-sizer'><\/div><figure class='av-inner-masonry main_color'><div class=\"av-masonry-outerimage-container\"><div class='av-masonry-image-container'  ><img decoding=\"async\" width=\"705\" height=\"424\" fetchpriority=\"high\" class=\"wp-image-10719 avia-img-lazy-loading-not-10719\"  src=\"https:\/\/www.belmontevacanze.com\/wp-content\/uploads\/2018\/01\/tennis_hills_Belmonte_panorama-705x424.jpg\" title=\"tennis_hills_Belmonte_panorama\" alt=\"\" srcset=\"https:\/\/www.belmontevacanze.com\/wp-content\/uploads\/2018\/01\/tennis_hills_Belmonte_panorama-705x424.jpg 705w, https:\/\/www.belmontevacanze.com\/wp-content\/uploads\/2018\/01\/tennis_hills_Belmonte_panorama-300x181.jpg 300w, https:\/\/www.belmontevacanze.com\/wp-content\/uploads\/2018\/01\/tennis_hills_Belmonte_panorama-768x462.jpg 768w, https:\/\/www.belmontevacanze.com\/wp-content\/uploads\/2018\/01\/tennis_hills_Belmonte_panorama-450x271.jpg 450w, https:\/\/www.belmontevacanze.com\/wp-content\/uploads\/2018\/01\/tennis_hills_Belmonte_panorama.jpg 1000w\" sizes=\"(max-width: 705px) 100vw, 705px\" \/><\/div><\/div><\/figure><\/a><!--end av-masonry entry--><\/div><\/div>\n<section  class='av_textblock_section av-l0tmwsi8-18d74723c53a960fa250f0dd6996169e '   itemscope=\"itemscope\" itemtype=\"https:\/\/schema.org\/CreativeWork\" ><div class='avia_textblock'  itemprop=\"text\" ><h1 class=\"blog-post-header\">Le terrain de tennis de Belmonte vacances<\/h1>\n<div class=\"blog-post-content\">\n<p>Belmonte Vacanze en <strong>Toscane<\/strong> a <strong>Montaione<\/strong> offre \u00e1 ses clients la possibilit\u00e9 de jouer sur le tout nouveau <strong>terrain de tennis<\/strong>. Il s\u2019agit d\u2019un terrain professionnel construit en 2006 au milieu des collines et entour\u00e9 d\u2019un panorama incroyable. Situ\u00e9 \u00e1 l\u2019int\u00e9rieur de notre <strong>r\u00e9sidence<\/strong>, il est proche de vos appartements et vous pouvez vous y rendre <strong>rapidement \u00e1 pied.<\/strong><\/p>\n<p>La surface du terrain est en rev\u00eatement pelliculaire synth\u00e9tique de derni\u00e8re g\u00e9n\u00e9ration. Une excellente surface, la m\u00eame que celle qui est utilis\u00e9e pour les terrains am\u00e9ricains de l\u2019US open, qui rend le terrain de tennis souple et donne du grip et une rapidit\u00e9 excellente \u00e1 la balle. Vous pourrez jouer des parties captivantes ou profiter des matchs au bord du terrain entour\u00e9 par la merveilleuse campagne Toscane.<\/p>\n<\/div>\n<p>Pour nos h\u00f4tes, qui pendant leurs <strong>vacances en toscane<\/strong>, ne disposent pas de l\u2019\u00e9quipement n\u00e9cessaire, la direction de Belmonte vacanze, met <strong>gratuitement<\/strong> \u00e1 disposition les balles et les raquettes de Tennis.<\/p>\n<p>Pour vos enfants cela pourra \u00eatre l\u2019occasion de s\u2019amuser, de rire et faire de nouvelles rencontres, vous laissant, vous parents. dans la tranquillit\u00e9 la plus absolue.<\/p>\n<div class=\"info-message success\">\n\n<style type=\"text\/css\" data-created_by=\"avia_inline_auto\" id=\"style-css-av-av_font_icon-dd98227f5b810687babd5b5e53cdb4c0\">\n.av_font_icon.av-av_font_icon-dd98227f5b810687babd5b5e53cdb4c0{\ncolor:#b02b2c;\nborder-color:#b02b2c;\n}\n.av_font_icon.av-av_font_icon-dd98227f5b810687babd5b5e53cdb4c0 .av-icon-char{\nfont-size:40px;\nline-height:40px;\n}\n<\/style>\n<span  class='av_font_icon av-av_font_icon-dd98227f5b810687babd5b5e53cdb4c0 avia_animate_when_visible av-icon-style- avia-icon-pos-left avia-icon-animate'><span class='av-icon-char' aria-hidden='true' data-av_icon='\ue82b' data-av_iconfont='entypo-fontello' ><\/span><\/span><span id=\"result_box\" class=\"\" lang=\"it\"><span class=\"\">Taux horaire: 15 \u20ac par heure<br \/>\n<\/span><\/span><\/p>\n<\/div>\n<div class=\"tiled-gallery type-rectangular\" data-original-width=\"1224\" data-carousel-extra=\"{\"><\/div>\n<\/div><\/section>\n","protected":false},"excerpt":{"rendered":"","protected":false},"author":2,"featured_media":0,"parent":1956,"menu_order":0,"comment_status":"closed","ping_status":"closed","template":"","meta":{"footnotes":""},"class_list":["post-1217","page","type-page","status-publish","hentry"],"_links":{"self":[{"href":"https:\/\/www.belmontevacanze.com\/fr\/wp-json\/wp\/v2\/pages\/1217","targetHints":{"allow":["GET"]}}],"collection":[{"href":"https:\/\/www.belmontevacanze.com\/fr\/wp-json\/wp\/v2\/pages"}],"about":[{"href":"https:\/\/www.belmontevacanze.com\/fr\/wp-json\/wp\/v2\/types\/page"}],"author":[{"embeddable":true,"href":"https:\/\/www.belmontevacanze.com\/fr\/wp-json\/wp\/v2\/users\/2"}],"replies":[{"embeddable":true,"href":"https:\/\/www.belmontevacanze.com\/fr\/wp-json\/wp\/v2\/comments?post=1217"}],"version-history":[{"count":11,"href":"https:\/\/www.belmontevacanze.com\/fr\/wp-json\/wp\/v2\/pages\/1217\/revisions"}],"predecessor-version":[{"id":12827,"href":"https:\/\/www.belmontevacanze.com\/fr\/wp-json\/wp\/v2\/pages\/1217\/revisions\/12827"}],"up":[{"embeddable":true,"href":"https:\/\/www.belmontevacanze.com\/fr\/wp-json\/wp\/v2\/pages\/1956"}],"wp:attachment":[{"href":"https:\/\/www.belmontevacanze.com\/fr\/wp-json\/wp\/v2\/media?parent=1217"}],"curies":[{"name":"wp","href":"https:\/\/api.w.org\/{rel}","templated":true}]}}