{"id":12535,"date":"2026-01-13T19:47:45","date_gmt":"2026-01-13T18:47:45","guid":{"rendered":"https:\/\/www.belmontevacanze.com\/notre-petit-dejeuner\/"},"modified":"2026-01-13T19:47:51","modified_gmt":"2026-01-13T18:47:51","slug":"notre-petit-dejeuner","status":"publish","type":"page","link":"https:\/\/www.belmontevacanze.com\/fr\/notre-petit-dejeuner\/","title":{"rendered":"Notre petit-d\u00e9jeuner"},"content":{"rendered":"<div id='layer_slider_1'  class='avia-layerslider main_color avia-shadow  avia-builder-el-0  el_before_av_textblock  avia-builder-el-first  container_wrap fullsize'  style='height: 721px; max-width: 1280px; margin: 0 auto;'  ><\/div><div id='after_layer_slider_1'  class='main_color av_default_container_wrap container_wrap fullsize'  ><div class='container av-section-cont-open' ><div class='template-page content  av-content-full alpha units'><div class='post-entry post-entry-type-page post-entry-12535'><div class='entry-content-wrapper clearfix'>\n<section  class='av_textblock_section av-1k5aqbc-fb99fa3555becab099918b090f859a5c '   itemscope=\"itemscope\" itemtype=\"https:\/\/schema.org\/CreativeWork\" ><div class='avia_textblock'  itemprop=\"text\" ><h2 style=\"text-align: center;\" data-start=\"329\" data-end=\"357\">Petit-d\u00e9jeuner avec vue\u2026<\/h2>\n<p style=\"text-align: center;\" data-start=\"358\" data-end=\"633\">Offrez-vous le plaisir de vous faire choyer d\u00e8s le matin avec un <strong>cappuccino<\/strong> au d\u00e9licieux ar\u00f4me de <strong>caf\u00e9<\/strong> et un <strong>croissant toscan chaud au chocolat<\/strong>, tout en admirant la vue sur les collines dor\u00e9es de la Toscane depuis la terrasse panoramique de notre agritourisme \u00e9co-biologique.<\/p>\n<p style=\"text-align: center;\" data-start=\"635\" data-end=\"801\">Chaque matin, vous trouverez <strong>les g\u00e2teaux faits maison de Gabriella<\/strong>, pr\u00e9par\u00e9s avec amour comme autrefois, \u00e0 partir de fruits et de produits de saison de notre terroir.<\/p>\n<p style=\"text-align: center;\" data-start=\"803\" data-end=\"979\">Si vous pr\u00e9f\u00e9rez un petit-d\u00e9jeuner sal\u00e9, go\u00fbtez aux charcuteries locales accompagn\u00e9es de pain toscan de notre r\u00e9gion, \u00e0 notre huile d\u2019olive biologique ou \u00e0 une omelette chaude.<\/p>\n<\/div><\/section>\n<div  class='avia-slideshow av-1hg9afc-70afb75648699b89d867bc2787993eb6 avia-slideshow-featured_large av_slideshow avia-slide-slider  avia-builder-el-2  el_after_av_textblock  el_before_av_notification  av-slideshow-ui av-control-default av-slideshow-autoplay av-loop-endless av-loop-manual-endless av-default-height-applied avia-slideshow-1' data-slideshow-options=\"{&quot;animation&quot;:&quot;slide&quot;,&quot;autoplay&quot;:true,&quot;loop_autoplay&quot;:&quot;endless&quot;,&quot;interval&quot;:3,&quot;loop_manual&quot;:&quot;manual-endless&quot;,&quot;autoplay_stopper&quot;:false,&quot;noNavigation&quot;:false,&quot;bg_slider&quot;:false,&quot;keep_padding&quot;:false,&quot;hoverpause&quot;:false,&quot;show_slide_delay&quot;:0}\"  itemprop=\"image\" itemscope=\"itemscope\" itemtype=\"https:\/\/schema.org\/ImageObject\" ><ul class='avia-slideshow-inner ' style='padding-bottom: 52.5%;'><li  class='avia-slideshow-slide av-1hg9afc-70afb75648699b89d867bc2787993eb6__0  slide-1 slide-odd'><div data-rel='slideshow-1' class='avia-slide-wrap '   ><img decoding=\"async\" fetchpriority=\"high\" class=\"wp-image-12442 avia-img-lazy-loading-not-12442\"  src=\"https:\/\/www.belmontevacanze.com\/wp-content\/uploads\/2025\/12\/colazione.asimismo.belmonte.20252-1200x630.jpg\" width=\"1200\" height=\"630\" title='colazione.asimismo.belmonte.20252' alt=''  itemprop=\"thumbnailUrl\"   \/><\/div><\/li><li  class='avia-slideshow-slide av-1hg9afc-70afb75648699b89d867bc2787993eb6__1  slide-2 slide-even'><div data-rel='slideshow-1' class='avia-slide-wrap '   ><img decoding=\"async\" fetchpriority=\"high\" class=\"wp-image-12448 avia-img-lazy-loading-not-12448\"  src=\"https:\/\/www.belmontevacanze.com\/wp-content\/uploads\/2025\/12\/colazione.asimismo.belmonte.20257-1200x630.jpg\" width=\"1200\" height=\"630\" title='colazione.asimismo.belmonte.20257' alt=''  itemprop=\"thumbnailUrl\"   \/><\/div><\/li><li  class='avia-slideshow-slide av-1hg9afc-70afb75648699b89d867bc2787993eb6__2  slide-3 slide-odd'><div data-rel='slideshow-1' class='avia-slide-wrap '   ><img decoding=\"async\" fetchpriority=\"high\" class=\"wp-image-12454 avia-img-lazy-loading-not-12454\"  src=\"https:\/\/www.belmontevacanze.com\/wp-content\/uploads\/2025\/12\/colazione.asimismo.belmonte.20253-1200x630.jpg\" width=\"1200\" height=\"630\" title='colazione.asimismo.belmonte.20253' alt=''  itemprop=\"thumbnailUrl\"   \/><\/div><\/li><li  class='avia-slideshow-slide av-1hg9afc-70afb75648699b89d867bc2787993eb6__3  slide-4 slide-even'><div data-rel='slideshow-1' class='avia-slide-wrap '   ><img decoding=\"async\" fetchpriority=\"high\" class=\"wp-image-12466 avia-img-lazy-loading-not-12466\"  src=\"https:\/\/www.belmontevacanze.com\/wp-content\/uploads\/2025\/12\/colazione.asimismo.belmonte.202512-1200x630.jpg\" width=\"1200\" height=\"630\" title='colazione.asimismo.belmonte.202512' alt=''  itemprop=\"thumbnailUrl\"   \/><\/div><\/li><li  class='avia-slideshow-slide av-1hg9afc-70afb75648699b89d867bc2787993eb6__4  slide-5 slide-odd'><div data-rel='slideshow-1' class='avia-slide-wrap '   ><img decoding=\"async\" fetchpriority=\"high\" class=\"wp-image-12472 avia-img-lazy-loading-not-12472\"  src=\"https:\/\/www.belmontevacanze.com\/wp-content\/uploads\/2025\/12\/colazione.asimismo.belmonte.202515-1200x630.jpg\" width=\"1200\" height=\"630\" title='colazione.asimismo.belmonte.202515' alt=''  itemprop=\"thumbnailUrl\"   \/><\/div><\/li><\/ul><div class='avia-slideshow-arrows avia-slideshow-controls' ><a href='#prev' class='prev-slide ' aria-hidden='true' data-av_icon='\ue87c' data-av_iconfont='entypo-fontello'  tabindex='-1'>Pr\u00e9c\u00e9dent<\/a><a href='#next' class='next-slide ' aria-hidden='true' data-av_icon='\ue87d' data-av_iconfont='entypo-fontello'  tabindex='-1'>Suivant<\/a><\/div><div class='avia-slideshow-dots avia-slideshow-controls'><a href='#1' class='goto-slide active' >1<\/a><a href='#2' class='goto-slide ' >2<\/a><a href='#3' class='goto-slide ' >3<\/a><a href='#4' class='goto-slide ' >4<\/a><a href='#5' class='goto-slide ' >5<\/a><\/div><\/div>\n<div id='avia-messagebox-' class='avia_message_box av_notification av-kpjcnvo5-f26ae64c60cca4a20e3b54f435283004 avia-color-red avia-size-normal avia-icon_select-yes avia-border-solid  avia-builder-el-3  el_after_av_slideshow  el_before_av_section  avia-builder-el-last ' ><div class=\"avia_message_box_content\"><span class='avia_message_box_icon' aria-hidden='true' data-av_icon='\ue83f' data-av_iconfont='entypo-fontello'><\/span><p>Nos petits-d\u00e9jeuners sont \u00e9galement disponibles pour les clients ext\u00e9rieurs qui ne s\u00e9journent pas dans notre agritourisme \u00e9co-biologique <strong data-start=\"1118\" data-end=\"1138\">Belmonte Vacanze<\/strong>.<br data-start=\"1139\" data-end=\"1142\" \/>R\u00e9servation obligatoire.<br data-start=\"1166\" data-end=\"1169\" \/>WhatsApp : <strong data-start=\"1180\" data-end=\"1200\">+39 378 304 4233<\/strong><\/p>\n<\/div><\/div>\n<\/div><\/div><\/div><!-- close content main div --><\/div><\/div><div id='av_section_1'  class='avia-section av-6sswco-04319e7dd9b6e76e50818e5a858decca main_color avia-section-large avia-shadow  avia-builder-el-4  el_after_av_notification  el_before_av_hr  avia-bg-style-scroll container_wrap fullsize'  ><div class='container av-section-cont-open' ><div class='template-page content  av-content-full alpha units'><div class='post-entry post-entry-type-page post-entry-12535'><div class='entry-content-wrapper clearfix'>\n<section  class='av_textblock_section av-kpjcsgqx-2486eb8ad9b45231e6e2c979a3f6bac9 '   itemscope=\"itemscope\" itemtype=\"https:\/\/schema.org\/CreativeWork\" ><div class='avia_textblock'  itemprop=\"text\" ><h2>Avis de ceux qui ont go\u00fbt\u00e9 au petit-d\u00e9jeuner avec vue\u2026<\/h2>\n<\/div><\/section>\n<div  class='avia-testimonial-wrapper av-kpjcz70j-be448b6aa69fde2c54e00791d6e5ca7f avia-grid-testimonials avia-grid-3-testimonials avia_animate_when_almost_visible' >\n<section class=\"avia-testimonial-row\"><div class='avia-testimonial av-5pg59k-19d29a1415f6e7ec0e00d356699dee6f avia-testimonial-row-1 avia-first-testimonial flex_column no_margin av_one_third'><div class='avia-testimonial_inner'  itemscope=\"itemscope\" itemtype=\"https:\/\/schema.org\/CreativeWork\" ><div class='avia-testimonial-content '><div class='avia-testimonial-markup-entry-content'  itemprop=\"text\" ><h3 id=\"HEADING\" class=\"title\" style=\"text-align: center;\">Vacanza in famiglia<\/h3>\n<p style=\"text-align: center;\">Tutto ben curato e pulito, staff super gentile e sempre disponibile,\u00a0<strong><span class=\"SNZrz b\">colazione<\/span>\u00a0ricca, ristorante molto buono!<\/strong><\/p>\n<div class=\"_c\">\n<div class=\"_T FKffI\">\n<div class=\"fIrGe _T bgMZj\">\n<div class=\"biGQs _P VImYz AWdfh\">\n<div class=\"biGQs _P VImYz AWdfh\"><\/div>\n<\/div>\n<\/div>\n<\/div>\n<\/div>\n<\/div><\/div><div class=\"avia-testimonial-meta\"><div class=\"avia-testimonial-arrow-wrap\"><div class=\"avia-arrow\"><\/div><\/div><div class='avia-testimonial-meta-mini'  itemprop=\"author\" itemscope=\"itemscope\" itemtype=\"https:\/\/schema.org\/Person\" ><strong  class='avia-testimonial-name'  itemprop=\"name\" >ElisabettAlex<\/strong><span class='hidden avia-testimonial-markup-link'  itemprop=\"url\" >https:\/\/www.tripadvisor.it\/ShowUserReviews-g608936-d776401-r1015811221-Belmonte_Vacanze-Montaione_Tuscany.html<\/span><a class='avia-testimonial-link' href='https:\/\/www.tripadvisor.it\/ShowUserReviews-g608936-d776401-r1015811221-Belmonte_Vacanze-Montaione_Tuscany.html' target=\"_blank\" rel=\"noopener noreferrer\">Leggi la rcenesioni su Tripadvisor.it <\/a><\/div><\/div><\/div><\/div>\n<div class='avia-testimonial av-gq5xk-d00875744bd384a0f9a4314f560ec6b6 avia-testimonial-row-1 flex_column no_margin av_one_third'><div class='avia-testimonial_inner'  itemscope=\"itemscope\" itemtype=\"https:\/\/schema.org\/CreativeWork\" ><div class='avia-testimonial-content '><div class='avia-testimonial-markup-entry-content'  itemprop=\"text\" ><h3 style=\"text-align: center;\">Ottima esperienza a due passi<\/h3>\n<div class=\"_c\">\n<div class=\"_T FKffI\">\n<div class=\"fIrGe _T bgMZj\">\n<div class=\"biGQs _P VImYz AWdfh\">\n<div class=\"biGQs _P VImYz AWdfh\">Bellissimo posto posizione incantevole e panoramica.P ersonale competente e gentilissimo. Appartamento prenotato n 2 spazioso bello gradevole e pulito. La piscina panoramica bellissima servizi eccellenti si pu\u00f2 fare di tutto dall&rsquo;equitazione al Noleggio E bike. Il ristorante interno offre cibo locale dell agriturismo, <strong>ottimo al TOP cos\u00ec come la <span class=\"SNZrz b\">colazione<\/span> dove trovi di tutto<\/strong>. Bellissima esperienza torneremo sicuramente qualit\u00e0 e prezzo eccellente!!!!!<\/div>\n<\/div>\n<\/div>\n<\/div>\n<\/div>\n<\/div><\/div><div class=\"avia-testimonial-meta\"><div class=\"avia-testimonial-arrow-wrap\"><div class=\"avia-arrow\"><\/div><\/div><div class='avia-testimonial-meta-mini'  itemprop=\"author\" itemscope=\"itemscope\" itemtype=\"https:\/\/schema.org\/Person\" ><strong  class='avia-testimonial-name'  itemprop=\"name\" >Ballacoilupi<\/strong><span class='hidden avia-testimonial-markup-link'  itemprop=\"url\" >https:\/\/www.tripadvisor.it\/ShowUserReviews-g608936-d776401-r1014191329-Belmonte_Vacanze-Montaione_Tuscany.html<\/span><a class='avia-testimonial-link' href='https:\/\/www.tripadvisor.it\/ShowUserReviews-g608936-d776401-r1014191329-Belmonte_Vacanze-Montaione_Tuscany.html' target=\"_blank\" rel=\"noopener noreferrer\">Leggi la recensione su Tripadvisor.it<\/a><\/div><\/div><\/div><\/div>\n<div class='avia-testimonial av-2irmq0-c9129d98e61ce8aa7426e4a852f725b5 avia-testimonial-row-1 avia-last-testimonial flex_column no_margin av_one_third'><div class='avia-testimonial_inner'  itemscope=\"itemscope\" itemtype=\"https:\/\/schema.org\/CreativeWork\" ><div class='avia-testimonial-content '><div class='avia-testimonial-markup-entry-content'  itemprop=\"text\" ><h3 id=\"HEADING\" class=\"title\" style=\"text-align: center;\">Meraviglioso<\/h3>\n<div class=\"_c\">\n<div class=\"_T FKffI\">\n<div class=\"fIrGe _T bgMZj\">\n<div class=\"biGQs _P VImYz AWdfh\">\n<div class=\"biGQs _P VImYz AWdfh\">Personale gentile e molto attento verso le esigenze degli ospiti posto incantevole e molto rilassante dall\u2019 appartamento si gode di un ottimo vista, a poca distanza da punti d\u2019interesse come Volterra e San Gimignano, appartamenti spaziosi e puliti con tutto il necessario, <strong>ristorante molto buono con prezzi onesti, <span class=\"SNZrz b\">colazione<\/span> abbondante<\/strong>. Peccato aver soggiornato solo una notte<\/div>\n<\/div>\n<\/div>\n<\/div>\n<\/div>\n<\/div><\/div><div class=\"avia-testimonial-meta\"><div class=\"avia-testimonial-arrow-wrap\"><div class=\"avia-arrow\"><\/div><\/div><div class='avia-testimonial-meta-mini'  itemprop=\"author\" itemscope=\"itemscope\" itemtype=\"https:\/\/schema.org\/Person\" ><strong  class='avia-testimonial-name'  itemprop=\"name\" > Enza R<\/strong><span class='hidden avia-testimonial-markup-link'  itemprop=\"url\" >https:\/\/www.tripadvisor.it\/ShowUserReviews-g608936-d776401-r978532655-Belmonte_Vacanze-Montaione_Tuscany.html<\/span><a class='avia-testimonial-link' href='https:\/\/www.tripadvisor.it\/ShowUserReviews-g608936-d776401-r978532655-Belmonte_Vacanze-Montaione_Tuscany.html' target=\"_blank\" rel=\"noopener noreferrer\">Leggi la recensione su Tripadvisor.it<\/a><\/div><\/div><\/div><\/div><\/section>\n<\/div>\n<\/div><\/div><\/div><!-- close content main div --><\/div><\/div><div id='after_section_1'  class='main_color av_default_container_wrap container_wrap fullsize'  ><div class='container av-section-cont-open' ><div class='template-page content  av-content-full alpha units'><div class='post-entry post-entry-type-page post-entry-12535'><div class='entry-content-wrapper clearfix'><div  class='hr av-14ievuw-c0a93a70225eaee56056a7f3e7fad1a7 hr-default  avia-builder-el-7  el_after_av_section  el_before_av_hr  avia-builder-el-first '><span class='hr-inner '><span class=\"hr-inner-style\"><\/span><\/span><\/div><\/p>\n<div  class='hr av-u0d9vc-216f30066483ea94dd7b0ce592befbb7 hr-default  avia-builder-el-8  el_after_av_hr  el_before_av_three_fifth '><span class='hr-inner '><span class=\"hr-inner-style\"><\/span><\/span><\/div>\n\n<style type=\"text\/css\" data-created_by=\"avia_inline_auto\" id=\"style-css-av-t99mew-a1ead8462c549093605bfc4f5dd2cfc2\">\n.flex_column.av-t99mew-a1ead8462c549093605bfc4f5dd2cfc2{\nborder-radius:0px 0px 0px 0px;\npadding:0px 0px 0px 0px;\n}\n<\/style>\n<div  class='flex_column av-t99mew-a1ead8462c549093605bfc4f5dd2cfc2 av_three_fifth  avia-builder-el-9  el_after_av_hr  el_before_av_two_fifth  first flex_column_div av-zero-column-padding  '     ><section  class='av_textblock_section av-qnua60-28d1e8e1e791ac97a3bdbae688c7f5f0 '   itemscope=\"itemscope\" itemtype=\"https:\/\/schema.org\/CreativeWork\" ><div class='avia_textblock'  itemprop=\"text\" ><h2 style=\"text-align: center;\" data-start=\"1272\" data-end=\"1305\"><strong data-start=\"1275\" data-end=\"1303\">PAIN FRAIS ET CROISSANTS<\/strong><\/h2>\n<h3 style=\"text-align: center;\" data-start=\"1306\" data-end=\"1354\">POUR VOTRE PETIT-D\u00c9JEUNER DANS L\u2019APPARTEMENT<\/h3>\n<p style=\"text-align: center;\" data-start=\"1356\" data-end=\"1655\">Si vous pr\u00e9f\u00e9rez prendre votre petit-d\u00e9jeuner confortablement dans votre appartement ou pr\u00e9parer un sandwich \u00e0 emporter pendant la journ\u00e9e, aucun probl\u00e8me.<br data-start=\"1511\" data-end=\"1514\" \/>\u00c0 la r\u00e9ception, vous pouvez commander tout ce dont vous avez besoin : pain frais de diff\u00e9rents types, croissants, focaccia, mini-pizzas, etc.<\/p>\n<p style=\"text-align: center;\" data-start=\"1657\" data-end=\"1863\">Le matin, nous livrerons votre commande directement \u00e0 la r\u00e9ception,<br data-start=\"1724\" data-end=\"1727\" \/>dans un sac identifi\u00e9 par le num\u00e9ro de votre appartement,<br data-start=\"1784\" data-end=\"1787\" \/>que vous pourrez retirer quand vous le souhaitez.<br data-start=\"1836\" data-end=\"1839\" \/>Pratique, n\u2019est-ce pas ?<\/p>\n<\/div><\/section><\/div>\n\n<style type=\"text\/css\" data-created_by=\"avia_inline_auto\" id=\"style-css-av-pclyqw-6efa786d7a55b55879d795fc0606e1e6\">\n.flex_column.av-pclyqw-6efa786d7a55b55879d795fc0606e1e6{\nborder-radius:0px 0px 0px 0px;\npadding:0px 0px 0px 0px;\n}\n<\/style>\n<div  class='flex_column av-pclyqw-6efa786d7a55b55879d795fc0606e1e6 av_two_fifth  avia-builder-el-11  el_after_av_three_fifth  el_before_av_hr  flex_column_div av-zero-column-padding  '     ><div  class='avia-slideshow av-nmet6g-e74622e813da23741f30c78c7b8d5d2d avia-slideshow-gallery av_slideshow avia-slide-slider  avia-builder-el-12  avia-builder-el-no-sibling  av-slideshow-ui av-control-default av-slideshow-manual av-loop-once av-loop-manual-endless av-default-height-applied avia-slideshow-2' data-slideshow-options=\"{&quot;animation&quot;:&quot;slide&quot;,&quot;autoplay&quot;:false,&quot;loop_autoplay&quot;:&quot;once&quot;,&quot;interval&quot;:5,&quot;loop_manual&quot;:&quot;manual-endless&quot;,&quot;autoplay_stopper&quot;:false,&quot;noNavigation&quot;:false,&quot;bg_slider&quot;:false,&quot;keep_padding&quot;:false,&quot;hoverpause&quot;:false,&quot;show_slide_delay&quot;:0}\"  itemprop=\"image\" itemscope=\"itemscope\" itemtype=\"https:\/\/schema.org\/ImageObject\" ><ul class='avia-slideshow-inner ' style='padding-bottom: 66.666666666667%;'><li  class='avia-slideshow-slide av-nmet6g-e74622e813da23741f30c78c7b8d5d2d__0  av-single-slide slide-1 slide-odd'><div data-rel='slideshow-2' class='avia-slide-wrap '   ><img decoding=\"async\" fetchpriority=\"high\" class=\"wp-image-6890 avia-img-lazy-loading-not-6890\"  src=\"https:\/\/www.belmontevacanze.com\/wp-content\/uploads\/2020\/02\/sacchetto_pane.jpg\" width=\"768\" height=\"512\" title='sacchetto_pane' alt=''  itemprop=\"thumbnailUrl\" srcset=\"https:\/\/www.belmontevacanze.com\/wp-content\/uploads\/2020\/02\/sacchetto_pane.jpg 768w, https:\/\/www.belmontevacanze.com\/wp-content\/uploads\/2020\/02\/sacchetto_pane-300x200.jpg 300w, https:\/\/www.belmontevacanze.com\/wp-content\/uploads\/2020\/02\/sacchetto_pane-705x470.jpg 705w, https:\/\/www.belmontevacanze.com\/wp-content\/uploads\/2020\/02\/sacchetto_pane-450x300.jpg 450w\" sizes=\"(max-width: 768px) 100vw, 768px\" \/><\/div><\/li><\/ul><\/div><\/div>\n<div  class='hr av-l0rbq0-40f0e312fa486e2391d9b3771e0ae91a hr-default  avia-builder-el-13  el_after_av_two_fifth  el_before_av_textblock '><span class='hr-inner '><span class=\"hr-inner-style\"><\/span><\/span><\/div>\n<section  class='av_textblock_section av-ip0hrs-40753d529c82401013869504768eaa9f '   itemscope=\"itemscope\" itemtype=\"https:\/\/schema.org\/CreativeWork\" ><div class='avia_textblock'  itemprop=\"text\" ><h2 style=\"text-align: center;\">COMMENT FONCTIONNE LE PETIT-D\u00c9JEUNER<\/h2>\n<\/div><\/section>\n\n<style type=\"text\/css\" data-created_by=\"avia_inline_auto\" id=\"style-css-av-647xk-39702d92a53062552f3ac0fb5bf5cf92\">\n.flex_column.av-647xk-39702d92a53062552f3ac0fb5bf5cf92{\nborder-radius:0px 0px 0px 0px;\npadding:0px 0px 0px 0px;\n}\n<\/style>\n<div  class='flex_column av-647xk-39702d92a53062552f3ac0fb5bf5cf92 av_one_half  avia-builder-el-15  el_after_av_textblock  el_before_av_one_half  first flex_column_div av-zero-column-padding  column-top-margin'     ><article  class='iconbox iconbox_top av-fjhk54-2be23a8c2d8909ec1e809223c15dd839  avia-builder-el-16  avia-builder-el-no-sibling  main_color'  itemscope=\"itemscope\" itemtype=\"https:\/\/schema.org\/CreativeWork\" ><div class=\"iconbox_content\"><header class=\"entry-content-header\" aria-label=\"Icon: \"><div class=\"iconbox_icon heading-color\" aria-hidden='true' data-av_icon='\ue81f' data-av_iconfont='entypo-fontello'><\/div><\/header><div class='iconbox_content_container '  itemprop=\"text\" ><h2 style=\"text-align: center;\" data-start=\"1870\" data-end=\"1920\"><strong data-start=\"1873\" data-end=\"1920\">LE PETIT-D\u00c9JEUNER BUFFET<\/strong><\/h2>\n<p style=\"text-align: center;\" data-start=\"1922\" data-end=\"1950\"><strong data-start=\"1922\" data-end=\"1933\">Acc\u00e8s :<\/strong> de 8h00 \u00e0 9h30<\/p>\n<p style=\"text-align: center;\" data-start=\"1952\" data-end=\"1975\"><strong data-start=\"1952\" data-end=\"1973\">12 \u20ac par personne<\/strong><\/p>\n<hr data-start=\"1976\" data-end=\"2001\" \/>\n<p style=\"text-align: center;\" data-start=\"2003\" data-end=\"2043\"><strong data-start=\"2003\" data-end=\"2041\">6 \u20ac pour les enfants jusqu\u2019\u00e0 6 ans<\/strong><\/p>\n<hr data-start=\"2044\" data-end=\"2069\" \/>\n<p style=\"text-align: center;\" data-start=\"2071\" data-end=\"2241\">Le petit-d\u00e9jeuner peut \u00eatre r\u00e9serv\u00e9 en m\u00eame temps que l\u2019appartement,<br data-start=\"2139\" data-end=\"2142\" \/>OU<br data-start=\"2144\" data-end=\"2147\" \/>vous pouvez le demander directement \u00e0 la r\u00e9ception<br data-start=\"2197\" data-end=\"2200\" \/>jusqu\u2019\u00e0 <strong data-start=\"2208\" data-end=\"2238\">18h00 la veille du service<\/strong>.<\/p>\n<\/div><\/div><footer class=\"entry-footer\"><\/footer><\/article><\/div>\n\n<style type=\"text\/css\" data-created_by=\"avia_inline_auto\" id=\"style-css-av-dr2ghk-88398671dc61516467a9911101290772\">\n.flex_column.av-dr2ghk-88398671dc61516467a9911101290772{\nborder-radius:0px 0px 0px 0px;\npadding:0px 0px 0px 0px;\n}\n<\/style>\n<div  class='flex_column av-dr2ghk-88398671dc61516467a9911101290772 av_one_half  avia-builder-el-17  el_after_av_one_half  el_before_av_one_full  flex_column_div av-zero-column-padding  column-top-margin'     ><article  class='iconbox iconbox_top av-cf9s1k-590fc46d764683f427c658060ddaeac5  avia-builder-el-18  avia-builder-el-no-sibling  main_color'  itemscope=\"itemscope\" itemtype=\"https:\/\/schema.org\/CreativeWork\" ><div class=\"iconbox_content\"><header class=\"entry-content-header\" aria-label=\"Icon: \"><div class=\"iconbox_icon heading-color\" aria-hidden='true' data-av_icon='\ue81f' data-av_iconfont='entypo-fontello'><\/div><\/header><div class='iconbox_content_container '  itemprop=\"text\" ><h2 style=\"text-align: center;\" data-start=\"2274\" data-end=\"2304\"><strong data-start=\"2277\" data-end=\"2304\">LIVRAISON DE PAIN FRAIS<\/strong><\/h2>\n<p style=\"text-align: center;\" data-start=\"2306\" data-end=\"2493\">Le pain frais et les produits de boulangerie sont livr\u00e9s par le boulanger \u00e0 la r\u00e9ception vers <strong data-start=\"2400\" data-end=\"2408\">7h30<\/strong>.<br data-start=\"2409\" data-end=\"2412\" \/>Vous pourrez retirer le sac portant le num\u00e9ro de votre appartement \u00e0 tout moment.<\/p>\n<\/div><\/div><footer class=\"entry-footer\"><\/footer><\/article><\/div>\n\n<style type=\"text\/css\" data-created_by=\"avia_inline_auto\" id=\"style-css-av-lhecdo-283f39475b19c4113df021377c4db169\">\n.flex_column.av-lhecdo-283f39475b19c4113df021377c4db169{\nborder-radius:0px 0px 0px 0px;\npadding:0px 0px 0px 0px;\n}\n<\/style>\n<div  class='flex_column av-lhecdo-283f39475b19c4113df021377c4db169 av_one_full  avia-builder-el-19  el_after_av_one_half  avia-builder-el-last  first flex_column_div av-zero-column-padding  column-top-margin'     ><article  class='iconbox iconbox_top av-mjr0ueuq-7ce61c53cceaad40e1988d8db8c82a3e  avia-builder-el-20  avia-builder-el-no-sibling  main_color'  itemscope=\"itemscope\" itemtype=\"https:\/\/schema.org\/CreativeWork\" ><div class=\"iconbox_content\"><header class=\"entry-content-header\" aria-label=\"Icon: \"><div class=\"iconbox_icon heading-color\" aria-hidden='true' data-av_icon='\ue81f' data-av_iconfont='entypo-fontello'><\/div><\/header><div class='iconbox_content_container '  itemprop=\"text\" ><h2 style=\"text-align: center;\" data-start=\"2500\" data-end=\"2510\"><strong data-start=\"2503\" data-end=\"2510\">FAQ<\/strong><\/h2>\n<p style=\"text-align: center;\" data-start=\"2512\" data-end=\"2540\"><strong data-start=\"2512\" data-end=\"2523\">Acc\u00e8s :<\/strong> de 8h00 \u00e0 9h30<\/p>\n<p style=\"text-align: center;\" data-start=\"2542\" data-end=\"2565\"><strong data-start=\"2542\" data-end=\"2563\">12 \u20ac par personne<\/strong><\/p>\n<hr data-start=\"2566\" data-end=\"2591\" \/>\n<p style=\"text-align: center;\" data-start=\"2593\" data-end=\"2633\"><strong data-start=\"2593\" data-end=\"2631\">6 \u20ac pour les enfants jusqu\u2019\u00e0 6 ans<\/strong><\/p>\n<hr data-start=\"2634\" data-end=\"2659\" \/>\n<p style=\"text-align: center;\" data-start=\"2661\" data-end=\"2831\">Le petit-d\u00e9jeuner peut \u00eatre r\u00e9serv\u00e9 en m\u00eame temps que l\u2019appartement,<br data-start=\"2729\" data-end=\"2732\" \/>OU<br data-start=\"2734\" data-end=\"2737\" \/>vous pouvez le demander directement \u00e0 la r\u00e9ception<br data-start=\"2787\" data-end=\"2790\" \/>jusqu\u2019\u00e0 <strong data-start=\"2798\" data-end=\"2828\">18h00 la veille du service<\/strong>.<\/p>\n<\/div><\/div><footer class=\"entry-footer\"><\/footer><\/article><\/div>\n","protected":false},"excerpt":{"rendered":"","protected":false},"author":2,"featured_media":0,"parent":0,"menu_order":0,"comment_status":"closed","ping_status":"closed","template":"","meta":{"footnotes":""},"class_list":["post-12535","page","type-page","status-publish","hentry"],"_links":{"self":[{"href":"https:\/\/www.belmontevacanze.com\/fr\/wp-json\/wp\/v2\/pages\/12535","targetHints":{"allow":["GET"]}}],"collection":[{"href":"https:\/\/www.belmontevacanze.com\/fr\/wp-json\/wp\/v2\/pages"}],"about":[{"href":"https:\/\/www.belmontevacanze.com\/fr\/wp-json\/wp\/v2\/types\/page"}],"author":[{"embeddable":true,"href":"https:\/\/www.belmontevacanze.com\/fr\/wp-json\/wp\/v2\/users\/2"}],"replies":[{"embeddable":true,"href":"https:\/\/www.belmontevacanze.com\/fr\/wp-json\/wp\/v2\/comments?post=12535"}],"version-history":[{"count":4,"href":"https:\/\/www.belmontevacanze.com\/fr\/wp-json\/wp\/v2\/pages\/12535\/revisions"}],"predecessor-version":[{"id":12559,"href":"https:\/\/www.belmontevacanze.com\/fr\/wp-json\/wp\/v2\/pages\/12535\/revisions\/12559"}],"wp:attachment":[{"href":"https:\/\/www.belmontevacanze.com\/fr\/wp-json\/wp\/v2\/media?parent=12535"}],"curies":[{"name":"wp","href":"https:\/\/api.w.org\/{rel}","templated":true}]}}