{"id":1534,"date":"2018-02-06T17:42:50","date_gmt":"2018-02-06T16:42:50","guid":{"rendered":"https:\/\/www.belmontevacanze.com\/?page_id=1534"},"modified":"2018-02-06T17:58:21","modified_gmt":"2018-02-06T16:58:21","slug":"ferme-golf-castelfalfi","status":"publish","type":"page","link":"https:\/\/www.belmontevacanze.com\/fr\/services\/ferme-golf-castelfalfi\/","title":{"rendered":"Golf"},"content":{"rendered":"<section  class='av_textblock_section av-av_textblock-2de302bf1aa3cf4c9157dbe6f50ac7eb '   itemscope=\"itemscope\" itemtype=\"https:\/\/schema.org\/CreativeWork\" ><div class='avia_textblock'  itemprop=\"text\" ><h1 class=\"blog-post-header\">Vacances golf en Castelfalfi Toscane.<\/h1>\n<div class=\"blog-post-content\">\n<h2>Jouer au golf pendant vos vacances \u00e0 la ferme en Toscane.<\/h2>\n<p>Le projet du <strong>Golf en Toscane<\/strong> et des vacances li\u00e9s au golf est un r\u00eave devenu r\u00e9alit\u00e9. Pour vos <strong>vacances golf en Toscane<\/strong>, dans cette merveilleuse r\u00e9gion, vous pouvez trouver 16 terrains de golf, dont 9 terrains 18 trous et 7 terrains 9 trous. Vous trouverez \u00e9galement de nombreux terrains d\u2019entra\u00eenement o\u00f9 vous pouvez pratiquer ou apprendre \u00e0 jouer.<\/p>\n<p>Vous aurez la possibilit\u00e9 de jouer au golf entour\u00e9 par un paysage de douces collines, d\u2019oliviers et de vignes, loin des centres urbains mais, en m\u00eame temps, \u00e0 proximit\u00e9 de villes telles que <strong>San Gimignano, Volterra, Florence, Sienne, Pise et Lucca<\/strong>, pour ne citer que les plus c\u00e9l\u00e8bres.<\/p>\n<h2>Pourquoi choisir des vacances golf \u00e0 la ferme \u00e0 Montaione?<\/h2>\n<p>Montaione b\u00e9n\u00e9ficie d\u2019un emplacement id\u00e9al pour des vacances de golf en Toscane qui permet d\u2019acc\u00e9der rapidement \u00e0 quatre des meilleurs Golf Club en Toscane. Premier sur la liste est le nouveau <strong>Golf Club Castelfalfi \u00e0 Montaione<\/strong>, situ\u00e9 dans un cadre paysager exceptionnel, aid\u00e9s par un climat doux qui lui permet de rester ouvert toute l\u2019ann\u00e9e et d\u2019accueillir des comp\u00e9titions, des tournois nationaux et internationaux et des cours pour ceux qui veulent apprendre ce merveilleux sport dans un endroit de r\u00eave.<\/p>\n<p>Belmonte est l\u2019\u00e9tablissement de vacances le plus proche au Golf Club Castelfalfi. D\u00e9couvrez vous m\u00eames comment vous rendre au Golf Club Castelfalfi.<\/p>\n<p>Cliquez ici. <strong>Nos clients arrivent \u00e0 Castelfalfi en 10 minutes<\/strong>.<\/p>\n<p>Belmonte Vacances, ayant un accord sp\u00e9cial avec le club de Golf Castelfalfi, offre \u00e0 ses clients une r\u00e9mise de 10% sur les tarifs.<\/p>\n<h4>Golf Club Castelfalfi resort Toscane.<\/h4>\n<p>Le Golf Club Castelfalfi est situ\u00e9 dans un domaine de 1100 hectares, entour\u00e9e par l\u2019un des plus beaux paysages de la Toscane: cypr\u00e8s, collines verdoyantes et champs de tournesol, vieilles fermes et sites historiques; tout cela va devenir le cadre de votre ronde de golf. Il y a deux parcours (le \u00abMountaion course\u00bb avec 18 trous et le \u00abLake Course\u00bb avec 9 trous) con\u00e7us pour \u00eatre combin\u00e9s offrant ainsi un jeu vari\u00e9 et tr\u00e8s amusant.<\/p>\n<\/div>\n<\/div><\/section>\n\n<style type=\"text\/css\" data-created_by=\"avia_inline_auto\" id=\"style-css-av-av_promobox-090dcc772d05544a44db000151620565\">\n.av_promobox.av-av_promobox-090dcc772d05544a44db000151620565{\ncolor:#ffffff;\nbackground:#432200;\nborder-color:#432200;\n}\n<\/style>\n<div  class='av_promobox av-av_promobox-090dcc772d05544a44db000151620565 avia-button-yes  avia-builder-el-1  el_after_av_textblock  el_before_av_masonry_gallery  avia-builder-el-last '><div class='avia-promocontent'><p>\nPour plus d\u2019informations sur les parcours, les le\u00e7ons et bien plus encore visitez, s\u2019il vous pla\u00eet, le site web du <a title=\"golf club castelfalfi en toscane\" href=\"http:\/\/www.castelfalfi.com\/en\/golf\/golf-club-toscana-resort-castelfalfi\/\" target=\"_blank\" rel=\"noopener\">Golf Club Castelfalfi<\/a>.<\/p>\n<\/div><div  class='avia-button-wrap av-av_button-127b3c781a031d4195b73301882198fc-wrap avia-button-right '><a href='http:\/\/www.castelfalfi.com\/en\/golf\/golf-club-toscana-resort-castelfalfi\/'  class='avia-button av-av_button-127b3c781a031d4195b73301882198fc av-link-btn avia-icon_select-no avia-size-large avia-position-right avia-color-theme-color'  target=\"_blank\"  rel=\"noopener noreferrer\"  aria-label=\"castelfalfi.com\"><span class='avia_iconbox_title' >castelfalfi.com<\/span><\/a><\/div><\/div>\n\n<section  class='av_textblock_section av-av_textblock-2de302bf1aa3cf4c9157dbe6f50ac7eb '   itemscope=\"itemscope\" itemtype=\"https:\/\/schema.org\/CreativeWork\" ><div class='avia_textblock'  itemprop=\"text\" ><h2>Les autres Golf Club dans la r\u00e9gion.<\/h2>\n<p>A quelques km de Belmonte Vacances il y a trois autre magnifiques Golf Club o\u00f9 vous pouvez jouer au <strong>golf en Toscane <\/strong>et vous pouvez vous y rendre facilement en voiture (30 minutes environ). Nous vous proposons des alternatives pour essayer d\u2019autres parcours pendant vos <strong>vacances golf en Toscane<\/strong>.<\/p>\n<\/div><\/section>\n\n<style type=\"text\/css\" data-created_by=\"avia_inline_auto\" id=\"style-css-av-av_one_third-15d750bd1b332b34c6e70b077ebbccdf\">\n.flex_column.av-av_one_third-15d750bd1b332b34c6e70b077ebbccdf{\nborder-radius:0px 0px 0px 0px;\npadding:0px 0px 0px 0px;\n}\n<\/style>\n<div  class='flex_column av-av_one_third-15d750bd1b332b34c6e70b077ebbccdf av_one_third  avia-builder-el-4  el_after_av_textblock  el_before_av_one_third  first flex_column_div av-zero-column-padding  column-top-margin'     ><section  class='av_textblock_section av-av_textblock-2de302bf1aa3cf4c9157dbe6f50ac7eb '   itemscope=\"itemscope\" itemtype=\"https:\/\/schema.org\/CreativeWork\" ><div class='avia_textblock'  itemprop=\"text\" ><h2>FONTEVIVO GOLF CLUB<\/h2>\n<p>Via Fontevivo, 5 \u2013 56028 San Miniato \u2013 Pisa<br \/>\nTel. 0571 419012<br \/>\n<a title=\"giocare golf toscana\" href=\"http:\/\/www.fontevivogolf.it\/\" target=\"_blank\" rel=\"noopener\">www.fontevivogolf.it<\/a><br \/>\n<a href=\"mailto:segreteria@fontevivogolf.it\">segreteria@fontevivogolf.it<\/a><\/p>\n<p><em>Caract\u00e9ristiques:<\/em><br \/>\nTrous 9<br \/>\nPar 31<br \/>\nLongueur mt 1892<\/p>\n<p>Distance de Belmonte Vacances:<br \/>\nKm 27,8<\/p>\n<\/div><\/section><\/div>\n<style type=\"text\/css\" data-created_by=\"avia_inline_auto\" id=\"style-css-av-av_one_third-c8fc129dc35fd1ae2a1e410224d39ea8\">\n.flex_column.av-av_one_third-c8fc129dc35fd1ae2a1e410224d39ea8{\nborder-radius:0px 0px 0px 0px;\npadding:0px 0px 0px 0px;\n}\n<\/style>\n<div  class='flex_column av-av_one_third-c8fc129dc35fd1ae2a1e410224d39ea8 av_one_third  avia-builder-el-6  el_after_av_one_third  el_before_av_one_third  flex_column_div av-zero-column-padding  column-top-margin'     ><section  class='av_textblock_section av-av_textblock-2de302bf1aa3cf4c9157dbe6f50ac7eb '   itemscope=\"itemscope\" itemtype=\"https:\/\/schema.org\/CreativeWork\" ><div class='avia_textblock'  itemprop=\"text\" ><h2>UGOLINO GOLF CLUB<\/h2>\n<p>Via Chiantigiana, 3 \u2013 50015 Grassina \u2013 Firenze<br \/>\nTel. 055 2301009<br \/>\n<a title=\"vacanze golf toscana\" href=\"http:\/\/www.golfugolino.it\/\" target=\"_blank\" rel=\"noopener\">www.golfugolino.it<\/a><br \/>\n<a href=\"mailto:info@golfugolino.it\">info@golfugolino.it<\/a><\/p>\n<p><em>Caract\u00e9ristiques:<\/em><br \/>\nTrous 9<br \/>\nPar 31<br \/>\nLongueur mt 1892<\/p>\n<p>Distance de Belmonte Vacances:<br \/>\nKm 61,8<\/p>\n<\/div><\/section><\/div>\n<style type=\"text\/css\" data-created_by=\"avia_inline_auto\" id=\"style-css-av-av_one_third-c8fc129dc35fd1ae2a1e410224d39ea8\">\n.flex_column.av-av_one_third-c8fc129dc35fd1ae2a1e410224d39ea8{\nborder-radius:0px 0px 0px 0px;\npadding:0px 0px 0px 0px;\n}\n<\/style>\n<div  class='flex_column av-av_one_third-c8fc129dc35fd1ae2a1e410224d39ea8 av_one_third  avia-builder-el-8  el_after_av_one_third  avia-builder-el-last  flex_column_div av-zero-column-padding  column-top-margin'     ><section  class='av_textblock_section av-av_textblock-2de302bf1aa3cf4c9157dbe6f50ac7eb '   itemscope=\"itemscope\" itemtype=\"https:\/\/schema.org\/CreativeWork\" ><div class='avia_textblock'  itemprop=\"text\" ><h2>MONTELUPO GOLF CLUB<\/h2>\n<p>Via Le Piagge, 4 \u2013 Loc. Fattoria di Fibbiana<br \/>\n50056 Montelupo Fiorentino \u2013 Firenze<br \/>\nTel. 0571 541004<br \/>\n<a title=\"giocare golf toscana\" href=\"http:\/\/www.golfmontelupo.it\/\" target=\"_blank\" rel=\"noopener\">www.golfmontelupo.it<\/a><br \/>\n<a href=\"mailto:info@golfmontelupo.it\">info@golfmontelupo.it<\/a><\/p>\n<p><em>Caract\u00e9ristiques:<\/em><br \/>\nTrous 9<br \/>\nPar 31<br \/>\nLongueur mt 1892<\/p>\n<p>Distance de Belmonte Vacances:<br \/>\nKm 41,6<\/p>\n<\/div><\/section><\/div><\/p>\n","protected":false},"excerpt":{"rendered":"","protected":false},"author":2,"featured_media":0,"parent":1956,"menu_order":0,"comment_status":"closed","ping_status":"closed","template":"","meta":{"footnotes":""},"class_list":["post-1534","page","type-page","status-publish","hentry"],"_links":{"self":[{"href":"https:\/\/www.belmontevacanze.com\/fr\/wp-json\/wp\/v2\/pages\/1534","targetHints":{"allow":["GET"]}}],"collection":[{"href":"https:\/\/www.belmontevacanze.com\/fr\/wp-json\/wp\/v2\/pages"}],"about":[{"href":"https:\/\/www.belmontevacanze.com\/fr\/wp-json\/wp\/v2\/types\/page"}],"author":[{"embeddable":true,"href":"https:\/\/www.belmontevacanze.com\/fr\/wp-json\/wp\/v2\/users\/2"}],"replies":[{"embeddable":true,"href":"https:\/\/www.belmontevacanze.com\/fr\/wp-json\/wp\/v2\/comments?post=1534"}],"version-history":[{"count":4,"href":"https:\/\/www.belmontevacanze.com\/fr\/wp-json\/wp\/v2\/pages\/1534\/revisions"}],"predecessor-version":[{"id":2470,"href":"https:\/\/www.belmontevacanze.com\/fr\/wp-json\/wp\/v2\/pages\/1534\/revisions\/2470"}],"up":[{"embeddable":true,"href":"https:\/\/www.belmontevacanze.com\/fr\/wp-json\/wp\/v2\/pages\/1956"}],"wp:attachment":[{"href":"https:\/\/www.belmontevacanze.com\/fr\/wp-json\/wp\/v2\/media?parent=1534"}],"curies":[{"name":"wp","href":"https:\/\/api.w.org\/{rel}","templated":true}]}}