{"id":1608,"date":"2018-02-07T17:04:42","date_gmt":"2018-02-07T16:04:42","guid":{"rendered":"https:\/\/www.belmontevacanze.com\/?page_id=1608"},"modified":"2018-02-22T16:38:08","modified_gmt":"2018-02-22T15:38:08","slug":"cours-de-cuisine","status":"publish","type":"page","link":"https:\/\/www.belmontevacanze.com\/fr\/services\/cours-de-cuisine\/","title":{"rendered":"Cours de cuisine"},"content":{"rendered":"\n<section  class='av_textblock_section av-av_textblock-2de302bf1aa3cf4c9157dbe6f50ac7eb '   itemscope=\"itemscope\" itemtype=\"https:\/\/schema.org\/CreativeWork\" ><div class='avia_textblock'  itemprop=\"text\" ><p><strong>La Toscane<\/strong> n\u2019offre pas seulement \u00e1 ses visiteurs des paysages et l\u2019art\u00a0; si vous voulez vraiment capturer l\u2019essence de la r\u00e9gion et sa tradition, vous devez go\u00fbter ses plats exquis.<\/p>\n<div class=\"blog-post-content\">\n<h3 class=\"r\">CUISINE TRADITIONNELLE TOSCANE<\/h3>\n<p><strong>Les plats toscans typiques<\/strong> se basent sur la culture et la tradition paysanne utilisant des ingr\u00e9dients simples produits de sa terre et c\u2019est pour cela que souvent elle est d\u00e9finie comme une <strong>\u201ccuisine pauvre\u201d<\/strong>; malgr\u00e9 cela les plats toscans sont connus dans le monde entier, comme la \u201cZuppa di Pane\u201d (Soupe de Pain) ou la \u201cRibollita\u201d sans parler de la \u201cBistecca alla Fiorentina\u201d.<\/p>\n<p>Belmonte Vacanze offre \u00e1 ses h\u00f4tes la possibilit\u00e9 de participer \u00e1 un cours de cuisine toscane, o\u00f9 vous pourrez apprendre \u00e1 cuisiner les plats traditionnels typiques.<\/p>\n<p><strong>Chef Giuseppina<\/strong> se targue d\u2019une grande exp\u00e9rience et une passion forte dans l\u2019enseignement des traditions culinaires toscanes aux touristes. La \u201cChef\u201d donne des <strong>cours priv\u00e9s de cuisine toscane<\/strong> et catering pour de petits groupes \u00e1 la cave Falisca II.<\/p>\n<\/div>\n<\/div><\/section>\n\n<style type=\"text\/css\" data-created_by=\"avia_inline_auto\" id=\"style-css-av-av_promobox-1e4d0dfa5517ae74d4b0194706d23134\">\n.av_promobox.av-av_promobox-1e4d0dfa5517ae74d4b0194706d23134{\ncolor:#ffffff;\nbackground:#432200;\nborder-color:#432200;\n}\n<\/style>\n<div  class='av_promobox av-av_promobox-1e4d0dfa5517ae74d4b0194706d23134 avia-button-yes  avia-builder-el-2  el_after_av_textblock  avia-builder-el-last '><div class='avia-promocontent'><p>\nPour plus d\u2019informations sur les prix et sur les cours:\u00a0<a href=\"http:\/\/www.cucinagiuseppina.com\/\">www.cucinagiuseppina.com<\/a><\/p>\n<\/div><div  class='avia-button-wrap av-av_button-6140070564223b06b9bb0f38d77bae95-wrap avia-button-right '><a href='http:\/\/www.cucinagiuseppina.com\/'  class='avia-button av-av_button-6140070564223b06b9bb0f38d77bae95 av-link-btn avia-icon_select-yes-left-icon avia-size-large avia-position-right avia-color-theme-color'  target=\"_blank\"  rel=\"noopener noreferrer\"  aria-label=\"Renseignez-vous sur les cours de cuisine\"><span class='avia_button_icon avia_button_icon_left' aria-hidden='true' data-av_icon='\ue812' data-av_iconfont='entypo-fontello'><\/span><span class='avia_iconbox_title' >Renseignez-vous sur les cours de cuisine<\/span><\/a><\/div><\/div>\n","protected":false},"excerpt":{"rendered":"","protected":false},"author":3,"featured_media":0,"parent":1956,"menu_order":0,"comment_status":"closed","ping_status":"closed","template":"","meta":{"footnotes":""},"class_list":["post-1608","page","type-page","status-publish","hentry"],"_links":{"self":[{"href":"https:\/\/www.belmontevacanze.com\/fr\/wp-json\/wp\/v2\/pages\/1608","targetHints":{"allow":["GET"]}}],"collection":[{"href":"https:\/\/www.belmontevacanze.com\/fr\/wp-json\/wp\/v2\/pages"}],"about":[{"href":"https:\/\/www.belmontevacanze.com\/fr\/wp-json\/wp\/v2\/types\/page"}],"author":[{"embeddable":true,"href":"https:\/\/www.belmontevacanze.com\/fr\/wp-json\/wp\/v2\/users\/3"}],"replies":[{"embeddable":true,"href":"https:\/\/www.belmontevacanze.com\/fr\/wp-json\/wp\/v2\/comments?post=1608"}],"version-history":[{"count":5,"href":"https:\/\/www.belmontevacanze.com\/fr\/wp-json\/wp\/v2\/pages\/1608\/revisions"}],"predecessor-version":[{"id":2444,"href":"https:\/\/www.belmontevacanze.com\/fr\/wp-json\/wp\/v2\/pages\/1608\/revisions\/2444"}],"up":[{"embeddable":true,"href":"https:\/\/www.belmontevacanze.com\/fr\/wp-json\/wp\/v2\/pages\/1956"}],"wp:attachment":[{"href":"https:\/\/www.belmontevacanze.com\/fr\/wp-json\/wp\/v2\/media?parent=1608"}],"curies":[{"name":"wp","href":"https:\/\/api.w.org\/{rel}","templated":true}]}}