{"id":2054,"date":"2018-02-16T18:32:06","date_gmt":"2018-02-16T17:32:06","guid":{"rendered":"https:\/\/www.belmontevacanze.com\/?page_id=2054"},"modified":"2020-04-01T10:29:06","modified_gmt":"2020-04-01T08:29:06","slug":"chose-a-faire","status":"publish","type":"page","link":"https:\/\/www.belmontevacanze.com\/fr\/chose-a-faire\/","title":{"rendered":"Choses \u00e0 faire"},"content":{"rendered":"<div class='flex_column_table av-av_one_fourth-0ab7f093aad08f2ce90f7afe4d6fc641 sc-av_one_fourth av-break-at-tablet-flextable av-equal-height-column-flextable'>\n<style type=\"text\/css\" data-created_by=\"avia_inline_auto\" id=\"style-css-av-av_one_fourth-0ab7f093aad08f2ce90f7afe4d6fc641\">\n#top .flex_column_table.av-equal-height-column-flextable.av-av_one_fourth-0ab7f093aad08f2ce90f7afe4d6fc641{\nmargin-top:0px;\nmargin-bottom:0px;\n}\n.flex_column.av-av_one_fourth-0ab7f093aad08f2ce90f7afe4d6fc641{\nborder-radius:0px 0px 0px 0px;\npadding:0px 0px 0px 0px;\n}\n<\/style>\n<div  class='flex_column av-av_one_fourth-0ab7f093aad08f2ce90f7afe4d6fc641 av_one_fourth  avia-builder-el-0  el_before_av_one_fourth  avia-builder-el-first  first no_margin av-break-at-tablet flex_column_table_cell av-equal-height-column av-align-top av-zero-column-padding  '     ><style type=\"text\/css\" data-created_by=\"avia_inline_auto\" id=\"style-css-av-av_image-c2080b3e676724fb867bf36b06b232c2\">\n.avia-image-container.av-av_image-c2080b3e676724fb867bf36b06b232c2 img.avia_image{\nbox-shadow:none;\n}\n.avia-image-container.av-av_image-c2080b3e676724fb867bf36b06b232c2 .av-caption-image-overlay-bg{\nopacity:0.3;\nbackground-color:#663300;\n}\n.avia-image-container.av-av_image-c2080b3e676724fb867bf36b06b232c2 .av-image-caption-overlay-center{\ncolor:#ffffff;\n}\n<\/style>\n<div  class='avia-image-container av-av_image-c2080b3e676724fb867bf36b06b232c2 av-styling- av-hover-grow av-img-linked avia_animated_image av-animated-when-visible-95 fade-in avia-align-center  avia-builder-el-1  avia-builder-el-no-sibling  noHover av-overlay-hover-deactivate'   itemprop=\"image\" itemscope=\"itemscope\" itemtype=\"https:\/\/schema.org\/ImageObject\" ><div class=\"avia-image-container-inner\"><div class=\"avia-image-overlay-wrap\"><a href=\"https:\/\/www.belmontevacanze.com\/fr\/chose-a-faire\/vacances-en-famille\/\" class='avia_image '  aria-label='famiglie'><div class=\"av-image-caption-overlay\"><div class=\"av-caption-image-overlay-bg\"><\/div><div class=\"av-image-caption-overlay-position\"><div class=\"av-image-caption-overlay-center\"><p>D\u00e9tendez-vous<br \/>\navec votre famille<\/p>\n<\/div><\/div><\/div><img decoding=\"async\" fetchpriority=\"high\" class='wp-image-7321 avia-img-lazy-loading-not-7321 avia_image ' src=\"https:\/\/www.belmontevacanze.com\/wp-content\/uploads\/2017\/10\/famiglie.jpg\" alt='' title='famiglie'  height=\"400\" width=\"400\"  itemprop=\"thumbnailUrl\" srcset=\"https:\/\/www.belmontevacanze.com\/wp-content\/uploads\/2017\/10\/famiglie.jpg 400w, https:\/\/www.belmontevacanze.com\/wp-content\/uploads\/2017\/10\/famiglie-80x80.jpg 80w, https:\/\/www.belmontevacanze.com\/wp-content\/uploads\/2017\/10\/famiglie-300x300.jpg 300w, https:\/\/www.belmontevacanze.com\/wp-content\/uploads\/2017\/10\/famiglie-36x36.jpg 36w, https:\/\/www.belmontevacanze.com\/wp-content\/uploads\/2017\/10\/famiglie-180x180.jpg 180w, https:\/\/www.belmontevacanze.com\/wp-content\/uploads\/2017\/10\/famiglie-120x120.jpg 120w\" sizes=\"(max-width: 400px) 100vw, 400px\" \/><\/a><\/div><\/div><\/div><\/div>\n\n<style type=\"text\/css\" data-created_by=\"avia_inline_auto\" id=\"style-css-av-av_one_fourth-d3793fbd6ca942f3ec851c9911ec095b\">\n#top .flex_column_table.av-equal-height-column-flextable.av-av_one_fourth-d3793fbd6ca942f3ec851c9911ec095b{\nmargin-top:0px;\nmargin-bottom:0px;\n}\n.flex_column.av-av_one_fourth-d3793fbd6ca942f3ec851c9911ec095b{\nborder-radius:0px 0px 0px 0px;\npadding:0px 0px 0px 0px;\n}\n<\/style>\n<div  class='flex_column av-av_one_fourth-d3793fbd6ca942f3ec851c9911ec095b av_one_fourth  avia-builder-el-2  el_after_av_one_fourth  el_before_av_one_fourth  no_margin av-break-at-tablet flex_column_table_cell av-equal-height-column av-align-top av-zero-column-padding  '     ><style type=\"text\/css\" data-created_by=\"avia_inline_auto\" id=\"style-css-av-av_image-2d25055d3e9d151e9ddf8005ee6feef8\">\n.avia-image-container.av-av_image-2d25055d3e9d151e9ddf8005ee6feef8 img.avia_image{\nbox-shadow:none;\n}\n.avia-image-container.av-av_image-2d25055d3e9d151e9ddf8005ee6feef8 .av-caption-image-overlay-bg{\nopacity:0.3;\nbackground-color:#663300;\n}\n.avia-image-container.av-av_image-2d25055d3e9d151e9ddf8005ee6feef8 .av-image-caption-overlay-center{\ncolor:#ffffff;\n}\n<\/style>\n<div  class='avia-image-container av-av_image-2d25055d3e9d151e9ddf8005ee6feef8 av-styling- av-hover-grow av-img-linked avia_animated_image av-animated-when-visible-95 fade-in avia-align-center  avia-builder-el-3  avia-builder-el-no-sibling  noHover av-overlay-hover-deactivate'   itemprop=\"image\" itemscope=\"itemscope\" itemtype=\"https:\/\/schema.org\/ImageObject\" ><div class=\"avia-image-container-inner\"><div class=\"avia-image-overlay-wrap\"><a href=\"https:\/\/www.belmontevacanze.com\/fr\/services\/huile-toscane-bio\/\" class='avia_image '  aria-label='coppie'><div class=\"av-image-caption-overlay\"><div class=\"av-caption-image-overlay-bg\"><\/div><div class=\"av-image-caption-overlay-position\"><div class=\"av-image-caption-overlay-center\"><p>Dolcevita<br \/>\nen Toscane<\/p>\n<\/div><\/div><\/div><img decoding=\"async\" fetchpriority=\"high\" class='wp-image-7319 avia-img-lazy-loading-not-7319 avia_image ' src=\"https:\/\/www.belmontevacanze.com\/wp-content\/uploads\/2017\/10\/coppie.jpg\" alt='' title='coppie'  height=\"400\" width=\"400\"  itemprop=\"thumbnailUrl\" srcset=\"https:\/\/www.belmontevacanze.com\/wp-content\/uploads\/2017\/10\/coppie.jpg 400w, https:\/\/www.belmontevacanze.com\/wp-content\/uploads\/2017\/10\/coppie-80x80.jpg 80w, https:\/\/www.belmontevacanze.com\/wp-content\/uploads\/2017\/10\/coppie-300x300.jpg 300w, https:\/\/www.belmontevacanze.com\/wp-content\/uploads\/2017\/10\/coppie-36x36.jpg 36w, https:\/\/www.belmontevacanze.com\/wp-content\/uploads\/2017\/10\/coppie-180x180.jpg 180w, https:\/\/www.belmontevacanze.com\/wp-content\/uploads\/2017\/10\/coppie-120x120.jpg 120w\" sizes=\"(max-width: 400px) 100vw, 400px\" \/><\/a><\/div><\/div><\/div><\/div>\n\n<style type=\"text\/css\" data-created_by=\"avia_inline_auto\" id=\"style-css-av-av_one_fourth-d3793fbd6ca942f3ec851c9911ec095b\">\n#top .flex_column_table.av-equal-height-column-flextable.av-av_one_fourth-d3793fbd6ca942f3ec851c9911ec095b{\nmargin-top:0px;\nmargin-bottom:0px;\n}\n.flex_column.av-av_one_fourth-d3793fbd6ca942f3ec851c9911ec095b{\nborder-radius:0px 0px 0px 0px;\npadding:0px 0px 0px 0px;\n}\n<\/style>\n<div  class='flex_column av-av_one_fourth-d3793fbd6ca942f3ec851c9911ec095b av_one_fourth  avia-builder-el-4  el_after_av_one_fourth  el_before_av_one_fourth  no_margin av-break-at-tablet flex_column_table_cell av-equal-height-column av-align-top av-zero-column-padding  '     ><style type=\"text\/css\" data-created_by=\"avia_inline_auto\" id=\"style-css-av-av_image-9fb00685c0465dc7a58a24a7b27a443c\">\n.avia-image-container.av-av_image-9fb00685c0465dc7a58a24a7b27a443c img.avia_image{\nbox-shadow:none;\n}\n.avia-image-container.av-av_image-9fb00685c0465dc7a58a24a7b27a443c .av-caption-image-overlay-bg{\nopacity:0.3;\nbackground-color:#663300;\n}\n.avia-image-container.av-av_image-9fb00685c0465dc7a58a24a7b27a443c .av-image-caption-overlay-center{\ncolor:#ffffff;\n}\n<\/style>\n<div  class='avia-image-container av-av_image-9fb00685c0465dc7a58a24a7b27a443c av-styling- av-hover-grow av-img-linked avia_animated_image av-animated-when-visible-95 fade-in avia-align-center  avia-builder-el-5  avia-builder-el-no-sibling  noHover av-overlay-hover-deactivate'   itemprop=\"image\" itemscope=\"itemscope\" itemtype=\"https:\/\/schema.org\/ImageObject\" ><div class=\"avia-image-container-inner\"><div class=\"avia-image-overlay-wrap\"><a href=\"https:\/\/www.belmontevacanze.com\/fr\/chose-a-faire\/ferme-bike-vtt-friendly-toscane\/\" class='avia_image '  aria-label='mtb'><div class=\"av-image-caption-overlay\"><div class=\"av-caption-image-overlay-bg\"><\/div><div class=\"av-image-caption-overlay-position\"><div class=\"av-image-caption-overlay-center\"><p>Cyclotourisme<br \/>\nsur les collines toscanes<\/p>\n<\/div><\/div><\/div><img decoding=\"async\" fetchpriority=\"high\" class='wp-image-7322 avia-img-lazy-loading-not-7322 avia_image ' src=\"https:\/\/www.belmontevacanze.com\/wp-content\/uploads\/2017\/10\/mtb.jpg\" alt='' title='mtb'  height=\"400\" width=\"400\"  itemprop=\"thumbnailUrl\" srcset=\"https:\/\/www.belmontevacanze.com\/wp-content\/uploads\/2017\/10\/mtb.jpg 400w, https:\/\/www.belmontevacanze.com\/wp-content\/uploads\/2017\/10\/mtb-80x80.jpg 80w, https:\/\/www.belmontevacanze.com\/wp-content\/uploads\/2017\/10\/mtb-300x300.jpg 300w, https:\/\/www.belmontevacanze.com\/wp-content\/uploads\/2017\/10\/mtb-36x36.jpg 36w, https:\/\/www.belmontevacanze.com\/wp-content\/uploads\/2017\/10\/mtb-180x180.jpg 180w, https:\/\/www.belmontevacanze.com\/wp-content\/uploads\/2017\/10\/mtb-120x120.jpg 120w\" sizes=\"(max-width: 400px) 100vw, 400px\" \/><\/a><\/div><\/div><\/div><\/div>\n\n<style type=\"text\/css\" data-created_by=\"avia_inline_auto\" id=\"style-css-av-av_one_fourth-d3793fbd6ca942f3ec851c9911ec095b\">\n#top .flex_column_table.av-equal-height-column-flextable.av-av_one_fourth-d3793fbd6ca942f3ec851c9911ec095b{\nmargin-top:0px;\nmargin-bottom:0px;\n}\n.flex_column.av-av_one_fourth-d3793fbd6ca942f3ec851c9911ec095b{\nborder-radius:0px 0px 0px 0px;\npadding:0px 0px 0px 0px;\n}\n<\/style>\n<div  class='flex_column av-av_one_fourth-d3793fbd6ca942f3ec851c9911ec095b av_one_fourth  avia-builder-el-6  el_after_av_one_fourth  el_before_av_section  avia-builder-el-last  no_margin av-break-at-tablet flex_column_table_cell av-equal-height-column av-align-top av-zero-column-padding  '     ><style type=\"text\/css\" data-created_by=\"avia_inline_auto\" id=\"style-css-av-av_image-acd73423e43bcc6af60b17e455552589\">\n.avia-image-container.av-av_image-acd73423e43bcc6af60b17e455552589 img.avia_image{\nbox-shadow:none;\n}\n.avia-image-container.av-av_image-acd73423e43bcc6af60b17e455552589 .av-caption-image-overlay-bg{\nopacity:0.3;\nbackground-color:#663300;\n}\n.avia-image-container.av-av_image-acd73423e43bcc6af60b17e455552589 .av-image-caption-overlay-center{\ncolor:#ffffff;\n}\n<\/style>\n<div  class='avia-image-container av-av_image-acd73423e43bcc6af60b17e455552589 av-styling- av-hover-grow av-img-linked avia_animated_image av-animated-when-visible-95 fade-in avia-align-center  avia-builder-el-7  avia-builder-el-no-sibling  noHover av-overlay-hover-deactivate'   itemprop=\"image\" itemscope=\"itemscope\" itemtype=\"https:\/\/schema.org\/ImageObject\" ><div class=\"avia-image-container-inner\"><div class=\"avia-image-overlay-wrap\"><a href=\"https:\/\/www.belmontevacanze.com\/fr\/chose-a-faire\/promenades-a-cheval\/\" class='avia_image '  aria-label='escursioni'><div class=\"av-image-caption-overlay\"><div class=\"av-caption-image-overlay-bg\"><\/div><div class=\"av-image-caption-overlay-position\"><div class=\"av-image-caption-overlay-center\"><p>Promenades<br \/>\n\u00e0 cheval<\/p>\n<\/div><\/div><\/div><img decoding=\"async\" fetchpriority=\"high\" class='wp-image-7320 avia-img-lazy-loading-not-7320 avia_image ' src=\"https:\/\/www.belmontevacanze.com\/wp-content\/uploads\/2017\/10\/escursioni.jpg\" alt='' title='escursioni'  height=\"400\" width=\"400\"  itemprop=\"thumbnailUrl\" srcset=\"https:\/\/www.belmontevacanze.com\/wp-content\/uploads\/2017\/10\/escursioni.jpg 400w, https:\/\/www.belmontevacanze.com\/wp-content\/uploads\/2017\/10\/escursioni-80x80.jpg 80w, https:\/\/www.belmontevacanze.com\/wp-content\/uploads\/2017\/10\/escursioni-300x300.jpg 300w, https:\/\/www.belmontevacanze.com\/wp-content\/uploads\/2017\/10\/escursioni-36x36.jpg 36w, https:\/\/www.belmontevacanze.com\/wp-content\/uploads\/2017\/10\/escursioni-180x180.jpg 180w, https:\/\/www.belmontevacanze.com\/wp-content\/uploads\/2017\/10\/escursioni-120x120.jpg 120w\" sizes=\"(max-width: 400px) 100vw, 400px\" \/><\/a><\/div><\/div><\/div><\/div><\/div><!--close column table wrapper. Autoclose: 1 -->\n<\/div><\/div><\/div><!-- close content main div --><\/div><\/div><div id='av_section_1'  class='avia-section av-av_section-9cc81fa627e85fd8fe1b6014d6447633 socket_color avia-section-default avia-no-shadow  avia-builder-el-8  el_after_av_one_fourth  el_before_av_section  avia-bg-style-scroll container_wrap fullsize'  ><div class='container av-section-cont-open' ><div class='template-page content  av-content-full alpha units'><div class='post-entry post-entry-type-page post-entry-2054'><div class='entry-content-wrapper clearfix'>\n\n<style type=\"text\/css\" data-created_by=\"avia_inline_auto\" id=\"style-css-av-av_two_third-15d750bd1b332b34c6e70b077ebbccdf\">\n.flex_column.av-av_two_third-15d750bd1b332b34c6e70b077ebbccdf{\nborder-radius:0px 0px 0px 0px;\npadding:0px 0px 0px 0px;\n}\n<\/style>\n<div  class='flex_column av-av_two_third-15d750bd1b332b34c6e70b077ebbccdf av_two_third  avia-builder-el-9  el_before_av_one_third  avia-builder-el-first  first flex_column_div av-zero-column-padding  '     ><section  class='av_textblock_section av-av_textblock-2de302bf1aa3cf4c9157dbe6f50ac7eb '   itemscope=\"itemscope\" itemtype=\"https:\/\/schema.org\/CreativeWork\" ><div class='avia_textblock'  itemprop=\"text\" ><h3>Besoin d&rsquo;aide ou de conseil? \u00c9crivez-nous, nous sommes heureux de vous aider \u00e0 cr\u00e9er vos vacances parfaites!<\/h3>\n<\/div><\/section><\/div>\n<style type=\"text\/css\" data-created_by=\"avia_inline_auto\" id=\"style-css-av-av_one_third-c8fc129dc35fd1ae2a1e410224d39ea8\">\n.flex_column.av-av_one_third-c8fc129dc35fd1ae2a1e410224d39ea8{\nborder-radius:0px 0px 0px 0px;\npadding:0px 0px 0px 0px;\n}\n<\/style>\n<div  class='flex_column av-av_one_third-c8fc129dc35fd1ae2a1e410224d39ea8 av_one_third  avia-builder-el-11  el_after_av_two_third  avia-builder-el-last  flex_column_div av-zero-column-padding  '     ><div  class='avia-button-wrap av-av_button-d4e4eb75f78c2b04a4d2790ff735345c-wrap avia-button-left  avia-builder-el-12  avia-builder-el-no-sibling '><a href='https:\/\/www.belmontevacanze.com\/fr\/contact\/'  class='avia-button av-av_button-d4e4eb75f78c2b04a4d2790ff735345c av-link-btn avia-icon_select-yes-right-icon avia-size-large avia-position-left avia-color-light'   aria-label=\"Posez-nous vos questions\"><span class='avia_iconbox_title' >Posez-nous vos questions<\/span><span class='avia_button_icon avia_button_icon_right' aria-hidden='true' data-av_icon='\ue81f' data-av_iconfont='entypo-fontello'><\/span><\/a><\/div><\/div>\n\n<\/div><\/div><\/div><!-- close content main div --><\/div><\/div>\n<style type=\"text\/css\" data-created_by=\"avia_inline_auto\" id=\"style-css-av-av_section-fd6d31b9e6c1051067bf4e29e5bfbcbb\">\n.avia-section.av-av_section-fd6d31b9e6c1051067bf4e29e5bfbcbb{\nbackground-repeat:no-repeat;\nbackground-image:url(https:\/\/www.belmontevacanze.com\/wp-content\/uploads\/2020\/03\/bg-email.png);\nbackground-position:100% 50%;\nbackground-attachment:scroll;\n}\n<\/style>\n<div id='av_section_2'  class='avia-section av-av_section-fd6d31b9e6c1051067bf4e29e5bfbcbb socket_color avia-section-large avia-no-shadow  avia-builder-el-13  el_after_av_section  avia-builder-el-last  avia-full-contain avia-bg-style-scroll container_wrap fullsize'  data-section-bg-repeat='contain'><div class='container av-section-cont-open' ><div class='template-page content  av-content-full alpha units'><div class='post-entry post-entry-type-page post-entry-2054'><div class='entry-content-wrapper clearfix'>\n\n<style type=\"text\/css\" data-created_by=\"avia_inline_auto\" id=\"style-css-av-av_one_fifth-15d750bd1b332b34c6e70b077ebbccdf\">\n.flex_column.av-av_one_fifth-15d750bd1b332b34c6e70b077ebbccdf{\nborder-radius:0px 0px 0px 0px;\npadding:0px 0px 0px 0px;\n}\n<\/style>\n<div  class='flex_column av-av_one_fifth-15d750bd1b332b34c6e70b077ebbccdf av_one_fifth  avia-builder-el-14  el_before_av_three_fifth  avia-builder-el-first  first flex_column_div av-zero-column-padding  '     ><\/div>\n<style type=\"text\/css\" data-created_by=\"avia_inline_auto\" id=\"style-css-av-av_three_fifth-c8fc129dc35fd1ae2a1e410224d39ea8\">\n.flex_column.av-av_three_fifth-c8fc129dc35fd1ae2a1e410224d39ea8{\nborder-radius:0px 0px 0px 0px;\npadding:0px 0px 0px 0px;\n}\n<\/style>\n<div  class='flex_column av-av_three_fifth-c8fc129dc35fd1ae2a1e410224d39ea8 av_three_fifth  avia-builder-el-15  el_after_av_one_fifth  el_before_av_one_fifth  flex_column_div av-zero-column-padding  '     ><style type=\"text\/css\" data-created_by=\"avia_inline_auto\" id=\"style-css-av-av_textblock-dd2387397296c1a314b0b5f4a3f918a3\">\n#top .av_textblock_section.av-av_textblock-dd2387397296c1a314b0b5f4a3f918a3 .avia_textblock{\ncolor:#ffffff;\n}\n<\/style>\n<section  class='av_textblock_section av-av_textblock-dd2387397296c1a314b0b5f4a3f918a3 '   itemscope=\"itemscope\" itemtype=\"https:\/\/schema.org\/CreativeWork\" ><div class='avia_textblock av_inherit_color'  itemprop=\"text\" ><h3 style=\"text-align: center;\"><span style=\"color: #f8be00;\">Inscrivez-vous &agrave; notre newsletter<\/span><\/h3>\n<p style=\"text-align: center;\"><strong>Vous ne voulez pas r&eacute;server maintenant?<u><br \/>\n<\/u><\/strong>Entrez votre adresse e-mail et recevez imm&eacute;diatement une <strong>offre sp&eacute;ciale <\/strong>pour votre prochain s&eacute;jour.<\/p>\n<p style=\"text-align: center;\"><strong><u>Uniquement pour les 10 premiers nouveaux membres!<\/u><\/strong><\/p>\n<p style=\"text-align: center;\">&nbsp;<\/p>\n<\/div><\/section><br \/>\n<\/p><\/div>\n<style type=\"text\/css\" data-created_by=\"avia_inline_auto\" id=\"style-css-av-av_one_fifth-c8fc129dc35fd1ae2a1e410224d39ea8\">\n.flex_column.av-av_one_fifth-c8fc129dc35fd1ae2a1e410224d39ea8{\nborder-radius:0px 0px 0px 0px;\npadding:0px 0px 0px 0px;\n}\n<\/style>\n<div  class='flex_column av-av_one_fifth-c8fc129dc35fd1ae2a1e410224d39ea8 av_one_fifth  avia-builder-el-18  el_after_av_three_fifth  avia-builder-el-last  flex_column_div av-zero-column-padding  '     ><\/div>\n","protected":false},"excerpt":{"rendered":"","protected":false},"author":3,"featured_media":0,"parent":0,"menu_order":0,"comment_status":"closed","ping_status":"closed","template":"","meta":{"footnotes":""},"class_list":["post-2054","page","type-page","status-publish","hentry"],"_links":{"self":[{"href":"https:\/\/www.belmontevacanze.com\/fr\/wp-json\/wp\/v2\/pages\/2054","targetHints":{"allow":["GET"]}}],"collection":[{"href":"https:\/\/www.belmontevacanze.com\/fr\/wp-json\/wp\/v2\/pages"}],"about":[{"href":"https:\/\/www.belmontevacanze.com\/fr\/wp-json\/wp\/v2\/types\/page"}],"author":[{"embeddable":true,"href":"https:\/\/www.belmontevacanze.com\/fr\/wp-json\/wp\/v2\/users\/3"}],"replies":[{"embeddable":true,"href":"https:\/\/www.belmontevacanze.com\/fr\/wp-json\/wp\/v2\/comments?post=2054"}],"version-history":[{"count":12,"href":"https:\/\/www.belmontevacanze.com\/fr\/wp-json\/wp\/v2\/pages\/2054\/revisions"}],"predecessor-version":[{"id":5568,"href":"https:\/\/www.belmontevacanze.com\/fr\/wp-json\/wp\/v2\/pages\/2054\/revisions\/5568"}],"wp:attachment":[{"href":"https:\/\/www.belmontevacanze.com\/fr\/wp-json\/wp\/v2\/media?parent=2054"}],"curies":[{"name":"wp","href":"https:\/\/api.w.org\/{rel}","templated":true}]}}