{"id":4506,"date":"2019-12-13T14:47:48","date_gmt":"2019-12-13T13:47:48","guid":{"rendered":"https:\/\/www.belmontevacanze.com\/perche-prenotare-direttamente\/"},"modified":"2020-03-25T16:40:12","modified_gmt":"2020-03-25T15:40:12","slug":"pourquoi-reserver-directement","status":"publish","type":"page","link":"https:\/\/www.belmontevacanze.com\/fr\/pourquoi-reserver-directement\/","title":{"rendered":"Pourquoi r\u00e9server directement"},"content":{"rendered":"\n<style type=\"text\/css\" data-created_by=\"avia_inline_auto\" id=\"style-css-av-av_heading-7377e2ff298f1140faca920d770313ad\">\n#top .av-special-heading.av-av_heading-7377e2ff298f1140faca920d770313ad{\npadding-bottom:10px;\n}\nbody .av-special-heading.av-av_heading-7377e2ff298f1140faca920d770313ad .av-special-heading-tag .heading-char{\nfont-size:25px;\n}\n.av-special-heading.av-av_heading-7377e2ff298f1140faca920d770313ad .av-subheading{\nfont-size:16px;\n}\n<\/style>\n<div  class='av-special-heading av-av_heading-7377e2ff298f1140faca920d770313ad av-special-heading-h1 blockquote modern-quote modern-centered  avia-builder-el-0  el_before_av_textblock  avia-builder-el-first '><h1 class='av-special-heading-tag '  itemprop=\"headline\"  >Pourquoi r\u00e9server directement?<\/h1><div class='av-subheading av-subheading_below'><p>D\u00e9couvrez tous les avantages!<\/p>\n<\/div><div class=\"special-heading-border\"><div class=\"special-heading-inner-border\"><\/div><\/div><\/div>\n<section  class='av_textblock_section av-av_textblock-2de302bf1aa3cf4c9157dbe6f50ac7eb '   itemscope=\"itemscope\" itemtype=\"https:\/\/schema.org\/CreativeWork\" ><div class='avia_textblock'  itemprop=\"text\" ><h1 style=\"text-align: center;\"><\/h1>\n<h1 style=\"text-align: center;\">1<\/h1>\n<p style=\"text-align: center;\"><strong>MEILLEUR PRIX ET MEILLEURES CONDITIONS<\/strong><\/p>\n<p style=\"text-align: center;\">En r\u00e9servant sans interm\u00e9diaires, nous garantissons les prix les plus avantageux et la politique d&rsquo;annulation la plus avantageuse.<br \/>\nVous pouvez donc planifier vos vacances sans soucis.<\/p>\n<p style=\"text-align: center;\">\n<p style=\"text-align: center;\">\n<\/div><\/section>\n<section  class='av_textblock_section av-av_textblock-2de302bf1aa3cf4c9157dbe6f50ac7eb '   itemscope=\"itemscope\" itemtype=\"https:\/\/schema.org\/CreativeWork\" ><div class='avia_textblock'  itemprop=\"text\" ><h1 style=\"text-align: center;\">2<\/h1>\n<p style=\"text-align: center;\"><strong>CONTACT DIRECT ET PERSONNALIS\u00c9<\/strong><\/p>\n<p style=\"text-align: center;\">En nous contactant directement, vous pouvez nous informer de vos besoins et pr\u00e9f\u00e9rences.<br \/>\nEnsemble, nous trouverons l&rsquo;appartement parfait, pour vous et votre famille.<\/p>\n<p style=\"text-align: center;\">\n<\/div><\/section>\n<section  class='av_textblock_section av-av_textblock-2de302bf1aa3cf4c9157dbe6f50ac7eb '   itemscope=\"itemscope\" itemtype=\"https:\/\/schema.org\/CreativeWork\" ><div class='avia_textblock'  itemprop=\"text\" ><h1 style=\"text-align: center;\">3<\/h1>\n<p style=\"text-align: center;\"><strong>EXP\u00c9RIENCE ET SERVICE PROFESSIONNEL<\/strong><\/p>\n<p style=\"text-align: center;\">Nous sommes propri\u00e9taires de la ferme depuis 2003 et nous g\u00e9rons la structure avec amour et d\u00e9vouement, en \u00e9coutant les suggestions et les besoins de nos clients et en investissant chaque ann\u00e9e dans quelque chose de nouveau.<\/p>\n<p style=\"text-align: center;\">\n<p style=\"text-align: center;\">\n<\/div><\/section>\n<section  class='av_textblock_section av-av_textblock-2de302bf1aa3cf4c9157dbe6f50ac7eb '   itemscope=\"itemscope\" itemtype=\"https:\/\/schema.org\/CreativeWork\" ><div class='avia_textblock'  itemprop=\"text\" ><h1 style=\"text-align: center;\">4<\/h1>\n<p style=\"text-align: center;\"><strong>LES MEILLEURES VACANCES \u00c0 LA FERME <\/strong><\/p>\n<p style=\"text-align: center;\">Nous sommes en t\u00eate du classement de nombreux sites d&rsquo;avis\u00a0de vacances.<br \/>\nC&rsquo;est pourquoi nos clients d\u00e9cident de revenir en vacances avec nous<br \/>\n&#8230; ann\u00e9e apr\u00e8s ann\u00e9e<\/p>\n<p style=\"text-align: center;\">\n<\/div><\/section>\n<section  class='av_textblock_section av-av_textblock-2de302bf1aa3cf4c9157dbe6f50ac7eb '   itemscope=\"itemscope\" itemtype=\"https:\/\/schema.org\/CreativeWork\" ><div class='avia_textblock'  itemprop=\"text\" ><h1 style=\"text-align: center;\">5<\/h1>\n<p style=\"text-align: center;\"><strong>R\u00c9SERVATION EN LIGNE RAPIDE ET S\u00c9CURIS\u00c9E<\/strong><\/p>\n<p style=\"text-align: center;\">Un seul clic! S\u00e9lectionnez les dates de votre s\u00e9jour, choisissez l&rsquo;h\u00e9bergement que vous pr\u00e9f\u00e9rez et c&rsquo;est fait!<br \/>\nVos donn\u00e9es sont en s\u00e9curit\u00e9 et nous nous occupons du reste.<\/p>\n<\/div><\/section>\n<section  class='av_textblock_section av-av_textblock-2de302bf1aa3cf4c9157dbe6f50ac7eb '   itemscope=\"itemscope\" itemtype=\"https:\/\/schema.org\/CreativeWork\" ><div class='avia_textblock'  itemprop=\"text\" ><h1 style=\"text-align: center;\">6<\/h1>\n<p style=\"text-align: center;\"><strong>CADEAU DE BIENVENUE<\/strong><\/p>\n<p style=\"text-align: center;\">D\u00e8s votre arriv\u00e9e, vous trouverez un petit cadeau de notre part pour vous souhaiter de bonnes vacances et d\u00e9guster un morceau authentique de la Toscane<br \/>\nQu&rsquo;est-ce que c&rsquo;est? &#8230; venez le d\u00e9couvrir!<\/p>\n<\/div><\/section>\n<\/div><\/div><\/div><!-- close content main div --><\/div><\/div>\n<style type=\"text\/css\" data-created_by=\"avia_inline_auto\" id=\"style-css-av-av_section-fd6d31b9e6c1051067bf4e29e5bfbcbb\">\n.avia-section.av-av_section-fd6d31b9e6c1051067bf4e29e5bfbcbb{\nbackground-repeat:no-repeat;\nbackground-image:url(https:\/\/www.belmontevacanze.com\/wp-content\/uploads\/2020\/03\/bg-email.png);\nbackground-position:100% 50%;\nbackground-attachment:scroll;\n}\n<\/style>\n<div id='av_section_1'  class='avia-section av-av_section-fd6d31b9e6c1051067bf4e29e5bfbcbb socket_color avia-section-large avia-no-shadow  avia-builder-el-7  el_after_av_textblock  avia-builder-el-last  avia-full-contain avia-bg-style-scroll container_wrap fullsize'  data-section-bg-repeat='contain'><div class='container av-section-cont-open' ><div class='template-page content  av-content-full alpha units'><div class='post-entry post-entry-type-page post-entry-4506'><div class='entry-content-wrapper clearfix'>\n\n<style type=\"text\/css\" data-created_by=\"avia_inline_auto\" id=\"style-css-av-av_one_fifth-15d750bd1b332b34c6e70b077ebbccdf\">\n.flex_column.av-av_one_fifth-15d750bd1b332b34c6e70b077ebbccdf{\nborder-radius:0px 0px 0px 0px;\npadding:0px 0px 0px 0px;\n}\n<\/style>\n<div  class='flex_column av-av_one_fifth-15d750bd1b332b34c6e70b077ebbccdf av_one_fifth  avia-builder-el-8  el_before_av_three_fifth  avia-builder-el-first  first flex_column_div av-zero-column-padding  '     ><\/div>\n<style type=\"text\/css\" data-created_by=\"avia_inline_auto\" id=\"style-css-av-av_three_fifth-c8fc129dc35fd1ae2a1e410224d39ea8\">\n.flex_column.av-av_three_fifth-c8fc129dc35fd1ae2a1e410224d39ea8{\nborder-radius:0px 0px 0px 0px;\npadding:0px 0px 0px 0px;\n}\n<\/style>\n<div  class='flex_column av-av_three_fifth-c8fc129dc35fd1ae2a1e410224d39ea8 av_three_fifth  avia-builder-el-9  el_after_av_one_fifth  el_before_av_one_fifth  flex_column_div av-zero-column-padding  '     ><style type=\"text\/css\" data-created_by=\"avia_inline_auto\" id=\"style-css-av-av_textblock-dd2387397296c1a314b0b5f4a3f918a3\">\n#top .av_textblock_section.av-av_textblock-dd2387397296c1a314b0b5f4a3f918a3 .avia_textblock{\ncolor:#ffffff;\n}\n<\/style>\n<section  class='av_textblock_section av-av_textblock-dd2387397296c1a314b0b5f4a3f918a3 '   itemscope=\"itemscope\" itemtype=\"https:\/\/schema.org\/CreativeWork\" ><div class='avia_textblock av_inherit_color'  itemprop=\"text\" ><h3 style=\"text-align: center;\"><span style=\"color: #f8be00;\">Inscrivez-vous \u00e0 notre newsletter<\/span><\/h3>\n<p style=\"text-align: center;\"><strong>Vous ne voulez pas r\u00e9server maintenant?<u><br \/>\n<\/u><\/strong>Entrez votre adresse e-mail et recevez imm\u00e9diatement une <strong>offre sp\u00e9ciale <\/strong>pour votre prochain s\u00e9jour.<\/p>\n<p style=\"text-align: center;\"><strong><u>Uniquement pour les 20 premiers nouveaux membres!<\/u><\/strong><\/p>\n<p style=\"text-align: center;\">\u00a0<\/p>\n<\/div><\/section><br \/>\n<\/p><\/div>\n<style type=\"text\/css\" data-created_by=\"avia_inline_auto\" id=\"style-css-av-av_one_fifth-c8fc129dc35fd1ae2a1e410224d39ea8\">\n.flex_column.av-av_one_fifth-c8fc129dc35fd1ae2a1e410224d39ea8{\nborder-radius:0px 0px 0px 0px;\npadding:0px 0px 0px 0px;\n}\n<\/style>\n<div  class='flex_column av-av_one_fifth-c8fc129dc35fd1ae2a1e410224d39ea8 av_one_fifth  avia-builder-el-12  el_after_av_three_fifth  avia-builder-el-last  flex_column_div av-zero-column-padding  '     ><\/div>\n\n","protected":false},"excerpt":{"rendered":"","protected":false},"author":3,"featured_media":0,"parent":0,"menu_order":0,"comment_status":"closed","ping_status":"closed","template":"","meta":{"footnotes":""},"class_list":["post-4506","page","type-page","status-publish","hentry"],"_links":{"self":[{"href":"https:\/\/www.belmontevacanze.com\/fr\/wp-json\/wp\/v2\/pages\/4506","targetHints":{"allow":["GET"]}}],"collection":[{"href":"https:\/\/www.belmontevacanze.com\/fr\/wp-json\/wp\/v2\/pages"}],"about":[{"href":"https:\/\/www.belmontevacanze.com\/fr\/wp-json\/wp\/v2\/types\/page"}],"author":[{"embeddable":true,"href":"https:\/\/www.belmontevacanze.com\/fr\/wp-json\/wp\/v2\/users\/3"}],"replies":[{"embeddable":true,"href":"https:\/\/www.belmontevacanze.com\/fr\/wp-json\/wp\/v2\/comments?post=4506"}],"version-history":[{"count":4,"href":"https:\/\/www.belmontevacanze.com\/fr\/wp-json\/wp\/v2\/pages\/4506\/revisions"}],"predecessor-version":[{"id":10162,"href":"https:\/\/www.belmontevacanze.com\/fr\/wp-json\/wp\/v2\/pages\/4506\/revisions\/10162"}],"wp:attachment":[{"href":"https:\/\/www.belmontevacanze.com\/fr\/wp-json\/wp\/v2\/media?parent=4506"}],"curies":[{"name":"wp","href":"https:\/\/api.w.org\/{rel}","templated":true}]}}