{"id":5231,"date":"2020-03-24T16:16:18","date_gmt":"2020-03-24T15:16:18","guid":{"rendered":"https:\/\/www.belmontevacanze.com\/?page_id=5231"},"modified":"2020-03-25T10:59:18","modified_gmt":"2020-03-25T09:59:18","slug":"cours-de-cuisine","status":"publish","type":"page","link":"https:\/\/www.belmontevacanze.com\/fr\/cours-de-cuisine\/","title":{"rendered":"Cours de cuisine"},"content":{"rendered":"<div id='full_slider_1'  class='avia-fullwidth-slider main_color avia-shadow   avia-builder-el-0  el_before_av_one_half  avia-builder-el-first   container_wrap fullsize'  ><div  class='avia-slideshow av-av_slideshow_full-32de997090c749a8c82b86d1ff824dd4 avia-slideshow-featured av_slideshow_full avia-slide-slider av-slideshow-ui av-control-default av-slideshow-manual av-loop-once av-loop-manual-endless av-default-height-applied   avia-slideshow-1' data-slideshow-options=\"{&quot;animation&quot;:&quot;slide&quot;,&quot;autoplay&quot;:false,&quot;loop_autoplay&quot;:&quot;once&quot;,&quot;interval&quot;:5,&quot;loop_manual&quot;:&quot;manual-endless&quot;,&quot;autoplay_stopper&quot;:false,&quot;noNavigation&quot;:false,&quot;bg_slider&quot;:false,&quot;keep_padding&quot;:false,&quot;hoverpause&quot;:false,&quot;show_slide_delay&quot;:0}\"  itemprop=\"image\" itemscope=\"itemscope\" itemtype=\"https:\/\/schema.org\/ImageObject\" ><ul class='avia-slideshow-inner ' style='padding-bottom: 69.243156199678%;'><li  class='avia-slideshow-slide av-av_slideshow_full-32de997090c749a8c82b86d1ff824dd4__0  av-single-slide slide-1 slide-odd'><div data-rel='slideshow-1' class='avia-slide-wrap '   ><img decoding=\"async\" fetchpriority=\"high\" class=\"wp-image-5246 avia-img-lazy-loading-not-5246\"  src=\"https:\/\/www.belmontevacanze.com\/wp-content\/uploads\/2020\/03\/ingredienti-cucina-mediterranea-e1585070548745-621x430.jpg\" width=\"621\" height=\"430\" title='ingredienti cucina mediterranea' alt=''  itemprop=\"thumbnailUrl\"   \/><\/div><\/li><\/ul><\/div><\/div><div id='after_full_slider_1'  class='main_color av_default_container_wrap container_wrap fullsize'  ><div class='container av-section-cont-open' ><div class='template-page content  av-content-full alpha units'><div class='post-entry post-entry-type-page post-entry-5231'><div class='entry-content-wrapper clearfix'>\n\n<style type=\"text\/css\" data-created_by=\"avia_inline_auto\" id=\"style-css-av-av_one_half-15d750bd1b332b34c6e70b077ebbccdf\">\n.flex_column.av-av_one_half-15d750bd1b332b34c6e70b077ebbccdf{\nborder-radius:0px 0px 0px 0px;\npadding:0px 0px 0px 0px;\n}\n<\/style>\n<div  class='flex_column av-av_one_half-15d750bd1b332b34c6e70b077ebbccdf av_one_half  avia-builder-el-1  el_after_av_slideshow_full  el_before_av_one_half  avia-builder-el-first  first flex_column_div av-zero-column-padding  '     ><article  class='iconbox iconbox_top av-av_icon_box-eb3105ebe558c2d70ad14dff251d7c66  avia-builder-el-2  avia-builder-el-no-sibling  main_color'  itemscope=\"itemscope\" itemtype=\"https:\/\/schema.org\/CreativeWork\" ><div class=\"iconbox_content\"><header class=\"entry-content-header\" aria-label=\"Icon: INFO COURS DE CUISINE\"><div class=\"iconbox_icon heading-color\" aria-hidden='true' data-av_icon='\ue81f' data-av_iconfont='entypo-fontello'><\/div><h3 class='iconbox_content_title '  itemprop=\"headline\" >INFO COURS DE CUISINE<\/h3><\/header><div class='iconbox_content_container '  itemprop=\"text\" ><p style=\"text-align: center;\"><strong>Jour pr\u00e9vu<\/strong><strong>:<\/strong> jeudi<\/p>\n<p style=\"text-align: center;\"><strong>Confirmation avant:<\/strong> mardi \u00e0 12h00<\/p>\n<p style=\"text-align: center;\"><strong>Min &#8211; Max participants: <\/strong>4-12<\/p>\n<p style=\"text-align: center;\"><strong>\u00c2ge minimum: <\/strong>14 ans<\/p>\n<p style=\"text-align: center;\"><strong>Prix: <\/strong>120 \u20ac par personne (110 \u20ac avec plus de 6 personnes &#8211; 20% de r\u00e9duction pour les enfants de 14 \u00e0 18 ans)<\/p>\n<p style=\"text-align: center;\"><strong>Point de rencontre: <\/strong>Podere La Casetta, Via Poggio all\u2019Aglione 36, Montaione<\/p>\n<p style=\"text-align: center;\"><strong>Dur\u00e9e: <\/strong>3 heures<\/p>\n<\/div><\/div><footer class=\"entry-footer\"><\/footer><\/article><\/div>\n\n<style type=\"text\/css\" data-created_by=\"avia_inline_auto\" id=\"style-css-av-av_one_half-c8fc129dc35fd1ae2a1e410224d39ea8\">\n.flex_column.av-av_one_half-c8fc129dc35fd1ae2a1e410224d39ea8{\nborder-radius:0px 0px 0px 0px;\npadding:0px 0px 0px 0px;\n}\n<\/style>\n<div  class='flex_column av-av_one_half-c8fc129dc35fd1ae2a1e410224d39ea8 av_one_half  avia-builder-el-3  el_after_av_one_half  avia-builder-el-last  flex_column_div av-zero-column-padding  '     ><section  class='av_textblock_section av-av_textblock-2de302bf1aa3cf4c9157dbe6f50ac7eb '   itemscope=\"itemscope\" itemtype=\"https:\/\/schema.org\/CreativeWork\" ><div class='avia_textblock'  itemprop=\"text\" ><h3 style=\"text-align: center;\">DESCRIPTION DE L&rsquo;EXP\u00c9RIENCE<\/h3>\n<p>La <strong>Toscane est synonyme de tradition<\/strong>. Et c&rsquo;est la saveur de la tradition que nous d\u00e9couvrirons avec ce cours de cuisine. Ces recettes sont appel\u00e9es <strong>\u00ab\u00a0plats pauvres\u00a0\u00bb<\/strong>: cela signifie que les ingr\u00e9dients sont simples, \u00e9labor\u00e9s selon les <strong>recettes \u00e9crites \u00e0 la main par nos grands-m\u00e8res<\/strong>. Ce sont des plats n\u00e9s du besoin, des <strong>mati\u00e8res premi\u00e8res saisonni\u00e8res<\/strong> disponibles et qui, au fil des ans, ont trouv\u00e9 un endroit que nous pouvons d\u00e9finir comme l\u00e9gendaire parmi les recettes toscanes. Alors venez cuisiner comme si vous \u00e9tiez chez vous avec nous!<\/p>\n<p><strong>Le menu propose:<\/strong><\/p>\n<ul>\n<li><strong>Ricotta gnudi<\/strong> (premier plat \u00e0 base d&rsquo;\u00e9pinards et de ricotta)<\/li>\n<li><strong>Poulet fricass\u00e9e<\/strong> (poulet cuit avec du beurre et des herbes)<\/li>\n<li><strong>Morue au Zimino<\/strong> (Morue cuite aux l\u00e9gumes)<\/li>\n<li><strong>Schiacciata Fiorentina<\/strong> (dessert typique florentin)<\/li>\n<\/ul>\n<p>\u00a0<\/p>\n<p>\u00a0<\/p>\n<p>En plus de l&rsquo;explication des <strong>techniques<\/strong>, les recettes seront d\u00e9crites avec des <strong>notes historiques<\/strong>, avec une attention particuli\u00e8re aux habitudes des fermes toscanes entre les deux guerres. Et \u00e0 la fin, il y aura un <strong>d\u00e9jeuner avec d\u00e9gustation de vin<\/strong>.<\/p>\n<\/div><\/section><\/div>\n","protected":false},"excerpt":{"rendered":"","protected":false},"author":3,"featured_media":0,"parent":0,"menu_order":0,"comment_status":"closed","ping_status":"closed","template":"","meta":{"footnotes":""},"class_list":["post-5231","page","type-page","status-publish","hentry"],"_links":{"self":[{"href":"https:\/\/www.belmontevacanze.com\/fr\/wp-json\/wp\/v2\/pages\/5231","targetHints":{"allow":["GET"]}}],"collection":[{"href":"https:\/\/www.belmontevacanze.com\/fr\/wp-json\/wp\/v2\/pages"}],"about":[{"href":"https:\/\/www.belmontevacanze.com\/fr\/wp-json\/wp\/v2\/types\/page"}],"author":[{"embeddable":true,"href":"https:\/\/www.belmontevacanze.com\/fr\/wp-json\/wp\/v2\/users\/3"}],"replies":[{"embeddable":true,"href":"https:\/\/www.belmontevacanze.com\/fr\/wp-json\/wp\/v2\/comments?post=5231"}],"version-history":[{"count":11,"href":"https:\/\/www.belmontevacanze.com\/fr\/wp-json\/wp\/v2\/pages\/5231\/revisions"}],"predecessor-version":[{"id":5582,"href":"https:\/\/www.belmontevacanze.com\/fr\/wp-json\/wp\/v2\/pages\/5231\/revisions\/5582"}],"wp:attachment":[{"href":"https:\/\/www.belmontevacanze.com\/fr\/wp-json\/wp\/v2\/media?parent=5231"}],"curies":[{"name":"wp","href":"https:\/\/api.w.org\/{rel}","templated":true}]}}