{"id":7557,"date":"2021-11-15T18:18:32","date_gmt":"2021-11-15T17:18:32","guid":{"rendered":"https:\/\/www.belmontevacanze.com\/adotta-uno-dei-ns-ulivi-diventa-un-agricoltore-bio-dell-eco-bio-agriturismo-belmonte-vacanze\/"},"modified":"2024-11-07T09:33:03","modified_gmt":"2024-11-07T08:33:03","slug":"adoptez-un-olivier-bio-devenez-agriculteur-bio-sur-notre-plantation","status":"publish","type":"page","link":"https:\/\/www.belmontevacanze.com\/fr\/adoptez-un-olivier-bio-devenez-agriculteur-bio-sur-notre-plantation\/","title":{"rendered":"Adoptez un olivier bio, devenez agriculteur bio de notre plantation."},"content":{"rendered":"<div id='av-masonry-1' class='av-masonry av-knhi07a0-40589b713241769ce49e74072d1b61bf noHover av-fixed-size av-large-gap av-hover-overlay-active av-masonry-animation-active av-masonry-col-flexible av-caption-always av-caption-style- av-masonry-gallery ' data-post_id=\"7557\"><div class=\"av-masonry-container isotope av-js-disabled\"><div class='av-masonry-entry isotope-item av-masonry-item-no-image '><\/div><div id='av-masonry-1-item-7187' data-av-masonry-item='7187' class='av-masonry-entry isotope-item post-7187 attachment type-attachment status-inherit hentry  av-masonry-item-with-image'    itemprop=\"thumbnailUrl\" ><div class='av-inner-masonry-sizer'><\/div><figure class='av-inner-masonry main_color'><div class=\"av-masonry-outerimage-container\"><div class='av-masonry-image-container' style=\"background-image: url(https:\/\/www.belmontevacanze.com\/wp-content\/uploads\/2021\/04\/adotta.olivo7_-705x469.jpg);\"  title=\"adotta.olivo7\" ><\/div><\/div><\/figure><\/div><!--end av-masonry entry--><div id='av-masonry-1-item-7181' data-av-masonry-item='7181' class='av-masonry-entry isotope-item post-7181 attachment type-attachment status-inherit hentry  av-masonry-item-with-image'    itemprop=\"thumbnailUrl\" ><div class='av-inner-masonry-sizer'><\/div><figure class='av-inner-masonry main_color'><div class=\"av-masonry-outerimage-container\"><div class='av-masonry-image-container' style=\"background-image: url(https:\/\/www.belmontevacanze.com\/wp-content\/uploads\/2021\/04\/adotta.olivo2_-705x469.jpg);\"  title=\"adotta.olivo2\" ><\/div><\/div><\/figure><\/div><!--end av-masonry entry--><div id='av-masonry-1-item-7157' data-av-masonry-item='7157' class='av-masonry-entry isotope-item post-7157 attachment type-attachment status-inherit hentry  av-masonry-item-with-image'    itemprop=\"thumbnailUrl\" ><div class='av-inner-masonry-sizer'><\/div><figure class='av-inner-masonry main_color'><div class=\"av-masonry-outerimage-container\"><div class='av-masonry-image-container' style=\"background-image: url(https:\/\/www.belmontevacanze.com\/wp-content\/uploads\/2021\/04\/olio.adozione-529x705.jpeg);\"  title=\"olio.adozione\" ><\/div><\/div><\/figure><\/div><!--end av-masonry entry--><div id='av-masonry-1-item-7225' data-av-masonry-item='7225' class='av-masonry-entry isotope-item post-7225 attachment type-attachment status-inherit hentry  av-masonry-item-with-image'    itemprop=\"thumbnailUrl\" ><div class='av-inner-masonry-sizer'><\/div><figure class='av-inner-masonry main_color'><div class=\"av-masonry-outerimage-container\"><div class='av-masonry-image-container' style=\"background-image: url(https:\/\/www.belmontevacanze.com\/wp-content\/uploads\/2021\/04\/olive.montaione-705x468.jpg);\"  title=\"olive.montaione\" ><\/div><\/div><\/figure><\/div><!--end av-masonry entry--><\/div><\/div>\n<div  class='avia-video av-ko171mvj-e86e2d33170c4184873e6ec4dc6852f9 avia-video-16-9 av-no-preview-image avia-video-load-always av-lazyload-immediate av-lazyload-video-embed'  itemprop=\"video\" itemtype=\"https:\/\/schema.org\/VideoObject\"  data-original_url='https:\/\/www.youtube.com\/watch?v=Ye6VkpTY-F4'><script type='text\/html' class='av-video-tmpl'><div class='avia-iframe-wrap'><iframe loading=\"lazy\" title=\"Adopt an olive tree in Tuscany,Italy\" width=\"1500\" height=\"844\" src=\"https:\/\/www.youtube.com\/embed\/Ye6VkpTY-F4?feature=oembed&autoplay=0&loop=0&controls=1&mute=0\" frameborder=\"0\" allow=\"accelerometer; autoplay; clipboard-write; encrypted-media; gyroscope; picture-in-picture; web-share\" allowfullscreen><\/iframe><\/div><\/script><div class='av-click-to-play-overlay'><div class=\"avia_playpause_icon\"><\/div><\/div><\/div>\n\n<section  class='av_textblock_section av-knbvph1a-0ee8d3294c5d7e2e5336386c84606543 '   itemscope=\"itemscope\" itemtype=\"https:\/\/schema.org\/CreativeWork\" ><div class='avia_textblock'  itemprop=\"text\" ><h1>Adoptez un olivier bio, devenez agriculteur bio de notre plantation.<\/h1>\n<p>Vous aussi, vous pouvez soutenir la production d&rsquo;huile biologique Belmonte et devenir agriculteur biologique sur <strong>notre oliveraie<\/strong>.<br \/>\n<strong>Adoptez<\/strong> <strong>un de nos oliviers<\/strong> et <strong>assurez-vous<\/strong> chaque ann\u00e9e <strong>l&rsquo;huile bio produite \u00e0 partir de votre olivier<\/strong> de notre plantation biologique en Toscane.<br \/>\nVous pourrez recevoir<strong> l&rsquo;huile bio produite par votre arbre directement chez vous.<\/strong><\/p>\n<p>En adoptant un olivier de notre plantation, <strong>vous vous lierez \u00e0 notre terre<\/strong>, \u00e0 notre famille et <strong>vous nous aiderez<\/strong> \u00e0 continuer \u00e0 cultiver et produire notre huile en suivant le <strong>protocole biologique difficile<\/strong>, on\u00e9reux mais <strong>important<\/strong>, un d\u00e9fi et une philosophie de culture qui nous pouvons continuer \u00e0 soutenir, <strong>gr\u00e2ce \u00e0 votre aide<\/strong>.<\/p>\n<p>De nombreux producteurs <strong>abandonnent leurs oliveraies<\/strong> en Toscane <strong>en raison des co\u00fbts \u00e9lev\u00e9s<\/strong> et renoncent \u00e0 produire de l&rsquo;huile selon la m\u00e9thode biologique.<\/p>\n<p>Nous ne voulons pas c\u00e9der \u00e0 cette logique et nous pensons que <strong>gr\u00e2ce \u00e9galement \u00e0 votre aide<\/strong>, nous pouvons continuer \u00e0 <strong>produire de l&rsquo;huile<\/strong> en suivant la philosophie de la <strong>m\u00e9thode de culture biologique<\/strong>.<\/p>\n<p>Avec votre soutien, <strong>vous contribuez \u00e0 la protection du paysage<\/strong> de notre <strong>petit coin de Toscane<\/strong> tout en profitant de <strong>votre pr\u00e9cieuse r\u00e9colte<\/strong> chez vous, en d\u00e9gustant l&rsquo;huile biologique qui est aussi le <strong>fruit de votre engagement<\/strong>.<\/p>\n<\/div><\/section>\n<section  class='av_textblock_section av-knbvrpko-905cab2e917a42cbd7bc2e7ce3b1a9c5 '   itemscope=\"itemscope\" itemtype=\"https:\/\/schema.org\/CreativeWork\" ><div class='avia_textblock'  itemprop=\"text\" ><h2 style=\"text-align: center;\">Ce que vous obtiendrez\u00a0:<\/h2>\n<\/div><\/section>\n<div  class='avia-icon-list-container av-knbw4yx2-eab76b97b42f180207b26f72ad8cef20  avia-builder-el-5  el_after_av_textblock  el_before_av_hr '><ul class='avia-icon-list avia_animate_when_almost_visible avia-icon-list-left av-iconlist-big av-knbw4yx2-eab76b97b42f180207b26f72ad8cef20 avia-iconlist-animate'>\n<li><div class='iconlist_icon av-av_iconlist_item-8cc3f77ee2f2a282174dd4c9a03af13d avia-font-entypo-fontello'><span class='iconlist-char' aria-hidden='true' data-av_icon='\ue8cd' data-av_iconfont='entypo-fontello'><\/span><\/div><article class=\"article-icon-entry av-iconlist-empty\"  itemscope=\"itemscope\" itemtype=\"https:\/\/schema.org\/CreativeWork\" ><div class=\"iconlist_content_wrap\"><header class=\"entry-content-header\" aria-label=\"Icon: 6 litres d\u2019huile bio que nous vous renvoyons chez vous (valeur 138\u20ac + frais de port)\"><h4 class='av_iconlist_title iconlist_title  '  itemprop=\"headline\" >6 litres d\u2019huile bio que nous vous renvoyons chez vous (valeur 138\u20ac + frais de port)<\/h4><\/header><div class='iconlist_content '  itemprop=\"text\" ><\/div><\/div><footer class=\"entry-footer\"><\/footer><\/article><div class=\"iconlist-timeline\"><\/div><\/li>\n<li><div class='iconlist_icon av-av_iconlist_item-e2858edca459b14c474601e6d4a566f7 avia-font-entypo-fontello'><span class='iconlist-char' aria-hidden='true' data-av_icon='\ue807' data-av_iconfont='entypo-fontello'><\/span><\/div><article class=\"article-icon-entry av-iconlist-empty\"  itemscope=\"itemscope\" itemtype=\"https:\/\/schema.org\/CreativeWork\" ><div class=\"iconlist_content_wrap\"><header class=\"entry-content-header\" aria-label=\"Icon: Une plaque personnalis\u00e9e avec votre nom ou d\u00e9di\u00e9e \u00e0 qui vous voulez accroch\u00e9e \u00e0 votre olivier \"><h4 class='av_iconlist_title iconlist_title  '  itemprop=\"headline\" >Une plaque personnalis\u00e9e avec votre nom ou d\u00e9di\u00e9e \u00e0 qui vous voulez accroch\u00e9e \u00e0 votre olivier <\/h4><\/header><div class='iconlist_content '  itemprop=\"text\" ><\/div><\/div><footer class=\"entry-footer\"><\/footer><\/article><div class=\"iconlist-timeline\"><\/div><\/li>\n<li><div class='iconlist_icon av-av_iconlist_item-54923d3bea6bba8b17c35b74af54e5c5 avia-font-entypo-fontello'><span class='iconlist-char' aria-hidden='true' data-av_icon='\ue8a8' data-av_iconfont='entypo-fontello'><\/span><\/div><article class=\"article-icon-entry av-iconlist-empty\"  itemscope=\"itemscope\" itemtype=\"https:\/\/schema.org\/CreativeWork\" ><div class=\"iconlist_content_wrap\"><header class=\"entry-content-header\" aria-label=\"Icon: Le certificat officiel d\u2018adoption et le titre honorifique d\u2019agriculteur biologique de la ferme \u00e9co-bio Belmonte Vacanze\"><h4 class='av_iconlist_title iconlist_title  '  itemprop=\"headline\" >Le certificat officiel d\u2018adoption et le titre honorifique d\u2019agriculteur biologique de la ferme \u00e9co-bio Belmonte Vacanze<\/h4><\/header><div class='iconlist_content '  itemprop=\"text\" ><\/div><\/div><footer class=\"entry-footer\"><\/footer><\/article><div class=\"iconlist-timeline\"><\/div><\/li>\n<li><div class='iconlist_icon av-av_iconlist_item-114d10c447e5ddbb5deec751c8a773bc avia-font-entypo-fontello'><span class='iconlist-char' aria-hidden='true' data-av_icon='\ue866' data-av_iconfont='entypo-fontello'><\/span><\/div><article class=\"article-icon-entry av-iconlist-empty\"  itemscope=\"itemscope\" itemtype=\"https:\/\/schema.org\/CreativeWork\" ><div class=\"iconlist_content_wrap\"><header class=\"entry-content-header\" aria-label=\"Icon: La possibilit\u00e9 de venir quand vous voulez prendre soin de votre olivier ou participer \u00e0 la r\u00e9colte\"><h4 class='av_iconlist_title iconlist_title  '  itemprop=\"headline\" >La possibilit\u00e9 de venir quand vous voulez prendre soin de votre olivier ou participer \u00e0 la r\u00e9colte<\/h4><\/header><div class='iconlist_content '  itemprop=\"text\" ><\/div><\/div><footer class=\"entry-footer\"><\/footer><\/article><div class=\"iconlist-timeline\"><\/div><\/li>\n<\/ul><\/div>\n<div  class='hr av-slten-1f04bd3b07d9e55eaf04e64953e41843 hr-default  avia-builder-el-6  el_after_av_iconlist  el_before_av_testimonials '><span class='hr-inner '><span class=\"hr-inner-style\"><\/span><\/span><\/div>\n<div  class='avia-testimonial-wrapper av-knd6fpjp-c833e76f810b69cc946258a13e48894c avia-slider-testimonials avia-slider-1-testimonials avia_animate_when_almost_visible av-slideshow-ui av-control-default av-slider-hover-pause av-slideshow-autoplay av-loop-endless av-loop-manual-endless' data-slideshow-options=\"{&quot;animation&quot;:&quot;fade&quot;,&quot;autoplay&quot;:true,&quot;loop_autoplay&quot;:&quot;endless&quot;,&quot;interval&quot;:5,&quot;loop_manual&quot;:&quot;manual-endless&quot;,&quot;autoplay_stopper&quot;:false,&quot;noNavigation&quot;:false,&quot;bg_slider&quot;:false,&quot;keep_padding&quot;:&quot;&quot;,&quot;hoverpause&quot;:true,&quot;show_slide_delay&quot;:0}\">\n<section class=\"avia-testimonial-row\"><div class='avia-testimonial av-av_testimonial_single-faa9c3edf320ee6a4ea334581be9adc7 avia-testimonial-row-1 avia-first-testimonial flex_column no_margin av_one_full'><div class='avia-testimonial_inner'  itemscope=\"itemscope\" itemtype=\"https:\/\/schema.org\/CreativeWork\" ><div class='avia-testimonial-content '><div class='avia-testimonial-markup-entry-content'  itemprop=\"text\" ><p><em>Nous avons d\u00e9cid\u00e9 d&rsquo;adopter un jeune olivier bio en 2021.<\/em><\/p>\n<p><em>Nous avons ainsi re\u00e7u 10 litres de tr\u00e8s bonne huile bio et nous nous sommes sentis partie prenante de cette huile pr\u00e9cieuse et d\u00e9licieuse.<\/em><\/p>\n<p><em>Savoir que gr\u00e2ce \u00e0 notre aide, la famille Belmonte Vacanze peut continuer \u00e0 cultiver la plantation selon la m\u00e9thode biologique, nous donne une grande satisfaction.<\/em><\/p>\n<\/div><\/div><div class=\"avia-testimonial-meta\"><div class=\"avia-testimonial-arrow-wrap\"><div class=\"avia-arrow\"><\/div><\/div><div class='avia-testimonial-meta-mini'  itemprop=\"author\" itemscope=\"itemscope\" itemtype=\"https:\/\/schema.org\/Person\" ><strong  class='avia-testimonial-name'  itemprop=\"name\" >Francesca et Daniele<\/strong><span  class='avia-testimonial-subtitle '  itemprop=\"jobTitle\" >12-04-2021<\/span><\/div><\/div><\/div><\/div>\n<\/section><div class='avia-slideshow-arrows avia-slideshow-controls' ><a href='#prev' class='prev-slide ' aria-hidden='true' data-av_icon='\ue87c' data-av_iconfont='entypo-fontello'  tabindex='-1'>Pr\u00e9c\u00e9dent<\/a><a href='#next' class='next-slide ' aria-hidden='true' data-av_icon='\ue87d' data-av_iconfont='entypo-fontello'  tabindex='-1'>Suivant<\/a><\/div><\/div>\n<div  class='hr av-5bb5lr-dd29edddba659de8de71f7796924290c hr-default  avia-builder-el-8  el_after_av_testimonials  el_before_av_textblock '><span class='hr-inner '><span class=\"hr-inner-style\"><\/span><\/span><\/div>\n<section  class='av_textblock_section av-knbvrpko-905cab2e917a42cbd7bc2e7ce3b1a9c5 '   itemscope=\"itemscope\" itemtype=\"https:\/\/schema.org\/CreativeWork\" ><div class='avia_textblock'  itemprop=\"text\" ><h2 style=\"text-align: center;\">D\u00e9couvrez qui sont les producteurs bio qui ont d\u00e9j\u00e0 adopt\u00e9 un de nos oliviers :<\/h2>\n<\/div><\/section>\n\n<div  class='hr av-4iax0f-e18f8409f10d6666724e7c5ba6e56e19 hr-default  avia-builder-el-11  el_after_av_codeblock  el_before_av_font_icon '><span class='hr-inner '><span class=\"hr-inner-style\"><\/span><\/span><\/div>\n\n<style type=\"text\/css\" data-created_by=\"avia_inline_auto\" id=\"style-css-av-knd8g9ae-eac5e86e88a925813d6e412b868fe432\">\n.av_font_icon.av-knd8g9ae-eac5e86e88a925813d6e412b868fe432{\ncolor:#d689af;\nborder-color:#d689af;\n}\n.av_font_icon.av-knd8g9ae-eac5e86e88a925813d6e412b868fe432 .av-icon-char{\nfont-size:40px;\nline-height:40px;\n}\n<\/style>\n<span  class='av_font_icon av-knd8g9ae-eac5e86e88a925813d6e412b868fe432 avia_animate_when_visible av-icon-style- avia-icon-pos-center avia-icon-animate'><span class='av-icon-char' aria-hidden='true' data-av_icon='\ue807' data-av_iconfont='entypo-fontello' ><\/span><\/span>\n<section  class='av_textblock_section av-knbvrpko-f7a0d7528844997450d2e498fee07249 '   itemscope=\"itemscope\" itemtype=\"https:\/\/schema.org\/CreativeWork\" ><div class='avia_textblock'  itemprop=\"text\" ><h2 style=\"text-align: center;\">Offrez un olivier adopt\u00e9 \u00e0 ceux que vous aimez<\/h2>\n<p>Offrir un olivier bio est un cadeau pens\u00e9 avec le c\u0153ur qu&rsquo;on peut <strong>offrir \u00e0 une personne qu&rsquo;on aime<\/strong>.<\/p>\n<p>En donnant un olivier adopt\u00e9, vous donnerez quelque chose de fortement<strong> li\u00e9 \u00e0 notre terre<\/strong>, quelque chose de <strong>profond et durable<\/strong>.<\/p>\n<p>Ceux qui re\u00e7oivent un olivier adopt\u00e9 en cadeau <strong>recevront l&rsquo;huile biologique<\/strong> produite par l&rsquo;arbre adopt\u00e9, <strong>le certificat d&rsquo;agriculteur biologique<\/strong> de la plantation de la ferme \u00e9co-bio Belmonte Vacanze et une <strong>plaque artisanale avec leur nom<\/strong> accroch\u00e9e \u00e0 l&rsquo;olivier adopt\u00e9.<\/p>\n<p>Et aussi ils <strong>peuvent venir chercher leur arbre quand ils le souhaitent<\/strong> dans notre ferme et participer \u00e0 la r\u00e9colte.<\/p>\n<\/div><\/section>\n<div  class='hr av-39fh5b-a6742ee739ada88123b1507b1621b21c hr-default  avia-builder-el-14  el_after_av_textblock  el_before_av_contact '><span class='hr-inner '><span class=\"hr-inner-style\"><\/span><\/span><\/div>\n<form action=\"https:\/\/www.belmontevacanze.com\/fr\/adoptez-un-olivier-bio-devenez-agriculteur-bio-sur-notre-plantation\/\" method=\"post\" data-fields-with-error=\"Erreurs trouv\u00e9es dans les champs suivants :\" class=\"avia_ajax_form av-form-labels-visible   avia-builder-el-15  el_after_av_hr  avia-builder-el-last   \" data-avia-form-id=\"1\" data-avia-redirect='' ><h3 class=''>Scrivici e adotta il tuo olivo:<\/h3><fieldset><p class='  first_form  form_element form_fullwidth' id='element_avia_1_1'><label for=\"avia_1_1\">Nome <abbr class=\"required\" title=\"requis(e)\">*<\/abbr><\/label> <input name=\"avia_1_1\" class=\"text_input is_empty\" type=\"text\" id=\"avia_1_1\" value=\"\" \/><\/p><p class='  first_form  form_element form_fullwidth' id='element_avia_2_1'><label for=\"avia_2_1\">E-Mail <abbr class=\"required\" title=\"requis(e)\">*<\/abbr><\/label> <input name=\"avia_2_1\" class=\"text_input is_email\" type=\"text\" id=\"avia_2_1\" value=\"\" \/><\/p><p class='  first_form  form_element form_fullwidth' id='element_avia_3_1'><label for=\"avia_3_1\">Oggetto <abbr class=\"required\" title=\"requis(e)\">*<\/abbr><\/label> <input name=\"avia_3_1\" class=\"text_input is_empty\" type=\"text\" id=\"avia_3_1\" value=\"\" \/><\/p><p class='  first_form  form_element form_fullwidth' id='element_avia_4_1'><label for=\"avia_4_1\" class=\"textare_label hidden textare_label_avia_4_1\">Messaggio <abbr class=\"required\" title=\"requis(e)\">*<\/abbr><\/label><textarea  name=\"avia_4_1\" class=\"text_area is_empty\" cols=\"40\" rows=\"7\" id=\"avia_4_1\" ><\/textarea><\/p><p class=\"hidden\"><input type=\"text\" name=\"avia_5_1\" class=\"hidden \" id=\"avia_5_1\" value=\"\" \/><\/p><p class='   form_element form_fullwidth' id='element_avia_6_1'><span class='value_verifier_label'>2 + 5 = ?<\/span><input name=\"avia_6_1_verifier\" type=\"hidden\" id=\"avia_6_1_verifier\" value=\"774832877\"\/><label for=\"avia_6_1\">Merci de prouver que vous \u00eates un humain en donnant le r\u00e9sultat de cette op\u00e9ration <abbr class=\"required\" title=\"requis(e)\">*<\/abbr><\/label><input name=\"avia_6_1\" class=\"text_input captcha\" type=\"text\" id=\"avia_6_1\" value=\"\"\/><\/p><p class=\"form_element \"><input type=\"hidden\" value=\"1\" name=\"avia_generated_form1\" \/><input type=\"submit\" value=\"Inviare\" class=\"button\"  data-sending-label=\"Envoi\"\/><\/p><\/fieldset><\/form><div id=\"ajaxresponse_1\" class=\"ajaxresponse ajaxresponse_1 hidden\"><\/div>\n","protected":false},"excerpt":{"rendered":"","protected":false},"author":2,"featured_media":7157,"parent":0,"menu_order":0,"comment_status":"closed","ping_status":"closed","template":"","meta":{"footnotes":""},"class_list":["post-7557","page","type-page","status-publish","has-post-thumbnail","hentry"],"_links":{"self":[{"href":"https:\/\/www.belmontevacanze.com\/fr\/wp-json\/wp\/v2\/pages\/7557","targetHints":{"allow":["GET"]}}],"collection":[{"href":"https:\/\/www.belmontevacanze.com\/fr\/wp-json\/wp\/v2\/pages"}],"about":[{"href":"https:\/\/www.belmontevacanze.com\/fr\/wp-json\/wp\/v2\/types\/page"}],"author":[{"embeddable":true,"href":"https:\/\/www.belmontevacanze.com\/fr\/wp-json\/wp\/v2\/users\/2"}],"replies":[{"embeddable":true,"href":"https:\/\/www.belmontevacanze.com\/fr\/wp-json\/wp\/v2\/comments?post=7557"}],"version-history":[{"count":18,"href":"https:\/\/www.belmontevacanze.com\/fr\/wp-json\/wp\/v2\/pages\/7557\/revisions"}],"predecessor-version":[{"id":11640,"href":"https:\/\/www.belmontevacanze.com\/fr\/wp-json\/wp\/v2\/pages\/7557\/revisions\/11640"}],"wp:featuredmedia":[{"embeddable":true,"href":"https:\/\/www.belmontevacanze.com\/fr\/wp-json\/wp\/v2\/media\/7157"}],"wp:attachment":[{"href":"https:\/\/www.belmontevacanze.com\/fr\/wp-json\/wp\/v2\/media?parent=7557"}],"curies":[{"name":"wp","href":"https:\/\/api.w.org\/{rel}","templated":true}]}}