{"id":852,"date":"2018-01-26T18:56:30","date_gmt":"2018-01-26T17:56:30","guid":{"rendered":"https:\/\/www.belmontevacanze.com\/?page_id=852"},"modified":"2023-01-31T12:27:25","modified_gmt":"2023-01-31T11:27:25","slug":"trilo","status":"publish","type":"page","link":"https:\/\/www.belmontevacanze.com\/fr\/appartements\/trilo\/","title":{"rendered":"Trilo"},"content":{"rendered":"<div id='full_slider_1'  class='avia-fullwidth-slider main_color avia-shadow   avia-builder-el-0  el_before_av_one_fifth  avia-builder-el-first   container_wrap fullsize'  ><div  class='avia-slideshow av-av_slideshow_full-5a8694b976155ec970a340c25f6e97bc avia-slideshow-no scaling av_slideshow_full avia-slide-slider av-slideshow-ui av-control-default av-slideshow-autoplay av-loop-endless av-loop-manual-endless av-default-height-applied   avia-slideshow-1' data-slideshow-options=\"{&quot;animation&quot;:&quot;slide&quot;,&quot;autoplay&quot;:true,&quot;loop_autoplay&quot;:&quot;endless&quot;,&quot;interval&quot;:5,&quot;loop_manual&quot;:&quot;manual-endless&quot;,&quot;autoplay_stopper&quot;:false,&quot;noNavigation&quot;:false,&quot;bg_slider&quot;:false,&quot;keep_padding&quot;:false,&quot;hoverpause&quot;:false,&quot;show_slide_delay&quot;:0}\"  itemprop=\"image\" itemscope=\"itemscope\" itemtype=\"https:\/\/schema.org\/ImageObject\" ><ul class='avia-slideshow-inner ' style='padding-bottom: 56.25%;'><li  class='avia-slideshow-slide av-av_slideshow_full-5a8694b976155ec970a340c25f6e97bc__0  slide-1 slide-odd'><div data-rel='slideshow-1' class='avia-slide-wrap '   ><img decoding=\"async\" fetchpriority=\"high\" class=\"wp-image-9690 avia-img-lazy-loading-not-9690\"  src=\"https:\/\/www.belmontevacanze.com\/wp-content\/uploads\/2017\/11\/trilo-soggiorno.jpg\" width=\"1280\" height=\"720\" title='trilo-soggiorno' alt=''  itemprop=\"thumbnailUrl\"  style='min-height:450px; min-width:800px; ' srcset=\"https:\/\/www.belmontevacanze.com\/wp-content\/uploads\/2017\/11\/trilo-soggiorno.jpg 1280w, https:\/\/www.belmontevacanze.com\/wp-content\/uploads\/2017\/11\/trilo-soggiorno-300x169.jpg 300w, https:\/\/www.belmontevacanze.com\/wp-content\/uploads\/2017\/11\/trilo-soggiorno-768x432.jpg 768w, https:\/\/www.belmontevacanze.com\/wp-content\/uploads\/2017\/11\/trilo-soggiorno-1030x579.jpg 1030w, https:\/\/www.belmontevacanze.com\/wp-content\/uploads\/2017\/11\/trilo-soggiorno-705x397.jpg 705w, https:\/\/www.belmontevacanze.com\/wp-content\/uploads\/2017\/11\/trilo-soggiorno-450x253.jpg 450w\" sizes=\"(max-width: 1280px) 100vw, 1280px\" \/><\/div><\/li><li  class='avia-slideshow-slide av-av_slideshow_full-5a8694b976155ec970a340c25f6e97bc__1  slide-2 slide-even'><div data-rel='slideshow-1' class='avia-slide-wrap '   ><img decoding=\"async\" fetchpriority=\"high\" class=\"wp-image-9689 avia-img-lazy-loading-not-9689\"  src=\"https:\/\/www.belmontevacanze.com\/wp-content\/uploads\/2017\/11\/camera-trilo.jpg\" width=\"1280\" height=\"720\" title='camera-trilo' alt=''  itemprop=\"thumbnailUrl\"  style='min-height:450px; min-width:800px; ' srcset=\"https:\/\/www.belmontevacanze.com\/wp-content\/uploads\/2017\/11\/camera-trilo.jpg 1280w, https:\/\/www.belmontevacanze.com\/wp-content\/uploads\/2017\/11\/camera-trilo-300x169.jpg 300w, https:\/\/www.belmontevacanze.com\/wp-content\/uploads\/2017\/11\/camera-trilo-768x432.jpg 768w, https:\/\/www.belmontevacanze.com\/wp-content\/uploads\/2017\/11\/camera-trilo-1030x579.jpg 1030w, https:\/\/www.belmontevacanze.com\/wp-content\/uploads\/2017\/11\/camera-trilo-705x397.jpg 705w, https:\/\/www.belmontevacanze.com\/wp-content\/uploads\/2017\/11\/camera-trilo-450x253.jpg 450w\" sizes=\"(max-width: 1280px) 100vw, 1280px\" \/><\/div><\/li><li  class='avia-slideshow-slide av-av_slideshow_full-5a8694b976155ec970a340c25f6e97bc__2  slide-3 slide-odd'><div data-rel='slideshow-1' class='avia-slide-wrap '   ><img decoding=\"async\" fetchpriority=\"high\" class=\"wp-image-660 avia-img-lazy-loading-not-660\"  src=\"https:\/\/www.belmontevacanze.com\/wp-content\/uploads\/2018\/01\/camera.trilo_.1.jpg\" width=\"1280\" height=\"720\" title='camera.trilo.1' alt=''  itemprop=\"thumbnailUrl\"  style='min-height:450px; min-width:800px; ' srcset=\"https:\/\/www.belmontevacanze.com\/wp-content\/uploads\/2018\/01\/camera.trilo_.1.jpg 1280w, https:\/\/www.belmontevacanze.com\/wp-content\/uploads\/2018\/01\/camera.trilo_.1-300x169.jpg 300w, https:\/\/www.belmontevacanze.com\/wp-content\/uploads\/2018\/01\/camera.trilo_.1-768x432.jpg 768w, https:\/\/www.belmontevacanze.com\/wp-content\/uploads\/2018\/01\/camera.trilo_.1-1030x579.jpg 1030w, https:\/\/www.belmontevacanze.com\/wp-content\/uploads\/2018\/01\/camera.trilo_.1-705x397.jpg 705w, https:\/\/www.belmontevacanze.com\/wp-content\/uploads\/2018\/01\/camera.trilo_.1-450x253.jpg 450w\" sizes=\"(max-width: 1280px) 100vw, 1280px\" \/><\/div><\/li><\/ul><div class='avia-slideshow-arrows avia-slideshow-controls' ><a href='#prev' class='prev-slide ' aria-hidden='true' data-av_icon='\ue87c' data-av_iconfont='entypo-fontello'  tabindex='-1'>Pr\u00e9c\u00e9dent<\/a><a href='#next' class='next-slide ' aria-hidden='true' data-av_icon='\ue87d' data-av_iconfont='entypo-fontello'  tabindex='-1'>Suivant<\/a><\/div><div class='avia-slideshow-dots avia-slideshow-controls'><a href='#1' class='goto-slide active' >1<\/a><a href='#2' class='goto-slide ' >2<\/a><a href='#3' class='goto-slide ' >3<\/a><\/div><\/div><\/div><div id='after_full_slider_1'  class='main_color av_default_container_wrap container_wrap fullsize'  ><div class='container av-section-cont-open' ><div class='template-page content  av-content-full alpha units'><div class='post-entry post-entry-type-page post-entry-852'><div class='entry-content-wrapper clearfix'>\n\n<style type=\"text\/css\" data-created_by=\"avia_inline_auto\" id=\"style-css-av-av_one_fifth-79ff81c021393065cee878051452f6a6\">\n.flex_column.av-av_one_fifth-79ff81c021393065cee878051452f6a6{\nborder-radius:0px 0px 0px 0px;\npadding:0px 0px 0px 0px;\n}\n<\/style>\n<div  class='flex_column av-av_one_fifth-79ff81c021393065cee878051452f6a6 av_one_fifth  avia-builder-el-1  el_after_av_slideshow_full  el_before_av_three_fifth  avia-builder-el-first  first flex_column_div av-zero-column-padding  '     ><\/div>\n\n<style type=\"text\/css\" data-created_by=\"avia_inline_auto\" id=\"style-css-av-av_three_fifth-c8fc129dc35fd1ae2a1e410224d39ea8\">\n.flex_column.av-av_three_fifth-c8fc129dc35fd1ae2a1e410224d39ea8{\nborder-radius:0px 0px 0px 0px;\npadding:0px 0px 0px 0px;\n}\n<\/style>\n<div  class='flex_column av-av_three_fifth-c8fc129dc35fd1ae2a1e410224d39ea8 av_three_fifth  avia-builder-el-2  el_after_av_one_fifth  el_before_av_one_fifth  flex_column_div av-zero-column-padding  '     ><div  class='avia-button-wrap avia-button-center  avia-builder-el-3  avia-builder-el-no-sibling '>\n<style type=\"text\/css\" data-created_by=\"avia_inline_auto\" id=\"style-css-av-av_button_big-4a829ce1b41d7247ed47d48196fb2e02\">\n#top #wrap_all .avia-button.av-av_button_big-4a829ce1b41d7247ed47d48196fb2e02{\ncolor:#ffffff;\ntransition:all 0.4s ease-in-out;\n}\n#top #wrap_all .avia-button.av-av_button_big-4a829ce1b41d7247ed47d48196fb2e02:hover{\ncolor:#ffffff;\ntransition:all 0.4s ease-in-out;\n}\n<\/style>\n<a href='https:\/\/www.belmontevacanze.com\/fr\/pourquoi-reserver-directement\/' class='avia-color-theme-color-highlight avia-button avia-button-fullwidth av-av_button_big-4a829ce1b41d7247ed47d48196fb2e02 avia-icon_select-no avia-color-theme-color-highlight'   aria-label=\"POURQUOI R\u00c9SERVER DIRECTEMENT?\"><span class='avia_iconbox_title' >POURQUOI R\u00c9SERVER DIRECTEMENT?<\/span><div class='av-button-description av-button-description-below'><p>D\u00c9COUVREZ TOUS LES AVANTAGES!<\/p>\n<\/div><span class='avia_button_background avia-button avia-button-fullwidth avia-color-theme-color'><\/span><\/a><\/div><\/div>\n\n<style type=\"text\/css\" data-created_by=\"avia_inline_auto\" id=\"style-css-av-av_one_fifth-49f6e875884219cf77c24341e550af53\">\n.flex_column.av-av_one_fifth-49f6e875884219cf77c24341e550af53{\nborder-radius:0px 0px 0px 0px;\npadding:0px 0px 0px 0px;\n}\n<\/style>\n<div  class='flex_column av-av_one_fifth-49f6e875884219cf77c24341e550af53 av_one_fifth  avia-builder-el-4  el_after_av_three_fifth  el_before_av_one_half  flex_column_div av-zero-column-padding  '     ><\/div>\n\n<style type=\"text\/css\" data-created_by=\"avia_inline_auto\" id=\"style-css-av-av_one_half-15d750bd1b332b34c6e70b077ebbccdf\">\n.flex_column.av-av_one_half-15d750bd1b332b34c6e70b077ebbccdf{\nborder-radius:0px 0px 0px 0px;\npadding:0px 0px 0px 0px;\n}\n<\/style>\n<div  class='flex_column av-av_one_half-15d750bd1b332b34c6e70b077ebbccdf av_one_half  avia-builder-el-5  el_after_av_one_fifth  el_before_av_one_half  first flex_column_div av-zero-column-padding  column-top-margin'     ><section  class='av_textblock_section av-av_textblock-2de302bf1aa3cf4c9157dbe6f50ac7eb '   itemscope=\"itemscope\" itemtype=\"https:\/\/schema.org\/CreativeWork\" ><div class='avia_textblock'  itemprop=\"text\" ><h2>TRILO 65 m\u00b2<\/h2>\n<h3>Id\u00e9al pour les familles<\/h3>\n<ul>\n<li>1 lit double<\/li>\n<li>2 lits simples<\/li>\n<li>1 canap\u00e9-lit\u00a0double<\/li>\n<\/ul>\n<div class=\"eight columns\">Si vous avez choisi de passer un s\u00e9jour reposant avec votre famille ou vos amis, un de nos appartements de trois pi\u00e8ces pourrait \u00eatre votre chez vous loin de chez vous en Toscane.<\/div>\n<div class=\"eight columns\">Cet appartement mesure environ 65 m\u00e8tres carr\u00e9s et a \u00e9t\u00e9 enti\u00e8rement r\u00e9nov\u00e9 dans le style toscan typique avec des poutres de bois apparentes et des meubles fabriqu\u00e9s ici en Toscane.<\/div>\n<\/div><\/section><\/div>\n\n<style type=\"text\/css\" data-created_by=\"avia_inline_auto\" id=\"style-css-av-av_one_half-c8fc129dc35fd1ae2a1e410224d39ea8\">\n.flex_column.av-av_one_half-c8fc129dc35fd1ae2a1e410224d39ea8{\nborder-radius:0px 0px 0px 0px;\npadding:0px 0px 0px 0px;\n}\n<\/style>\n<div  class='flex_column av-av_one_half-c8fc129dc35fd1ae2a1e410224d39ea8 av_one_half  avia-builder-el-7  el_after_av_one_half  el_before_av_textblock  flex_column_div av-zero-column-padding  column-top-margin'     ><p>\n<style type=\"text\/css\" data-created_by=\"avia_inline_auto\" id=\"style-css-av-lct2i1q9-43b262ac96df1fff86da4b9d635b1901\">\n.avia-image-container.av-lct2i1q9-43b262ac96df1fff86da4b9d635b1901 img.avia_image{\nbox-shadow:none;\n}\n.avia-image-container.av-lct2i1q9-43b262ac96df1fff86da4b9d635b1901 .av-image-caption-overlay-center{\ncolor:#ffffff;\n}\n<\/style>\n<div  class='avia-image-container av-lct2i1q9-43b262ac96df1fff86da4b9d635b1901 av-styling- avia-align-center  avia-builder-el-8  el_before_av_textblock  avia-builder-el-first '   itemprop=\"image\" itemscope=\"itemscope\" itemtype=\"https:\/\/schema.org\/ImageObject\" ><div class=\"avia-image-container-inner\"><div class=\"avia-image-overlay-wrap\"><img decoding=\"async\" fetchpriority=\"high\" class='wp-image-9691 avia-img-lazy-loading-not-9691 avia_image ' src=\"https:\/\/www.belmontevacanze.com\/wp-content\/uploads\/2023\/01\/trilo-1.jpg\" alt='' title='trilo'  height=\"297\" width=\"400\"  itemprop=\"thumbnailUrl\" srcset=\"https:\/\/www.belmontevacanze.com\/wp-content\/uploads\/2023\/01\/trilo-1.jpg 400w, https:\/\/www.belmontevacanze.com\/wp-content\/uploads\/2023\/01\/trilo-1-300x223.jpg 300w\" sizes=\"(max-width: 400px) 100vw, 400px\" \/><\/div><\/div><\/div><br \/>\n<section  class='av_textblock_section av-av_textblock-2de302bf1aa3cf4c9157dbe6f50ac7eb '   itemscope=\"itemscope\" itemtype=\"https:\/\/schema.org\/CreativeWork\" ><div class='avia_textblock'  itemprop=\"text\" ><p style=\"text-align: center;\"><strong>De 93 \u20ac\/nuit<\/strong><\/p>\n<\/div><\/section><br \/>\n<div  class='avia-button-wrap av-av_button-90588a4571a0ff01fbbf1d57c90ae887-wrap avia-button-center  avia-builder-el-10  el_after_av_textblock  el_before_av_hr '><a href='https:\/\/www.simplebooking.it\/ibe\/hotelbooking\/search?hid=2966&amp;lang=FR&amp;cur=EUR'  class='avia-button av-av_button-90588a4571a0ff01fbbf1d57c90ae887 av-link-btn avia-icon_select-yes-right-icon avia-size-x-large avia-position-center avia-color-theme-color'   aria-label=\"V\u00e9rifier Disponibilit\u00e9\"><span class='avia_iconbox_title' >V\u00e9rifier Disponibilit\u00e9<\/span><span class='avia_button_icon avia_button_icon_right' aria-hidden='true' data-av_icon='\ue85b' data-av_iconfont='entypo-fontello'><\/span><\/a><\/div><br \/>\n\n<style type=\"text\/css\" data-created_by=\"avia_inline_auto\" id=\"style-css-av-av_hr-fbebcb4fe7f7f93a621d8b6783460008\">\n#top .hr.hr-invisible.av-av_hr-fbebcb4fe7f7f93a621d8b6783460008{\nheight:30px;\n}\n<\/style>\n<div  class='hr av-av_hr-fbebcb4fe7f7f93a621d8b6783460008 hr-invisible  avia-builder-el-11  el_after_av_button  avia-builder-el-last '><span class='hr-inner '><span class=\"hr-inner-style\"><\/span><\/span><\/div><\/p><\/div>\n<section  class='av_textblock_section av-lcuawity-784c524589f81b2dae182d4f1969202d '   itemscope=\"itemscope\" itemtype=\"https:\/\/schema.org\/CreativeWork\" ><div class='avia_textblock'  itemprop=\"text\" ><p>L\u2019appartement peut accueillir <strong>jusqu\u2019\u00e0 6 personnes<\/strong> gr\u00e2ce \u00e0 une chambre \u00e0 coucher avec un lit double et un lit simple s\u00e9par\u00e9, une chambre avec deux lits simples ou un lit double et un canap\u00e9-lit double dans le salon \u00e0 aire ouverte. Cet appartement dispose d&rsquo;une salle de bain.\u00a0<strong>Le \u201cTrilo\u201d diff\u00e8re du \u201cTrilo plus\u201d qui lui a deux salles de bain. <\/strong>Une connexion Internet Starlink rapide est disponible dans tous les appartements.<\/p>\n<\/div><\/section>\n<\/div><\/div><\/div><!-- close content main div --><\/div><\/div><div id='av_section_1'  class='avia-section av-av_section-9387b0470ac2267f96cdc81359029f99 main_color avia-section-large avia-shadow  avia-builder-el-13  el_after_av_textblock  el_before_av_section  avia-bg-style-scroll container_wrap fullsize'  ><div class='container av-section-cont-open' ><div class='template-page content  av-content-full alpha units'><div class='post-entry post-entry-type-page post-entry-852'><div class='entry-content-wrapper clearfix'>\n<section  class='av_textblock_section av-av_textblock-2de302bf1aa3cf4c9157dbe6f50ac7eb '   itemscope=\"itemscope\" itemtype=\"https:\/\/schema.org\/CreativeWork\" ><div class='avia_textblock'  itemprop=\"text\" ><h3>Services des appartements<\/h3>\n<hr \/>\n<\/div><\/section>\n<div  class='avia-logo-element-container av-av_partner-77e0eaa6247fc4a4cd2877309dc02682 av-border-deactivate avia-logo-grid avia-content-slider avia-smallarrow-slider avia-content-grid-active noHover avia-content-slider-even  avia-builder-el-15  el_after_av_textblock  avia-builder-el-last  avia-content-slider1' ><div class='avia-smallarrow-slider-heading  no-logo-slider-heading '><div class='new-special-heading'>&nbsp;<\/div><\/div><div class=\"avia-content-slider-inner\"><div class=\"slide-entry-wrap\"><div data-avia-tooltip=\"Internet ultra-rapide gratuit \" class='slide-entry av-av_partner_logo-2568ac75b254566731d3c6f9fde7b227 flex_column no_margin av_one_sixth real-thumbnail post-entry slide-entry-overview slide-loop-1 slide-parity-odd  first'><span class='av-partner-fake-img' style='padding-bottom:100%; background-image:url(https:\/\/www.belmontevacanze.com\/wp-content\/uploads\/2017\/10\/wifi.png);'><\/span><\/div><div data-avia-tooltip=\"Appartements avec terrasse ou balcon \" class='slide-entry av-av_partner_logo-9fa5dc8667069e33cafce4a591fc631b flex_column no_margin av_one_sixth real-thumbnail post-entry slide-entry-overview slide-loop-2 slide-parity-even  '><span class='av-partner-fake-img' style='padding-bottom:100%; background-image:url(https:\/\/www.belmontevacanze.com\/wp-content\/uploads\/2017\/10\/patio-terrazza.png);'><\/span><\/div><div data-avia-tooltip=\"Climatisation \/ chauffage \" class='slide-entry av-av_partner_logo-2901bbdd263fe2be0d6f4d314cb644e6 flex_column no_margin av_one_sixth real-thumbnail post-entry slide-entry-overview slide-loop-3 slide-parity-odd  '><span class='av-partner-fake-img' style='padding-bottom:100%; background-image:url(https:\/\/www.belmontevacanze.com\/wp-content\/uploads\/2017\/10\/aria-condizionata.png);'><\/span><\/div><div data-avia-tooltip=\"Cuisine enti\u00e8rement \u00e9quip\u00e9e avec lave-vaisselle \" class='slide-entry av-av_partner_logo-44a4c10220a725131342fff3ae3d0b22 flex_column no_margin av_one_sixth real-thumbnail post-entry slide-entry-overview slide-loop-4 slide-parity-even  '><span class='av-partner-fake-img' style='padding-bottom:100%; background-image:url(https:\/\/www.belmontevacanze.com\/wp-content\/uploads\/2017\/10\/lavastoviglie.png);'><\/span><\/div><div data-avia-tooltip=\"T\u00e9l\u00e9vision par satellite \" class='slide-entry av-av_partner_logo-e02a70a88bc0cc6b2d272c04e223f866 flex_column no_margin av_one_sixth real-thumbnail post-entry slide-entry-overview slide-loop-5 slide-parity-odd  '><span class='av-partner-fake-img' style='padding-bottom:100%; background-image:url(https:\/\/www.belmontevacanze.com\/wp-content\/uploads\/2017\/10\/satellite-tv.png);'><\/span><\/div><div data-avia-tooltip=\"Les animaux domestiques sont les bienvenus\" class='slide-entry av-av_partner_logo-7c93ea086cb6b37465ae3094f04d6b34 flex_column no_margin av_one_sixth real-thumbnail post-entry slide-entry-overview slide-loop-6 slide-parity-even post-entry-last '><span class='av-partner-fake-img' style='padding-bottom:100%; background-image:url(https:\/\/www.belmontevacanze.com\/wp-content\/uploads\/2017\/10\/animali-ammessi.png);'><\/span><\/div><\/div><\/div><\/div>\n\n<\/div><\/div><\/div><!-- close content main div --><\/div><\/div><div id='av_section_2'  class='avia-section av-av_section-9cc81fa627e85fd8fe1b6014d6447633 socket_color avia-section-default avia-no-shadow  avia-builder-el-16  el_after_av_section  avia-builder-el-last  avia-bg-style-scroll container_wrap fullsize'  ><div class='container av-section-cont-open' ><div class='template-page content  av-content-full alpha units'><div class='post-entry post-entry-type-page post-entry-852'><div class='entry-content-wrapper clearfix'>\n\n<style type=\"text\/css\" data-created_by=\"avia_inline_auto\" id=\"style-css-av-av_heading-6d8a5197d2d6c28f957ddd44c5179500\">\n#top .av-special-heading.av-av_heading-6d8a5197d2d6c28f957ddd44c5179500{\npadding-bottom:30px;\ncolor:#ffffff;\n}\nbody .av-special-heading.av-av_heading-6d8a5197d2d6c28f957ddd44c5179500 .av-special-heading-tag .heading-char{\nfont-size:25px;\n}\n.av-special-heading.av-av_heading-6d8a5197d2d6c28f957ddd44c5179500 .special-heading-inner-border{\nborder-color:#ffffff;\n}\n.av-special-heading.av-av_heading-6d8a5197d2d6c28f957ddd44c5179500 .av-subheading{\nfont-size:15px;\n}\n<\/style>\n<div  class='av-special-heading av-av_heading-6d8a5197d2d6c28f957ddd44c5179500 av-special-heading-h3 custom-color-heading  avia-builder-el-17  el_before_av_one_third  avia-builder-el-first '><h3 class='av-special-heading-tag '  itemprop=\"headline\"  >BESOIN DE QUELQUE CHOSE PLUS OU MOINS?<\/h3><div class=\"special-heading-border\"><div class=\"special-heading-inner-border\"><\/div><\/div><\/div>\n\n<style type=\"text\/css\" data-created_by=\"avia_inline_auto\" id=\"style-css-av-av_one_third-15d750bd1b332b34c6e70b077ebbccdf\">\n.flex_column.av-av_one_third-15d750bd1b332b34c6e70b077ebbccdf{\nborder-radius:0px 0px 0px 0px;\npadding:0px 0px 0px 0px;\n}\n<\/style>\n<div  class='flex_column av-av_one_third-15d750bd1b332b34c6e70b077ebbccdf av_one_third  avia-builder-el-18  el_after_av_heading  el_before_av_one_third  first flex_column_div av-zero-column-padding  '     ><section  class='av_textblock_section av-av_textblock-2de302bf1aa3cf4c9157dbe6f50ac7eb '   itemscope=\"itemscope\" itemtype=\"https:\/\/schema.org\/CreativeWork\" ><div class='avia_textblock'  itemprop=\"text\" ><h2><span style=\"color: #ffcc00;\">Trilo Plus<\/span><\/h2>\n<p>2 salles de bain pour plus de confort<\/p>\n<\/div><\/section><br \/>\n<div  class='avia-button-wrap av-av_button-b34f9e27f956ee851925563a4d2d932e-wrap avia-button-left  avia-builder-el-20  el_after_av_textblock  avia-builder-el-last '><a href='https:\/\/www.belmontevacanze.com\/fr\/appartements\/trilo-plus\/'  class='avia-button av-av_button-b34f9e27f956ee851925563a4d2d932e av-link-btn avia-icon_select-yes-right-icon avia-size-medium avia-position-left avia-color-light'   aria-label=\"Voir l\u2019appartement TRILO PLUS\"><span class='avia_iconbox_title' >Voir l\u2019appartement TRILO PLUS<\/span><span class='avia_button_icon avia_button_icon_right' aria-hidden='true' data-av_icon='\ue875' data-av_iconfont='entypo-fontello'><\/span><\/a><\/div><\/p><\/div>\n<style type=\"text\/css\" data-created_by=\"avia_inline_auto\" id=\"style-css-av-av_one_third-c8fc129dc35fd1ae2a1e410224d39ea8\">\n.flex_column.av-av_one_third-c8fc129dc35fd1ae2a1e410224d39ea8{\nborder-radius:0px 0px 0px 0px;\npadding:0px 0px 0px 0px;\n}\n<\/style>\n<div  class='flex_column av-av_one_third-c8fc129dc35fd1ae2a1e410224d39ea8 av_one_third  avia-builder-el-21  el_after_av_one_third  el_before_av_one_third  flex_column_div av-zero-column-padding  '     ><section  class='av_textblock_section av-av_textblock-2de302bf1aa3cf4c9157dbe6f50ac7eb '   itemscope=\"itemscope\" itemtype=\"https:\/\/schema.org\/CreativeWork\" ><div class='avia_textblock'  itemprop=\"text\" ><h2><span style=\"color: #ffcc00;\">Quadri<\/span><\/h2>\n<p>Id\u00e9al pour deux familles et un grand groupe<\/p>\n<\/div><\/section><br \/>\n<div  class='avia-button-wrap av-av_button-4d5bbf3993816601a87bfdfef0f9a42c-wrap avia-button-left  avia-builder-el-23  el_after_av_textblock  avia-builder-el-last '><a href='https:\/\/www.belmontevacanze.com\/fr\/appartements\/quadri\/'  class='avia-button av-av_button-4d5bbf3993816601a87bfdfef0f9a42c av-link-btn avia-icon_select-yes-right-icon avia-size-medium avia-position-left avia-color-light'   aria-label=\"Voir l\u2019appartement QUADRI\"><span class='avia_iconbox_title' >Voir l\u2019appartement QUADRI<\/span><span class='avia_button_icon avia_button_icon_right' aria-hidden='true' data-av_icon='\ue875' data-av_iconfont='entypo-fontello'><\/span><\/a><\/div><\/p><\/div>\n<style type=\"text\/css\" data-created_by=\"avia_inline_auto\" id=\"style-css-av-av_one_third-c8fc129dc35fd1ae2a1e410224d39ea8\">\n.flex_column.av-av_one_third-c8fc129dc35fd1ae2a1e410224d39ea8{\nborder-radius:0px 0px 0px 0px;\npadding:0px 0px 0px 0px;\n}\n<\/style>\n<div  class='flex_column av-av_one_third-c8fc129dc35fd1ae2a1e410224d39ea8 av_one_third  avia-builder-el-24  el_after_av_one_third  avia-builder-el-last  flex_column_div av-zero-column-padding  '     ><section  class='av_textblock_section av-av_textblock-2de302bf1aa3cf4c9157dbe6f50ac7eb '   itemscope=\"itemscope\" itemtype=\"https:\/\/schema.org\/CreativeWork\" ><div class='avia_textblock'  itemprop=\"text\" ><h2><span style=\"color: #ffcc00;\">Bilo<\/span><\/h2>\n<p>Id\u00e9al pour les couples et les petites familles<\/p>\n<\/div><\/section><br \/>\n<div  class='avia-button-wrap av-av_button-3506c96e52a1194a087cf84f21eccec2-wrap avia-button-left  avia-builder-el-26  el_after_av_textblock  avia-builder-el-last '><a href='https:\/\/www.belmontevacanze.com\/fr\/appartements\/bilo\/'  class='avia-button av-av_button-3506c96e52a1194a087cf84f21eccec2 av-link-btn avia-icon_select-yes-right-icon avia-size-medium avia-position-left avia-color-light'   aria-label=\"Voir l\u2019appartement BILO\"><span class='avia_iconbox_title' >Voir l\u2019appartement BILO<\/span><span class='avia_button_icon avia_button_icon_right' aria-hidden='true' data-av_icon='\ue875' data-av_iconfont='entypo-fontello'><\/span><\/a><\/div><\/p><\/div>\n\n","protected":false},"excerpt":{"rendered":"","protected":false},"author":3,"featured_media":0,"parent":770,"menu_order":0,"comment_status":"closed","ping_status":"closed","template":"","meta":{"footnotes":""},"class_list":["post-852","page","type-page","status-publish","hentry"],"_links":{"self":[{"href":"https:\/\/www.belmontevacanze.com\/fr\/wp-json\/wp\/v2\/pages\/852","targetHints":{"allow":["GET"]}}],"collection":[{"href":"https:\/\/www.belmontevacanze.com\/fr\/wp-json\/wp\/v2\/pages"}],"about":[{"href":"https:\/\/www.belmontevacanze.com\/fr\/wp-json\/wp\/v2\/types\/page"}],"author":[{"embeddable":true,"href":"https:\/\/www.belmontevacanze.com\/fr\/wp-json\/wp\/v2\/users\/3"}],"replies":[{"embeddable":true,"href":"https:\/\/www.belmontevacanze.com\/fr\/wp-json\/wp\/v2\/comments?post=852"}],"version-history":[{"count":11,"href":"https:\/\/www.belmontevacanze.com\/fr\/wp-json\/wp\/v2\/pages\/852\/revisions"}],"predecessor-version":[{"id":10224,"href":"https:\/\/www.belmontevacanze.com\/fr\/wp-json\/wp\/v2\/pages\/852\/revisions\/10224"}],"up":[{"embeddable":true,"href":"https:\/\/www.belmontevacanze.com\/fr\/wp-json\/wp\/v2\/pages\/770"}],"wp:attachment":[{"href":"https:\/\/www.belmontevacanze.com\/fr\/wp-json\/wp\/v2\/media?parent=852"}],"curies":[{"name":"wp","href":"https:\/\/api.w.org\/{rel}","templated":true}]}}